{"id":318,"date":"2020-12-14T23:23:14","date_gmt":"2020-12-14T22:23:14","guid":{"rendered":"https:\/\/www.fytofontana.com\/hu\/product\/aurecon-drops-forte-junior-2\/"},"modified":"2025-10-17T06:17:17","modified_gmt":"2025-10-17T05:17:17","slug":"aurecon-drops-forte-junior","status":"publish","type":"product","link":"https:\/\/www.fytofontana.com\/hu\/termek\/aurecon-drops-forte-junior\/","title":{"rendered":"AURECON Forte Junior f\u00fclcsepp"},"content":{"rendered":"<p><strong>A\u00a0f\u00fcl f\u00e1jdalm\u00e1t enyh\u00edt\u0151 term\u00e9szetes f\u00fclcsepp gyermekeknek<\/strong><\/p>\n<ul>\n<li><b>MDR szerint<\/b>\u00a0<b>j\u00f3v\u00e1hagyott<\/b> <b>orvostechnikai<\/b> <b>eszk\u00f6z<\/b> (EU 2017\/745)<\/li>\n<li>megk\u00f6nny\u00edti \u00e9s n\u00f6veli a\u00a0f\u00fcltiszt\u00edt\u00e1s hat\u00e9konys\u00e1g\u00e1t,<\/li>\n<li>cs\u00f6kkenti a\u00a0f\u00fclzs\u00edr hall\u00f3j\u00e1ratra tapad\u00e1s\u00e1t,<\/li>\n<li>megg\u00e1tolja a\u00a0mikroorganizmusok szaporod\u00e1s\u00e1t,<\/li>\n<li>kiz\u00e1r\u00f3lag term\u00e9szetes anyagokat tartalmaz,\u00a0k\u00e9miai adal\u00e9kanyagokat nem tartalmaz<\/li>\n<li>antimikrobi\u00e1lis hat\u00e1s\u00fa \u00e9s j\u00f3t\u00e9konyan befoly\u00e1solhatja a k\u00fcls\u0151 hall\u00f3j\u00e1rat enyh\u00e9bb gyullad\u00e1sainak lefoly\u00e1s\u00e1t,<\/li>\n<li>cs\u00f6kkentheti a k\u00f6z\u00e9pf\u00fclt\u0151- \u00e9s a dobh\u00e1rtyagyullad\u00e1s okozta f\u00e1jdalmakat, f\u0151k\u00e9nt a kezdeti st\u00e1diumban,<\/li>\n<li>gyermekeknek 6 h\u00f3napos kort\u00f3l aj\u00e1nlott.<\/li>\n<\/ul>\n","protected":false},"featured_media":3787,"template":"","products":[18],"yoast_head":"<title>AURECON Forte Junior f\u00fclcsepp - Fytofontana<\/title>\n<meta name=\"description\" content=\"Term\u00e9szetes f\u00fclcsepp gyermekeknek 6 h\u00f3napos kort\u00f3l. Enyh\u00edti a f\u00fclf\u00e1j\u00e1st, t\u00e1mogatja a f\u00fcltiszt\u00edt\u00e1st \u00e9s g\u00e1tolja a mikroorganizmusok szaporod\u00e1s\u00e1t.\" \/>\n<meta name=\"robots\" content=\"index, follow, max-snippet:-1, max-image-preview:large, max-video-preview:-1\" \/>\n<link rel=\"canonical\" href=\"https:\/\/www.fytofontana.com\/hu\/termek\/aurecon-drops-forte-junior\/\" \/>\n<meta property=\"og:locale\" content=\"hu_HU\" \/>\n<meta property=\"og:type\" content=\"article\" \/>\n<meta property=\"og:title\" content=\"AURECON Forte Junior f\u00fclcsepp - Fytofontana\" \/>\n<meta property=\"og:description\" content=\"Term\u00e9szetes f\u00fclcsepp gyermekeknek 6 h\u00f3napos kort\u00f3l. Enyh\u00edti a f\u00fclf\u00e1j\u00e1st, t\u00e1mogatja a f\u00fcltiszt\u00edt\u00e1st \u00e9s g\u00e1tolja a mikroorganizmusok szaporod\u00e1s\u00e1t.\" \/>\n<meta property=\"og:url\" content=\"https:\/\/www.fytofontana.com\/hu\/termek\/aurecon-drops-forte-junior\/\" \/>\n<meta property=\"og:site_name\" content=\"Fytofontana\" \/>\n<meta property=\"article:modified_time\" content=\"2025-10-17T05:17:17+00:00\" \/>\n<meta property=\"og:image\" content=\"https:\/\/www.fytofontana.com\/wp-content\/uploads\/2021\/02\/2023_05_AURECON_Drops_Forte_Junior_10ml_1000x1000px_01_Primary.png\" \/>\n\t<meta property=\"og:image:width\" content=\"1000\" \/>\n\t<meta property=\"og:image:height\" content=\"1000\" \/>\n<meta name=\"twitter:card\" content=\"summary_large_image\" \/>\n<meta name=\"twitter:label1\" content=\"Becs\u00fclt olvas\u00e1si id\u0151\">\n\t<meta name=\"twitter:data1\" content=\"1 perc\">\n<script type=\"application\/ld+json\" class=\"yoast-schema-graph\">{\"@context\":\"https:\/\/schema.org\",\"@graph\":[{\"@type\":\"Organization\",\"@id\":\"https:\/\/www.fytofontana.com\/#organization\",\"name\":\"Fytofontana\",\"url\":\"https:\/\/www.fytofontana.com\/\",\"sameAs\":[],\"logo\":{\"@type\":\"ImageObject\",\"@id\":\"https:\/\/www.fytofontana.com\/#logo\",\"inLanguage\":\"hu\",\"url\":\"https:\/\/www.fytofontana.com\/wp-content\/uploads\/2021\/01\/fyto.png\",\"width\":817,\"height\":79,\"caption\":\"Fytofontana\"},\"image\":{\"@id\":\"https:\/\/www.fytofontana.com\/#logo\"}},{\"@type\":\"WebSite\",\"@id\":\"https:\/\/www.fytofontana.com\/#website\",\"url\":\"https:\/\/www.fytofontana.com\/\",\"name\":\"Fytofontana\",\"description\":\"\",\"publisher\":{\"@id\":\"https:\/\/www.fytofontana.com\/#organization\"},\"potentialAction\":[{\"@type\":\"SearchAction\",\"target\":\"https:\/\/www.fytofontana.com\/?s={search_term_string}\",\"query-input\":\"required name=search_term_string\"}],\"inLanguage\":\"hu\"},{\"@type\":\"ImageObject\",\"@id\":\"https:\/\/www.fytofontana.com\/hu\/termek\/aurecon-drops-forte-junior\/#primaryimage\",\"inLanguage\":\"hu\",\"url\":\"https:\/\/www.fytofontana.com\/wp-content\/uploads\/2021\/02\/2023_05_AURECON_Drops_Forte_Junior_10ml_1000x1000px_01_Primary.png\",\"width\":1000,\"height\":1000},{\"@type\":[\"WebPage\",\"ItemPage\"],\"@id\":\"https:\/\/www.fytofontana.com\/hu\/termek\/aurecon-drops-forte-junior\/#webpage\",\"url\":\"https:\/\/www.fytofontana.com\/hu\/termek\/aurecon-drops-forte-junior\/\",\"name\":\"AURECON Forte Junior f\\u00fclcsepp - Fytofontana\",\"isPartOf\":{\"@id\":\"https:\/\/www.fytofontana.com\/#website\"},\"primaryImageOfPage\":{\"@id\":\"https:\/\/www.fytofontana.com\/hu\/termek\/aurecon-drops-forte-junior\/#primaryimage\"},\"datePublished\":\"2020-12-14T22:23:14+00:00\",\"dateModified\":\"2025-10-17T05:17:17+00:00\",\"description\":\"Term\\u00e9szetes f\\u00fclcsepp gyermekeknek 6 h\\u00f3napos kort\\u00f3l. Enyh\\u00edti a f\\u00fclf\\u00e1j\\u00e1st, t\\u00e1mogatja a f\\u00fcltiszt\\u00edt\\u00e1st \\u00e9s g\\u00e1tolja a mikroorganizmusok szaporod\\u00e1s\\u00e1t.\",\"breadcrumb\":{\"@id\":\"https:\/\/www.fytofontana.com\/hu\/termek\/aurecon-drops-forte-junior\/#breadcrumb\"},\"inLanguage\":\"hu\",\"potentialAction\":[{\"@type\":\"ReadAction\",\"target\":[\"https:\/\/www.fytofontana.com\/hu\/termek\/aurecon-drops-forte-junior\/\"]}]},{\"@type\":\"BreadcrumbList\",\"@id\":\"https:\/\/www.fytofontana.com\/hu\/termek\/aurecon-drops-forte-junior\/#breadcrumb\",\"itemListElement\":[{\"@type\":\"ListItem\",\"position\":1,\"item\":{\"@type\":\"WebPage\",\"@id\":\"https:\/\/www.fytofontana.com\/hu\/\",\"url\":\"https:\/\/www.fytofontana.com\/hu\/\",\"name\":\"Home\"}},{\"@type\":\"ListItem\",\"position\":2,\"item\":{\"@type\":\"WebPage\",\"@id\":\"https:\/\/www.fytofontana.com\/hu\/termek\/aurecon-drops-forte-junior\/\",\"url\":\"https:\/\/www.fytofontana.com\/hu\/termek\/aurecon-drops-forte-junior\/\",\"name\":\"AURECON Forte Junior f\\u00fclcsepp\"}}]}]}<\/script>","_links":{"self":[{"href":"https:\/\/www.fytofontana.com\/hu\/wp-json\/wp\/v2\/product\/318"}],"collection":[{"href":"https:\/\/www.fytofontana.com\/hu\/wp-json\/wp\/v2\/product"}],"about":[{"href":"https:\/\/www.fytofontana.com\/hu\/wp-json\/wp\/v2\/types\/product"}],"wp:featuredmedia":[{"embeddable":true,"href":"https:\/\/www.fytofontana.com\/hu\/wp-json\/wp\/v2\/media\/3787"}],"wp:attachment":[{"href":"https:\/\/www.fytofontana.com\/hu\/wp-json\/wp\/v2\/media?parent=318"}],"wp:term":[{"taxonomy":"products","embeddable":true,"href":"https:\/\/www.fytofontana.com\/hu\/wp-json\/wp\/v2\/products?post=318"}],"curies":[{"name":"wp","href":"https:\/\/api.w.org\/{rel}","templated":true}]}}