{"id":315,"date":"2020-12-14T23:23:13","date_gmt":"2020-12-14T22:23:13","guid":{"rendered":"https:\/\/www.fytofontana.com\/hu\/product\/aurecon-fulspray\/"},"modified":"2025-10-17T06:18:54","modified_gmt":"2025-10-17T05:18:54","slug":"aurecon-fulspray","status":"publish","type":"product","link":"https:\/\/www.fytofontana.com\/hu\/termek\/aurecon-fulspray\/","title":{"rendered":"AURECON f\u00fclspray"},"content":{"rendered":"<p><strong>Holt-tengeri oldat Aloe Vera kivonattal<\/strong><\/p>\n<ul>\n<li><b>MDR szerint<\/b>\u00a0<b>j\u00f3v\u00e1hagyott<\/b> <b>orvostechnikai<\/b> <b>eszk\u00f6z<\/b> (EU 2017\/745).<\/li>\n<li>Haszn\u00e1lat\u00e1val megsz\u00fcntethet\u0151 a f\u00fcldugul\u00e1s, amelyet a k\u00fcls\u0151 hall\u00f3j\u00e1rat csatorn\u00e1j\u00e1ban felhalmoz\u00f3dott f\u00fclzs\u00edr okozhat,<\/li>\n<li>megel\u0151zhet\u0151 a f\u00fclgyullad\u00e1s, amely a f\u00fclzs\u00edr v\u00edzzel val\u00f3 tal\u00e1lkoz\u00e1sakor alakulhat ki (pl. medenc\u00e9ben val\u00f3 f\u00fcrd\u00e9s ut\u00e1n),<\/li>\n<li>a term\u00e9k minden koroszt\u00e1ly sz\u00e1m\u00e1ra aj\u00e1nlott, k\u00fcl\u00f6n\u00f6sen javasolt id\u0151sebb korban, mikor a f\u00fclben \u00fan. sz\u00e1raz f\u00fclzs\u00edr termel\u0151dik,<\/li>\n<li>a term\u00e9k hall\u00f3k\u00e9sz\u00fcl\u00e9ket haszn\u00e1l\u00f3k r\u00e9sz\u00e9re is javasolt,<\/li>\n<li>javasolt a probl\u00e9m\u00e1k megel\u0151z\u00e9s\u00e9re azoknak az embereknek, akik poros k\u00f6rnyezetben dolgoznak, valamint akik k\u00fcl\u00f6nf\u00e9le l\u00e9gk\u00f6ri nyom\u00e1sv\u00e1ltoz\u00e1snak vannak kit\u00e9ve.<\/li>\n<\/ul>\n","protected":false},"featured_media":3811,"template":"","products":[18],"yoast_head":"<title>AURECON f\u00fclspray - Fytofontana<\/title>\n<meta name=\"description\" content=\"Holt-tengeri oldat Aloe Vera kivonattal a f\u00fclhigi\u00e9nia t\u00e1mogat\u00e1s\u00e1ra. Seg\u00edt megel\u0151zni a f\u00fclzs\u00edr okozta dugul\u00e1st \u00e9s a f\u00fclgyullad\u00e1st. Aj\u00e1nlott minden koroszt\u00e1lynak, k\u00fcl\u00f6n\u00f6sen id\u0151seknek \u00e9s hall\u00f3k\u00e9sz\u00fcl\u00e9ket visel\u0151knek.\" \/>\n<meta name=\"robots\" content=\"index, follow, max-snippet:-1, max-image-preview:large, max-video-preview:-1\" \/>\n<link rel=\"canonical\" href=\"https:\/\/www.fytofontana.com\/hu\/termek\/aurecon-fulspray\/\" \/>\n<meta property=\"og:locale\" content=\"hu_HU\" \/>\n<meta property=\"og:type\" content=\"article\" \/>\n<meta property=\"og:title\" content=\"AURECON f\u00fclspray - Fytofontana\" \/>\n<meta property=\"og:description\" content=\"Holt-tengeri oldat Aloe Vera kivonattal a f\u00fclhigi\u00e9nia t\u00e1mogat\u00e1s\u00e1ra. Seg\u00edt megel\u0151zni a f\u00fclzs\u00edr okozta dugul\u00e1st \u00e9s a f\u00fclgyullad\u00e1st. Aj\u00e1nlott minden koroszt\u00e1lynak, k\u00fcl\u00f6n\u00f6sen id\u0151seknek \u00e9s hall\u00f3k\u00e9sz\u00fcl\u00e9ket visel\u0151knek.\" \/>\n<meta property=\"og:url\" content=\"https:\/\/www.fytofontana.com\/hu\/termek\/aurecon-fulspray\/\" \/>\n<meta property=\"og:site_name\" content=\"Fytofontana\" \/>\n<meta property=\"article:modified_time\" content=\"2025-10-17T05:18:54+00:00\" \/>\n<meta property=\"og:image\" content=\"https:\/\/www.fytofontana.com\/wp-content\/uploads\/2021\/03\/2023_05_AURECON_Spray_50ml_1000x1000px_01_Primary.png\" \/>\n\t<meta property=\"og:image:width\" content=\"1000\" \/>\n\t<meta property=\"og:image:height\" content=\"1000\" \/>\n<meta name=\"twitter:card\" content=\"summary_large_image\" \/>\n<meta name=\"twitter:label1\" content=\"Becs\u00fclt olvas\u00e1si id\u0151\">\n\t<meta name=\"twitter:data1\" content=\"1 perc\">\n<script type=\"application\/ld+json\" class=\"yoast-schema-graph\">{\"@context\":\"https:\/\/schema.org\",\"@graph\":[{\"@type\":\"Organization\",\"@id\":\"https:\/\/www.fytofontana.com\/#organization\",\"name\":\"Fytofontana\",\"url\":\"https:\/\/www.fytofontana.com\/\",\"sameAs\":[],\"logo\":{\"@type\":\"ImageObject\",\"@id\":\"https:\/\/www.fytofontana.com\/#logo\",\"inLanguage\":\"hu\",\"url\":\"https:\/\/www.fytofontana.com\/wp-content\/uploads\/2021\/01\/fyto.png\",\"width\":817,\"height\":79,\"caption\":\"Fytofontana\"},\"image\":{\"@id\":\"https:\/\/www.fytofontana.com\/#logo\"}},{\"@type\":\"WebSite\",\"@id\":\"https:\/\/www.fytofontana.com\/#website\",\"url\":\"https:\/\/www.fytofontana.com\/\",\"name\":\"Fytofontana\",\"description\":\"\",\"publisher\":{\"@id\":\"https:\/\/www.fytofontana.com\/#organization\"},\"potentialAction\":[{\"@type\":\"SearchAction\",\"target\":\"https:\/\/www.fytofontana.com\/?s={search_term_string}\",\"query-input\":\"required name=search_term_string\"}],\"inLanguage\":\"hu\"},{\"@type\":\"ImageObject\",\"@id\":\"https:\/\/www.fytofontana.com\/hu\/termek\/aurecon-fulspray\/#primaryimage\",\"inLanguage\":\"hu\",\"url\":\"https:\/\/www.fytofontana.com\/wp-content\/uploads\/2021\/03\/2023_05_AURECON_Spray_50ml_1000x1000px_01_Primary.png\",\"width\":1000,\"height\":1000},{\"@type\":[\"WebPage\",\"ItemPage\"],\"@id\":\"https:\/\/www.fytofontana.com\/hu\/termek\/aurecon-fulspray\/#webpage\",\"url\":\"https:\/\/www.fytofontana.com\/hu\/termek\/aurecon-fulspray\/\",\"name\":\"AURECON f\\u00fclspray - Fytofontana\",\"isPartOf\":{\"@id\":\"https:\/\/www.fytofontana.com\/#website\"},\"primaryImageOfPage\":{\"@id\":\"https:\/\/www.fytofontana.com\/hu\/termek\/aurecon-fulspray\/#primaryimage\"},\"datePublished\":\"2020-12-14T22:23:13+00:00\",\"dateModified\":\"2025-10-17T05:18:54+00:00\",\"description\":\"Holt-tengeri oldat Aloe Vera kivonattal a f\\u00fclhigi\\u00e9nia t\\u00e1mogat\\u00e1s\\u00e1ra. Seg\\u00edt megel\\u0151zni a f\\u00fclzs\\u00edr okozta dugul\\u00e1st \\u00e9s a f\\u00fclgyullad\\u00e1st. Aj\\u00e1nlott minden koroszt\\u00e1lynak, k\\u00fcl\\u00f6n\\u00f6sen id\\u0151seknek \\u00e9s hall\\u00f3k\\u00e9sz\\u00fcl\\u00e9ket visel\\u0151knek.\",\"breadcrumb\":{\"@id\":\"https:\/\/www.fytofontana.com\/hu\/termek\/aurecon-fulspray\/#breadcrumb\"},\"inLanguage\":\"hu\",\"potentialAction\":[{\"@type\":\"ReadAction\",\"target\":[\"https:\/\/www.fytofontana.com\/hu\/termek\/aurecon-fulspray\/\"]}]},{\"@type\":\"BreadcrumbList\",\"@id\":\"https:\/\/www.fytofontana.com\/hu\/termek\/aurecon-fulspray\/#breadcrumb\",\"itemListElement\":[{\"@type\":\"ListItem\",\"position\":1,\"item\":{\"@type\":\"WebPage\",\"@id\":\"https:\/\/www.fytofontana.com\/hu\/\",\"url\":\"https:\/\/www.fytofontana.com\/hu\/\",\"name\":\"Home\"}},{\"@type\":\"ListItem\",\"position\":2,\"item\":{\"@type\":\"WebPage\",\"@id\":\"https:\/\/www.fytofontana.com\/hu\/termek\/aurecon-fulspray\/\",\"url\":\"https:\/\/www.fytofontana.com\/hu\/termek\/aurecon-fulspray\/\",\"name\":\"AURECON f\\u00fclspray\"}}]}]}<\/script>","_links":{"self":[{"href":"https:\/\/www.fytofontana.com\/hu\/wp-json\/wp\/v2\/product\/315"}],"collection":[{"href":"https:\/\/www.fytofontana.com\/hu\/wp-json\/wp\/v2\/product"}],"about":[{"href":"https:\/\/www.fytofontana.com\/hu\/wp-json\/wp\/v2\/types\/product"}],"wp:featuredmedia":[{"embeddable":true,"href":"https:\/\/www.fytofontana.com\/hu\/wp-json\/wp\/v2\/media\/3811"}],"wp:attachment":[{"href":"https:\/\/www.fytofontana.com\/hu\/wp-json\/wp\/v2\/media?parent=315"}],"wp:term":[{"taxonomy":"products","embeddable":true,"href":"https:\/\/www.fytofontana.com\/hu\/wp-json\/wp\/v2\/products?post=315"}],"curies":[{"name":"wp","href":"https:\/\/api.w.org\/{rel}","templated":true}]}}