{"id":314,"date":"2020-12-14T23:23:13","date_gmt":"2020-12-14T22:23:13","guid":{"rendered":"https:\/\/www.fytofontana.com\/hu\/product\/aurecon-dry-spray-2\/"},"modified":"2025-10-17T06:18:33","modified_gmt":"2025-10-17T05:18:33","slug":"aurecon-dry-spray","status":"publish","type":"product","link":"https:\/\/www.fytofontana.com\/hu\/termek\/aurecon-dry-spray\/","title":{"rendered":"AURECON Dry f\u00fclspray"},"content":{"rendered":"<ul>\n<li><b>MDR szerint<\/b>\u00a0<b>j\u00f3v\u00e1hagyott<\/b> <b>orvostechnikai<\/b> <b>eszk\u00f6z<\/b> (EU 2017\/745).<\/li>\n<li><strong>F\u00fclsz\u00e1r\u00edt\u00f3 spray a f\u00fclbe jutott v\u00edz elt\u00e1vol\u00edt\u00e1s\u00e1ra<\/strong><\/li>\n<li>Az Aurecon Dry spray a f\u00fclbe szorult v\u00edz elt\u00e1vol\u00edt\u00e1s\u00e1ra hivatott. A k\u00e9sz\u00edtm\u00e9nyben megtal\u00e1lhat\u00f3 denatur\u00e1lt alkohol fizikai tulajdons\u00e1gainak k\u00f6sz\u00f6nhet\u0151en gyors\u00edtja a f\u00fclbe jutott v\u00edz elp\u00e1rolg\u00e1s\u00e1t, \u00edgy seg\u00edti a k\u00fcls\u0151 hall\u00f3j\u00e1rat sz\u00e1rad\u00e1s\u00e1t. A denatur\u00e1lt alkohol m\u00e1r n\u00e9h\u00e1ny perc eltelt\u00e9vel elt\u00e1vol\u00edtja a felesleges nedvess\u00e9get a f\u00fclb\u0151l, \u00edgy a k\u00fcl\u00f6nb\u00f6z\u0151 f\u00fclprobl\u00e9m\u00e1k megel\u0151z\u00e9s\u00e9ben hat\u00e9kony seg\u00edts\u00e9get jelent.<\/li>\n<\/ul>\n","protected":false},"featured_media":3822,"template":"","products":[18],"yoast_head":"<title>AURECON Dry f\u00fclspray - Fytofontana<\/title>\n<meta name=\"description\" content=\"Aurecon Dry spray gyorsan elt\u00e1vol\u00edtja a f\u00fclbe jutott vizet f\u00fcrd\u00e9s vagy \u00fasz\u00e1s ut\u00e1n. Denatur\u00e1lt alkohol sz\u00e1r\u00edtja a hall\u00f3j\u00e1ratot, aloe vera \u00e9s h\u00e1zi k\u00f6vir\u00f3zsa kivonatok pedig nyugtatj\u00e1k \u00e9s v\u00e9dik a b\u0151rt.\" \/>\n<meta name=\"robots\" content=\"index, follow, max-snippet:-1, max-image-preview:large, max-video-preview:-1\" \/>\n<link rel=\"canonical\" href=\"https:\/\/www.fytofontana.com\/hu\/termek\/aurecon-dry-spray\/\" \/>\n<meta property=\"og:locale\" content=\"hu_HU\" \/>\n<meta property=\"og:type\" content=\"article\" \/>\n<meta property=\"og:title\" content=\"AURECON Dry f\u00fclspray - Fytofontana\" \/>\n<meta property=\"og:description\" content=\"Aurecon Dry spray gyorsan elt\u00e1vol\u00edtja a f\u00fclbe jutott vizet f\u00fcrd\u00e9s vagy \u00fasz\u00e1s ut\u00e1n. Denatur\u00e1lt alkohol sz\u00e1r\u00edtja a hall\u00f3j\u00e1ratot, aloe vera \u00e9s h\u00e1zi k\u00f6vir\u00f3zsa kivonatok pedig nyugtatj\u00e1k \u00e9s v\u00e9dik a b\u0151rt.\" \/>\n<meta property=\"og:url\" content=\"https:\/\/www.fytofontana.com\/hu\/termek\/aurecon-dry-spray\/\" \/>\n<meta property=\"og:site_name\" content=\"Fytofontana\" \/>\n<meta property=\"article:modified_time\" content=\"2025-10-17T05:18:33+00:00\" \/>\n<meta property=\"og:image\" content=\"https:\/\/www.fytofontana.com\/wp-content\/uploads\/2021\/03\/2023_05_AURECON_Spray_Dry_50ml_1000x1000px_01_Primary.png\" \/>\n\t<meta property=\"og:image:width\" content=\"1000\" \/>\n\t<meta property=\"og:image:height\" content=\"1000\" \/>\n<meta name=\"twitter:card\" content=\"summary_large_image\" \/>\n<meta name=\"twitter:label1\" content=\"Becs\u00fclt olvas\u00e1si id\u0151\">\n\t<meta name=\"twitter:data1\" content=\"1 perc\">\n<script type=\"application\/ld+json\" class=\"yoast-schema-graph\">{\"@context\":\"https:\/\/schema.org\",\"@graph\":[{\"@type\":\"Organization\",\"@id\":\"https:\/\/www.fytofontana.com\/#organization\",\"name\":\"Fytofontana\",\"url\":\"https:\/\/www.fytofontana.com\/\",\"sameAs\":[],\"logo\":{\"@type\":\"ImageObject\",\"@id\":\"https:\/\/www.fytofontana.com\/#logo\",\"inLanguage\":\"hu\",\"url\":\"https:\/\/www.fytofontana.com\/wp-content\/uploads\/2021\/01\/fyto.png\",\"width\":817,\"height\":79,\"caption\":\"Fytofontana\"},\"image\":{\"@id\":\"https:\/\/www.fytofontana.com\/#logo\"}},{\"@type\":\"WebSite\",\"@id\":\"https:\/\/www.fytofontana.com\/#website\",\"url\":\"https:\/\/www.fytofontana.com\/\",\"name\":\"Fytofontana\",\"description\":\"\",\"publisher\":{\"@id\":\"https:\/\/www.fytofontana.com\/#organization\"},\"potentialAction\":[{\"@type\":\"SearchAction\",\"target\":\"https:\/\/www.fytofontana.com\/?s={search_term_string}\",\"query-input\":\"required name=search_term_string\"}],\"inLanguage\":\"hu\"},{\"@type\":\"ImageObject\",\"@id\":\"https:\/\/www.fytofontana.com\/hu\/termek\/aurecon-dry-spray\/#primaryimage\",\"inLanguage\":\"hu\",\"url\":\"https:\/\/www.fytofontana.com\/wp-content\/uploads\/2021\/03\/2023_05_AURECON_Spray_Dry_50ml_1000x1000px_01_Primary.png\",\"width\":1000,\"height\":1000},{\"@type\":[\"WebPage\",\"ItemPage\"],\"@id\":\"https:\/\/www.fytofontana.com\/hu\/termek\/aurecon-dry-spray\/#webpage\",\"url\":\"https:\/\/www.fytofontana.com\/hu\/termek\/aurecon-dry-spray\/\",\"name\":\"AURECON Dry f\\u00fclspray - Fytofontana\",\"isPartOf\":{\"@id\":\"https:\/\/www.fytofontana.com\/#website\"},\"primaryImageOfPage\":{\"@id\":\"https:\/\/www.fytofontana.com\/hu\/termek\/aurecon-dry-spray\/#primaryimage\"},\"datePublished\":\"2020-12-14T22:23:13+00:00\",\"dateModified\":\"2025-10-17T05:18:33+00:00\",\"description\":\"Aurecon Dry spray gyorsan elt\\u00e1vol\\u00edtja a f\\u00fclbe jutott vizet f\\u00fcrd\\u00e9s vagy \\u00fasz\\u00e1s ut\\u00e1n. Denatur\\u00e1lt alkohol sz\\u00e1r\\u00edtja a hall\\u00f3j\\u00e1ratot, aloe vera \\u00e9s h\\u00e1zi k\\u00f6vir\\u00f3zsa kivonatok pedig nyugtatj\\u00e1k \\u00e9s v\\u00e9dik a b\\u0151rt.\",\"breadcrumb\":{\"@id\":\"https:\/\/www.fytofontana.com\/hu\/termek\/aurecon-dry-spray\/#breadcrumb\"},\"inLanguage\":\"hu\",\"potentialAction\":[{\"@type\":\"ReadAction\",\"target\":[\"https:\/\/www.fytofontana.com\/hu\/termek\/aurecon-dry-spray\/\"]}]},{\"@type\":\"BreadcrumbList\",\"@id\":\"https:\/\/www.fytofontana.com\/hu\/termek\/aurecon-dry-spray\/#breadcrumb\",\"itemListElement\":[{\"@type\":\"ListItem\",\"position\":1,\"item\":{\"@type\":\"WebPage\",\"@id\":\"https:\/\/www.fytofontana.com\/hu\/\",\"url\":\"https:\/\/www.fytofontana.com\/hu\/\",\"name\":\"Home\"}},{\"@type\":\"ListItem\",\"position\":2,\"item\":{\"@type\":\"WebPage\",\"@id\":\"https:\/\/www.fytofontana.com\/hu\/termek\/aurecon-dry-spray\/\",\"url\":\"https:\/\/www.fytofontana.com\/hu\/termek\/aurecon-dry-spray\/\",\"name\":\"AURECON Dry f\\u00fclspray\"}}]}]}<\/script>","_links":{"self":[{"href":"https:\/\/www.fytofontana.com\/hu\/wp-json\/wp\/v2\/product\/314"}],"collection":[{"href":"https:\/\/www.fytofontana.com\/hu\/wp-json\/wp\/v2\/product"}],"about":[{"href":"https:\/\/www.fytofontana.com\/hu\/wp-json\/wp\/v2\/types\/product"}],"wp:featuredmedia":[{"embeddable":true,"href":"https:\/\/www.fytofontana.com\/hu\/wp-json\/wp\/v2\/media\/3822"}],"wp:attachment":[{"href":"https:\/\/www.fytofontana.com\/hu\/wp-json\/wp\/v2\/media?parent=314"}],"wp:term":[{"taxonomy":"products","embeddable":true,"href":"https:\/\/www.fytofontana.com\/hu\/wp-json\/wp\/v2\/products?post=314"}],"curies":[{"name":"wp","href":"https:\/\/api.w.org\/{rel}","templated":true}]}}