{"id":312,"date":"2020-12-14T23:23:12","date_gmt":"2020-12-14T22:23:12","guid":{"rendered":"https:\/\/www.fytofontana.com\/hu\/product\/aurecon-plus-fulgyertyak\/"},"modified":"2025-07-22T08:45:37","modified_gmt":"2025-07-22T07:45:37","slug":"aurecon-plus-fulgyertyak","status":"publish","type":"product","link":"https:\/\/www.fytofontana.com\/hu\/termek\/aurecon-plus-fulgyertyak\/","title":{"rendered":"AURECON Plus f\u00fclgyerty\u00e1k"},"content":{"rendered":"<p><strong>Term\u00e9szetes f\u00fcl\u00e1pol\u00e1s \u00e9s f\u00fclhigi\u00e9nia<\/strong><\/p>\n<p>A fokozott biztons\u00e1g \u00e9rdek\u00e9ben a f\u00fclgyerty\u00e1kba Aurecon system m\u0171anyag v\u00e9d\u0151bet\u00e9t van be\u00e9p\u00edtve, amely n\u00f6veli a gyerty\u00e1k biztons\u00e1goss\u00e1g\u00e1t \u00e9s hat\u00e9konys\u00e1g\u00e1t. Az Aurecon system m\u0171anyag v\u00e9d\u0151bet\u00e9t kiz\u00e1rja az esetleges idegen anyagok f\u00fclbejut\u00e1s\u00e1t.<br \/>\nAz \u00f6sszes eredeti Aurecon f\u00fclgyerty\u00e1t a mai napig a r\u00e9gi recept\u00fara alapj\u00e1n, rendszeresen ellen\u0151rz\u00f6tt alapanyagokb\u00f3l k\u00f6r\u00fcltekint\u0151en \u00e9s magasfok\u00fa odafigyel\u00e9ssel, kiz\u00e1r\u00f3lag k\u00e9zzel k\u00e9sz\u00edtik.<\/p>\n","protected":false},"featured_media":3749,"template":"","products":[18],"yoast_head":"<title>AURECON Plus f\u00fclgyerty\u00e1k - Fytofontana<\/title>\n<meta name=\"description\" content=\"Aurecon f\u00fclgyerty\u00e1k term\u00e9szetes f\u00fclhigi\u00e9ni\u00e1hoz. K\u00e9zzel k\u00e9sz\u00edtett, v\u00e9d\u0151bet\u00e9ttel a biztons\u00e1g\u00e9rt. Hat\u00e9kony \u00e9s k\u00f6r\u00fcltekint\u0151 f\u00fcltiszt\u00edt\u00e1s term\u00e9szetes m\u00f3dszerrel.\" \/>\n<meta name=\"robots\" content=\"index, follow, max-snippet:-1, max-image-preview:large, max-video-preview:-1\" \/>\n<link rel=\"canonical\" href=\"https:\/\/www.fytofontana.com\/hu\/termek\/aurecon-plus-fulgyertyak\/\" \/>\n<meta property=\"og:locale\" content=\"hu_HU\" \/>\n<meta property=\"og:type\" content=\"article\" \/>\n<meta property=\"og:title\" content=\"AURECON Plus f\u00fclgyerty\u00e1k - Fytofontana\" \/>\n<meta property=\"og:description\" content=\"Aurecon f\u00fclgyerty\u00e1k term\u00e9szetes f\u00fclhigi\u00e9ni\u00e1hoz. K\u00e9zzel k\u00e9sz\u00edtett, v\u00e9d\u0151bet\u00e9ttel a biztons\u00e1g\u00e9rt. Hat\u00e9kony \u00e9s k\u00f6r\u00fcltekint\u0151 f\u00fcltiszt\u00edt\u00e1s term\u00e9szetes m\u00f3dszerrel.\" \/>\n<meta property=\"og:url\" content=\"https:\/\/www.fytofontana.com\/hu\/termek\/aurecon-plus-fulgyertyak\/\" \/>\n<meta property=\"og:site_name\" content=\"Fytofontana\" \/>\n<meta property=\"article:modified_time\" content=\"2025-07-22T07:45:37+00:00\" \/>\n<meta property=\"og:image\" content=\"https:\/\/www.fytofontana.com\/wp-content\/uploads\/2021\/03\/2023_05_AURECON_Ear_Candles_Plus_1pair_1000x1000px_01_Primary.png\" \/>\n\t<meta property=\"og:image:width\" content=\"1000\" \/>\n\t<meta property=\"og:image:height\" content=\"1000\" \/>\n<meta name=\"twitter:card\" content=\"summary_large_image\" \/>\n<meta name=\"twitter:label1\" content=\"Becs\u00fclt olvas\u00e1si id\u0151\">\n\t<meta name=\"twitter:data1\" content=\"1 perc\">\n<script type=\"application\/ld+json\" class=\"yoast-schema-graph\">{\"@context\":\"https:\/\/schema.org\",\"@graph\":[{\"@type\":\"Organization\",\"@id\":\"https:\/\/www.fytofontana.com\/#organization\",\"name\":\"Fytofontana\",\"url\":\"https:\/\/www.fytofontana.com\/\",\"sameAs\":[],\"logo\":{\"@type\":\"ImageObject\",\"@id\":\"https:\/\/www.fytofontana.com\/#logo\",\"inLanguage\":\"hu\",\"url\":\"https:\/\/www.fytofontana.com\/wp-content\/uploads\/2021\/01\/fyto.png\",\"width\":817,\"height\":79,\"caption\":\"Fytofontana\"},\"image\":{\"@id\":\"https:\/\/www.fytofontana.com\/#logo\"}},{\"@type\":\"WebSite\",\"@id\":\"https:\/\/www.fytofontana.com\/#website\",\"url\":\"https:\/\/www.fytofontana.com\/\",\"name\":\"Fytofontana\",\"description\":\"\",\"publisher\":{\"@id\":\"https:\/\/www.fytofontana.com\/#organization\"},\"potentialAction\":[{\"@type\":\"SearchAction\",\"target\":\"https:\/\/www.fytofontana.com\/?s={search_term_string}\",\"query-input\":\"required name=search_term_string\"}],\"inLanguage\":\"hu\"},{\"@type\":\"ImageObject\",\"@id\":\"https:\/\/www.fytofontana.com\/hu\/termek\/aurecon-plus-fulgyertyak\/#primaryimage\",\"inLanguage\":\"hu\",\"url\":\"https:\/\/www.fytofontana.com\/wp-content\/uploads\/2021\/03\/2023_05_AURECON_Ear_Candles_Plus_1pair_1000x1000px_01_Primary.png\",\"width\":1000,\"height\":1000},{\"@type\":[\"WebPage\",\"ItemPage\"],\"@id\":\"https:\/\/www.fytofontana.com\/hu\/termek\/aurecon-plus-fulgyertyak\/#webpage\",\"url\":\"https:\/\/www.fytofontana.com\/hu\/termek\/aurecon-plus-fulgyertyak\/\",\"name\":\"AURECON Plus f\\u00fclgyerty\\u00e1k - Fytofontana\",\"isPartOf\":{\"@id\":\"https:\/\/www.fytofontana.com\/#website\"},\"primaryImageOfPage\":{\"@id\":\"https:\/\/www.fytofontana.com\/hu\/termek\/aurecon-plus-fulgyertyak\/#primaryimage\"},\"datePublished\":\"2020-12-14T22:23:12+00:00\",\"dateModified\":\"2025-07-22T07:45:37+00:00\",\"description\":\"Aurecon f\\u00fclgyerty\\u00e1k term\\u00e9szetes f\\u00fclhigi\\u00e9ni\\u00e1hoz. K\\u00e9zzel k\\u00e9sz\\u00edtett, v\\u00e9d\\u0151bet\\u00e9ttel a biztons\\u00e1g\\u00e9rt. Hat\\u00e9kony \\u00e9s k\\u00f6r\\u00fcltekint\\u0151 f\\u00fcltiszt\\u00edt\\u00e1s term\\u00e9szetes m\\u00f3dszerrel.\",\"breadcrumb\":{\"@id\":\"https:\/\/www.fytofontana.com\/hu\/termek\/aurecon-plus-fulgyertyak\/#breadcrumb\"},\"inLanguage\":\"hu\",\"potentialAction\":[{\"@type\":\"ReadAction\",\"target\":[\"https:\/\/www.fytofontana.com\/hu\/termek\/aurecon-plus-fulgyertyak\/\"]}]},{\"@type\":\"BreadcrumbList\",\"@id\":\"https:\/\/www.fytofontana.com\/hu\/termek\/aurecon-plus-fulgyertyak\/#breadcrumb\",\"itemListElement\":[{\"@type\":\"ListItem\",\"position\":1,\"item\":{\"@type\":\"WebPage\",\"@id\":\"https:\/\/www.fytofontana.com\/hu\/\",\"url\":\"https:\/\/www.fytofontana.com\/hu\/\",\"name\":\"Home\"}},{\"@type\":\"ListItem\",\"position\":2,\"item\":{\"@type\":\"WebPage\",\"@id\":\"https:\/\/www.fytofontana.com\/hu\/termek\/aurecon-plus-fulgyertyak\/\",\"url\":\"https:\/\/www.fytofontana.com\/hu\/termek\/aurecon-plus-fulgyertyak\/\",\"name\":\"AURECON Plus f\\u00fclgyerty\\u00e1k\"}}]}]}<\/script>","_links":{"self":[{"href":"https:\/\/www.fytofontana.com\/hu\/wp-json\/wp\/v2\/product\/312"}],"collection":[{"href":"https:\/\/www.fytofontana.com\/hu\/wp-json\/wp\/v2\/product"}],"about":[{"href":"https:\/\/www.fytofontana.com\/hu\/wp-json\/wp\/v2\/types\/product"}],"wp:featuredmedia":[{"embeddable":true,"href":"https:\/\/www.fytofontana.com\/hu\/wp-json\/wp\/v2\/media\/3749"}],"wp:attachment":[{"href":"https:\/\/www.fytofontana.com\/hu\/wp-json\/wp\/v2\/media?parent=312"}],"wp:term":[{"taxonomy":"products","embeddable":true,"href":"https:\/\/www.fytofontana.com\/hu\/wp-json\/wp\/v2\/products?post=312"}],"curies":[{"name":"wp","href":"https:\/\/api.w.org\/{rel}","templated":true}]}}