{"id":3033,"date":"2025-05-27T12:48:09","date_gmt":"2025-05-27T11:48:09","guid":{"rendered":"https:\/\/www.fytofontana.com\/?post_type=product&#038;p=3033"},"modified":"2025-05-27T12:49:58","modified_gmt":"2025-05-27T11:49:58","slug":"v-stop-kids-szirup","status":"publish","type":"product","link":"https:\/\/www.fytofontana.com\/hu\/termek\/v-stop-kids-szirup\/","title":{"rendered":"V-STOP KIDS szirup"},"content":{"rendered":"<p><strong>Lime \u00edz\u0171<\/strong><\/p>\n<ul>\n<li>Szirup gyerekeknek\u00a0<strong>6 h<\/strong><strong>\u00f3<\/strong><strong>napos kort<\/strong><strong>\u00f3<\/strong><strong>l<\/strong>.<\/li>\n<li>Cistus Creticus kivonat\u00e1t tartalmaz\u00f3 n\u00f6v\u00e9nyi \u00f6sszetev\u0151 kivonat\u00e1b\u00f3l k\u00e9sz\u00fclt szirup, mely\u00a0<strong>v<\/strong><strong>\u00e9<\/strong><strong>d\u0151r<\/strong><strong>\u00e9<\/strong><strong>teggel<\/strong>\u00a0vonja be a sz\u00e1j\u00fcreg ny\u00e1lkah\u00e1rty\u00e1j\u00e1t.<\/li>\n<li>A citrusf\u00e9l\u00e9k bioflavonoidjai nyugtat\u00f3 \u00e9s kellemes hat\u00e1ssal vannak\u00a0<strong>a torokra, a garatra\u00a0<\/strong><strong>\u00e9<\/strong><strong>s a hangsz\u00e1lakra<\/strong>.<\/li>\n<li>H\u00e1rom n\u00f6v\u00e9nyi \u00f6sszetev\u0151 szabadalmaztatott kivonat\u00e1b\u00f3l k\u00e9sz\u00fclt \u00e9trend-kieg\u00e9sz\u00edt\u0151.<\/li>\n<\/ul>\n","protected":false},"featured_media":3030,"template":"","products":[12],"yoast_head":"<title>V-STOP KIDS szirup - Fytofontana<\/title>\n<meta name=\"description\" content=\"Szirup gyerekeknek 6 h\u00f3napos kort\u00f3l. Javasolt a fels\u0151 l\u00e9g\u00fati fert\u0151z\u00e9s (pl. influenza, megf\u00e1z\u00e1s) els\u0151 t\u00fcneteinek megjelen\u00e9se eset\u00e9n azonnal megkezdeni a term\u00e9k alkalmaz\u00e1s\u00e1t.\" \/>\n<meta name=\"robots\" content=\"index, follow, max-snippet:-1, max-image-preview:large, max-video-preview:-1\" \/>\n<link rel=\"canonical\" href=\"https:\/\/www.fytofontana.com\/hu\/termek\/v-stop-kids-szirup\/\" \/>\n<meta property=\"og:locale\" content=\"hu_HU\" \/>\n<meta property=\"og:type\" content=\"article\" \/>\n<meta property=\"og:title\" content=\"V-STOP KIDS szirup - Fytofontana\" \/>\n<meta property=\"og:description\" content=\"Szirup gyerekeknek 6 h\u00f3napos kort\u00f3l. Javasolt a fels\u0151 l\u00e9g\u00fati fert\u0151z\u00e9s (pl. influenza, megf\u00e1z\u00e1s) els\u0151 t\u00fcneteinek megjelen\u00e9se eset\u00e9n azonnal megkezdeni a term\u00e9k alkalmaz\u00e1s\u00e1t.\" \/>\n<meta property=\"og:url\" content=\"https:\/\/www.fytofontana.com\/hu\/termek\/v-stop-kids-szirup\/\" \/>\n<meta property=\"og:site_name\" content=\"Fytofontana\" \/>\n<meta property=\"article:modified_time\" content=\"2025-05-27T11:49:58+00:00\" \/>\n<meta property=\"og:image\" content=\"https:\/\/www.fytofontana.com\/wp-content\/uploads\/2025\/05\/500x500_V-STOP_Syrup_KIDS_6m_100ml-SKCZHU.png\" \/>\n\t<meta property=\"og:image:width\" content=\"500\" \/>\n\t<meta property=\"og:image:height\" content=\"500\" \/>\n<meta name=\"twitter:card\" content=\"summary_large_image\" \/>\n<meta name=\"twitter:label1\" content=\"Becs\u00fclt olvas\u00e1si id\u0151\">\n\t<meta name=\"twitter:data1\" content=\"1 perc\">\n<script type=\"application\/ld+json\" class=\"yoast-schema-graph\">{\"@context\":\"https:\/\/schema.org\",\"@graph\":[{\"@type\":\"Organization\",\"@id\":\"https:\/\/www.fytofontana.com\/#organization\",\"name\":\"Fytofontana\",\"url\":\"https:\/\/www.fytofontana.com\/\",\"sameAs\":[],\"logo\":{\"@type\":\"ImageObject\",\"@id\":\"https:\/\/www.fytofontana.com\/#logo\",\"inLanguage\":\"hu\",\"url\":\"https:\/\/www.fytofontana.com\/wp-content\/uploads\/2021\/01\/fyto.png\",\"width\":817,\"height\":79,\"caption\":\"Fytofontana\"},\"image\":{\"@id\":\"https:\/\/www.fytofontana.com\/#logo\"}},{\"@type\":\"WebSite\",\"@id\":\"https:\/\/www.fytofontana.com\/#website\",\"url\":\"https:\/\/www.fytofontana.com\/\",\"name\":\"Fytofontana\",\"description\":\"\",\"publisher\":{\"@id\":\"https:\/\/www.fytofontana.com\/#organization\"},\"potentialAction\":[{\"@type\":\"SearchAction\",\"target\":\"https:\/\/www.fytofontana.com\/?s={search_term_string}\",\"query-input\":\"required name=search_term_string\"}],\"inLanguage\":\"hu\"},{\"@type\":\"ImageObject\",\"@id\":\"https:\/\/www.fytofontana.com\/hu\/termek\/v-stop-kids-szirup\/#primaryimage\",\"inLanguage\":\"hu\",\"url\":\"https:\/\/www.fytofontana.com\/wp-content\/uploads\/2025\/05\/500x500_V-STOP_Syrup_KIDS_6m_100ml-SKCZHU.png\",\"width\":500,\"height\":500},{\"@type\":[\"WebPage\",\"ItemPage\"],\"@id\":\"https:\/\/www.fytofontana.com\/hu\/termek\/v-stop-kids-szirup\/#webpage\",\"url\":\"https:\/\/www.fytofontana.com\/hu\/termek\/v-stop-kids-szirup\/\",\"name\":\"V-STOP KIDS szirup - Fytofontana\",\"isPartOf\":{\"@id\":\"https:\/\/www.fytofontana.com\/#website\"},\"primaryImageOfPage\":{\"@id\":\"https:\/\/www.fytofontana.com\/hu\/termek\/v-stop-kids-szirup\/#primaryimage\"},\"datePublished\":\"2025-05-27T11:48:09+00:00\",\"dateModified\":\"2025-05-27T11:49:58+00:00\",\"description\":\"Szirup gyerekeknek 6 h\\u00f3napos kort\\u00f3l. Javasolt a fels\\u0151 l\\u00e9g\\u00fati fert\\u0151z\\u00e9s (pl. influenza, megf\\u00e1z\\u00e1s) els\\u0151 t\\u00fcneteinek megjelen\\u00e9se eset\\u00e9n azonnal megkezdeni a term\\u00e9k alkalmaz\\u00e1s\\u00e1t.\",\"breadcrumb\":{\"@id\":\"https:\/\/www.fytofontana.com\/hu\/termek\/v-stop-kids-szirup\/#breadcrumb\"},\"inLanguage\":\"hu\",\"potentialAction\":[{\"@type\":\"ReadAction\",\"target\":[\"https:\/\/www.fytofontana.com\/hu\/termek\/v-stop-kids-szirup\/\"]}]},{\"@type\":\"BreadcrumbList\",\"@id\":\"https:\/\/www.fytofontana.com\/hu\/termek\/v-stop-kids-szirup\/#breadcrumb\",\"itemListElement\":[{\"@type\":\"ListItem\",\"position\":1,\"item\":{\"@type\":\"WebPage\",\"@id\":\"https:\/\/www.fytofontana.com\/hu\/\",\"url\":\"https:\/\/www.fytofontana.com\/hu\/\",\"name\":\"Home\"}},{\"@type\":\"ListItem\",\"position\":2,\"item\":{\"@type\":\"WebPage\",\"@id\":\"https:\/\/www.fytofontana.com\/hu\/termek\/v-stop-kids-szirup\/\",\"url\":\"https:\/\/www.fytofontana.com\/hu\/termek\/v-stop-kids-szirup\/\",\"name\":\"V-STOP KIDS szirup\"}}]}]}<\/script>","_links":{"self":[{"href":"https:\/\/www.fytofontana.com\/hu\/wp-json\/wp\/v2\/product\/3033"}],"collection":[{"href":"https:\/\/www.fytofontana.com\/hu\/wp-json\/wp\/v2\/product"}],"about":[{"href":"https:\/\/www.fytofontana.com\/hu\/wp-json\/wp\/v2\/types\/product"}],"wp:featuredmedia":[{"embeddable":true,"href":"https:\/\/www.fytofontana.com\/hu\/wp-json\/wp\/v2\/media\/3030"}],"wp:attachment":[{"href":"https:\/\/www.fytofontana.com\/hu\/wp-json\/wp\/v2\/media?parent=3033"}],"wp:term":[{"taxonomy":"products","embeddable":true,"href":"https:\/\/www.fytofontana.com\/hu\/wp-json\/wp\/v2\/products?post=3033"}],"curies":[{"name":"wp","href":"https:\/\/api.w.org\/{rel}","templated":true}]}}