{"id":264,"date":"2020-12-14T23:11:37","date_gmt":"2020-12-14T22:11:37","guid":{"rendered":"https:\/\/www.fytofontana.com\/hu\/product\/virostop-influenza-elleni-szajspray\/"},"modified":"2025-10-14T11:33:48","modified_gmt":"2025-10-14T10:33:48","slug":"virostop-szajspray","status":"publish","type":"product","link":"https:\/\/www.fytofontana.com\/hu\/termek\/virostop-szajspray\/","title":{"rendered":"VIROSTOP sz\u00e1jspray"},"content":{"rendered":"<ul>\n<li>Az (EU) 2017\/745 <b>rendelet<\/b> <b>szerint<\/b><b> MDR <\/b><b>tan\u00fas\u00edtv\u00e1nnyal<\/b> <b>rendelkez\u0151<\/b> <b>v\u00edrusellenes<\/b> <b>orvostechnikai<\/b> <b>eszk\u00f6z.<\/b><\/li>\n<li>Sz\u00e1jspray influenza \u00e9s megf\u00e1z\u00e1s ellen.<\/li>\n<li><strong>Az els\u0151 hivatalosan is regisztr\u00e1lt<\/strong>, v\u00e9ny n\u00e9lk\u00fcl kaphat\u00f3 v\u00edrusellenes hat\u00e1s\u00fa k\u00e9sz\u00edtm\u00e9ny.<\/li>\n<li>Klinikailag igazolt\u00a0<strong>v\u00edrusellenes hat\u00e1sa<\/strong>\u00a0\u00f6t n\u00f6v\u00e9nyi kivonatb\u00f3l \u00e1ll\u00f3, Cistus Creticus-t is tartalmaz\u00f3 \u00f6sszetev\u0151inek k\u00f6sz\u00f6nhet\u0151.<\/li>\n<li>A sz\u00e1jspray\u00a0<strong>v\u00e9d\u0151r\u00e9teget<\/strong>\u00a0hoz l\u00e9tre a sz\u00e1j\u00fcregben \u00e9s a torokban, \u00edgy megakad\u00e1lyozza a v\u00edrusok szervezetbe val\u00f3 bejut\u00e1s\u00e1t \u00e9s elszaporod\u00e1s\u00e1t.<\/li>\n<li>Megakad\u00e1lyozza az\u00a0<strong>akut fels\u0151 l\u00e9g\u00fati fert\u0151z\u00e9sek<\/strong>, k\u00fcl\u00f6n\u00f6sen az influenza \u00e9s a megf\u00e1z\u00e1s kialakul\u00e1s\u00e1t \u00e9s enyh\u00edti a t\u00fcneteket.<\/li>\n<li><strong>Ler\u00f6vid\u00edti<\/strong>\u00a0a t\u00fcnetek id\u0151tartam\u00e1t.<\/li>\n<li>A spray k\u00f6nnyen \u00e9s egyenletesen viszi fel az oldatot az eg\u00e9sz ny\u00e1lkah\u00e1rty\u00e1ra.<\/li>\n<li>Kellemes ment\u00e1s-gy\u00f3gyn\u00f6v\u00e9nyes \u00edze van.<\/li>\n<li><strong>Innovat\u00edv hat\u00e1smechanizmussal rendelkez\u0151<\/strong>\u00a0orvostechnikai eszk\u00f6zk\u00e9nt regisztr\u00e1lva.<\/li>\n<\/ul>\n","protected":false},"featured_media":2972,"template":"","products":[12],"yoast_head":"<title>VIROSTOP sz\u00e1jspray - Fytofontana<\/title>\n<meta name=\"description\" content=\"A VIROSTOP az els\u0151 min\u0151s\u00edtett, v\u00e9ny n\u00e9lk\u00fcl kaphat\u00f3 v\u00edrusellenes k\u00e9sz\u00edtm\u00e9ny, mely k\u00fcl\u00f6n\u00f6sen hat\u00e9kony influenza, megf\u00e1z\u00e1s \u00e9s n\u00e1tha eset\u00e9n.\" \/>\n<meta name=\"robots\" content=\"index, follow, max-snippet:-1, max-image-preview:large, max-video-preview:-1\" \/>\n<link rel=\"canonical\" href=\"https:\/\/www.fytofontana.com\/hu\/termek\/virostop-szajspray\/\" \/>\n<meta property=\"og:locale\" content=\"hu_HU\" \/>\n<meta property=\"og:type\" content=\"article\" \/>\n<meta property=\"og:title\" content=\"VIROSTOP sz\u00e1jspray - Fytofontana\" \/>\n<meta property=\"og:description\" content=\"A VIROSTOP az els\u0151 min\u0151s\u00edtett, v\u00e9ny n\u00e9lk\u00fcl kaphat\u00f3 v\u00edrusellenes k\u00e9sz\u00edtm\u00e9ny, mely k\u00fcl\u00f6n\u00f6sen hat\u00e9kony influenza, megf\u00e1z\u00e1s \u00e9s n\u00e1tha eset\u00e9n.\" \/>\n<meta property=\"og:url\" content=\"https:\/\/www.fytofontana.com\/hu\/termek\/virostop-szajspray\/\" \/>\n<meta property=\"og:site_name\" content=\"Fytofontana\" \/>\n<meta property=\"article:modified_time\" content=\"2025-10-14T10:33:48+00:00\" \/>\n<meta property=\"og:image\" content=\"https:\/\/www.fytofontana.com\/wp-content\/uploads\/2025\/05\/500x500_VIROSTOP_ORAL-SPRAY-30ml-HUPL.png\" \/>\n\t<meta property=\"og:image:width\" content=\"500\" \/>\n\t<meta property=\"og:image:height\" content=\"500\" \/>\n<meta name=\"twitter:card\" content=\"summary_large_image\" \/>\n<meta name=\"twitter:label1\" content=\"Becs\u00fclt olvas\u00e1si id\u0151\">\n\t<meta name=\"twitter:data1\" content=\"1 perc\">\n<script type=\"application\/ld+json\" class=\"yoast-schema-graph\">{\"@context\":\"https:\/\/schema.org\",\"@graph\":[{\"@type\":\"Organization\",\"@id\":\"https:\/\/www.fytofontana.com\/#organization\",\"name\":\"Fytofontana\",\"url\":\"https:\/\/www.fytofontana.com\/\",\"sameAs\":[],\"logo\":{\"@type\":\"ImageObject\",\"@id\":\"https:\/\/www.fytofontana.com\/#logo\",\"inLanguage\":\"hu\",\"url\":\"https:\/\/www.fytofontana.com\/wp-content\/uploads\/2021\/01\/fyto.png\",\"width\":817,\"height\":79,\"caption\":\"Fytofontana\"},\"image\":{\"@id\":\"https:\/\/www.fytofontana.com\/#logo\"}},{\"@type\":\"WebSite\",\"@id\":\"https:\/\/www.fytofontana.com\/#website\",\"url\":\"https:\/\/www.fytofontana.com\/\",\"name\":\"Fytofontana\",\"description\":\"\",\"publisher\":{\"@id\":\"https:\/\/www.fytofontana.com\/#organization\"},\"potentialAction\":[{\"@type\":\"SearchAction\",\"target\":\"https:\/\/www.fytofontana.com\/?s={search_term_string}\",\"query-input\":\"required name=search_term_string\"}],\"inLanguage\":\"hu\"},{\"@type\":\"ImageObject\",\"@id\":\"https:\/\/www.fytofontana.com\/hu\/termek\/virostop-szajspray\/#primaryimage\",\"inLanguage\":\"hu\",\"url\":\"https:\/\/www.fytofontana.com\/wp-content\/uploads\/2025\/05\/500x500_VIROSTOP_ORAL-SPRAY-30ml-HUPL.png\",\"width\":500,\"height\":500},{\"@type\":[\"WebPage\",\"ItemPage\"],\"@id\":\"https:\/\/www.fytofontana.com\/hu\/termek\/virostop-szajspray\/#webpage\",\"url\":\"https:\/\/www.fytofontana.com\/hu\/termek\/virostop-szajspray\/\",\"name\":\"VIROSTOP sz\\u00e1jspray - Fytofontana\",\"isPartOf\":{\"@id\":\"https:\/\/www.fytofontana.com\/#website\"},\"primaryImageOfPage\":{\"@id\":\"https:\/\/www.fytofontana.com\/hu\/termek\/virostop-szajspray\/#primaryimage\"},\"datePublished\":\"2020-12-14T22:11:37+00:00\",\"dateModified\":\"2025-10-14T10:33:48+00:00\",\"description\":\"A VIROSTOP az els\\u0151 min\\u0151s\\u00edtett, v\\u00e9ny n\\u00e9lk\\u00fcl kaphat\\u00f3 v\\u00edrusellenes k\\u00e9sz\\u00edtm\\u00e9ny, mely k\\u00fcl\\u00f6n\\u00f6sen hat\\u00e9kony influenza, megf\\u00e1z\\u00e1s \\u00e9s n\\u00e1tha eset\\u00e9n.\",\"breadcrumb\":{\"@id\":\"https:\/\/www.fytofontana.com\/hu\/termek\/virostop-szajspray\/#breadcrumb\"},\"inLanguage\":\"hu\",\"potentialAction\":[{\"@type\":\"ReadAction\",\"target\":[\"https:\/\/www.fytofontana.com\/hu\/termek\/virostop-szajspray\/\"]}]},{\"@type\":\"BreadcrumbList\",\"@id\":\"https:\/\/www.fytofontana.com\/hu\/termek\/virostop-szajspray\/#breadcrumb\",\"itemListElement\":[{\"@type\":\"ListItem\",\"position\":1,\"item\":{\"@type\":\"WebPage\",\"@id\":\"https:\/\/www.fytofontana.com\/hu\/\",\"url\":\"https:\/\/www.fytofontana.com\/hu\/\",\"name\":\"Home\"}},{\"@type\":\"ListItem\",\"position\":2,\"item\":{\"@type\":\"WebPage\",\"@id\":\"https:\/\/www.fytofontana.com\/hu\/termek\/virostop-szajspray\/\",\"url\":\"https:\/\/www.fytofontana.com\/hu\/termek\/virostop-szajspray\/\",\"name\":\"VIROSTOP sz\\u00e1jspray\"}}]}]}<\/script>","_links":{"self":[{"href":"https:\/\/www.fytofontana.com\/hu\/wp-json\/wp\/v2\/product\/264"}],"collection":[{"href":"https:\/\/www.fytofontana.com\/hu\/wp-json\/wp\/v2\/product"}],"about":[{"href":"https:\/\/www.fytofontana.com\/hu\/wp-json\/wp\/v2\/types\/product"}],"wp:featuredmedia":[{"embeddable":true,"href":"https:\/\/www.fytofontana.com\/hu\/wp-json\/wp\/v2\/media\/2972"}],"wp:attachment":[{"href":"https:\/\/www.fytofontana.com\/hu\/wp-json\/wp\/v2\/media?parent=264"}],"wp:term":[{"taxonomy":"products","embeddable":true,"href":"https:\/\/www.fytofontana.com\/hu\/wp-json\/wp\/v2\/products?post=264"}],"curies":[{"name":"wp","href":"https:\/\/api.w.org\/{rel}","templated":true}]}}