{"id":756,"date":"2021-01-25T09:56:28","date_gmt":"2021-01-25T08:56:28","guid":{"rendered":"https:\/\/www.fytofontana.com\/hu\/?page_id=756"},"modified":"2024-02-19T19:04:35","modified_gmt":"2024-02-19T18:04:35","slug":"aszf","status":"publish","type":"page","link":"https:\/\/www.fytofontana.com\/hu\/aszf\/","title":{"rendered":"Felhaszn\u00e1l\u00e1si felt\u00e9telek"},"content":{"rendered":"\n<p><strong>Jogi nyilatkozat<\/strong><\/p>\n\n\n\n<p>\u00dcdv\u00f6z\u00f6lj\u00fck a Herb-Pharma weboldal\u00e1n! A weboldalunkhoz val\u00f3 hozz\u00e1f\u00e9r\u00e9s \u00e9s haszn\u00e1lat\u00e1val elfogadja az al\u00e1bbi felt\u00e9telek betart\u00e1s\u00e1t:<\/p>\n\n\n\n<p>Tartalom tulajdonjoga: A weboldal tartalma, ide\u00e9rtve a sz\u00f6vegeket, szoftvereket, k\u00e9peket, vide\u00f3kat, zen\u00e9ket, log\u00f3kat, v\u00e9djegyeket \u00e9s egy\u00e9b anyagokat (&#8222;Tartalom&#8221;), szerz\u0151i jogokkal, v\u00e9djegyekkel \u00e9s egy\u00e9b tulajdonjogokkal van v\u00e9dve. Ez a Tartalom vagy a Herb-Pharma \u00e1ltal birtokolt vagy ellen\u0151rz\u00f6tt, vagy a Herb-Pharma \u00e1ltal harmadik felek \u00e1ltal licencelt. \u00d6n beleegyezik, hogy tiszteletben tartja az \u00f6sszes alkalmazand\u00f3 szerz\u0151i jogi t\u00f6rv\u00e9nyt \u00e9s az esetlegesen a weboldalon szerepl\u0151 tov\u00e1bbi szerz\u0151i jogi figyelmeztet\u00e9seket vagy korl\u00e1toz\u00e1sokat.<\/p>\n\n\n\n<p>V\u00e9djegyek haszn\u00e1lata: Herb-Pharma v\u00e9djegyeinek vagy kereskedelmi neveinek semmilyen haszn\u00e1lat\u00e1ra nem jogosult el\u0151zetes \u00edr\u00e1sbeli beleegyez\u00e9s n\u00e9lk\u00fcl. Tudom\u00e1sul veszi, hogy nincsenek tulajdoni jogai ezekhez a nevekhez \u00e9s m\u00e1rk\u00e1khoz.<\/p>\n\n\n\n<p>Nem jogosulatlan haszn\u00e1lat \u00e9rtes\u00edt\u00e9se: Ha tudom\u00e1st szerez b\u00e1rmilyen jogosulatlan hozz\u00e1f\u00e9r\u00e9sr\u0151l vagy haszn\u00e1latr\u00f3l a weboldalon, vagy b\u00e1rmely \u00e1ll\u00edt\u00e1sr\u00f3l, hogy a weboldal vagy tartalma megs\u00e9rti b\u00e1rmely f\u00e9l jogait, ide\u00e9rtve a szerz\u0151i jogokat, v\u00e9djegyeket vagy egy\u00e9b szerz\u0151d\u00e9ses, t\u00f6rv\u00e9nyes vagy k\u00f6zjogi jogokat, \u00d6n beleegyezik, hogy azonnal \u00e9rtes\u00edti err\u0151l \u00edr\u00e1sban a Herb-Pharma-t.<\/p>\n\n\n\n<p>Aggodalmak vagy panaszok: Ha b\u00e1rmilyen aggodalma vagy panasza van a Herb-Pharma term\u00e9keivel vagy azok alkalmaz\u00e1s\u00e1val kapcsolatban, vagy technikai k\u00e9rd\u00e9sei vannak a weboldallal kapcsolatban, k\u00e9rj\u00fck, l\u00e9pjen kapcsolatba vel\u00fcnk a <a>home@herb-pharma.com<\/a> e-mail c\u00edmen.<\/p>\n\n\n\n<p>Felel\u0151ss\u00e9g kiz\u00e1r\u00e1sa: B\u00e1r t\u00f6reksz\u00fcnk arra, hogy pontos \u00e9s naprak\u00e9sz inform\u00e1ci\u00f3kat ny\u00fajtsunk weboldalunkon, nem tesz\u00fcnk semmilyen kijelent\u00e9st vagy garanci\u00e1t semmilyen t\u00edpus\u00fa, kifejezett vagy hallgat\u00f3lagos, az oldal teljess\u00e9g\u00e9re, pontoss\u00e1g\u00e1ra, megb\u00edzhat\u00f3s\u00e1g\u00e1ra, alkalmas\u00e1gra vagy el\u00e9rhet\u0151s\u00e9g\u00e9re vonatkoz\u00f3an, a weboldalon szerepl\u0151 inform\u00e1ci\u00f3k, term\u00e9kek, szolg\u00e1ltat\u00e1sok vagy a weboldalon tal\u00e1lhat\u00f3 kapcsol\u00f3d\u00f3 grafik\u00e1k tekintet\u00e9ben b\u00e1rmilyen c\u00e9lra. B\u00e1rmilyen inform\u00e1ci\u00f3ra val\u00f3 t\u00e1maszkod\u00e1s ez\u00e9rt kiz\u00e1r\u00f3lag saj\u00e1t felel\u0151ss\u00e9g\u00e9re t\u00f6rt\u00e9nik.<\/p>\n\n\n\n<p>Linkek harmadik f\u00e9l weboldalaira: Weboldalunk tartalmazhat linkeket harmadik f\u00e9l weboldalaira k\u00e9nyelmi c\u00e9lb\u00f3l. Ezek a linkek nem jelentik azt, hogy j\u00f3v\u00e1hagyjuk ezeket a weboldalakat. Nem v\u00e1llalunk felel\u0151ss\u00e9get ezeknek az \u00f6sszekapcsolt weboldalaknak a tartalm\u00e1\u00e9rt.<\/p>\n\n\n\n<p>A felhaszn\u00e1l\u00e1si felt\u00e9telek m\u00f3dos\u00edt\u00e1sa: A Herb-Pharma fenntartja mag\u00e1nak a jogot a jelen felt\u00e9telek b\u00e1rmikor t\u00f6rt\u00e9n\u0151 m\u00f3dos\u00edt\u00e1s\u00e1ra. Az ilyen v\u00e1ltoz\u00e1sok azonnal hat\u00e1lyba l\u00e9pnek a weboldalon t\u00f6rt\u00e9n\u0151 k\u00f6zz\u00e9t\u00e9tel ut\u00e1n. A weboldalunk tov\u00e1bbi haszn\u00e1lata az ilyen v\u00e1ltoz\u00e1sok k\u00f6zz\u00e9t\u00e9tel\u00e9t k\u00f6vet\u0151en a m\u00f3dos\u00edtott felhaszn\u00e1l\u00e1si felt\u00e9telek elfogad\u00e1s\u00e1nak min\u0151s\u00fcl.<\/p>\n\n\n\n<p>Az ir\u00e1nyad\u00f3 jog: Ezeket a felt\u00e9teleket \u00e9s szab\u00e1lyokat [Az \u00f6n joghat\u00f3s\u00e1ga] jogai szerint kell \u00e9rtelmezni \u00e9s alkalmazni, \u00e9s az e felt\u00e9telekkel \u00e9s szab\u00e1lyokkal kapcsolatos valamennyi vita kiz\u00e1r\u00f3lagosan az [Az \u00f6n joghat\u00f3s\u00e1ga] b\u00edr\u00f3s\u00e1gai el\u0151tt van al\u00e1vetve.<\/p>\n\n\n\n<p>A weboldalunk haszn\u00e1lat\u00e1val elfogadja ezeket a felt\u00e9teleket \u00e9s szab\u00e1lyokat. Ha nem \u00e9rt egyet ezeknek a felt\u00e9teleknek \u00e9s szab\u00e1lyoknak b\u00e1rmely r\u00e9sz\u00e9vel, k\u00e9rj\u00fck, ne haszn\u00e1lja weboldalunkat.<\/p>\n","protected":false},"excerpt":{"rendered":"<p>Jogi nyilatkozat \u00dcdv\u00f6z\u00f6lj\u00fck a Herb-Pharma weboldal\u00e1n! A weboldalunkhoz val\u00f3 hozz\u00e1f\u00e9r\u00e9s \u00e9s haszn\u00e1lat\u00e1val elfogadja az al\u00e1bbi felt\u00e9telek betart\u00e1s\u00e1t: Tartalom tulajdonjoga: A weboldal tartalma, ide\u00e9rtve a sz\u00f6vegeket, szoftvereket, k\u00e9peket, vide\u00f3kat, zen\u00e9ket, log\u00f3kat, v\u00e9djegyeket \u00e9s egy\u00e9b anyagokat (&#8222;Tartalom&#8221;), szerz\u0151i jogokkal, v\u00e9djegyekkel \u00e9s egy\u00e9b tulajdonjogokkal van v\u00e9dve. Ez a Tartalom vagy a Herb-Pharma \u00e1ltal birtokolt vagy ellen\u0151rz\u00f6tt, vagy a &hellip; <a href=\"https:\/\/www.fytofontana.com\/hu\/aszf\/\">Continued<\/a><\/p>\n","protected":false},"author":1,"featured_media":0,"parent":0,"menu_order":0,"comment_status":"closed","ping_status":"closed","template":"","meta":{"footnotes":""},"class_list":["post-756","page","type-page","status-publish","hentry"],"yoast_head":"<title>Felhaszn\u00e1l\u00e1si felt\u00e9telek - Fytofontana<\/title>\n<meta name=\"robots\" content=\"index, follow, max-snippet:-1, max-image-preview:large, max-video-preview:-1\" \/>\n<link rel=\"canonical\" href=\"https:\/\/www.fytofontana.com\/hu\/aszf\/\" \/>\n<meta property=\"og:locale\" content=\"hu_HU\" \/>\n<meta property=\"og:type\" content=\"article\" \/>\n<meta property=\"og:title\" content=\"Felhaszn\u00e1l\u00e1si felt\u00e9telek - Fytofontana\" \/>\n<meta property=\"og:description\" content=\"Jogi nyilatkozat \u00dcdv\u00f6z\u00f6lj\u00fck a Herb-Pharma weboldal\u00e1n! A weboldalunkhoz val\u00f3 hozz\u00e1f\u00e9r\u00e9s \u00e9s haszn\u00e1lat\u00e1val elfogadja az al\u00e1bbi felt\u00e9telek betart\u00e1s\u00e1t: Tartalom tulajdonjoga: A weboldal tartalma, ide\u00e9rtve a sz\u00f6vegeket, szoftvereket, k\u00e9peket, vide\u00f3kat, zen\u00e9ket, log\u00f3kat, v\u00e9djegyeket \u00e9s egy\u00e9b anyagokat (&#8222;Tartalom&#8221;), szerz\u0151i jogokkal, v\u00e9djegyekkel \u00e9s egy\u00e9b tulajdonjogokkal van v\u00e9dve. Ez a Tartalom vagy a Herb-Pharma \u00e1ltal birtokolt vagy ellen\u0151rz\u00f6tt, vagy a &hellip; Continued\" \/>\n<meta property=\"og:url\" content=\"https:\/\/www.fytofontana.com\/hu\/aszf\/\" \/>\n<meta property=\"og:site_name\" content=\"Fytofontana\" \/>\n<meta property=\"article:modified_time\" content=\"2024-02-19T18:04:35+00:00\" \/>\n<meta property=\"og:image\" content=\"https:\/\/www.fytofontana.com\/wp-content\/uploads\/2021\/01\/FB-Share.jpg\" \/>\n\t<meta property=\"og:image:width\" content=\"2400\" \/>\n\t<meta property=\"og:image:height\" content=\"1260\" \/>\n\t<meta property=\"og:image:type\" content=\"image\/jpeg\" \/>\n<meta name=\"twitter:card\" content=\"summary_large_image\" \/>\n<meta name=\"twitter:label1\" content=\"Becs\u00fclt olvas\u00e1si id\u0151\" \/>\n\t<meta name=\"twitter:data1\" content=\"2 perc\" \/>\n<script type=\"application\/ld+json\" class=\"yoast-schema-graph\">{\"@context\":\"https:\\\/\\\/schema.org\",\"@graph\":[{\"@type\":\"WebPage\",\"@id\":\"https:\\\/\\\/www.fytofontana.com\\\/hu\\\/aszf\\\/\",\"url\":\"https:\\\/\\\/www.fytofontana.com\\\/hu\\\/aszf\\\/\",\"name\":\"Felhaszn\u00e1l\u00e1si felt\u00e9telek - Fytofontana\",\"isPartOf\":{\"@id\":\"https:\\\/\\\/www.fytofontana.com\\\/#website\"},\"datePublished\":\"2021-01-25T08:56:28+00:00\",\"dateModified\":\"2024-02-19T18:04:35+00:00\",\"breadcrumb\":{\"@id\":\"https:\\\/\\\/www.fytofontana.com\\\/hu\\\/aszf\\\/#breadcrumb\"},\"inLanguage\":\"hu\",\"potentialAction\":[{\"@type\":\"ReadAction\",\"target\":[\"https:\\\/\\\/www.fytofontana.com\\\/hu\\\/aszf\\\/\"]}]},{\"@type\":\"BreadcrumbList\",\"@id\":\"https:\\\/\\\/www.fytofontana.com\\\/hu\\\/aszf\\\/#breadcrumb\",\"itemListElement\":[{\"@type\":\"ListItem\",\"position\":1,\"name\":\"Home\",\"item\":\"https:\\\/\\\/www.fytofontana.com\\\/hu\\\/\"},{\"@type\":\"ListItem\",\"position\":2,\"name\":\"Felhaszn\u00e1l\u00e1si felt\u00e9telek\"}]},{\"@type\":\"WebSite\",\"@id\":\"https:\\\/\\\/www.fytofontana.com\\\/#website\",\"url\":\"https:\\\/\\\/www.fytofontana.com\\\/\",\"name\":\"Fytofontana\",\"description\":\"\",\"publisher\":{\"@id\":\"https:\\\/\\\/www.fytofontana.com\\\/#organization\"},\"potentialAction\":[{\"@type\":\"SearchAction\",\"target\":{\"@type\":\"EntryPoint\",\"urlTemplate\":\"https:\\\/\\\/www.fytofontana.com\\\/?s={search_term_string}\"},\"query-input\":{\"@type\":\"PropertyValueSpecification\",\"valueRequired\":true,\"valueName\":\"search_term_string\"}}],\"inLanguage\":\"hu\"},{\"@type\":\"Organization\",\"@id\":\"https:\\\/\\\/www.fytofontana.com\\\/#organization\",\"name\":\"Fytofontana\",\"url\":\"https:\\\/\\\/www.fytofontana.com\\\/\",\"logo\":{\"@type\":\"ImageObject\",\"inLanguage\":\"hu\",\"@id\":\"https:\\\/\\\/www.fytofontana.com\\\/#\\\/schema\\\/logo\\\/image\\\/\",\"url\":\"https:\\\/\\\/www.fytofontana.com\\\/wp-content\\\/uploads\\\/2021\\\/01\\\/fyto.png\",\"contentUrl\":\"https:\\\/\\\/www.fytofontana.com\\\/wp-content\\\/uploads\\\/2021\\\/01\\\/fyto.png\",\"width\":817,\"height\":79,\"caption\":\"Fytofontana\"},\"image\":{\"@id\":\"https:\\\/\\\/www.fytofontana.com\\\/#\\\/schema\\\/logo\\\/image\\\/\"}}]}<\/script>","yoast_head_json":{"title":"Felhaszn\u00e1l\u00e1si felt\u00e9telek - Fytofontana","robots":{"index":"index","follow":"follow","max-snippet":"max-snippet:-1","max-image-preview":"max-image-preview:large","max-video-preview":"max-video-preview:-1"},"canonical":"https:\/\/www.fytofontana.com\/hu\/aszf\/","og_locale":"hu_HU","og_type":"article","og_title":"Felhaszn\u00e1l\u00e1si felt\u00e9telek - Fytofontana","og_description":"Jogi nyilatkozat \u00dcdv\u00f6z\u00f6lj\u00fck a Herb-Pharma weboldal\u00e1n! A weboldalunkhoz val\u00f3 hozz\u00e1f\u00e9r\u00e9s \u00e9s haszn\u00e1lat\u00e1val elfogadja az al\u00e1bbi felt\u00e9telek betart\u00e1s\u00e1t: Tartalom tulajdonjoga: A weboldal tartalma, ide\u00e9rtve a sz\u00f6vegeket, szoftvereket, k\u00e9peket, vide\u00f3kat, zen\u00e9ket, log\u00f3kat, v\u00e9djegyeket \u00e9s egy\u00e9b anyagokat (&#8222;Tartalom&#8221;), szerz\u0151i jogokkal, v\u00e9djegyekkel \u00e9s egy\u00e9b tulajdonjogokkal van v\u00e9dve. Ez a Tartalom vagy a Herb-Pharma \u00e1ltal birtokolt vagy ellen\u0151rz\u00f6tt, vagy a &hellip; Continued","og_url":"https:\/\/www.fytofontana.com\/hu\/aszf\/","og_site_name":"Fytofontana","article_modified_time":"2024-02-19T18:04:35+00:00","og_image":[{"width":2400,"height":1260,"url":"https:\/\/www.fytofontana.com\/wp-content\/uploads\/2021\/01\/FB-Share.jpg","type":"image\/jpeg"}],"twitter_card":"summary_large_image","twitter_misc":{"Becs\u00fclt olvas\u00e1si id\u0151":"2 perc"},"schema":{"@context":"https:\/\/schema.org","@graph":[{"@type":"WebPage","@id":"https:\/\/www.fytofontana.com\/hu\/aszf\/","url":"https:\/\/www.fytofontana.com\/hu\/aszf\/","name":"Felhaszn\u00e1l\u00e1si felt\u00e9telek - Fytofontana","isPartOf":{"@id":"https:\/\/www.fytofontana.com\/#website"},"datePublished":"2021-01-25T08:56:28+00:00","dateModified":"2024-02-19T18:04:35+00:00","breadcrumb":{"@id":"https:\/\/www.fytofontana.com\/hu\/aszf\/#breadcrumb"},"inLanguage":"hu","potentialAction":[{"@type":"ReadAction","target":["https:\/\/www.fytofontana.com\/hu\/aszf\/"]}]},{"@type":"BreadcrumbList","@id":"https:\/\/www.fytofontana.com\/hu\/aszf\/#breadcrumb","itemListElement":[{"@type":"ListItem","position":1,"name":"Home","item":"https:\/\/www.fytofontana.com\/hu\/"},{"@type":"ListItem","position":2,"name":"Felhaszn\u00e1l\u00e1si felt\u00e9telek"}]},{"@type":"WebSite","@id":"https:\/\/www.fytofontana.com\/#website","url":"https:\/\/www.fytofontana.com\/","name":"Fytofontana","description":"","publisher":{"@id":"https:\/\/www.fytofontana.com\/#organization"},"potentialAction":[{"@type":"SearchAction","target":{"@type":"EntryPoint","urlTemplate":"https:\/\/www.fytofontana.com\/?s={search_term_string}"},"query-input":{"@type":"PropertyValueSpecification","valueRequired":true,"valueName":"search_term_string"}}],"inLanguage":"hu"},{"@type":"Organization","@id":"https:\/\/www.fytofontana.com\/#organization","name":"Fytofontana","url":"https:\/\/www.fytofontana.com\/","logo":{"@type":"ImageObject","inLanguage":"hu","@id":"https:\/\/www.fytofontana.com\/#\/schema\/logo\/image\/","url":"https:\/\/www.fytofontana.com\/wp-content\/uploads\/2021\/01\/fyto.png","contentUrl":"https:\/\/www.fytofontana.com\/wp-content\/uploads\/2021\/01\/fyto.png","width":817,"height":79,"caption":"Fytofontana"},"image":{"@id":"https:\/\/www.fytofontana.com\/#\/schema\/logo\/image\/"}}]}},"_links":{"self":[{"href":"https:\/\/www.fytofontana.com\/hu\/wp-json\/wp\/v2\/pages\/756","targetHints":{"allow":["GET"]}}],"collection":[{"href":"https:\/\/www.fytofontana.com\/hu\/wp-json\/wp\/v2\/pages"}],"about":[{"href":"https:\/\/www.fytofontana.com\/hu\/wp-json\/wp\/v2\/types\/page"}],"author":[{"embeddable":true,"href":"https:\/\/www.fytofontana.com\/hu\/wp-json\/wp\/v2\/users\/1"}],"replies":[{"embeddable":true,"href":"https:\/\/www.fytofontana.com\/hu\/wp-json\/wp\/v2\/comments?post=756"}],"version-history":[{"count":5,"href":"https:\/\/www.fytofontana.com\/hu\/wp-json\/wp\/v2\/pages\/756\/revisions"}],"predecessor-version":[{"id":2641,"href":"https:\/\/www.fytofontana.com\/hu\/wp-json\/wp\/v2\/pages\/756\/revisions\/2641"}],"wp:attachment":[{"href":"https:\/\/www.fytofontana.com\/hu\/wp-json\/wp\/v2\/media?parent=756"}],"curies":[{"name":"wp","href":"https:\/\/api.w.org\/{rel}","templated":true}]}}