{"id":754,"date":"2021-01-25T09:55:55","date_gmt":"2021-01-25T08:55:55","guid":{"rendered":"https:\/\/www.fytofontana.com\/hu\/?page_id=754"},"modified":"2022-05-13T08:05:01","modified_gmt":"2022-05-13T07:05:01","slug":"adatvedelmi-nyilatkozat","status":"publish","type":"page","link":"https:\/\/www.fytofontana.com\/hu\/adatvedelmi-nyilatkozat\/","title":{"rendered":"Adatv\u00e9delmi nyilatkozat"},"content":{"rendered":"\n<p>Adatv\u00e9delmi ir\u00e1nyelvek<\/p>\n\n\n\n<p>C\u00e9g\u00fcnk tiszt\u00e1ban van azzal, hogy az \u00d6n szem\u00e9lyes adatainak biztons\u00e1ga fontos.<\/p>\n\n\n\n<p>Webhely\u00fcnket szem\u00e9lyes adatainak nyilv\u00e1noss\u00e1gra hozatala n\u00e9lk\u00fcl is haszn\u00e1lhatja. Webhely\u00fcnk haszn\u00e1lat\u00e1nak felt\u00e9telek\u00e9nt nem k\u00f6telez\u0151 szem\u00e9lyes adatokat megadnia. Webhely\u00fcnk haszn\u00e1latakor az adatokat k\u00fcl\u00f6nf\u00e9le biztons\u00e1gi c\u00e9lokb\u00f3l t\u00e1rolhatjuk. Ezek az adatok magukban foglalhatj\u00e1k az internetszolg\u00e1ltat\u00f3 nev\u00e9t, a webhelyet, amelyet a webhely\u00fcnkh\u00f6z linkelt\u00e9l, azokat a webhelyeket, amelyeket a webhely\u00fcnkr\u0151l l\u00e1togat meg, \u00e9s az IP-c\u00edm\u00e9t. Ezek az adatok az \u00d6n szem\u00e9lyazonoss\u00e1g\u00e1hoz vezethetnek, de ezt nem haszn\u00e1ljuk fel. Az adatokat id\u0151r\u0151l id\u0151re felhaszn\u00e1ljuk statisztikai c\u00e9lokra, de fenntartjuk az egyes felhaszn\u00e1l\u00f3k n\u00e9vtelens\u00e9g\u00e9t, hogy az illet\u0151 ne legyen azonos\u00edthat\u00f3. Abban az esetben, ha a szem\u00e9lyes adatokat m\u00e1soknak adjuk \u00e1t \u00d6nnek az \u00d6n \u00e1ltal k\u00e9rt term\u00e9kek vagy szolg\u00e1ltat\u00e1sok ny\u00fajt\u00e1sa c\u00e9lj\u00e1b\u00f3l, vagy az \u00d6n \u00e1ltal enged\u00e9lyezett m\u00e1s c\u00e9lokra, technikai \u00e9s szervez\u00e9si eszk\u00f6z\u00f6kre t\u00e1maszkodunk annak biztos\u00edt\u00e1s\u00e1ra, hogy az alkalmazand\u00f3 adatbiztons\u00e1gi szab\u00e1lyokat betarts\u00e1k.<\/p>\n\n\n\n<p>Szem\u00e9lyes adatokat csak akkor gy\u0171jt\u00fcnk, ha \u00d6n megadja nek\u00fcnk, regisztr\u00e1ci\u00f3, \u0171rlapok vagy e-mailek kit\u00f6lt\u00e9se \u00e9s hasonl\u00f3 helyzetek \u00fatj\u00e1n, amelyekben \u00d6n az inform\u00e1ci\u00f3 megad\u00e1s\u00e1t v\u00e1lasztotta.<\/p>\n\n\n\n<p>Az adatb\u00e1zis \u00e9s annak tartalma c\u00e9g\u00fcnkn\u00e9l marad, \u00e9s a nev\u00fcnkben elj\u00e1r\u00f3 \u00e9s a sz\u00e1munkra felel\u0151s adatfeldolgoz\u00f3kn\u00e1l vagy szerverekn\u00e9l marad. Szem\u00e9lyes adatait sem mi, sem \u00fcgyn\u00f6keink semmilyen form\u00e1ban nem tov\u00e1bb\u00edtj\u00e1k harmadik felek \u00e1ltali felhaszn\u00e1l\u00e1sra, hacsak nem kaptuk meg az \u00d6n beleegyez\u00e9s\u00e9t, vagy t\u00f6rv\u00e9nyileg erre k\u00f6telezz\u00fck.<\/p>\n\n\n\n<p>\u00d6nnek joga van b\u00e1rmikor k\u00e9rni az inform\u00e1ci\u00f3k m\u00e1solat\u00e1t. \u00d6nnek joga van fel\u00fclvizsg\u00e1lni \u00e9s m\u00f3dos\u00edtani a rendszer\u00fcnkben t\u00e1rolt szem\u00e9lyes adatait, ha \u00fagy gondolja, hogy azok elavultak vagy helytelenek. Csak k\u00fcldj\u00f6n egy e-mailt az al\u00e1bbi c\u00edmen megadott c\u00edmre:<\/p>\n\n\n\n<p><a href=\"mailto:home@herb-pharma.com\">home@herb-pharma.com<\/a><\/p>\n\n\n\n<p>\u00d6nnek b\u00e1rmikor jog\u00e1ban \u00e1ll visszavonni beleegyez\u00e9s\u00e9t szem\u00e9lyes adatainak j\u00f6v\u0151beni felhaszn\u00e1l\u00e1s\u00e1hoz. Ism\u00e9t csak k\u00fcldj\u00f6n e-mailt a megadott c\u00edmre:<\/p>\n\n\n\n<p>home@herb-pharma.com<\/p>\n\n\n\n<p>Web elemz\u00e9s<\/p>\n\n\n\n<p>Webhely\u00fcnk a Google Analytics, a Google Inc. webanal\u00edzis szolg\u00e1ltat\u00e1s\u00e1t haszn\u00e1lja.<\/p>\n\n\n\n<p>Az \u00d6n el\u0151zetes beleegyez\u00e9se alapj\u00e1n a Google elemzi a mi nev\u00fcnkben a weboldalunk haszn\u00e1lat\u00e1t. A webhely\u00fcnk haszn\u00e1lat\u00e1val kapcsolatban a Google \u00e1ltal gy\u0171jt\u00f6tt inform\u00e1ci\u00f3kat (pl. A hivatkoz\u00f3 URL-t, melyik weboldalunkat l\u00e1togatja meg, a b\u00f6ng\u00e9sz\u0151 t\u00edpus\u00e1t, a nyelvi be\u00e1ll\u00edt\u00e1sokat, az oper\u00e1ci\u00f3s rendszert, a k\u00e9perny\u0151 felbont\u00e1s\u00e1t) tov\u00e1bb\u00edtjuk a Google szerver\u00e9re az Egyes\u00fclt \u00c1llamokban, ahol t\u00e1rolni \u00e9s elemezni fogj\u00e1k; a megfelel\u0151 eredm\u00e9nyeket ezut\u00e1n n\u00e9vtelen form\u00e1ban bocs\u00e1tj\u00e1k rendelkez\u00e9s\u00fcnkre. Ebben a folyamatban a felhaszn\u00e1l\u00f3i adatok nem lesznek \u00f6sszekapcsolva a teljes IP-c\u00edmmel.<\/p>\n\n\n\n<p>Visszavonhatja a webanal\u00edzis haszn\u00e1lat\u00e1hoz val\u00f3 hozz\u00e1j\u00e1rul\u00e1s\u00e1t a Google \u00e1ltal k\u00edn\u00e1lt b\u00f6ng\u00e9sz\u0151 be\u00e9p\u00fcl\u0151 modul let\u00f6lt\u00e9s\u00e9vel \u00e9s telep\u00edt\u00e9s\u00e9vel. A Google Analytics szolg\u00e1ltat\u00e1ssal kapcsolatos tov\u00e1bbi inform\u00e1ci\u00f3k\u00e9rt olvassa el a Google Analytics \u00c1ltal\u00e1nos Szerz\u0151d\u00e9si Felt\u00e9teleit, a Google Analytics biztons\u00e1gi \u00e9s adatv\u00e9delmi elveit, valamint a Google adatv\u00e9delmi ir\u00e1nyelveit.<\/p>\n\n\n\n<p><a href=\"mailto:home@herb-pharma.com\"><\/a>Email: <a href=\"mailto:home@herb-pharma.com\">home@herb-pharma.com<\/a><\/p>\n\n\n\n<p><\/p>\n\n\n\n<p><\/p>\n","protected":false},"excerpt":{"rendered":"<p>Adatv\u00e9delmi ir\u00e1nyelvek C\u00e9g\u00fcnk tiszt\u00e1ban van azzal, hogy az \u00d6n szem\u00e9lyes adatainak biztons\u00e1ga fontos. Webhely\u00fcnket szem\u00e9lyes adatainak nyilv\u00e1noss\u00e1gra hozatala n\u00e9lk\u00fcl is haszn\u00e1lhatja. Webhely\u00fcnk haszn\u00e1lat\u00e1nak felt\u00e9telek\u00e9nt nem k\u00f6telez\u0151 szem\u00e9lyes adatokat megadnia. Webhely\u00fcnk haszn\u00e1latakor az adatokat k\u00fcl\u00f6nf\u00e9le biztons\u00e1gi c\u00e9lokb\u00f3l t\u00e1rolhatjuk. Ezek az adatok magukban foglalhatj\u00e1k az internetszolg\u00e1ltat\u00f3 nev\u00e9t, a webhelyet, amelyet a webhely\u00fcnkh\u00f6z linkelt\u00e9l, azokat a webhelyeket, amelyeket &hellip; <a href=\"https:\/\/www.fytofontana.com\/hu\/adatvedelmi-nyilatkozat\/\">Continued<\/a><\/p>\n","protected":false},"author":1,"featured_media":0,"parent":0,"menu_order":0,"comment_status":"closed","ping_status":"open","template":"","meta":{"footnotes":""},"class_list":["post-754","page","type-page","status-publish","hentry"],"yoast_head":"<title>Adatv\u00e9delmi nyilatkozat - Fytofontana<\/title>\n<meta name=\"robots\" content=\"index, follow, max-snippet:-1, max-image-preview:large, max-video-preview:-1\" \/>\n<link rel=\"canonical\" href=\"https:\/\/www.fytofontana.com\/hu\/adatvedelmi-nyilatkozat\/\" \/>\n<meta property=\"og:locale\" content=\"hu_HU\" \/>\n<meta property=\"og:type\" content=\"article\" \/>\n<meta property=\"og:title\" content=\"Adatv\u00e9delmi nyilatkozat - Fytofontana\" \/>\n<meta property=\"og:description\" content=\"Adatv\u00e9delmi ir\u00e1nyelvek C\u00e9g\u00fcnk tiszt\u00e1ban van azzal, hogy az \u00d6n szem\u00e9lyes adatainak biztons\u00e1ga fontos. Webhely\u00fcnket szem\u00e9lyes adatainak nyilv\u00e1noss\u00e1gra hozatala n\u00e9lk\u00fcl is haszn\u00e1lhatja. Webhely\u00fcnk haszn\u00e1lat\u00e1nak felt\u00e9telek\u00e9nt nem k\u00f6telez\u0151 szem\u00e9lyes adatokat megadnia. Webhely\u00fcnk haszn\u00e1latakor az adatokat k\u00fcl\u00f6nf\u00e9le biztons\u00e1gi c\u00e9lokb\u00f3l t\u00e1rolhatjuk. Ezek az adatok magukban foglalhatj\u00e1k az internetszolg\u00e1ltat\u00f3 nev\u00e9t, a webhelyet, amelyet a webhely\u00fcnkh\u00f6z linkelt\u00e9l, azokat a webhelyeket, amelyeket &hellip; Continued\" \/>\n<meta property=\"og:url\" content=\"https:\/\/www.fytofontana.com\/hu\/adatvedelmi-nyilatkozat\/\" \/>\n<meta property=\"og:site_name\" content=\"Fytofontana\" \/>\n<meta property=\"article:modified_time\" content=\"2022-05-13T07:05:01+00:00\" \/>\n<meta property=\"og:image\" content=\"https:\/\/www.fytofontana.com\/wp-content\/uploads\/2021\/01\/FB-Share.jpg\" \/>\n\t<meta property=\"og:image:width\" content=\"2400\" \/>\n\t<meta property=\"og:image:height\" content=\"1260\" \/>\n\t<meta property=\"og:image:type\" content=\"image\/jpeg\" \/>\n<meta name=\"twitter:card\" content=\"summary_large_image\" \/>\n<meta name=\"twitter:label1\" content=\"Becs\u00fclt olvas\u00e1si id\u0151\" \/>\n\t<meta name=\"twitter:data1\" content=\"2 perc\" \/>\n<script type=\"application\/ld+json\" class=\"yoast-schema-graph\">{\"@context\":\"https:\\\/\\\/schema.org\",\"@graph\":[{\"@type\":\"WebPage\",\"@id\":\"https:\\\/\\\/www.fytofontana.com\\\/hu\\\/adatvedelmi-nyilatkozat\\\/\",\"url\":\"https:\\\/\\\/www.fytofontana.com\\\/hu\\\/adatvedelmi-nyilatkozat\\\/\",\"name\":\"Adatv\u00e9delmi nyilatkozat - Fytofontana\",\"isPartOf\":{\"@id\":\"https:\\\/\\\/www.fytofontana.com\\\/#website\"},\"datePublished\":\"2021-01-25T08:55:55+00:00\",\"dateModified\":\"2022-05-13T07:05:01+00:00\",\"breadcrumb\":{\"@id\":\"https:\\\/\\\/www.fytofontana.com\\\/hu\\\/adatvedelmi-nyilatkozat\\\/#breadcrumb\"},\"inLanguage\":\"hu\",\"potentialAction\":[{\"@type\":\"ReadAction\",\"target\":[\"https:\\\/\\\/www.fytofontana.com\\\/hu\\\/adatvedelmi-nyilatkozat\\\/\"]}]},{\"@type\":\"BreadcrumbList\",\"@id\":\"https:\\\/\\\/www.fytofontana.com\\\/hu\\\/adatvedelmi-nyilatkozat\\\/#breadcrumb\",\"itemListElement\":[{\"@type\":\"ListItem\",\"position\":1,\"name\":\"Home\",\"item\":\"https:\\\/\\\/www.fytofontana.com\\\/hu\\\/\"},{\"@type\":\"ListItem\",\"position\":2,\"name\":\"Adatv\u00e9delmi nyilatkozat\"}]},{\"@type\":\"WebSite\",\"@id\":\"https:\\\/\\\/www.fytofontana.com\\\/#website\",\"url\":\"https:\\\/\\\/www.fytofontana.com\\\/\",\"name\":\"Fytofontana\",\"description\":\"\",\"publisher\":{\"@id\":\"https:\\\/\\\/www.fytofontana.com\\\/#organization\"},\"potentialAction\":[{\"@type\":\"SearchAction\",\"target\":{\"@type\":\"EntryPoint\",\"urlTemplate\":\"https:\\\/\\\/www.fytofontana.com\\\/?s={search_term_string}\"},\"query-input\":{\"@type\":\"PropertyValueSpecification\",\"valueRequired\":true,\"valueName\":\"search_term_string\"}}],\"inLanguage\":\"hu\"},{\"@type\":\"Organization\",\"@id\":\"https:\\\/\\\/www.fytofontana.com\\\/#organization\",\"name\":\"Fytofontana\",\"url\":\"https:\\\/\\\/www.fytofontana.com\\\/\",\"logo\":{\"@type\":\"ImageObject\",\"inLanguage\":\"hu\",\"@id\":\"https:\\\/\\\/www.fytofontana.com\\\/#\\\/schema\\\/logo\\\/image\\\/\",\"url\":\"https:\\\/\\\/www.fytofontana.com\\\/wp-content\\\/uploads\\\/2021\\\/01\\\/fyto.png\",\"contentUrl\":\"https:\\\/\\\/www.fytofontana.com\\\/wp-content\\\/uploads\\\/2021\\\/01\\\/fyto.png\",\"width\":817,\"height\":79,\"caption\":\"Fytofontana\"},\"image\":{\"@id\":\"https:\\\/\\\/www.fytofontana.com\\\/#\\\/schema\\\/logo\\\/image\\\/\"}}]}<\/script>","yoast_head_json":{"title":"Adatv\u00e9delmi nyilatkozat - Fytofontana","robots":{"index":"index","follow":"follow","max-snippet":"max-snippet:-1","max-image-preview":"max-image-preview:large","max-video-preview":"max-video-preview:-1"},"canonical":"https:\/\/www.fytofontana.com\/hu\/adatvedelmi-nyilatkozat\/","og_locale":"hu_HU","og_type":"article","og_title":"Adatv\u00e9delmi nyilatkozat - Fytofontana","og_description":"Adatv\u00e9delmi ir\u00e1nyelvek C\u00e9g\u00fcnk tiszt\u00e1ban van azzal, hogy az \u00d6n szem\u00e9lyes adatainak biztons\u00e1ga fontos. Webhely\u00fcnket szem\u00e9lyes adatainak nyilv\u00e1noss\u00e1gra hozatala n\u00e9lk\u00fcl is haszn\u00e1lhatja. Webhely\u00fcnk haszn\u00e1lat\u00e1nak felt\u00e9telek\u00e9nt nem k\u00f6telez\u0151 szem\u00e9lyes adatokat megadnia. Webhely\u00fcnk haszn\u00e1latakor az adatokat k\u00fcl\u00f6nf\u00e9le biztons\u00e1gi c\u00e9lokb\u00f3l t\u00e1rolhatjuk. Ezek az adatok magukban foglalhatj\u00e1k az internetszolg\u00e1ltat\u00f3 nev\u00e9t, a webhelyet, amelyet a webhely\u00fcnkh\u00f6z linkelt\u00e9l, azokat a webhelyeket, amelyeket &hellip; Continued","og_url":"https:\/\/www.fytofontana.com\/hu\/adatvedelmi-nyilatkozat\/","og_site_name":"Fytofontana","article_modified_time":"2022-05-13T07:05:01+00:00","og_image":[{"width":2400,"height":1260,"url":"https:\/\/www.fytofontana.com\/wp-content\/uploads\/2021\/01\/FB-Share.jpg","type":"image\/jpeg"}],"twitter_card":"summary_large_image","twitter_misc":{"Becs\u00fclt olvas\u00e1si id\u0151":"2 perc"},"schema":{"@context":"https:\/\/schema.org","@graph":[{"@type":"WebPage","@id":"https:\/\/www.fytofontana.com\/hu\/adatvedelmi-nyilatkozat\/","url":"https:\/\/www.fytofontana.com\/hu\/adatvedelmi-nyilatkozat\/","name":"Adatv\u00e9delmi nyilatkozat - Fytofontana","isPartOf":{"@id":"https:\/\/www.fytofontana.com\/#website"},"datePublished":"2021-01-25T08:55:55+00:00","dateModified":"2022-05-13T07:05:01+00:00","breadcrumb":{"@id":"https:\/\/www.fytofontana.com\/hu\/adatvedelmi-nyilatkozat\/#breadcrumb"},"inLanguage":"hu","potentialAction":[{"@type":"ReadAction","target":["https:\/\/www.fytofontana.com\/hu\/adatvedelmi-nyilatkozat\/"]}]},{"@type":"BreadcrumbList","@id":"https:\/\/www.fytofontana.com\/hu\/adatvedelmi-nyilatkozat\/#breadcrumb","itemListElement":[{"@type":"ListItem","position":1,"name":"Home","item":"https:\/\/www.fytofontana.com\/hu\/"},{"@type":"ListItem","position":2,"name":"Adatv\u00e9delmi nyilatkozat"}]},{"@type":"WebSite","@id":"https:\/\/www.fytofontana.com\/#website","url":"https:\/\/www.fytofontana.com\/","name":"Fytofontana","description":"","publisher":{"@id":"https:\/\/www.fytofontana.com\/#organization"},"potentialAction":[{"@type":"SearchAction","target":{"@type":"EntryPoint","urlTemplate":"https:\/\/www.fytofontana.com\/?s={search_term_string}"},"query-input":{"@type":"PropertyValueSpecification","valueRequired":true,"valueName":"search_term_string"}}],"inLanguage":"hu"},{"@type":"Organization","@id":"https:\/\/www.fytofontana.com\/#organization","name":"Fytofontana","url":"https:\/\/www.fytofontana.com\/","logo":{"@type":"ImageObject","inLanguage":"hu","@id":"https:\/\/www.fytofontana.com\/#\/schema\/logo\/image\/","url":"https:\/\/www.fytofontana.com\/wp-content\/uploads\/2021\/01\/fyto.png","contentUrl":"https:\/\/www.fytofontana.com\/wp-content\/uploads\/2021\/01\/fyto.png","width":817,"height":79,"caption":"Fytofontana"},"image":{"@id":"https:\/\/www.fytofontana.com\/#\/schema\/logo\/image\/"}}]}},"_links":{"self":[{"href":"https:\/\/www.fytofontana.com\/hu\/wp-json\/wp\/v2\/pages\/754","targetHints":{"allow":["GET"]}}],"collection":[{"href":"https:\/\/www.fytofontana.com\/hu\/wp-json\/wp\/v2\/pages"}],"about":[{"href":"https:\/\/www.fytofontana.com\/hu\/wp-json\/wp\/v2\/types\/page"}],"author":[{"embeddable":true,"href":"https:\/\/www.fytofontana.com\/hu\/wp-json\/wp\/v2\/users\/1"}],"replies":[{"embeddable":true,"href":"https:\/\/www.fytofontana.com\/hu\/wp-json\/wp\/v2\/comments?post=754"}],"version-history":[{"count":10,"href":"https:\/\/www.fytofontana.com\/hu\/wp-json\/wp\/v2\/pages\/754\/revisions"}],"predecessor-version":[{"id":2223,"href":"https:\/\/www.fytofontana.com\/hu\/wp-json\/wp\/v2\/pages\/754\/revisions\/2223"}],"wp:attachment":[{"href":"https:\/\/www.fytofontana.com\/hu\/wp-json\/wp\/v2\/media?parent=754"}],"curies":[{"name":"wp","href":"https:\/\/api.w.org\/{rel}","templated":true}]}}