{"id":229,"date":"2020-12-14T09:52:59","date_gmt":"2020-12-14T08:52:59","guid":{"rendered":"https:\/\/www.fytofontana.com\/hu\/?page_id=229"},"modified":"2025-10-17T09:37:03","modified_gmt":"2025-10-17T08:37:03","slug":"rolunk","status":"publish","type":"page","link":"https:\/\/www.fytofontana.com\/hu\/rolunk\/","title":{"rendered":"R\u00f3lunk"},"content":{"rendered":"<section id=\"section-hero-block_5fd726d071a3b\" class=\"section-hero small flex items-center text-fytofontana relative\">\n\t<div  style=\"background-image: url('https:\/\/www.fytofontana.com\/wp-content\/uploads\/2020\/12\/hero-about.jpg')\"  class=\"absolute inset-0 bg-center bg-no-repeat bg-cover opacity-30 lg:opacity-100\"><\/div>\n\t<div class=\"container z-10\">\n\t\t<div class=\"row\">\n\t\t\t<div class=\"w-full lg:w-1\/2\">\n\t\t\t\t<h1 class=\"text-5xl font-extrabold leading-tight\">K\u00fcldet\u00e9s\u00fcnk<\/h1>\n\t\t\t\t<p class=\"my-12\">Legf\u0151bb t\u00f6rekv\u00e9s\u00fcnk, hogy minden term\u00e9k\u00fcnket fenntarthat\u00f3, term\u00e9szetes forr\u00e1sokb\u00f3l \u00e1ll\u00edtsuk el\u0151, a tudom\u00e1ny seg\u00edts\u00e9g\u00e9vel biztos\u00edtva a leger\u0151sebb hat\u00e1st \u00e9s eredm\u00e9nyt, amire hat\u00f3anyagaink k\u00e9pesek. A term\u00e9szetes, biotechnol\u00f3giai m\u00f3dszereken alapul\u00f3, az emberi eg\u00e9szs\u00e9get k\u00f6zpontba helyez\u0151 elk\u00e9pzel\u00e9s\u00fcnkre alapozva folyamatosan tanulunk, fedez\u00fcnk fel \u00faj \u00f6sszetev\u0151ket \u00e9s azok felhaszn\u00e1l\u00e1si m\u00f3djait. A Herb-Pharm\u00e1n\u00e1l, a Fytofontana m\u00e1rk\u00e1k tulajdonos\u00e1n\u00e1l \u00e9s gy\u00e1rt\u00f3j\u00e1n\u00e1l az innov\u00e1ci\u00f3 mindenben jelen van, \u00faj korszakot teremtve ezzel a biotechnol\u00f3giai iparban. <\/p>\n\t\t\t<\/div>\n\t\t<\/div>\n\t<\/div>\n<\/section>\n\n\n<section class=\"container py-20 lg:py-40\">\n\t<div class=\"flex flex-wrap -mx-2\">\n\t\t\t\t<div class=\"w-full lg:w-7\/12 px-2\">\n\t\t\t<img decoding=\"async\" src=\"https:\/\/www.fytofontana.com\/wp-content\/uploads\/2020\/12\/AdobeStock_301556876-2-2.jpg\" alt=\"\" class=\"mb-6 lg:mb-0\">\n\t\t<\/div>\n\t\t\t\t<div class=\"w-full lg:w-5\/12 px-2\">\n\t\t\t<h2 class=\"mb-6 text-4xl font-extrabold leading-tight\">A v\u00e1llalat<\/h2>\n\t\t\t<p>A t\u00e1rsas\u00e1g alap\u00edt\u00e1s\u00e1nak t\u00f6rt\u00e9nete a m\u00falt sz\u00e1zad 90-es \u00e9veinek elej\u00e9re vezethet\u0151 vissza. A Herb-Pharma kozmetikumok, t\u00e1pl\u00e1l\u00e9k-kieg\u00e9sz\u00edt\u0151k, orvostechnikai eszk\u00f6z\u00f6k \u00e9s eg\u00e9szs\u00e9g\u00fcgyi term\u00e9kek gy\u00e1rt\u00f3ja, amelyek az \u00fajsz\u00fcl\u00f6tt kort\u00f3l az id\u0151s koroszt\u00e1lyig mindenkihez sz\u00f3lnak.<\/p>\n<p>A Herb-Pharma saj\u00e1t fejleszt\u00e9si \u00e9s gy\u00e1rt\u00e1si r\u00e9szleget \u00fczemeltet. A nyersanyagok \u00e9s a v\u00e9gterm\u00e9kek el\u0151k\u00e9sz\u00edt\u00e9s\u00e9ben \u00e9s fejleszt\u00e9s\u00e9ben, valamint a folyamatos\u00a0\u00a0tesztel\u00e9sen \u00a0tud\u00f3sok, biol\u00f3gusok, orvosok, gy\u00f3gyszer\u00e9szek \u00e9s vegy\u00e9szek eg\u00e9sz csapata vesz r\u00e9szt. Innovat\u00edv, \u00faj kezel\u00e9si m\u00f3dok v\u00e1laszt\u00e9k\u00e1t k\u00edv\u00e1nja megteremteni \u00e9s el\u00e9rhet\u0151v\u00e9 tenni, mindezt technikai \u00e9s tudom\u00e1nyos szak\u00e9rtelmre alapozva a fenntarthat\u00f3s\u00e1g jegy\u00e9ben.<\/p>\n\t\t<\/div>\n\t\t\t<\/div>\n<\/section>\n\n\n\n<figure class=\"wp-block-video\"><video height=\"1080\" style=\"aspect-ratio: 1920 \/ 1080;\" width=\"1920\" controls poster=\"https:\/\/www.fytofontana.com\/wp-content\/uploads\/2024\/07\/Screenshot-2024-07-01-at-13.44.31.png\" src=\"https:\/\/www.fytofontana.com\/wp-content\/uploads\/2024\/07\/virostop_factory_v1.mov\"><\/video><\/figure>\n\n\n<section id=\"section-icon-grid-block_5fd7273e71a3d\"class=\"bg-fytofontana-green-100 bg-opacity-10 pt-10 lg:pt-20 pb-2 lg:pb-4\">\n\t<div class=\"container\">\n\t\t\t\t\t\t\t\t\t\t<div class=\"flex flex-wrap justify-evenly -mx-2\">\n\t\t\t\t\t\t\t<div class=\"w-full lg:w-1\/4 mb-8 lg:mb-16 px-2\">\n\t\t\t\t\t<img loading=\"lazy\" decoding=\"async\" src=\"https:\/\/www.fytofontana.com\/wp-content\/uploads\/2020\/12\/icon4-green.svg\" width=\"68\" height=\"60\" alt=\"\" class=\"object-contain h-16 mb-6\">\n\t\t\t\t\t<p>A Herb-Pharma saj\u00e1t gy\u00e1rt\u00e1si telephellyel rendelkezik \u00e9s valamennyi term\u00e9ke az EU-ban k\u00e9sz\u00fcl.<\/p>\n\t\t\t\t<\/div>\n\t\t\t\t\t\t\t\t\t\t\t\t<div class=\"w-full lg:w-1\/4 mb-8 lg:mb-16 px-2\">\n\t\t\t\t\t<img loading=\"lazy\" decoding=\"async\" src=\"https:\/\/www.fytofontana.com\/wp-content\/uploads\/2020\/12\/icon8.svg\" width=\"68\" height=\"60\" alt=\"\" class=\"object-contain h-16 mb-6\">\n\t\t\t\t\t<p>T\u00f6bb mint 10 el\u00e9rhet\u0151 m\u00e1rk\u00e1ja tal\u00e1lhat\u00f3 meg a piacon \u00e9s \u00faj term\u00e9kek bevezet\u00e9s\u00e9t tervezik 2026-ben \u00e9s 2027-ben.<\/p>\n\t\t\t\t<\/div>\n\t\t\t\t\t\t<\/div>\n\t\t\t\t\t\t\t\t\t\t\t<div class=\"flex flex-wrap justify-evenly -mx-2\">\n\t\t\t\t\t\t\t<div class=\"w-full lg:w-1\/4 mb-8 lg:mb-16 px-2\">\n\t\t\t\t\t<img loading=\"lazy\" decoding=\"async\" src=\"https:\/\/www.fytofontana.com\/wp-content\/uploads\/2020\/12\/icon7.svg\" width=\"68\" height=\"60\" alt=\"\" class=\"object-contain h-16 mb-6\">\n\t\t\t\t\t<p>A term\u00e9kek t\u00f6bb mint 25 orsz\u00e1gban vannak jelen, gy\u00f3gyszert\u00e1rak, drog\u00e9ri\u00e1k, \u00e1ruh\u00e1zak \u00e9s online \u00e1ruh\u00e1zak r\u00e9v\u00e9n.<\/p>\n\t\t\t\t<\/div>\n\t\t\t\t\t\t\t\t\t\t\t\t<div class=\"w-full lg:w-1\/4 mb-8 lg:mb-16 px-2\">\n\t\t\t\t\t<img loading=\"lazy\" decoding=\"async\" src=\"https:\/\/www.fytofontana.com\/wp-content\/uploads\/2020\/12\/icon9.svg\" width=\"68\" height=\"60\" alt=\"\" class=\"object-contain h-16 mb-6\">\n\t\t\t\t\t<p>A Herb Pharma k\u00e9sz\u00edtm\u00e9nyeket k\u00f6r\u00fclbel\u00fcl 20 000 \u00fczletben \u00e9rt\u00e9kes\u00edtik.<\/p>\n\t\t\t\t<\/div>\n\t\t\t\t\t\t<\/div>\n\t\t\t\t\t\t<\/div>\n<\/section>\n\n\n<section class=\"container py-20 lg:py-40\">\n\t<div class=\"flex flex-wrap -mx-2\">\n\t\t\t\t<div class=\"w-full lg:w-7\/12 px-2\">\n\t\t\t<img decoding=\"async\" src=\"https:\/\/www.fytofontana.com\/wp-content\/uploads\/2020\/12\/AdobeStock_295216695-2-1.png\" alt=\"\" class=\"mb-6 lg:mb-0\">\n\t\t<\/div>\n\t\t\t\t<div class=\"w-full lg:w-5\/12 px-2\">\n\t\t\t<h2 class=\"mb-6 text-4xl font-extrabold leading-tight\">Filoz\u00f3fi\u00e1nk<\/h2>\n\t\t\t<ul>\n<li>A <strong>min\u0151s\u00e9g egyik garanci\u00e1ja<\/strong>, hogy a vil\u00e1gpiacon hozz\u00e1f\u00e9rhet\u0151 legjobb min\u0151s\u00e9g\u0171 alapanyagokat haszn\u00e1ljuk,<\/li>\n<li>A\u00a0<strong>magas szint\u0171 biztons\u00e1g<\/strong> \u00e9rdek\u00e9ben, els\u0151sorban olyan alapanyagokb\u00f3l k\u00e9sz\u00fclnek term\u00e9keink, amelyek megfelelnek az ipari min\u0151s\u00e9g legmagasabb standard k\u00f6vetelm\u00e9nyeinek, klinikai tesztel\u00e9sen estek \u00e1t, \u00edgy nem okoznak semmif\u00e9le irrit\u00e1ci\u00f3t,<\/li>\n<li><strong>Term\u00e9szetes alap\u00fa term\u00e9kek<\/strong> &#8211; t\u00f6rekv\u00e9s\u00fcnk, hogy min\u00e9l t\u00f6bb, term\u00e9szetes forr\u00e1sb\u00f3l sz\u00e1rmaz\u00f3 alapanyagot haszn\u00e1ljunk,<\/li>\n<li><strong>Innov\u00e1ci\u00f3<\/strong> &#8211; az \u00faj kih\u00edv\u00e1sok megval\u00f3s\u00edt\u00e1sa \u00e9rdek\u00e9ben folyamatosan a leg\u00fajabb elj\u00e1r\u00e1sokat, alapanyagokat \u00e9s technol\u00f3gi\u00e1kat keress\u00fck,<\/li>\n<li><strong>\u00c9rt\u00e9kek \u00e9s etika<\/strong> \u2013 k\u00fcldet\u00e9s\u00fcnket \u00e9s szakmai \u00e9rt\u00e9keinket a term\u00e9keinken kereszt\u00fcl juttatjuk el fogyaszt\u00f3inkhoz.<\/li>\n<\/ul>\n\t\t<\/div>\n\t\t\t<\/div>\n<\/section>\n\n\n<section id=\"section-premium-block_5fdbb20ff6db7\" class=\"bg-fytofontana-green-100 bg-opacity-10 py-12 lg:py-24 text-center\">\n\t<div class=\"container\">\n\t\t<h2 class=\"text-xl uppercase leading-tight\">FYTOFONTANA<\/h2>\t\t<h3 class=\"text-4xl font-extrabold leading-tight\">B\u0151r\u00e1pol\u00f3 term\u00e9keink<\/h3>\t\t<div class=\"lg:w-2\/3 mx-auto my-10 text-xl leading-tight\"><p>C\u00e9g\u00fcnk t\u00f6bb \u00e9vtizedes kutat\u00e1sainak k\u00f6sz\u00f6nhet\u0151en term\u00e9keink a b\u0151r\u00e1pol\u00e1s legmagasabb kateg\u00f3ri\u00e1j\u00e1t k\u00e9pviselik.<\/p>\n<\/div>\t\t<div class=\"flex flex-wrap justify-center -mx-5 premium-elements\">\n\t\t\t\t\t\t<div class=\"w-full lg:w-1\/2 xl:w-5\/12 mb-12 lg:mb-0 px-5 xl:px-6\">\n\t\t\t\t<a href=\"https:\/\/fcosme.com\/hu\" target=\"_blank\" class=\"block h-full bg-white p-12 transform hover:scale-105 text-fytofontana\">\n\t\t\t\t\t\t\t\t\t\t<img loading=\"lazy\" decoding=\"async\" src=\"https:\/\/www.fytofontana.com\/wp-content\/uploads\/2020\/12\/logo-f1.svg\" width=\"157\" height=\"84\" alt=\"\" class=\"object-contain w-full h-24 mb-12\">\n\t\t\t\t\t\t\t\t\t\t<h4 class=\"text-xl text-fytofontana font-bold leading-tight mb-6\">Fytofontana Cosmeceuticals<\/h4>\t\t\t\t\t<p>A Fytofontana Cosmeceuticals a r\u00e1nctalan\u00edt\u00e1st \u00e9s a b\u0151r \u00f6reged\u00e9se elleni k\u00fczdelmet a leger\u0151sebb peptid\u00f6sszetev\u0151k alkalmaz\u00e1s\u00e1val \u00e9s a leg\u00fajabb tudom\u00e1nyos kutat\u00e1sokra alapozva k\u00f6zel\u00edti meg.<\/p>\n\t\t\t\t<\/a>\n\t\t\t<\/div>\n\t\t\t\t\t\t<div class=\"w-full lg:w-1\/2 xl:w-5\/12 mb-12 lg:mb-0 px-5 xl:px-6\">\n\t\t\t\t<a href=\"https:\/\/fcosme.com\/hu\" target=\"_blank\" class=\"block h-full bg-white p-12 transform hover:scale-105 text-fytofontana\">\n\t\t\t\t\t\t\t\t\t\t<img loading=\"lazy\" decoding=\"async\" src=\"https:\/\/www.fytofontana.com\/wp-content\/uploads\/2020\/12\/logo-f2.jpg\" width=\"157\" height=\"84\" alt=\"\" class=\"object-contain w-full h-24 mb-12\">\n\t\t\t\t\t\t\t\t\t\t<h4 class=\"text-xl text-fytofontana font-bold leading-tight mb-6\">\u0150ssejtes kozmetikumok<\/h4>\t\t\t\t\t<p>A Dr. Fiker \u00e1ltal alap\u00edtott biotechnol\u00f3giai \u0151ssejt-komplexum &#8211; a TrioStem3 &#8211; egyes\u00edti a b\u0151r teljes meg\u00fajul\u00e1s\u00e1hoz sz\u00fcks\u00e9ges genetikai inform\u00e1ci\u00f3kat.<\/p>\n\t\t\t\t<\/a>\n\t\t\t<\/div>\n\t\t\t\t\t<\/div>\n\t<\/div>\n<\/section>\n\n","protected":false},"excerpt":{"rendered":"","protected":false},"author":1,"featured_media":198,"parent":0,"menu_order":0,"comment_status":"closed","ping_status":"closed","template":"template-page-fytofontana.blade.php","meta":{"footnotes":""},"class_list":["post-229","page","type-page","status-publish","has-post-thumbnail","hentry"],"yoast_head":"<title>R\u00f3lunk - Fytofontana<\/title>\n<meta name=\"robots\" content=\"index, follow, max-snippet:-1, max-image-preview:large, max-video-preview:-1\" \/>\n<link rel=\"canonical\" href=\"https:\/\/www.fytofontana.com\/hu\/rolunk\/\" \/>\n<meta property=\"og:locale\" content=\"hu_HU\" \/>\n<meta property=\"og:type\" content=\"article\" \/>\n<meta property=\"og:title\" content=\"R\u00f3lunk - Fytofontana\" \/>\n<meta property=\"og:url\" content=\"https:\/\/www.fytofontana.com\/hu\/rolunk\/\" \/>\n<meta property=\"og:site_name\" content=\"Fytofontana\" \/>\n<meta property=\"article:modified_time\" content=\"2025-10-17T08:37:03+00:00\" \/>\n<meta property=\"og:image\" content=\"https:\/\/www.fytofontana.com\/wp-content\/uploads\/2020\/12\/hero-about.jpg\" \/>\n\t<meta property=\"og:image:width\" content=\"1500\" \/>\n\t<meta property=\"og:image:height\" content=\"795\" \/>\n\t<meta property=\"og:image:type\" content=\"image\/jpeg\" \/>\n<meta name=\"twitter:card\" content=\"summary_large_image\" \/>\n<script type=\"application\/ld+json\" class=\"yoast-schema-graph\">{\"@context\":\"https:\\\/\\\/schema.org\",\"@graph\":[{\"@type\":\"WebPage\",\"@id\":\"https:\\\/\\\/www.fytofontana.com\\\/hu\\\/rolunk\\\/\",\"url\":\"https:\\\/\\\/www.fytofontana.com\\\/hu\\\/rolunk\\\/\",\"name\":\"R\u00f3lunk - Fytofontana\",\"isPartOf\":{\"@id\":\"https:\\\/\\\/www.fytofontana.com\\\/#website\"},\"primaryImageOfPage\":{\"@id\":\"https:\\\/\\\/www.fytofontana.com\\\/hu\\\/rolunk\\\/#primaryimage\"},\"image\":{\"@id\":\"https:\\\/\\\/www.fytofontana.com\\\/hu\\\/rolunk\\\/#primaryimage\"},\"thumbnailUrl\":\"https:\\\/\\\/www.fytofontana.com\\\/wp-content\\\/uploads\\\/2020\\\/12\\\/hero-about.jpg\",\"datePublished\":\"2020-12-14T08:52:59+00:00\",\"dateModified\":\"2025-10-17T08:37:03+00:00\",\"breadcrumb\":{\"@id\":\"https:\\\/\\\/www.fytofontana.com\\\/hu\\\/rolunk\\\/#breadcrumb\"},\"inLanguage\":\"hu\",\"potentialAction\":[{\"@type\":\"ReadAction\",\"target\":[\"https:\\\/\\\/www.fytofontana.com\\\/hu\\\/rolunk\\\/\"]}]},{\"@type\":\"ImageObject\",\"inLanguage\":\"hu\",\"@id\":\"https:\\\/\\\/www.fytofontana.com\\\/hu\\\/rolunk\\\/#primaryimage\",\"url\":\"https:\\\/\\\/www.fytofontana.com\\\/wp-content\\\/uploads\\\/2020\\\/12\\\/hero-about.jpg\",\"contentUrl\":\"https:\\\/\\\/www.fytofontana.com\\\/wp-content\\\/uploads\\\/2020\\\/12\\\/hero-about.jpg\",\"width\":1500,\"height\":795},{\"@type\":\"BreadcrumbList\",\"@id\":\"https:\\\/\\\/www.fytofontana.com\\\/hu\\\/rolunk\\\/#breadcrumb\",\"itemListElement\":[{\"@type\":\"ListItem\",\"position\":1,\"name\":\"Home\",\"item\":\"https:\\\/\\\/www.fytofontana.com\\\/hu\\\/\"},{\"@type\":\"ListItem\",\"position\":2,\"name\":\"R\u00f3lunk\"}]},{\"@type\":\"WebSite\",\"@id\":\"https:\\\/\\\/www.fytofontana.com\\\/#website\",\"url\":\"https:\\\/\\\/www.fytofontana.com\\\/\",\"name\":\"Fytofontana\",\"description\":\"\",\"publisher\":{\"@id\":\"https:\\\/\\\/www.fytofontana.com\\\/#organization\"},\"potentialAction\":[{\"@type\":\"SearchAction\",\"target\":{\"@type\":\"EntryPoint\",\"urlTemplate\":\"https:\\\/\\\/www.fytofontana.com\\\/?s={search_term_string}\"},\"query-input\":{\"@type\":\"PropertyValueSpecification\",\"valueRequired\":true,\"valueName\":\"search_term_string\"}}],\"inLanguage\":\"hu\"},{\"@type\":\"Organization\",\"@id\":\"https:\\\/\\\/www.fytofontana.com\\\/#organization\",\"name\":\"Fytofontana\",\"url\":\"https:\\\/\\\/www.fytofontana.com\\\/\",\"logo\":{\"@type\":\"ImageObject\",\"inLanguage\":\"hu\",\"@id\":\"https:\\\/\\\/www.fytofontana.com\\\/#\\\/schema\\\/logo\\\/image\\\/\",\"url\":\"https:\\\/\\\/www.fytofontana.com\\\/wp-content\\\/uploads\\\/2021\\\/01\\\/fyto.png\",\"contentUrl\":\"https:\\\/\\\/www.fytofontana.com\\\/wp-content\\\/uploads\\\/2021\\\/01\\\/fyto.png\",\"width\":817,\"height\":79,\"caption\":\"Fytofontana\"},\"image\":{\"@id\":\"https:\\\/\\\/www.fytofontana.com\\\/#\\\/schema\\\/logo\\\/image\\\/\"}}]}<\/script>","yoast_head_json":{"title":"R\u00f3lunk - Fytofontana","robots":{"index":"index","follow":"follow","max-snippet":"max-snippet:-1","max-image-preview":"max-image-preview:large","max-video-preview":"max-video-preview:-1"},"canonical":"https:\/\/www.fytofontana.com\/hu\/rolunk\/","og_locale":"hu_HU","og_type":"article","og_title":"R\u00f3lunk - Fytofontana","og_url":"https:\/\/www.fytofontana.com\/hu\/rolunk\/","og_site_name":"Fytofontana","article_modified_time":"2025-10-17T08:37:03+00:00","og_image":[{"width":1500,"height":795,"url":"https:\/\/www.fytofontana.com\/wp-content\/uploads\/2020\/12\/hero-about.jpg","type":"image\/jpeg"}],"twitter_card":"summary_large_image","schema":{"@context":"https:\/\/schema.org","@graph":[{"@type":"WebPage","@id":"https:\/\/www.fytofontana.com\/hu\/rolunk\/","url":"https:\/\/www.fytofontana.com\/hu\/rolunk\/","name":"R\u00f3lunk - Fytofontana","isPartOf":{"@id":"https:\/\/www.fytofontana.com\/#website"},"primaryImageOfPage":{"@id":"https:\/\/www.fytofontana.com\/hu\/rolunk\/#primaryimage"},"image":{"@id":"https:\/\/www.fytofontana.com\/hu\/rolunk\/#primaryimage"},"thumbnailUrl":"https:\/\/www.fytofontana.com\/wp-content\/uploads\/2020\/12\/hero-about.jpg","datePublished":"2020-12-14T08:52:59+00:00","dateModified":"2025-10-17T08:37:03+00:00","breadcrumb":{"@id":"https:\/\/www.fytofontana.com\/hu\/rolunk\/#breadcrumb"},"inLanguage":"hu","potentialAction":[{"@type":"ReadAction","target":["https:\/\/www.fytofontana.com\/hu\/rolunk\/"]}]},{"@type":"ImageObject","inLanguage":"hu","@id":"https:\/\/www.fytofontana.com\/hu\/rolunk\/#primaryimage","url":"https:\/\/www.fytofontana.com\/wp-content\/uploads\/2020\/12\/hero-about.jpg","contentUrl":"https:\/\/www.fytofontana.com\/wp-content\/uploads\/2020\/12\/hero-about.jpg","width":1500,"height":795},{"@type":"BreadcrumbList","@id":"https:\/\/www.fytofontana.com\/hu\/rolunk\/#breadcrumb","itemListElement":[{"@type":"ListItem","position":1,"name":"Home","item":"https:\/\/www.fytofontana.com\/hu\/"},{"@type":"ListItem","position":2,"name":"R\u00f3lunk"}]},{"@type":"WebSite","@id":"https:\/\/www.fytofontana.com\/#website","url":"https:\/\/www.fytofontana.com\/","name":"Fytofontana","description":"","publisher":{"@id":"https:\/\/www.fytofontana.com\/#organization"},"potentialAction":[{"@type":"SearchAction","target":{"@type":"EntryPoint","urlTemplate":"https:\/\/www.fytofontana.com\/?s={search_term_string}"},"query-input":{"@type":"PropertyValueSpecification","valueRequired":true,"valueName":"search_term_string"}}],"inLanguage":"hu"},{"@type":"Organization","@id":"https:\/\/www.fytofontana.com\/#organization","name":"Fytofontana","url":"https:\/\/www.fytofontana.com\/","logo":{"@type":"ImageObject","inLanguage":"hu","@id":"https:\/\/www.fytofontana.com\/#\/schema\/logo\/image\/","url":"https:\/\/www.fytofontana.com\/wp-content\/uploads\/2021\/01\/fyto.png","contentUrl":"https:\/\/www.fytofontana.com\/wp-content\/uploads\/2021\/01\/fyto.png","width":817,"height":79,"caption":"Fytofontana"},"image":{"@id":"https:\/\/www.fytofontana.com\/#\/schema\/logo\/image\/"}}]}},"_links":{"self":[{"href":"https:\/\/www.fytofontana.com\/hu\/wp-json\/wp\/v2\/pages\/229","targetHints":{"allow":["GET"]}}],"collection":[{"href":"https:\/\/www.fytofontana.com\/hu\/wp-json\/wp\/v2\/pages"}],"about":[{"href":"https:\/\/www.fytofontana.com\/hu\/wp-json\/wp\/v2\/types\/page"}],"author":[{"embeddable":true,"href":"https:\/\/www.fytofontana.com\/hu\/wp-json\/wp\/v2\/users\/1"}],"replies":[{"embeddable":true,"href":"https:\/\/www.fytofontana.com\/hu\/wp-json\/wp\/v2\/comments?post=229"}],"version-history":[{"count":19,"href":"https:\/\/www.fytofontana.com\/hu\/wp-json\/wp\/v2\/pages\/229\/revisions"}],"predecessor-version":[{"id":5034,"href":"https:\/\/www.fytofontana.com\/hu\/wp-json\/wp\/v2\/pages\/229\/revisions\/5034"}],"wp:featuredmedia":[{"embeddable":true,"href":"https:\/\/www.fytofontana.com\/hu\/wp-json\/wp\/v2\/media\/198"}],"wp:attachment":[{"href":"https:\/\/www.fytofontana.com\/hu\/wp-json\/wp\/v2\/media?parent=229"}],"curies":[{"name":"wp","href":"https:\/\/api.w.org\/{rel}","templated":true}]}}