{"id":5031,"date":"2025-10-16T21:31:33","date_gmt":"2025-10-16T20:31:33","guid":{"rendered":"https:\/\/www.fytofontana.com\/?post_type=product&#038;p=5031"},"modified":"2025-11-27T22:34:30","modified_gmt":"2025-11-27T21:34:30","slug":"hemorrelax-spray","status":"publish","type":"product","link":"https:\/\/www.fytofontana.com\/de\/product\/hemorrelax-spray\/","title":{"rendered":"HEMORRELAX Rektalspray"},"content":{"rendered":"<p><strong>Phyto-biotechnologisches Hygienespray bei H\u00e4morrhoiden mit Botox-Effekt.<\/strong><\/p>\n<ul>\n<li><strong>Hemorrelax Spray mit 3-fach-Wirkung:<\/strong>\n<ul>\n<li><strong>Beruhigt, regeneriert und lindert sofort<\/strong> Schmerzen, Brennen, Juckreiz und Schwellungen.<\/li>\n<li>F\u00f6rdert die <strong>vollst\u00e4ndige Heilung<\/strong> bestehender Probleme und reduziert bei regelm\u00e4\u00dfiger Anwendung das Risiko eines Wiederauftretens von H\u00e4morrhoiden.<\/li>\n<li>Peptide mit Botulinumtoxin-Wirkung (der sogenannte <strong>Botox-Effekt<\/strong>) entspannen die krampfhafte Spannung der Haut um den Anus. Dies beschleunigt die Heilung von Schwellungen sowie Wunden und tr\u00e4gt zu einem <strong>schmerzfreien Stuhlgang<\/strong><\/li>\n<\/ul>\n<\/li>\n<li>Der feuchtigkeitsspendende Inhaltsstoff bildet zus\u00e4tzlich einen feinen Schutzfilm, der die Haut vor neuen Rissen und Wunden sch\u00fctzt.<\/li>\n<li>Es ist die ideale Erg\u00e4nzung zu den Medizinprodukten <strong>HEMORRELAX Rektalcreme und -z\u00e4pfchen<\/strong>.<\/li>\n<\/ul>\n<ul>\n<li style=\"list-style-type: none;\"><\/li>\n<\/ul>\n","protected":false},"featured_media":5000,"template":"","products":[87],"yoast_head":"<title>HEMORRELAX Rektalspray - Fytofontana<\/title>\n<meta name=\"description\" content=\"Rektalspray f\u00fcr die Hygiene bei H\u00e4morrhoiden mit Botox-Effekt. Sofortige Linderung vor und nach dem Stuhlgang: reduziert Juckreiz, Brennen und sch\u00fctzt den Analbereich vor neuen Rissen und Wunden \u2013 ideal f\u00fcr Arbeit und Reisen.\" \/>\n<meta name=\"robots\" content=\"index, follow, max-snippet:-1, max-image-preview:large, max-video-preview:-1\" \/>\n<link rel=\"canonical\" href=\"https:\/\/www.fytofontana.com\/de\/product\/hemorrelax-spray\/\" \/>\n<meta property=\"og:locale\" content=\"de_DE\" \/>\n<meta property=\"og:type\" content=\"article\" \/>\n<meta property=\"og:title\" content=\"HEMORRELAX Rektalspray - Fytofontana\" \/>\n<meta property=\"og:description\" content=\"Rektalspray f\u00fcr die Hygiene bei H\u00e4morrhoiden mit Botox-Effekt. Sofortige Linderung vor und nach dem Stuhlgang: reduziert Juckreiz, Brennen und sch\u00fctzt den Analbereich vor neuen Rissen und Wunden \u2013 ideal f\u00fcr Arbeit und Reisen.\" \/>\n<meta property=\"og:url\" content=\"https:\/\/www.fytofontana.com\/de\/product\/hemorrelax-spray\/\" \/>\n<meta property=\"og:site_name\" content=\"Fytofontana\" \/>\n<meta property=\"article:modified_time\" content=\"2025-11-27T21:34:30+00:00\" \/>\n<meta property=\"og:image\" content=\"https:\/\/www.fytofontana.com\/wp-content\/uploads\/2025\/10\/2025_09_HEMORRELAX_Rectal_spray_50ml_01_LQ_Primary.jpg\" \/>\n\t<meta property=\"og:image:width\" content=\"1000\" \/>\n\t<meta property=\"og:image:height\" content=\"1000\" \/>\n<meta name=\"twitter:card\" content=\"summary_large_image\" \/>\n<meta name=\"twitter:label1\" content=\"Gesch\u00e4tzte Lesezeit\">\n\t<meta name=\"twitter:data1\" content=\"1\u00a0Minute\">\n<script type=\"application\/ld+json\" class=\"yoast-schema-graph\">{\"@context\":\"https:\/\/schema.org\",\"@graph\":[{\"@type\":\"Organization\",\"@id\":\"https:\/\/www.fytofontana.com\/#organization\",\"name\":\"Fytofontana\",\"url\":\"https:\/\/www.fytofontana.com\/\",\"sameAs\":[],\"logo\":{\"@type\":\"ImageObject\",\"@id\":\"https:\/\/www.fytofontana.com\/#logo\",\"inLanguage\":\"de\",\"url\":\"https:\/\/www.fytofontana.com\/wp-content\/uploads\/2021\/01\/fyto.png\",\"width\":817,\"height\":79,\"caption\":\"Fytofontana\"},\"image\":{\"@id\":\"https:\/\/www.fytofontana.com\/#logo\"}},{\"@type\":\"WebSite\",\"@id\":\"https:\/\/www.fytofontana.com\/#website\",\"url\":\"https:\/\/www.fytofontana.com\/\",\"name\":\"Fytofontana\",\"description\":\"\",\"publisher\":{\"@id\":\"https:\/\/www.fytofontana.com\/#organization\"},\"potentialAction\":[{\"@type\":\"SearchAction\",\"target\":\"https:\/\/www.fytofontana.com\/?s={search_term_string}\",\"query-input\":\"required name=search_term_string\"}],\"inLanguage\":\"de\"},{\"@type\":\"ImageObject\",\"@id\":\"https:\/\/www.fytofontana.com\/de\/product\/hemorrelax-spray\/#primaryimage\",\"inLanguage\":\"de\",\"url\":\"https:\/\/www.fytofontana.com\/wp-content\/uploads\/2025\/10\/2025_09_HEMORRELAX_Rectal_spray_50ml_01_LQ_Primary.jpg\",\"width\":1000,\"height\":1000},{\"@type\":[\"WebPage\",\"ItemPage\"],\"@id\":\"https:\/\/www.fytofontana.com\/de\/product\/hemorrelax-spray\/#webpage\",\"url\":\"https:\/\/www.fytofontana.com\/de\/product\/hemorrelax-spray\/\",\"name\":\"HEMORRELAX Rektalspray - Fytofontana\",\"isPartOf\":{\"@id\":\"https:\/\/www.fytofontana.com\/#website\"},\"primaryImageOfPage\":{\"@id\":\"https:\/\/www.fytofontana.com\/de\/product\/hemorrelax-spray\/#primaryimage\"},\"datePublished\":\"2025-10-16T20:31:33+00:00\",\"dateModified\":\"2025-11-27T21:34:30+00:00\",\"description\":\"Rektalspray f\\u00fcr die Hygiene bei H\\u00e4morrhoiden mit Botox-Effekt. Sofortige Linderung vor und nach dem Stuhlgang: reduziert Juckreiz, Brennen und sch\\u00fctzt den Analbereich vor neuen Rissen und Wunden \\u2013 ideal f\\u00fcr Arbeit und Reisen.\",\"breadcrumb\":{\"@id\":\"https:\/\/www.fytofontana.com\/de\/product\/hemorrelax-spray\/#breadcrumb\"},\"inLanguage\":\"de\",\"potentialAction\":[{\"@type\":\"ReadAction\",\"target\":[\"https:\/\/www.fytofontana.com\/de\/product\/hemorrelax-spray\/\"]}]},{\"@type\":\"BreadcrumbList\",\"@id\":\"https:\/\/www.fytofontana.com\/de\/product\/hemorrelax-spray\/#breadcrumb\",\"itemListElement\":[{\"@type\":\"ListItem\",\"position\":1,\"item\":{\"@type\":\"WebPage\",\"@id\":\"https:\/\/www.fytofontana.com\/de\/\",\"url\":\"https:\/\/www.fytofontana.com\/de\/\",\"name\":\"Home\"}},{\"@type\":\"ListItem\",\"position\":2,\"item\":{\"@type\":\"WebPage\",\"@id\":\"https:\/\/www.fytofontana.com\/de\/product\/hemorrelax-spray\/\",\"url\":\"https:\/\/www.fytofontana.com\/de\/product\/hemorrelax-spray\/\",\"name\":\"HEMORRELAX Rektalspray\"}}]}]}<\/script>","_links":{"self":[{"href":"https:\/\/www.fytofontana.com\/de\/wp-json\/wp\/v2\/product\/5031"}],"collection":[{"href":"https:\/\/www.fytofontana.com\/de\/wp-json\/wp\/v2\/product"}],"about":[{"href":"https:\/\/www.fytofontana.com\/de\/wp-json\/wp\/v2\/types\/product"}],"wp:featuredmedia":[{"embeddable":true,"href":"https:\/\/www.fytofontana.com\/de\/wp-json\/wp\/v2\/media\/5000"}],"wp:attachment":[{"href":"https:\/\/www.fytofontana.com\/de\/wp-json\/wp\/v2\/media?parent=5031"}],"wp:term":[{"taxonomy":"products","embeddable":true,"href":"https:\/\/www.fytofontana.com\/de\/wp-json\/wp\/v2\/products?post=5031"}],"curies":[{"name":"wp","href":"https:\/\/api.w.org\/{rel}","templated":true}]}}