{"id":2152,"date":"2021-08-04T14:14:11","date_gmt":"2021-08-04T13:14:11","guid":{"rendered":"https:\/\/www.fytofontana.com\/hu\/?post_type=product&#038;p=2152"},"modified":"2025-10-14T12:01:45","modified_gmt":"2025-10-14T11:01:45","slug":"hemorrelax-rektalzaepfchen","status":"publish","type":"product","link":"https:\/\/www.fytofontana.com\/de\/product\/hemorrelax-rektalzaepfchen\/","title":{"rendered":"HEMORRELAX Rektalz\u00e4pfchen"},"content":{"rendered":"<ul>\n<li><b>MDR-zugelassenes Medizinprodukt <\/b>(EU 2017\/745).<\/li>\n<li><strong><span class=\"Apple-converted-space\">F<\/span>\u00fcr die Behandlung von H\u00e4morrhoiden und anderen Erkrankungen des Rektums, wie Analfissuren und Rhagaden bestimmt.<\/strong><\/li>\n<li>Neben den beruhigenden und bes\u00e4nftigenden Eigenschaften der Rektalz\u00e4pfen, <strong>entspannen Peptide die Muskulatur, was zu einer schmerzfreien Stuhlausscheidung beitr\u00e4gt, so dass sich das Auftreten von Schmerzen und unangenehmen Gef\u00fchlen verringert.<\/strong><\/li>\n<li>Das Gleitmittel bildet einen zarten Film auf der Hautoberfl\u00e4che und hilft so, kleine Verletzungen zu vermeiden und zur Heilung eventuell bereits vorhandener beizutragen.<\/li>\n<\/ul>\n","protected":false},"featured_media":3891,"template":"","products":[87],"yoast_head":"<title>HEMORRELAX Rektalz\u00e4pfchen - Fytofontana<\/title>\n<meta name=\"description\" content=\"Hemorrelax Rektalz\u00e4pfchen lindern Schmerzen, Brennen und Juckreiz bei H\u00e4morrhoiden und Fissuren. Sie entspannen den Schlie\u00dfmuskel, f\u00f6rdern eine schmerzfreie Darmentleerung und unterst\u00fctzen die Heilung kleiner Verletzungen.\" \/>\n<meta name=\"robots\" content=\"index, follow, max-snippet:-1, max-image-preview:large, max-video-preview:-1\" \/>\n<link rel=\"canonical\" href=\"https:\/\/www.fytofontana.com\/de\/product\/hemorrelax-rektalzaepfchen\/\" \/>\n<meta property=\"og:locale\" content=\"de_DE\" \/>\n<meta property=\"og:type\" content=\"article\" \/>\n<meta property=\"og:title\" content=\"HEMORRELAX Rektalz\u00e4pfchen - Fytofontana\" \/>\n<meta property=\"og:description\" content=\"Hemorrelax Rektalz\u00e4pfchen lindern Schmerzen, Brennen und Juckreiz bei H\u00e4morrhoiden und Fissuren. Sie entspannen den Schlie\u00dfmuskel, f\u00f6rdern eine schmerzfreie Darmentleerung und unterst\u00fctzen die Heilung kleiner Verletzungen.\" \/>\n<meta property=\"og:url\" content=\"https:\/\/www.fytofontana.com\/de\/product\/hemorrelax-rektalzaepfchen\/\" \/>\n<meta property=\"og:site_name\" content=\"Fytofontana\" \/>\n<meta property=\"article:modified_time\" content=\"2025-10-14T11:01:45+00:00\" \/>\n<meta property=\"og:image\" content=\"https:\/\/www.fytofontana.com\/wp-content\/uploads\/2021\/03\/24_10_HEMORRELAX_Rectal_Supp_10pcs_02_Primary.png\" \/>\n\t<meta property=\"og:image:width\" content=\"1000\" \/>\n\t<meta property=\"og:image:height\" content=\"1000\" \/>\n<meta name=\"twitter:card\" content=\"summary_large_image\" \/>\n<meta name=\"twitter:label1\" content=\"Gesch\u00e4tzte Lesezeit\">\n\t<meta name=\"twitter:data1\" content=\"1\u00a0Minute\">\n<script type=\"application\/ld+json\" class=\"yoast-schema-graph\">{\"@context\":\"https:\/\/schema.org\",\"@graph\":[{\"@type\":\"Organization\",\"@id\":\"https:\/\/www.fytofontana.com\/#organization\",\"name\":\"Fytofontana\",\"url\":\"https:\/\/www.fytofontana.com\/\",\"sameAs\":[],\"logo\":{\"@type\":\"ImageObject\",\"@id\":\"https:\/\/www.fytofontana.com\/#logo\",\"inLanguage\":\"de\",\"url\":\"https:\/\/www.fytofontana.com\/wp-content\/uploads\/2021\/01\/fyto.png\",\"width\":817,\"height\":79,\"caption\":\"Fytofontana\"},\"image\":{\"@id\":\"https:\/\/www.fytofontana.com\/#logo\"}},{\"@type\":\"WebSite\",\"@id\":\"https:\/\/www.fytofontana.com\/#website\",\"url\":\"https:\/\/www.fytofontana.com\/\",\"name\":\"Fytofontana\",\"description\":\"\",\"publisher\":{\"@id\":\"https:\/\/www.fytofontana.com\/#organization\"},\"potentialAction\":[{\"@type\":\"SearchAction\",\"target\":\"https:\/\/www.fytofontana.com\/?s={search_term_string}\",\"query-input\":\"required name=search_term_string\"}],\"inLanguage\":\"de\"},{\"@type\":\"ImageObject\",\"@id\":\"https:\/\/www.fytofontana.com\/de\/product\/hemorrelax-rektalzaepfchen\/#primaryimage\",\"inLanguage\":\"de\",\"url\":\"https:\/\/www.fytofontana.com\/wp-content\/uploads\/2021\/03\/24_10_HEMORRELAX_Rectal_Supp_10pcs_02_Primary.png\",\"width\":1000,\"height\":1000},{\"@type\":[\"WebPage\",\"ItemPage\"],\"@id\":\"https:\/\/www.fytofontana.com\/de\/product\/hemorrelax-rektalzaepfchen\/#webpage\",\"url\":\"https:\/\/www.fytofontana.com\/de\/product\/hemorrelax-rektalzaepfchen\/\",\"name\":\"HEMORRELAX Rektalz\\u00e4pfchen - Fytofontana\",\"isPartOf\":{\"@id\":\"https:\/\/www.fytofontana.com\/#website\"},\"primaryImageOfPage\":{\"@id\":\"https:\/\/www.fytofontana.com\/de\/product\/hemorrelax-rektalzaepfchen\/#primaryimage\"},\"datePublished\":\"2021-08-04T13:14:11+00:00\",\"dateModified\":\"2025-10-14T11:01:45+00:00\",\"description\":\"Hemorrelax Rektalz\\u00e4pfchen lindern Schmerzen, Brennen und Juckreiz bei H\\u00e4morrhoiden und Fissuren. Sie entspannen den Schlie\\u00dfmuskel, f\\u00f6rdern eine schmerzfreie Darmentleerung und unterst\\u00fctzen die Heilung kleiner Verletzungen.\",\"breadcrumb\":{\"@id\":\"https:\/\/www.fytofontana.com\/de\/product\/hemorrelax-rektalzaepfchen\/#breadcrumb\"},\"inLanguage\":\"de\",\"potentialAction\":[{\"@type\":\"ReadAction\",\"target\":[\"https:\/\/www.fytofontana.com\/de\/product\/hemorrelax-rektalzaepfchen\/\"]}]},{\"@type\":\"BreadcrumbList\",\"@id\":\"https:\/\/www.fytofontana.com\/de\/product\/hemorrelax-rektalzaepfchen\/#breadcrumb\",\"itemListElement\":[{\"@type\":\"ListItem\",\"position\":1,\"item\":{\"@type\":\"WebPage\",\"@id\":\"https:\/\/www.fytofontana.com\/de\/\",\"url\":\"https:\/\/www.fytofontana.com\/de\/\",\"name\":\"Home\"}},{\"@type\":\"ListItem\",\"position\":2,\"item\":{\"@type\":\"WebPage\",\"@id\":\"https:\/\/www.fytofontana.com\/de\/product\/hemorrelax-rektalzaepfchen\/\",\"url\":\"https:\/\/www.fytofontana.com\/de\/product\/hemorrelax-rektalzaepfchen\/\",\"name\":\"HEMORRELAX Rektalz\\u00e4pfchen\"}}]}]}<\/script>","_links":{"self":[{"href":"https:\/\/www.fytofontana.com\/de\/wp-json\/wp\/v2\/product\/2152"}],"collection":[{"href":"https:\/\/www.fytofontana.com\/de\/wp-json\/wp\/v2\/product"}],"about":[{"href":"https:\/\/www.fytofontana.com\/de\/wp-json\/wp\/v2\/types\/product"}],"wp:featuredmedia":[{"embeddable":true,"href":"https:\/\/www.fytofontana.com\/de\/wp-json\/wp\/v2\/media\/3891"}],"wp:attachment":[{"href":"https:\/\/www.fytofontana.com\/de\/wp-json\/wp\/v2\/media?parent=2152"}],"wp:term":[{"taxonomy":"products","embeddable":true,"href":"https:\/\/www.fytofontana.com\/de\/wp-json\/wp\/v2\/products?post=2152"}],"curies":[{"name":"wp","href":"https:\/\/api.w.org\/{rel}","templated":true}]}}