{"id":2066,"date":"2021-06-13T19:28:01","date_gmt":"2021-06-13T18:28:01","guid":{"rendered":"https:\/\/www.fytofontana.com\/hu\/?post_type=product&#038;p=2066"},"modified":"2025-07-22T09:37:23","modified_gmt":"2025-07-22T08:37:23","slug":"aurecon-plus-ohrkerzen","status":"publish","type":"product","link":"https:\/\/www.fytofontana.com\/de\/product\/aurecon-plus-ohrkerzen\/","title":{"rendered":"AURECON Plus Ohrkerzen"},"content":{"rendered":"<p><strong>F\u00fcr Ohrenpflege und Hygiene<\/strong><\/p>\n<ul>\n<li>Die Ohrkerzen sind mit Bienenwachs und Paraffin getr\u00e4nkte Baumwollr\u00f6hren. Die W\u00e4rme der Kerze erw\u00e4rmt auch das Mikrosystem des Ohrl\u00e4ppchens und wirkt somit auf die Reflexzonen, die dank dieser Stimulierung positiv auf den Verlauf von Erk\u00e4ltungskrankheiten wirken.<\/li>\n<li>Aus Gr\u00fcnden einer h\u00f6heren Sicherheit enthalten die Ohrkerzen eine Aurecon System Kunststoffschutzeinlage, die Sicherheit und Wirksamkeit der Ohrkerzen erh\u00f6ht. Die Kunststoffschutzeinlage Aurecon System schlie\u00dft ein eventuelles Eindringen von Fremdstoffen ins Ohr aus.<\/li>\n<\/ul>\n","protected":false},"featured_media":3748,"template":"","products":[82],"yoast_head":"<title>AURECON Plus Ohrkerzen - Fytofontana<\/title>\n<meta name=\"robots\" content=\"index, follow, max-snippet:-1, max-image-preview:large, max-video-preview:-1\" \/>\n<link rel=\"canonical\" href=\"https:\/\/www.fytofontana.com\/de\/product\/aurecon-plus-ohrkerzen\/\" \/>\n<meta property=\"og:locale\" content=\"de_DE\" \/>\n<meta property=\"og:type\" content=\"article\" \/>\n<meta property=\"og:title\" content=\"AURECON Plus Ohrkerzen - Fytofontana\" \/>\n<meta property=\"og:description\" content=\"F\u00fcr Ohrenpflege und Hygiene Die Ohrkerzen sind mit Bienenwachs und Paraffin getr\u00e4nkte Baumwollr\u00f6hren. Die W\u00e4rme der Kerze erw\u00e4rmt auch das Mikrosystem des Ohrl\u00e4ppchens und wirkt somit auf die Reflexzonen, die dank dieser Stimulierung positiv auf den Verlauf von Erk\u00e4ltungskrankheiten wirken. Aus Gr\u00fcnden einer h\u00f6heren Sicherheit enthalten die Ohrkerzen eine Aurecon System Kunststoffschutzeinlage, die Sicherheit und &hellip; Continued\" \/>\n<meta property=\"og:url\" content=\"https:\/\/www.fytofontana.com\/de\/product\/aurecon-plus-ohrkerzen\/\" \/>\n<meta property=\"og:site_name\" content=\"Fytofontana\" \/>\n<meta property=\"article:modified_time\" content=\"2025-07-22T08:37:23+00:00\" \/>\n<meta property=\"og:image\" content=\"https:\/\/www.fytofontana.com\/wp-content\/uploads\/2021\/03\/2023_05_AURECON_Ear_Candles_Plus_1pair_1000x1000px_01_Primary.png\" \/>\n\t<meta property=\"og:image:width\" content=\"1000\" \/>\n\t<meta property=\"og:image:height\" content=\"1000\" \/>\n<meta name=\"twitter:card\" content=\"summary_large_image\" \/>\n<meta name=\"twitter:label1\" content=\"Gesch\u00e4tzte Lesezeit\">\n\t<meta name=\"twitter:data1\" content=\"1\u00a0Minute\">\n<script type=\"application\/ld+json\" class=\"yoast-schema-graph\">{\"@context\":\"https:\/\/schema.org\",\"@graph\":[{\"@type\":\"Organization\",\"@id\":\"https:\/\/www.fytofontana.com\/#organization\",\"name\":\"Fytofontana\",\"url\":\"https:\/\/www.fytofontana.com\/\",\"sameAs\":[],\"logo\":{\"@type\":\"ImageObject\",\"@id\":\"https:\/\/www.fytofontana.com\/#logo\",\"inLanguage\":\"de\",\"url\":\"https:\/\/www.fytofontana.com\/wp-content\/uploads\/2021\/01\/fyto.png\",\"width\":817,\"height\":79,\"caption\":\"Fytofontana\"},\"image\":{\"@id\":\"https:\/\/www.fytofontana.com\/#logo\"}},{\"@type\":\"WebSite\",\"@id\":\"https:\/\/www.fytofontana.com\/#website\",\"url\":\"https:\/\/www.fytofontana.com\/\",\"name\":\"Fytofontana\",\"description\":\"\",\"publisher\":{\"@id\":\"https:\/\/www.fytofontana.com\/#organization\"},\"potentialAction\":[{\"@type\":\"SearchAction\",\"target\":\"https:\/\/www.fytofontana.com\/?s={search_term_string}\",\"query-input\":\"required name=search_term_string\"}],\"inLanguage\":\"de\"},{\"@type\":\"ImageObject\",\"@id\":\"https:\/\/www.fytofontana.com\/de\/product\/aurecon-plus-ohrkerzen\/#primaryimage\",\"inLanguage\":\"de\",\"url\":\"https:\/\/www.fytofontana.com\/wp-content\/uploads\/2021\/03\/2023_05_AURECON_Ear_Candles_Plus_1pair_1000x1000px_01_Primary.png\",\"width\":1000,\"height\":1000},{\"@type\":[\"WebPage\",\"ItemPage\"],\"@id\":\"https:\/\/www.fytofontana.com\/de\/product\/aurecon-plus-ohrkerzen\/#webpage\",\"url\":\"https:\/\/www.fytofontana.com\/de\/product\/aurecon-plus-ohrkerzen\/\",\"name\":\"AURECON Plus Ohrkerzen - Fytofontana\",\"isPartOf\":{\"@id\":\"https:\/\/www.fytofontana.com\/#website\"},\"primaryImageOfPage\":{\"@id\":\"https:\/\/www.fytofontana.com\/de\/product\/aurecon-plus-ohrkerzen\/#primaryimage\"},\"datePublished\":\"2021-06-13T18:28:01+00:00\",\"dateModified\":\"2025-07-22T08:37:23+00:00\",\"breadcrumb\":{\"@id\":\"https:\/\/www.fytofontana.com\/de\/product\/aurecon-plus-ohrkerzen\/#breadcrumb\"},\"inLanguage\":\"de\",\"potentialAction\":[{\"@type\":\"ReadAction\",\"target\":[\"https:\/\/www.fytofontana.com\/de\/product\/aurecon-plus-ohrkerzen\/\"]}]},{\"@type\":\"BreadcrumbList\",\"@id\":\"https:\/\/www.fytofontana.com\/de\/product\/aurecon-plus-ohrkerzen\/#breadcrumb\",\"itemListElement\":[{\"@type\":\"ListItem\",\"position\":1,\"item\":{\"@type\":\"WebPage\",\"@id\":\"https:\/\/www.fytofontana.com\/de\/\",\"url\":\"https:\/\/www.fytofontana.com\/de\/\",\"name\":\"Home\"}},{\"@type\":\"ListItem\",\"position\":2,\"item\":{\"@type\":\"WebPage\",\"@id\":\"https:\/\/www.fytofontana.com\/de\/product\/aurecon-plus-ohrkerzen\/\",\"url\":\"https:\/\/www.fytofontana.com\/de\/product\/aurecon-plus-ohrkerzen\/\",\"name\":\"AURECON Plus Ohrkerzen\"}}]}]}<\/script>","_links":{"self":[{"href":"https:\/\/www.fytofontana.com\/de\/wp-json\/wp\/v2\/product\/2066"}],"collection":[{"href":"https:\/\/www.fytofontana.com\/de\/wp-json\/wp\/v2\/product"}],"about":[{"href":"https:\/\/www.fytofontana.com\/de\/wp-json\/wp\/v2\/types\/product"}],"wp:featuredmedia":[{"embeddable":true,"href":"https:\/\/www.fytofontana.com\/de\/wp-json\/wp\/v2\/media\/3748"}],"wp:attachment":[{"href":"https:\/\/www.fytofontana.com\/de\/wp-json\/wp\/v2\/media?parent=2066"}],"wp:term":[{"taxonomy":"products","embeddable":true,"href":"https:\/\/www.fytofontana.com\/de\/wp-json\/wp\/v2\/products?post=2066"}],"curies":[{"name":"wp","href":"https:\/\/api.w.org\/{rel}","templated":true}]}}