{"id":2065,"date":"2021-06-13T19:20:07","date_gmt":"2021-06-13T18:20:07","guid":{"rendered":"https:\/\/www.fytofontana.com\/hu\/?post_type=product&#038;p=2065"},"modified":"2025-07-18T11:25:27","modified_gmt":"2025-07-18T10:25:27","slug":"aurecon-natural-ohrkerzen","status":"publish","type":"product","link":"https:\/\/www.fytofontana.com\/de\/product\/aurecon-natural-ohrkerzen\/","title":{"rendered":"AURECON Natural Ohrkerzen"},"content":{"rendered":"<p><strong>F\u00fcr Ohrenpflege und Hygiene<\/strong><\/p>\n<p>Die Ohrkerzen sind mit Bienenwachs und Paraffin getr\u00e4nkte Baumwollr\u00f6hren. Die durch das Brennen der Kerze entstehende W\u00e4rme weicht das angesammelte Ohrenschmalz auf und der erzeugte Unterdruck zieht dieses durch den Kamineffekt heraus.<\/p>\n<p>Der speziell entwickelte innere Sicherheitsfilter ist nat\u00fcrlicher, die Anwendung ist einfach und sicher.<span class=\"Apple-converted-space\">\u00a0<\/span>Die Ohrkerzen Aurecon natural wurden f\u00fcr diejenigen entwickelt, f\u00fcr die ein Stoff im Ohr nat\u00fcrlicher ist als ein Kunststoff.<\/p>\n<p>&nbsp;<\/p>\n","protected":false},"featured_media":3719,"template":"","products":[82],"class_list":["post-2065","product","type-product","status-publish","has-post-thumbnail","hentry","products-aurecon-de"],"yoast_head":"<title>AURECON Natural Ohrkerzen - Fytofontana<\/title>\n<meta name=\"robots\" content=\"index, follow, max-snippet:-1, max-image-preview:large, max-video-preview:-1\" \/>\n<link rel=\"canonical\" href=\"https:\/\/www.fytofontana.com\/de\/product\/aurecon-natural-ohrkerzen\/\" \/>\n<meta property=\"og:locale\" content=\"de_DE\" \/>\n<meta property=\"og:type\" content=\"article\" \/>\n<meta property=\"og:title\" content=\"AURECON Natural Ohrkerzen - Fytofontana\" \/>\n<meta property=\"og:description\" content=\"F\u00fcr Ohrenpflege und Hygiene Die Ohrkerzen sind mit Bienenwachs und Paraffin getr\u00e4nkte Baumwollr\u00f6hren. Die durch das Brennen der Kerze entstehende W\u00e4rme weicht das angesammelte Ohrenschmalz auf und der erzeugte Unterdruck zieht dieses durch den Kamineffekt heraus. Der speziell entwickelte innere Sicherheitsfilter ist nat\u00fcrlicher, die Anwendung ist einfach und sicher.\u00a0Die Ohrkerzen Aurecon natural wurden f\u00fcr diejenigen &hellip; Continued\" \/>\n<meta property=\"og:url\" content=\"https:\/\/www.fytofontana.com\/de\/product\/aurecon-natural-ohrkerzen\/\" \/>\n<meta property=\"og:site_name\" content=\"Fytofontana\" \/>\n<meta property=\"article:modified_time\" content=\"2025-07-18T10:25:27+00:00\" \/>\n<meta property=\"og:image\" content=\"https:\/\/www.fytofontana.com\/wp-content\/uploads\/2021\/03\/2023_05_AURECON_Ear_Candles_Natural_1pair_1000x1000px_01_Primary.png\" \/>\n\t<meta property=\"og:image:width\" content=\"1000\" \/>\n\t<meta property=\"og:image:height\" content=\"1000\" \/>\n\t<meta property=\"og:image:type\" content=\"image\/png\" \/>\n<meta name=\"twitter:card\" content=\"summary_large_image\" \/>\n<meta name=\"twitter:label1\" content=\"Gesch\u00e4tzte Lesezeit\" \/>\n\t<meta name=\"twitter:data1\" content=\"1\u00a0Minute\" \/>\n<script type=\"application\/ld+json\" class=\"yoast-schema-graph\">{\"@context\":\"https:\\\/\\\/schema.org\",\"@graph\":[{\"@type\":[\"WebPage\",\"ItemPage\"],\"@id\":\"https:\\\/\\\/www.fytofontana.com\\\/de\\\/product\\\/aurecon-natural-ohrkerzen\\\/\",\"url\":\"https:\\\/\\\/www.fytofontana.com\\\/de\\\/product\\\/aurecon-natural-ohrkerzen\\\/\",\"name\":\"AURECON Natural Ohrkerzen - Fytofontana\",\"isPartOf\":{\"@id\":\"https:\\\/\\\/www.fytofontana.com\\\/#website\"},\"primaryImageOfPage\":{\"@id\":\"https:\\\/\\\/www.fytofontana.com\\\/de\\\/product\\\/aurecon-natural-ohrkerzen\\\/#primaryimage\"},\"image\":{\"@id\":\"https:\\\/\\\/www.fytofontana.com\\\/de\\\/product\\\/aurecon-natural-ohrkerzen\\\/#primaryimage\"},\"thumbnailUrl\":\"https:\\\/\\\/www.fytofontana.com\\\/wp-content\\\/uploads\\\/2021\\\/03\\\/2023_05_AURECON_Ear_Candles_Natural_1pair_1000x1000px_01_Primary.png\",\"datePublished\":\"2021-06-13T18:20:07+00:00\",\"dateModified\":\"2025-07-18T10:25:27+00:00\",\"breadcrumb\":{\"@id\":\"https:\\\/\\\/www.fytofontana.com\\\/de\\\/product\\\/aurecon-natural-ohrkerzen\\\/#breadcrumb\"},\"inLanguage\":\"de\",\"potentialAction\":[{\"@type\":\"ReadAction\",\"target\":[\"https:\\\/\\\/www.fytofontana.com\\\/de\\\/product\\\/aurecon-natural-ohrkerzen\\\/\"]}]},{\"@type\":\"ImageObject\",\"inLanguage\":\"de\",\"@id\":\"https:\\\/\\\/www.fytofontana.com\\\/de\\\/product\\\/aurecon-natural-ohrkerzen\\\/#primaryimage\",\"url\":\"https:\\\/\\\/www.fytofontana.com\\\/wp-content\\\/uploads\\\/2021\\\/03\\\/2023_05_AURECON_Ear_Candles_Natural_1pair_1000x1000px_01_Primary.png\",\"contentUrl\":\"https:\\\/\\\/www.fytofontana.com\\\/wp-content\\\/uploads\\\/2021\\\/03\\\/2023_05_AURECON_Ear_Candles_Natural_1pair_1000x1000px_01_Primary.png\",\"width\":1000,\"height\":1000},{\"@type\":\"BreadcrumbList\",\"@id\":\"https:\\\/\\\/www.fytofontana.com\\\/de\\\/product\\\/aurecon-natural-ohrkerzen\\\/#breadcrumb\",\"itemListElement\":[{\"@type\":\"ListItem\",\"position\":1,\"name\":\"Home\",\"item\":\"https:\\\/\\\/www.fytofontana.com\\\/de\\\/\"},{\"@type\":\"ListItem\",\"position\":2,\"name\":\"AURECON Natural Ohrkerzen\"}]},{\"@type\":\"WebSite\",\"@id\":\"https:\\\/\\\/www.fytofontana.com\\\/#website\",\"url\":\"https:\\\/\\\/www.fytofontana.com\\\/\",\"name\":\"Fytofontana\",\"description\":\"\",\"publisher\":{\"@id\":\"https:\\\/\\\/www.fytofontana.com\\\/#organization\"},\"potentialAction\":[{\"@type\":\"SearchAction\",\"target\":{\"@type\":\"EntryPoint\",\"urlTemplate\":\"https:\\\/\\\/www.fytofontana.com\\\/?s={search_term_string}\"},\"query-input\":{\"@type\":\"PropertyValueSpecification\",\"valueRequired\":true,\"valueName\":\"search_term_string\"}}],\"inLanguage\":\"de\"},{\"@type\":\"Organization\",\"@id\":\"https:\\\/\\\/www.fytofontana.com\\\/#organization\",\"name\":\"Fytofontana\",\"url\":\"https:\\\/\\\/www.fytofontana.com\\\/\",\"logo\":{\"@type\":\"ImageObject\",\"inLanguage\":\"de\",\"@id\":\"https:\\\/\\\/www.fytofontana.com\\\/#\\\/schema\\\/logo\\\/image\\\/\",\"url\":\"https:\\\/\\\/www.fytofontana.com\\\/wp-content\\\/uploads\\\/2021\\\/01\\\/fyto.png\",\"contentUrl\":\"https:\\\/\\\/www.fytofontana.com\\\/wp-content\\\/uploads\\\/2021\\\/01\\\/fyto.png\",\"width\":817,\"height\":79,\"caption\":\"Fytofontana\"},\"image\":{\"@id\":\"https:\\\/\\\/www.fytofontana.com\\\/#\\\/schema\\\/logo\\\/image\\\/\"}}]}<\/script>","yoast_head_json":{"title":"AURECON Natural Ohrkerzen - Fytofontana","robots":{"index":"index","follow":"follow","max-snippet":"max-snippet:-1","max-image-preview":"max-image-preview:large","max-video-preview":"max-video-preview:-1"},"canonical":"https:\/\/www.fytofontana.com\/de\/product\/aurecon-natural-ohrkerzen\/","og_locale":"de_DE","og_type":"article","og_title":"AURECON Natural Ohrkerzen - Fytofontana","og_description":"F\u00fcr Ohrenpflege und Hygiene Die Ohrkerzen sind mit Bienenwachs und Paraffin getr\u00e4nkte Baumwollr\u00f6hren. Die durch das Brennen der Kerze entstehende W\u00e4rme weicht das angesammelte Ohrenschmalz auf und der erzeugte Unterdruck zieht dieses durch den Kamineffekt heraus. Der speziell entwickelte innere Sicherheitsfilter ist nat\u00fcrlicher, die Anwendung ist einfach und sicher.\u00a0Die Ohrkerzen Aurecon natural wurden f\u00fcr diejenigen &hellip; Continued","og_url":"https:\/\/www.fytofontana.com\/de\/product\/aurecon-natural-ohrkerzen\/","og_site_name":"Fytofontana","article_modified_time":"2025-07-18T10:25:27+00:00","og_image":[{"width":1000,"height":1000,"url":"https:\/\/www.fytofontana.com\/wp-content\/uploads\/2021\/03\/2023_05_AURECON_Ear_Candles_Natural_1pair_1000x1000px_01_Primary.png","type":"image\/png"}],"twitter_card":"summary_large_image","twitter_misc":{"Gesch\u00e4tzte Lesezeit":"1\u00a0Minute"},"schema":{"@context":"https:\/\/schema.org","@graph":[{"@type":["WebPage","ItemPage"],"@id":"https:\/\/www.fytofontana.com\/de\/product\/aurecon-natural-ohrkerzen\/","url":"https:\/\/www.fytofontana.com\/de\/product\/aurecon-natural-ohrkerzen\/","name":"AURECON Natural Ohrkerzen - Fytofontana","isPartOf":{"@id":"https:\/\/www.fytofontana.com\/#website"},"primaryImageOfPage":{"@id":"https:\/\/www.fytofontana.com\/de\/product\/aurecon-natural-ohrkerzen\/#primaryimage"},"image":{"@id":"https:\/\/www.fytofontana.com\/de\/product\/aurecon-natural-ohrkerzen\/#primaryimage"},"thumbnailUrl":"https:\/\/www.fytofontana.com\/wp-content\/uploads\/2021\/03\/2023_05_AURECON_Ear_Candles_Natural_1pair_1000x1000px_01_Primary.png","datePublished":"2021-06-13T18:20:07+00:00","dateModified":"2025-07-18T10:25:27+00:00","breadcrumb":{"@id":"https:\/\/www.fytofontana.com\/de\/product\/aurecon-natural-ohrkerzen\/#breadcrumb"},"inLanguage":"de","potentialAction":[{"@type":"ReadAction","target":["https:\/\/www.fytofontana.com\/de\/product\/aurecon-natural-ohrkerzen\/"]}]},{"@type":"ImageObject","inLanguage":"de","@id":"https:\/\/www.fytofontana.com\/de\/product\/aurecon-natural-ohrkerzen\/#primaryimage","url":"https:\/\/www.fytofontana.com\/wp-content\/uploads\/2021\/03\/2023_05_AURECON_Ear_Candles_Natural_1pair_1000x1000px_01_Primary.png","contentUrl":"https:\/\/www.fytofontana.com\/wp-content\/uploads\/2021\/03\/2023_05_AURECON_Ear_Candles_Natural_1pair_1000x1000px_01_Primary.png","width":1000,"height":1000},{"@type":"BreadcrumbList","@id":"https:\/\/www.fytofontana.com\/de\/product\/aurecon-natural-ohrkerzen\/#breadcrumb","itemListElement":[{"@type":"ListItem","position":1,"name":"Home","item":"https:\/\/www.fytofontana.com\/de\/"},{"@type":"ListItem","position":2,"name":"AURECON Natural Ohrkerzen"}]},{"@type":"WebSite","@id":"https:\/\/www.fytofontana.com\/#website","url":"https:\/\/www.fytofontana.com\/","name":"Fytofontana","description":"","publisher":{"@id":"https:\/\/www.fytofontana.com\/#organization"},"potentialAction":[{"@type":"SearchAction","target":{"@type":"EntryPoint","urlTemplate":"https:\/\/www.fytofontana.com\/?s={search_term_string}"},"query-input":{"@type":"PropertyValueSpecification","valueRequired":true,"valueName":"search_term_string"}}],"inLanguage":"de"},{"@type":"Organization","@id":"https:\/\/www.fytofontana.com\/#organization","name":"Fytofontana","url":"https:\/\/www.fytofontana.com\/","logo":{"@type":"ImageObject","inLanguage":"de","@id":"https:\/\/www.fytofontana.com\/#\/schema\/logo\/image\/","url":"https:\/\/www.fytofontana.com\/wp-content\/uploads\/2021\/01\/fyto.png","contentUrl":"https:\/\/www.fytofontana.com\/wp-content\/uploads\/2021\/01\/fyto.png","width":817,"height":79,"caption":"Fytofontana"},"image":{"@id":"https:\/\/www.fytofontana.com\/#\/schema\/logo\/image\/"}}]}},"_links":{"self":[{"href":"https:\/\/www.fytofontana.com\/de\/wp-json\/wp\/v2\/product\/2065","targetHints":{"allow":["GET"]}}],"collection":[{"href":"https:\/\/www.fytofontana.com\/de\/wp-json\/wp\/v2\/product"}],"about":[{"href":"https:\/\/www.fytofontana.com\/de\/wp-json\/wp\/v2\/types\/product"}],"wp:featuredmedia":[{"embeddable":true,"href":"https:\/\/www.fytofontana.com\/de\/wp-json\/wp\/v2\/media\/3719"}],"wp:attachment":[{"href":"https:\/\/www.fytofontana.com\/de\/wp-json\/wp\/v2\/media?parent=2065"}],"wp:term":[{"taxonomy":"products","embeddable":true,"href":"https:\/\/www.fytofontana.com\/de\/wp-json\/wp\/v2\/products?post=2065"}],"curies":[{"name":"wp","href":"https:\/\/api.w.org\/{rel}","templated":true}]}}