{"id":2064,"date":"2021-06-13T19:08:06","date_gmt":"2021-06-13T18:08:06","guid":{"rendered":"https:\/\/www.fytofontana.com\/hu\/?post_type=product&#038;p=2064"},"modified":"2025-10-14T13:38:25","modified_gmt":"2025-10-14T12:38:25","slug":"aurecon-dry-spray","status":"publish","type":"product","link":"https:\/\/www.fytofontana.com\/de\/product\/aurecon-dry-spray\/","title":{"rendered":"AURECON Dry Spray"},"content":{"rendered":"<ul>\n<li><b>MDR-zugelassenes Medizinprodukt <\/b>(EU 2017\/745).<\/li>\n<li class=\"field field--name-field-subtitle field--type-string field--label-hidden field--item\"><strong>Trocknet das Ohr ab, entfernt das Wasser aus dem Ohr<\/strong><\/li>\n<li class=\"field field--name-field-subtitle field--type-string field--label-hidden field--item\">Aurecon Dry Spray ist ein Mittel, um das Wasser aus dem Ohr zu entfernen.<\/li>\n<li class=\"field field--name-field-subtitle field--type-string field--label-hidden field--item\">Aufgrund der physikalischen Eigenschaften des enthaltenen denaturierten Alkohol, wird die Verdampfung von Wasser aus dem Ohr beschleunigt und dadurch der \u00e4u\u00dfere Geh\u00f6rgang getrocknet.<\/li>\n<li class=\"field field--name-field-subtitle field--type-string field--label-hidden field--item\">Denaturierter Alkohol entfernt in wenigen Minuten die \u00fcbersch\u00fcssige Feuchtigkeit und ist so eine wirksame Hilfe um verschiedene Ohrenprobleme vorzubeugen.<\/li>\n<\/ul>\n","protected":false},"featured_media":3821,"template":"","products":[82],"class_list":["post-2064","product","type-product","status-publish","has-post-thumbnail","hentry","products-aurecon-de"],"yoast_head":"<title>AURECON Dry Spray - Fytofontana<\/title>\n<meta name=\"description\" content=\"Aurecon Dry Spray trocknet das Ohr nach dem Baden oder Schwimmen schnell. Denaturierter Alkohol entfernt \u00fcbersch\u00fcssige Feuchtigkeit und beugt Reizungen und Infektionen vor.\" \/>\n<meta name=\"robots\" content=\"index, follow, max-snippet:-1, max-image-preview:large, max-video-preview:-1\" \/>\n<link rel=\"canonical\" href=\"https:\/\/www.fytofontana.com\/de\/product\/aurecon-dry-spray\/\" \/>\n<meta property=\"og:locale\" content=\"de_DE\" \/>\n<meta property=\"og:type\" content=\"article\" \/>\n<meta property=\"og:title\" content=\"AURECON Dry Spray - Fytofontana\" \/>\n<meta property=\"og:description\" content=\"Aurecon Dry Spray trocknet das Ohr nach dem Baden oder Schwimmen schnell. Denaturierter Alkohol entfernt \u00fcbersch\u00fcssige Feuchtigkeit und beugt Reizungen und Infektionen vor.\" \/>\n<meta property=\"og:url\" content=\"https:\/\/www.fytofontana.com\/de\/product\/aurecon-dry-spray\/\" \/>\n<meta property=\"og:site_name\" content=\"Fytofontana\" \/>\n<meta property=\"article:modified_time\" content=\"2025-10-14T12:38:25+00:00\" \/>\n<meta property=\"og:image\" content=\"https:\/\/www.fytofontana.com\/wp-content\/uploads\/2021\/03\/2023_05_AURECON_Spray_Dry_50ml_1000x1000px_01_Primary.png\" \/>\n\t<meta property=\"og:image:width\" content=\"1000\" \/>\n\t<meta property=\"og:image:height\" content=\"1000\" \/>\n\t<meta property=\"og:image:type\" content=\"image\/png\" \/>\n<meta name=\"twitter:card\" content=\"summary_large_image\" \/>\n<meta name=\"twitter:label1\" content=\"Gesch\u00e4tzte Lesezeit\" \/>\n\t<meta name=\"twitter:data1\" content=\"1\u00a0Minute\" \/>\n<script type=\"application\/ld+json\" class=\"yoast-schema-graph\">{\"@context\":\"https:\\\/\\\/schema.org\",\"@graph\":[{\"@type\":[\"WebPage\",\"ItemPage\"],\"@id\":\"https:\\\/\\\/www.fytofontana.com\\\/de\\\/product\\\/aurecon-dry-spray\\\/\",\"url\":\"https:\\\/\\\/www.fytofontana.com\\\/de\\\/product\\\/aurecon-dry-spray\\\/\",\"name\":\"AURECON Dry Spray - Fytofontana\",\"isPartOf\":{\"@id\":\"https:\\\/\\\/www.fytofontana.com\\\/#website\"},\"primaryImageOfPage\":{\"@id\":\"https:\\\/\\\/www.fytofontana.com\\\/de\\\/product\\\/aurecon-dry-spray\\\/#primaryimage\"},\"image\":{\"@id\":\"https:\\\/\\\/www.fytofontana.com\\\/de\\\/product\\\/aurecon-dry-spray\\\/#primaryimage\"},\"thumbnailUrl\":\"https:\\\/\\\/www.fytofontana.com\\\/wp-content\\\/uploads\\\/2021\\\/03\\\/2023_05_AURECON_Spray_Dry_50ml_1000x1000px_01_Primary.png\",\"datePublished\":\"2021-06-13T18:08:06+00:00\",\"dateModified\":\"2025-10-14T12:38:25+00:00\",\"description\":\"Aurecon Dry Spray trocknet das Ohr nach dem Baden oder Schwimmen schnell. Denaturierter Alkohol entfernt \u00fcbersch\u00fcssige Feuchtigkeit und beugt Reizungen und Infektionen vor.\",\"breadcrumb\":{\"@id\":\"https:\\\/\\\/www.fytofontana.com\\\/de\\\/product\\\/aurecon-dry-spray\\\/#breadcrumb\"},\"inLanguage\":\"de\",\"potentialAction\":[{\"@type\":\"ReadAction\",\"target\":[\"https:\\\/\\\/www.fytofontana.com\\\/de\\\/product\\\/aurecon-dry-spray\\\/\"]}]},{\"@type\":\"ImageObject\",\"inLanguage\":\"de\",\"@id\":\"https:\\\/\\\/www.fytofontana.com\\\/de\\\/product\\\/aurecon-dry-spray\\\/#primaryimage\",\"url\":\"https:\\\/\\\/www.fytofontana.com\\\/wp-content\\\/uploads\\\/2021\\\/03\\\/2023_05_AURECON_Spray_Dry_50ml_1000x1000px_01_Primary.png\",\"contentUrl\":\"https:\\\/\\\/www.fytofontana.com\\\/wp-content\\\/uploads\\\/2021\\\/03\\\/2023_05_AURECON_Spray_Dry_50ml_1000x1000px_01_Primary.png\",\"width\":1000,\"height\":1000},{\"@type\":\"BreadcrumbList\",\"@id\":\"https:\\\/\\\/www.fytofontana.com\\\/de\\\/product\\\/aurecon-dry-spray\\\/#breadcrumb\",\"itemListElement\":[{\"@type\":\"ListItem\",\"position\":1,\"name\":\"Home\",\"item\":\"https:\\\/\\\/www.fytofontana.com\\\/de\\\/\"},{\"@type\":\"ListItem\",\"position\":2,\"name\":\"AURECON Dry Spray\"}]},{\"@type\":\"WebSite\",\"@id\":\"https:\\\/\\\/www.fytofontana.com\\\/#website\",\"url\":\"https:\\\/\\\/www.fytofontana.com\\\/\",\"name\":\"Fytofontana\",\"description\":\"\",\"publisher\":{\"@id\":\"https:\\\/\\\/www.fytofontana.com\\\/#organization\"},\"potentialAction\":[{\"@type\":\"SearchAction\",\"target\":{\"@type\":\"EntryPoint\",\"urlTemplate\":\"https:\\\/\\\/www.fytofontana.com\\\/?s={search_term_string}\"},\"query-input\":{\"@type\":\"PropertyValueSpecification\",\"valueRequired\":true,\"valueName\":\"search_term_string\"}}],\"inLanguage\":\"de\"},{\"@type\":\"Organization\",\"@id\":\"https:\\\/\\\/www.fytofontana.com\\\/#organization\",\"name\":\"Fytofontana\",\"url\":\"https:\\\/\\\/www.fytofontana.com\\\/\",\"logo\":{\"@type\":\"ImageObject\",\"inLanguage\":\"de\",\"@id\":\"https:\\\/\\\/www.fytofontana.com\\\/#\\\/schema\\\/logo\\\/image\\\/\",\"url\":\"https:\\\/\\\/www.fytofontana.com\\\/wp-content\\\/uploads\\\/2021\\\/01\\\/fyto.png\",\"contentUrl\":\"https:\\\/\\\/www.fytofontana.com\\\/wp-content\\\/uploads\\\/2021\\\/01\\\/fyto.png\",\"width\":817,\"height\":79,\"caption\":\"Fytofontana\"},\"image\":{\"@id\":\"https:\\\/\\\/www.fytofontana.com\\\/#\\\/schema\\\/logo\\\/image\\\/\"}}]}<\/script>","yoast_head_json":{"title":"AURECON Dry Spray - Fytofontana","description":"Aurecon Dry Spray trocknet das Ohr nach dem Baden oder Schwimmen schnell. Denaturierter Alkohol entfernt \u00fcbersch\u00fcssige Feuchtigkeit und beugt Reizungen und Infektionen vor.","robots":{"index":"index","follow":"follow","max-snippet":"max-snippet:-1","max-image-preview":"max-image-preview:large","max-video-preview":"max-video-preview:-1"},"canonical":"https:\/\/www.fytofontana.com\/de\/product\/aurecon-dry-spray\/","og_locale":"de_DE","og_type":"article","og_title":"AURECON Dry Spray - Fytofontana","og_description":"Aurecon Dry Spray trocknet das Ohr nach dem Baden oder Schwimmen schnell. Denaturierter Alkohol entfernt \u00fcbersch\u00fcssige Feuchtigkeit und beugt Reizungen und Infektionen vor.","og_url":"https:\/\/www.fytofontana.com\/de\/product\/aurecon-dry-spray\/","og_site_name":"Fytofontana","article_modified_time":"2025-10-14T12:38:25+00:00","og_image":[{"width":1000,"height":1000,"url":"https:\/\/www.fytofontana.com\/wp-content\/uploads\/2021\/03\/2023_05_AURECON_Spray_Dry_50ml_1000x1000px_01_Primary.png","type":"image\/png"}],"twitter_card":"summary_large_image","twitter_misc":{"Gesch\u00e4tzte Lesezeit":"1\u00a0Minute"},"schema":{"@context":"https:\/\/schema.org","@graph":[{"@type":["WebPage","ItemPage"],"@id":"https:\/\/www.fytofontana.com\/de\/product\/aurecon-dry-spray\/","url":"https:\/\/www.fytofontana.com\/de\/product\/aurecon-dry-spray\/","name":"AURECON Dry Spray - Fytofontana","isPartOf":{"@id":"https:\/\/www.fytofontana.com\/#website"},"primaryImageOfPage":{"@id":"https:\/\/www.fytofontana.com\/de\/product\/aurecon-dry-spray\/#primaryimage"},"image":{"@id":"https:\/\/www.fytofontana.com\/de\/product\/aurecon-dry-spray\/#primaryimage"},"thumbnailUrl":"https:\/\/www.fytofontana.com\/wp-content\/uploads\/2021\/03\/2023_05_AURECON_Spray_Dry_50ml_1000x1000px_01_Primary.png","datePublished":"2021-06-13T18:08:06+00:00","dateModified":"2025-10-14T12:38:25+00:00","description":"Aurecon Dry Spray trocknet das Ohr nach dem Baden oder Schwimmen schnell. Denaturierter Alkohol entfernt \u00fcbersch\u00fcssige Feuchtigkeit und beugt Reizungen und Infektionen vor.","breadcrumb":{"@id":"https:\/\/www.fytofontana.com\/de\/product\/aurecon-dry-spray\/#breadcrumb"},"inLanguage":"de","potentialAction":[{"@type":"ReadAction","target":["https:\/\/www.fytofontana.com\/de\/product\/aurecon-dry-spray\/"]}]},{"@type":"ImageObject","inLanguage":"de","@id":"https:\/\/www.fytofontana.com\/de\/product\/aurecon-dry-spray\/#primaryimage","url":"https:\/\/www.fytofontana.com\/wp-content\/uploads\/2021\/03\/2023_05_AURECON_Spray_Dry_50ml_1000x1000px_01_Primary.png","contentUrl":"https:\/\/www.fytofontana.com\/wp-content\/uploads\/2021\/03\/2023_05_AURECON_Spray_Dry_50ml_1000x1000px_01_Primary.png","width":1000,"height":1000},{"@type":"BreadcrumbList","@id":"https:\/\/www.fytofontana.com\/de\/product\/aurecon-dry-spray\/#breadcrumb","itemListElement":[{"@type":"ListItem","position":1,"name":"Home","item":"https:\/\/www.fytofontana.com\/de\/"},{"@type":"ListItem","position":2,"name":"AURECON Dry Spray"}]},{"@type":"WebSite","@id":"https:\/\/www.fytofontana.com\/#website","url":"https:\/\/www.fytofontana.com\/","name":"Fytofontana","description":"","publisher":{"@id":"https:\/\/www.fytofontana.com\/#organization"},"potentialAction":[{"@type":"SearchAction","target":{"@type":"EntryPoint","urlTemplate":"https:\/\/www.fytofontana.com\/?s={search_term_string}"},"query-input":{"@type":"PropertyValueSpecification","valueRequired":true,"valueName":"search_term_string"}}],"inLanguage":"de"},{"@type":"Organization","@id":"https:\/\/www.fytofontana.com\/#organization","name":"Fytofontana","url":"https:\/\/www.fytofontana.com\/","logo":{"@type":"ImageObject","inLanguage":"de","@id":"https:\/\/www.fytofontana.com\/#\/schema\/logo\/image\/","url":"https:\/\/www.fytofontana.com\/wp-content\/uploads\/2021\/01\/fyto.png","contentUrl":"https:\/\/www.fytofontana.com\/wp-content\/uploads\/2021\/01\/fyto.png","width":817,"height":79,"caption":"Fytofontana"},"image":{"@id":"https:\/\/www.fytofontana.com\/#\/schema\/logo\/image\/"}}]}},"_links":{"self":[{"href":"https:\/\/www.fytofontana.com\/de\/wp-json\/wp\/v2\/product\/2064","targetHints":{"allow":["GET"]}}],"collection":[{"href":"https:\/\/www.fytofontana.com\/de\/wp-json\/wp\/v2\/product"}],"about":[{"href":"https:\/\/www.fytofontana.com\/de\/wp-json\/wp\/v2\/types\/product"}],"wp:featuredmedia":[{"embeddable":true,"href":"https:\/\/www.fytofontana.com\/de\/wp-json\/wp\/v2\/media\/3821"}],"wp:attachment":[{"href":"https:\/\/www.fytofontana.com\/de\/wp-json\/wp\/v2\/media?parent=2064"}],"wp:term":[{"taxonomy":"products","embeddable":true,"href":"https:\/\/www.fytofontana.com\/de\/wp-json\/wp\/v2\/products?post=2064"}],"curies":[{"name":"wp","href":"https:\/\/api.w.org\/{rel}","templated":true}]}}