{"id":2061,"date":"2021-06-13T18:52:34","date_gmt":"2021-06-13T17:52:34","guid":{"rendered":"https:\/\/www.fytofontana.com\/hu\/?post_type=product&#038;p=2061"},"modified":"2025-10-14T13:30:28","modified_gmt":"2025-10-14T12:30:28","slug":"aurecon-spray-junior","status":"publish","type":"product","link":"https:\/\/www.fytofontana.com\/de\/product\/aurecon-spray-junior\/","title":{"rendered":"AURECON Spray Junior"},"content":{"rendered":"<ul>\n<li><b>MDR-zugelassenes Medizinprodukt <\/b>(EU 2017\/745).<\/li>\n<li><strong>F\u00fcr Ohrenpflege und Hygiene<\/strong><\/li>\n<\/ul>\n<p>Die Anwendung des Pr\u00e4parates wird in folgenden F\u00e4llen empfohlen:<\/p>\n<ul>\n<li>verringert die M\u00f6glichkeit der Entstehung einer Mittelohrentz\u00fcndung oder eines Schnupfens,<\/li>\n<li>wirkt vorbeugend gegen eine \u00e4u\u00dfere Ohrenentz\u00fcndung, wenn nach dem Schwimmbadbesuch das Ohrenschmalz mit Wasser in Ber\u00fchrung kommt,<\/li>\n<li>ist f\u00fcr Kinder ab 3 Jahre bestimmt,<\/li>\n<li>ersetzt die Verwendung von Wattest\u00e4bchen, deren falsche Verwendung das Ohr verletzen und die Ansammlung von Ohrenschmalz im \u00e4u\u00dferen Geh\u00f6rgang verursachen kann, was zu einer Verstopfung mit Ohrenschmalz f\u00fchren kann.<\/li>\n<\/ul>\n","protected":false},"featured_media":3833,"template":"","products":[82],"yoast_head":"<title>AURECON Spray Junior - Fytofontana<\/title>\n<meta name=\"description\" content=\"Aurecon Junior Ohrenspray f\u00fcr Kinder ab 3 Jahren. Nat\u00fcrliche Pflege zur Vorbeugung von Ohrenentz\u00fcndungen, sanfte Entfernung von Ohrenschmalz, Schmutz und Verunreinigungen.\" \/>\n<meta name=\"robots\" content=\"index, follow, max-snippet:-1, max-image-preview:large, max-video-preview:-1\" \/>\n<link rel=\"canonical\" href=\"https:\/\/www.fytofontana.com\/de\/product\/aurecon-spray-junior\/\" \/>\n<meta property=\"og:locale\" content=\"de_DE\" \/>\n<meta property=\"og:type\" content=\"article\" \/>\n<meta property=\"og:title\" content=\"AURECON Spray Junior - Fytofontana\" \/>\n<meta property=\"og:description\" content=\"Aurecon Junior Ohrenspray f\u00fcr Kinder ab 3 Jahren. Nat\u00fcrliche Pflege zur Vorbeugung von Ohrenentz\u00fcndungen, sanfte Entfernung von Ohrenschmalz, Schmutz und Verunreinigungen.\" \/>\n<meta property=\"og:url\" content=\"https:\/\/www.fytofontana.com\/de\/product\/aurecon-spray-junior\/\" \/>\n<meta property=\"og:site_name\" content=\"Fytofontana\" \/>\n<meta property=\"article:modified_time\" content=\"2025-10-14T12:30:28+00:00\" \/>\n<meta property=\"og:image\" content=\"https:\/\/www.fytofontana.com\/wp-content\/uploads\/2021\/03\/2023_05_AURECON_Spray_Junior_30ml_1000x1000px_01_Primary.png\" \/>\n\t<meta property=\"og:image:width\" content=\"1000\" \/>\n\t<meta property=\"og:image:height\" content=\"1000\" \/>\n<meta name=\"twitter:card\" content=\"summary_large_image\" \/>\n<meta name=\"twitter:label1\" content=\"Gesch\u00e4tzte Lesezeit\">\n\t<meta name=\"twitter:data1\" content=\"1\u00a0Minute\">\n<script type=\"application\/ld+json\" class=\"yoast-schema-graph\">{\"@context\":\"https:\/\/schema.org\",\"@graph\":[{\"@type\":\"Organization\",\"@id\":\"https:\/\/www.fytofontana.com\/#organization\",\"name\":\"Fytofontana\",\"url\":\"https:\/\/www.fytofontana.com\/\",\"sameAs\":[],\"logo\":{\"@type\":\"ImageObject\",\"@id\":\"https:\/\/www.fytofontana.com\/#logo\",\"inLanguage\":\"de\",\"url\":\"https:\/\/www.fytofontana.com\/wp-content\/uploads\/2021\/01\/fyto.png\",\"width\":817,\"height\":79,\"caption\":\"Fytofontana\"},\"image\":{\"@id\":\"https:\/\/www.fytofontana.com\/#logo\"}},{\"@type\":\"WebSite\",\"@id\":\"https:\/\/www.fytofontana.com\/#website\",\"url\":\"https:\/\/www.fytofontana.com\/\",\"name\":\"Fytofontana\",\"description\":\"\",\"publisher\":{\"@id\":\"https:\/\/www.fytofontana.com\/#organization\"},\"potentialAction\":[{\"@type\":\"SearchAction\",\"target\":\"https:\/\/www.fytofontana.com\/?s={search_term_string}\",\"query-input\":\"required name=search_term_string\"}],\"inLanguage\":\"de\"},{\"@type\":\"ImageObject\",\"@id\":\"https:\/\/www.fytofontana.com\/de\/product\/aurecon-spray-junior\/#primaryimage\",\"inLanguage\":\"de\",\"url\":\"https:\/\/www.fytofontana.com\/wp-content\/uploads\/2021\/03\/2023_05_AURECON_Spray_Junior_30ml_1000x1000px_01_Primary.png\",\"width\":1000,\"height\":1000},{\"@type\":[\"WebPage\",\"ItemPage\"],\"@id\":\"https:\/\/www.fytofontana.com\/de\/product\/aurecon-spray-junior\/#webpage\",\"url\":\"https:\/\/www.fytofontana.com\/de\/product\/aurecon-spray-junior\/\",\"name\":\"AURECON Spray Junior - Fytofontana\",\"isPartOf\":{\"@id\":\"https:\/\/www.fytofontana.com\/#website\"},\"primaryImageOfPage\":{\"@id\":\"https:\/\/www.fytofontana.com\/de\/product\/aurecon-spray-junior\/#primaryimage\"},\"datePublished\":\"2021-06-13T17:52:34+00:00\",\"dateModified\":\"2025-10-14T12:30:28+00:00\",\"description\":\"Aurecon Junior Ohrenspray f\\u00fcr Kinder ab 3 Jahren. Nat\\u00fcrliche Pflege zur Vorbeugung von Ohrenentz\\u00fcndungen, sanfte Entfernung von Ohrenschmalz, Schmutz und Verunreinigungen.\",\"breadcrumb\":{\"@id\":\"https:\/\/www.fytofontana.com\/de\/product\/aurecon-spray-junior\/#breadcrumb\"},\"inLanguage\":\"de\",\"potentialAction\":[{\"@type\":\"ReadAction\",\"target\":[\"https:\/\/www.fytofontana.com\/de\/product\/aurecon-spray-junior\/\"]}]},{\"@type\":\"BreadcrumbList\",\"@id\":\"https:\/\/www.fytofontana.com\/de\/product\/aurecon-spray-junior\/#breadcrumb\",\"itemListElement\":[{\"@type\":\"ListItem\",\"position\":1,\"item\":{\"@type\":\"WebPage\",\"@id\":\"https:\/\/www.fytofontana.com\/de\/\",\"url\":\"https:\/\/www.fytofontana.com\/de\/\",\"name\":\"Home\"}},{\"@type\":\"ListItem\",\"position\":2,\"item\":{\"@type\":\"WebPage\",\"@id\":\"https:\/\/www.fytofontana.com\/de\/product\/aurecon-spray-junior\/\",\"url\":\"https:\/\/www.fytofontana.com\/de\/product\/aurecon-spray-junior\/\",\"name\":\"AURECON Spray Junior\"}}]}]}<\/script>","_links":{"self":[{"href":"https:\/\/www.fytofontana.com\/de\/wp-json\/wp\/v2\/product\/2061"}],"collection":[{"href":"https:\/\/www.fytofontana.com\/de\/wp-json\/wp\/v2\/product"}],"about":[{"href":"https:\/\/www.fytofontana.com\/de\/wp-json\/wp\/v2\/types\/product"}],"wp:featuredmedia":[{"embeddable":true,"href":"https:\/\/www.fytofontana.com\/de\/wp-json\/wp\/v2\/media\/3833"}],"wp:attachment":[{"href":"https:\/\/www.fytofontana.com\/de\/wp-json\/wp\/v2\/media?parent=2061"}],"wp:term":[{"taxonomy":"products","embeddable":true,"href":"https:\/\/www.fytofontana.com\/de\/wp-json\/wp\/v2\/products?post=2061"}],"curies":[{"name":"wp","href":"https:\/\/api.w.org\/{rel}","templated":true}]}}