{"id":2060,"date":"2021-06-13T18:30:35","date_gmt":"2021-06-13T17:30:35","guid":{"rendered":"https:\/\/www.fytofontana.com\/hu\/?post_type=product&#038;p=2060"},"modified":"2025-10-14T21:00:46","modified_gmt":"2025-10-14T20:00:46","slug":"aurecon-forte-junior-tropfen","status":"publish","type":"product","link":"https:\/\/www.fytofontana.com\/de\/product\/aurecon-forte-junior-tropfen\/","title":{"rendered":"AURECON Forte Junior Tropfen"},"content":{"rendered":"<p><strong>Nat\u00fcrliche Ohrentropfen zur Linderung von Ohrenschmerzen<\/strong><\/p>\n<ul>\n<li><b>MDR-zugelassenes Medizinprodukt <\/b>(EU 2017\/745)<\/li>\n<\/ul>\n<p>Das Pr\u00e4parat Aurecon drops forte Junior Ohrentropfen:<\/p>\n<ul>\n<li>erleichtert und erh\u00f6ht eine effiziente Ohrenreinigung,<\/li>\n<li>verhindert eine verst\u00e4rkte Ohrenschmalzbildung im Geh\u00f6rgang,<\/li>\n<li>verhindert die Vermehrung von Mikroorganismen,<\/li>\n<li>enth\u00e4lt ausschlie\u00dflich nat\u00fcrliche Wirkstoffe,<\/li>\n<li>enth\u00e4lt keine chemischen Stoffe,<\/li>\n<li>ist f\u00fcr Kinder ab 6 Monaten bestimmt.<\/li>\n<\/ul>\n","protected":false},"featured_media":3786,"template":"","products":[82],"yoast_head":"<title>AURECON Forte Junior Tropfen - Fytofontana<\/title>\n<meta name=\"description\" content=\"Nat\u00fcrliche Ohrentropfen f\u00fcr Kinder ab 6 Monaten. Erleichtern die Ohrenreinigung, hemmen Mikroorganismen, verhindern \u00fcberm\u00e4\u00dfige Ohrenschmalzbildung. Ohne chemische Zus\u00e4tze.\" \/>\n<meta name=\"robots\" content=\"index, follow, max-snippet:-1, max-image-preview:large, max-video-preview:-1\" \/>\n<link rel=\"canonical\" href=\"https:\/\/www.fytofontana.com\/de\/product\/aurecon-forte-junior-tropfen\/\" \/>\n<meta property=\"og:locale\" content=\"de_DE\" \/>\n<meta property=\"og:type\" content=\"article\" \/>\n<meta property=\"og:title\" content=\"AURECON Forte Junior Tropfen - Fytofontana\" \/>\n<meta property=\"og:description\" content=\"Nat\u00fcrliche Ohrentropfen f\u00fcr Kinder ab 6 Monaten. Erleichtern die Ohrenreinigung, hemmen Mikroorganismen, verhindern \u00fcberm\u00e4\u00dfige Ohrenschmalzbildung. Ohne chemische Zus\u00e4tze.\" \/>\n<meta property=\"og:url\" content=\"https:\/\/www.fytofontana.com\/de\/product\/aurecon-forte-junior-tropfen\/\" \/>\n<meta property=\"og:site_name\" content=\"Fytofontana\" \/>\n<meta property=\"article:modified_time\" content=\"2025-10-14T20:00:46+00:00\" \/>\n<meta property=\"og:image\" content=\"https:\/\/www.fytofontana.com\/wp-content\/uploads\/2021\/02\/2023_05_AURECON_Drops_Forte_Junior_10ml_1000x1000px_01_Primary.png\" \/>\n\t<meta property=\"og:image:width\" content=\"1000\" \/>\n\t<meta property=\"og:image:height\" content=\"1000\" \/>\n<meta name=\"twitter:card\" content=\"summary_large_image\" \/>\n<meta name=\"twitter:label1\" content=\"Gesch\u00e4tzte Lesezeit\">\n\t<meta name=\"twitter:data1\" content=\"1\u00a0Minute\">\n<script type=\"application\/ld+json\" class=\"yoast-schema-graph\">{\"@context\":\"https:\/\/schema.org\",\"@graph\":[{\"@type\":\"Organization\",\"@id\":\"https:\/\/www.fytofontana.com\/#organization\",\"name\":\"Fytofontana\",\"url\":\"https:\/\/www.fytofontana.com\/\",\"sameAs\":[],\"logo\":{\"@type\":\"ImageObject\",\"@id\":\"https:\/\/www.fytofontana.com\/#logo\",\"inLanguage\":\"de\",\"url\":\"https:\/\/www.fytofontana.com\/wp-content\/uploads\/2021\/01\/fyto.png\",\"width\":817,\"height\":79,\"caption\":\"Fytofontana\"},\"image\":{\"@id\":\"https:\/\/www.fytofontana.com\/#logo\"}},{\"@type\":\"WebSite\",\"@id\":\"https:\/\/www.fytofontana.com\/#website\",\"url\":\"https:\/\/www.fytofontana.com\/\",\"name\":\"Fytofontana\",\"description\":\"\",\"publisher\":{\"@id\":\"https:\/\/www.fytofontana.com\/#organization\"},\"potentialAction\":[{\"@type\":\"SearchAction\",\"target\":\"https:\/\/www.fytofontana.com\/?s={search_term_string}\",\"query-input\":\"required name=search_term_string\"}],\"inLanguage\":\"de\"},{\"@type\":\"ImageObject\",\"@id\":\"https:\/\/www.fytofontana.com\/de\/product\/aurecon-forte-junior-tropfen\/#primaryimage\",\"inLanguage\":\"de\",\"url\":\"https:\/\/www.fytofontana.com\/wp-content\/uploads\/2021\/02\/2023_05_AURECON_Drops_Forte_Junior_10ml_1000x1000px_01_Primary.png\",\"width\":1000,\"height\":1000},{\"@type\":[\"WebPage\",\"ItemPage\"],\"@id\":\"https:\/\/www.fytofontana.com\/de\/product\/aurecon-forte-junior-tropfen\/#webpage\",\"url\":\"https:\/\/www.fytofontana.com\/de\/product\/aurecon-forte-junior-tropfen\/\",\"name\":\"AURECON Forte Junior Tropfen - Fytofontana\",\"isPartOf\":{\"@id\":\"https:\/\/www.fytofontana.com\/#website\"},\"primaryImageOfPage\":{\"@id\":\"https:\/\/www.fytofontana.com\/de\/product\/aurecon-forte-junior-tropfen\/#primaryimage\"},\"datePublished\":\"2021-06-13T17:30:35+00:00\",\"dateModified\":\"2025-10-14T20:00:46+00:00\",\"description\":\"Nat\\u00fcrliche Ohrentropfen f\\u00fcr Kinder ab 6 Monaten. Erleichtern die Ohrenreinigung, hemmen Mikroorganismen, verhindern \\u00fcberm\\u00e4\\u00dfige Ohrenschmalzbildung. Ohne chemische Zus\\u00e4tze.\",\"breadcrumb\":{\"@id\":\"https:\/\/www.fytofontana.com\/de\/product\/aurecon-forte-junior-tropfen\/#breadcrumb\"},\"inLanguage\":\"de\",\"potentialAction\":[{\"@type\":\"ReadAction\",\"target\":[\"https:\/\/www.fytofontana.com\/de\/product\/aurecon-forte-junior-tropfen\/\"]}]},{\"@type\":\"BreadcrumbList\",\"@id\":\"https:\/\/www.fytofontana.com\/de\/product\/aurecon-forte-junior-tropfen\/#breadcrumb\",\"itemListElement\":[{\"@type\":\"ListItem\",\"position\":1,\"item\":{\"@type\":\"WebPage\",\"@id\":\"https:\/\/www.fytofontana.com\/de\/\",\"url\":\"https:\/\/www.fytofontana.com\/de\/\",\"name\":\"Home\"}},{\"@type\":\"ListItem\",\"position\":2,\"item\":{\"@type\":\"WebPage\",\"@id\":\"https:\/\/www.fytofontana.com\/de\/product\/aurecon-forte-junior-tropfen\/\",\"url\":\"https:\/\/www.fytofontana.com\/de\/product\/aurecon-forte-junior-tropfen\/\",\"name\":\"AURECON Forte Junior Tropfen\"}}]}]}<\/script>","_links":{"self":[{"href":"https:\/\/www.fytofontana.com\/de\/wp-json\/wp\/v2\/product\/2060"}],"collection":[{"href":"https:\/\/www.fytofontana.com\/de\/wp-json\/wp\/v2\/product"}],"about":[{"href":"https:\/\/www.fytofontana.com\/de\/wp-json\/wp\/v2\/types\/product"}],"wp:featuredmedia":[{"embeddable":true,"href":"https:\/\/www.fytofontana.com\/de\/wp-json\/wp\/v2\/media\/3786"}],"wp:attachment":[{"href":"https:\/\/www.fytofontana.com\/de\/wp-json\/wp\/v2\/media?parent=2060"}],"wp:term":[{"taxonomy":"products","embeddable":true,"href":"https:\/\/www.fytofontana.com\/de\/wp-json\/wp\/v2\/products?post=2060"}],"curies":[{"name":"wp","href":"https:\/\/api.w.org\/{rel}","templated":true}]}}