{"id":2059,"date":"2021-06-13T17:56:33","date_gmt":"2021-06-13T16:56:33","guid":{"rendered":"https:\/\/www.fytofontana.com\/hu\/?post_type=product&#038;p=2059"},"modified":"2025-10-14T13:47:03","modified_gmt":"2025-10-14T12:47:03","slug":"aurecon-forte-tropfen","status":"publish","type":"product","link":"https:\/\/www.fytofontana.com\/de\/product\/aurecon-forte-tropfen\/","title":{"rendered":"AURECON Forte Tropfen"},"content":{"rendered":"<div class=\"field field--name-field-subtitle field--type-string field--label-hidden field--item\"><strong>Ohrentropfen zur Linderung von Ohrenschmerzen<\/strong><\/div>\n<ul>\n<li><b>MDR-zugelassenes Medizinprodukt <\/b>(EU 2017\/745).<\/li>\n<li>Die Zusammensetzung von Aurecon drops forte ber\u00fccksichtigt alle Bed\u00fcrfnisse und Risiken, die aus einer ungen\u00fcgenden Pflege des \u00e4u\u00dferen Geh\u00f6rgangs hervorgehen.<\/li>\n<li>Sie sind ein n\u00fctzliches und leicht anwendbares Pr\u00e4parat zur regelm\u00e4\u00dfigen Pflege des \u00e4u\u00dferen Geh\u00f6rgangs.<\/li>\n<li>Sie bestehen ausschlie\u00dflich aus nat\u00fcrlichen Rohstoffen \u2013 aus \u00d6len, deren Wirksamkeit bekannt ist.<\/li>\n<li>Hemmt unangenehme Schmerzen (Lavendel\u00f6l) und sch\u00fctzt zus\u00e4tzlich vor unerw\u00fcnschten Mikroorganismen.<\/li>\n<\/ul>\n","protected":false},"featured_media":3773,"template":"","products":[82],"class_list":["post-2059","product","type-product","status-publish","has-post-thumbnail","hentry","products-aurecon-de"],"yoast_head":"<title>AURECON Forte Tropfen - Fytofontana<\/title>\n<meta name=\"description\" content=\"Aurecon Ohrentropfen Forte lindern Ohrenschmerzen, sch\u00fctzen vor Mikroorganismen und pflegen den \u00e4u\u00dferen Geh\u00f6rgang. Mit Lavendel\u00f6l und nat\u00fcrlichen \u00d6len. Frei von chemischen Zus\u00e4tzen.\" \/>\n<meta name=\"robots\" content=\"index, follow, max-snippet:-1, max-image-preview:large, max-video-preview:-1\" \/>\n<link rel=\"canonical\" href=\"https:\/\/www.fytofontana.com\/de\/product\/aurecon-forte-tropfen\/\" \/>\n<meta property=\"og:locale\" content=\"de_DE\" \/>\n<meta property=\"og:type\" content=\"article\" \/>\n<meta property=\"og:title\" content=\"AURECON Forte Tropfen - Fytofontana\" \/>\n<meta property=\"og:description\" content=\"Aurecon Ohrentropfen Forte lindern Ohrenschmerzen, sch\u00fctzen vor Mikroorganismen und pflegen den \u00e4u\u00dferen Geh\u00f6rgang. Mit Lavendel\u00f6l und nat\u00fcrlichen \u00d6len. Frei von chemischen Zus\u00e4tzen.\" \/>\n<meta property=\"og:url\" content=\"https:\/\/www.fytofontana.com\/de\/product\/aurecon-forte-tropfen\/\" \/>\n<meta property=\"og:site_name\" content=\"Fytofontana\" \/>\n<meta property=\"article:modified_time\" content=\"2025-10-14T12:47:03+00:00\" \/>\n<meta property=\"og:image\" content=\"https:\/\/www.fytofontana.com\/wp-content\/uploads\/2021\/02\/2023_05_AURECON_Drops_Forte_10ml_1000x1000px_01_Primary.png\" \/>\n\t<meta property=\"og:image:width\" content=\"1000\" \/>\n\t<meta property=\"og:image:height\" content=\"1000\" \/>\n\t<meta property=\"og:image:type\" content=\"image\/png\" \/>\n<meta name=\"twitter:card\" content=\"summary_large_image\" \/>\n<meta name=\"twitter:label1\" content=\"Gesch\u00e4tzte Lesezeit\" \/>\n\t<meta name=\"twitter:data1\" content=\"1\u00a0Minute\" \/>\n<script type=\"application\/ld+json\" class=\"yoast-schema-graph\">{\"@context\":\"https:\\\/\\\/schema.org\",\"@graph\":[{\"@type\":[\"WebPage\",\"ItemPage\"],\"@id\":\"https:\\\/\\\/www.fytofontana.com\\\/de\\\/product\\\/aurecon-forte-tropfen\\\/\",\"url\":\"https:\\\/\\\/www.fytofontana.com\\\/de\\\/product\\\/aurecon-forte-tropfen\\\/\",\"name\":\"AURECON Forte Tropfen - Fytofontana\",\"isPartOf\":{\"@id\":\"https:\\\/\\\/www.fytofontana.com\\\/#website\"},\"primaryImageOfPage\":{\"@id\":\"https:\\\/\\\/www.fytofontana.com\\\/de\\\/product\\\/aurecon-forte-tropfen\\\/#primaryimage\"},\"image\":{\"@id\":\"https:\\\/\\\/www.fytofontana.com\\\/de\\\/product\\\/aurecon-forte-tropfen\\\/#primaryimage\"},\"thumbnailUrl\":\"https:\\\/\\\/www.fytofontana.com\\\/wp-content\\\/uploads\\\/2021\\\/02\\\/2023_05_AURECON_Drops_Forte_10ml_1000x1000px_01_Primary.png\",\"datePublished\":\"2021-06-13T16:56:33+00:00\",\"dateModified\":\"2025-10-14T12:47:03+00:00\",\"description\":\"Aurecon Ohrentropfen Forte lindern Ohrenschmerzen, sch\u00fctzen vor Mikroorganismen und pflegen den \u00e4u\u00dferen Geh\u00f6rgang. Mit Lavendel\u00f6l und nat\u00fcrlichen \u00d6len. Frei von chemischen Zus\u00e4tzen.\",\"breadcrumb\":{\"@id\":\"https:\\\/\\\/www.fytofontana.com\\\/de\\\/product\\\/aurecon-forte-tropfen\\\/#breadcrumb\"},\"inLanguage\":\"de\",\"potentialAction\":[{\"@type\":\"ReadAction\",\"target\":[\"https:\\\/\\\/www.fytofontana.com\\\/de\\\/product\\\/aurecon-forte-tropfen\\\/\"]}]},{\"@type\":\"ImageObject\",\"inLanguage\":\"de\",\"@id\":\"https:\\\/\\\/www.fytofontana.com\\\/de\\\/product\\\/aurecon-forte-tropfen\\\/#primaryimage\",\"url\":\"https:\\\/\\\/www.fytofontana.com\\\/wp-content\\\/uploads\\\/2021\\\/02\\\/2023_05_AURECON_Drops_Forte_10ml_1000x1000px_01_Primary.png\",\"contentUrl\":\"https:\\\/\\\/www.fytofontana.com\\\/wp-content\\\/uploads\\\/2021\\\/02\\\/2023_05_AURECON_Drops_Forte_10ml_1000x1000px_01_Primary.png\",\"width\":1000,\"height\":1000},{\"@type\":\"BreadcrumbList\",\"@id\":\"https:\\\/\\\/www.fytofontana.com\\\/de\\\/product\\\/aurecon-forte-tropfen\\\/#breadcrumb\",\"itemListElement\":[{\"@type\":\"ListItem\",\"position\":1,\"name\":\"Home\",\"item\":\"https:\\\/\\\/www.fytofontana.com\\\/de\\\/\"},{\"@type\":\"ListItem\",\"position\":2,\"name\":\"AURECON Forte Tropfen\"}]},{\"@type\":\"WebSite\",\"@id\":\"https:\\\/\\\/www.fytofontana.com\\\/#website\",\"url\":\"https:\\\/\\\/www.fytofontana.com\\\/\",\"name\":\"Fytofontana\",\"description\":\"\",\"publisher\":{\"@id\":\"https:\\\/\\\/www.fytofontana.com\\\/#organization\"},\"potentialAction\":[{\"@type\":\"SearchAction\",\"target\":{\"@type\":\"EntryPoint\",\"urlTemplate\":\"https:\\\/\\\/www.fytofontana.com\\\/?s={search_term_string}\"},\"query-input\":{\"@type\":\"PropertyValueSpecification\",\"valueRequired\":true,\"valueName\":\"search_term_string\"}}],\"inLanguage\":\"de\"},{\"@type\":\"Organization\",\"@id\":\"https:\\\/\\\/www.fytofontana.com\\\/#organization\",\"name\":\"Fytofontana\",\"url\":\"https:\\\/\\\/www.fytofontana.com\\\/\",\"logo\":{\"@type\":\"ImageObject\",\"inLanguage\":\"de\",\"@id\":\"https:\\\/\\\/www.fytofontana.com\\\/#\\\/schema\\\/logo\\\/image\\\/\",\"url\":\"https:\\\/\\\/www.fytofontana.com\\\/wp-content\\\/uploads\\\/2021\\\/01\\\/fyto.png\",\"contentUrl\":\"https:\\\/\\\/www.fytofontana.com\\\/wp-content\\\/uploads\\\/2021\\\/01\\\/fyto.png\",\"width\":817,\"height\":79,\"caption\":\"Fytofontana\"},\"image\":{\"@id\":\"https:\\\/\\\/www.fytofontana.com\\\/#\\\/schema\\\/logo\\\/image\\\/\"}}]}<\/script>","yoast_head_json":{"title":"AURECON Forte Tropfen - Fytofontana","description":"Aurecon Ohrentropfen Forte lindern Ohrenschmerzen, sch\u00fctzen vor Mikroorganismen und pflegen den \u00e4u\u00dferen Geh\u00f6rgang. Mit Lavendel\u00f6l und nat\u00fcrlichen \u00d6len. Frei von chemischen Zus\u00e4tzen.","robots":{"index":"index","follow":"follow","max-snippet":"max-snippet:-1","max-image-preview":"max-image-preview:large","max-video-preview":"max-video-preview:-1"},"canonical":"https:\/\/www.fytofontana.com\/de\/product\/aurecon-forte-tropfen\/","og_locale":"de_DE","og_type":"article","og_title":"AURECON Forte Tropfen - Fytofontana","og_description":"Aurecon Ohrentropfen Forte lindern Ohrenschmerzen, sch\u00fctzen vor Mikroorganismen und pflegen den \u00e4u\u00dferen Geh\u00f6rgang. Mit Lavendel\u00f6l und nat\u00fcrlichen \u00d6len. Frei von chemischen Zus\u00e4tzen.","og_url":"https:\/\/www.fytofontana.com\/de\/product\/aurecon-forte-tropfen\/","og_site_name":"Fytofontana","article_modified_time":"2025-10-14T12:47:03+00:00","og_image":[{"width":1000,"height":1000,"url":"https:\/\/www.fytofontana.com\/wp-content\/uploads\/2021\/02\/2023_05_AURECON_Drops_Forte_10ml_1000x1000px_01_Primary.png","type":"image\/png"}],"twitter_card":"summary_large_image","twitter_misc":{"Gesch\u00e4tzte Lesezeit":"1\u00a0Minute"},"schema":{"@context":"https:\/\/schema.org","@graph":[{"@type":["WebPage","ItemPage"],"@id":"https:\/\/www.fytofontana.com\/de\/product\/aurecon-forte-tropfen\/","url":"https:\/\/www.fytofontana.com\/de\/product\/aurecon-forte-tropfen\/","name":"AURECON Forte Tropfen - Fytofontana","isPartOf":{"@id":"https:\/\/www.fytofontana.com\/#website"},"primaryImageOfPage":{"@id":"https:\/\/www.fytofontana.com\/de\/product\/aurecon-forte-tropfen\/#primaryimage"},"image":{"@id":"https:\/\/www.fytofontana.com\/de\/product\/aurecon-forte-tropfen\/#primaryimage"},"thumbnailUrl":"https:\/\/www.fytofontana.com\/wp-content\/uploads\/2021\/02\/2023_05_AURECON_Drops_Forte_10ml_1000x1000px_01_Primary.png","datePublished":"2021-06-13T16:56:33+00:00","dateModified":"2025-10-14T12:47:03+00:00","description":"Aurecon Ohrentropfen Forte lindern Ohrenschmerzen, sch\u00fctzen vor Mikroorganismen und pflegen den \u00e4u\u00dferen Geh\u00f6rgang. Mit Lavendel\u00f6l und nat\u00fcrlichen \u00d6len. Frei von chemischen Zus\u00e4tzen.","breadcrumb":{"@id":"https:\/\/www.fytofontana.com\/de\/product\/aurecon-forte-tropfen\/#breadcrumb"},"inLanguage":"de","potentialAction":[{"@type":"ReadAction","target":["https:\/\/www.fytofontana.com\/de\/product\/aurecon-forte-tropfen\/"]}]},{"@type":"ImageObject","inLanguage":"de","@id":"https:\/\/www.fytofontana.com\/de\/product\/aurecon-forte-tropfen\/#primaryimage","url":"https:\/\/www.fytofontana.com\/wp-content\/uploads\/2021\/02\/2023_05_AURECON_Drops_Forte_10ml_1000x1000px_01_Primary.png","contentUrl":"https:\/\/www.fytofontana.com\/wp-content\/uploads\/2021\/02\/2023_05_AURECON_Drops_Forte_10ml_1000x1000px_01_Primary.png","width":1000,"height":1000},{"@type":"BreadcrumbList","@id":"https:\/\/www.fytofontana.com\/de\/product\/aurecon-forte-tropfen\/#breadcrumb","itemListElement":[{"@type":"ListItem","position":1,"name":"Home","item":"https:\/\/www.fytofontana.com\/de\/"},{"@type":"ListItem","position":2,"name":"AURECON Forte Tropfen"}]},{"@type":"WebSite","@id":"https:\/\/www.fytofontana.com\/#website","url":"https:\/\/www.fytofontana.com\/","name":"Fytofontana","description":"","publisher":{"@id":"https:\/\/www.fytofontana.com\/#organization"},"potentialAction":[{"@type":"SearchAction","target":{"@type":"EntryPoint","urlTemplate":"https:\/\/www.fytofontana.com\/?s={search_term_string}"},"query-input":{"@type":"PropertyValueSpecification","valueRequired":true,"valueName":"search_term_string"}}],"inLanguage":"de"},{"@type":"Organization","@id":"https:\/\/www.fytofontana.com\/#organization","name":"Fytofontana","url":"https:\/\/www.fytofontana.com\/","logo":{"@type":"ImageObject","inLanguage":"de","@id":"https:\/\/www.fytofontana.com\/#\/schema\/logo\/image\/","url":"https:\/\/www.fytofontana.com\/wp-content\/uploads\/2021\/01\/fyto.png","contentUrl":"https:\/\/www.fytofontana.com\/wp-content\/uploads\/2021\/01\/fyto.png","width":817,"height":79,"caption":"Fytofontana"},"image":{"@id":"https:\/\/www.fytofontana.com\/#\/schema\/logo\/image\/"}}]}},"_links":{"self":[{"href":"https:\/\/www.fytofontana.com\/de\/wp-json\/wp\/v2\/product\/2059","targetHints":{"allow":["GET"]}}],"collection":[{"href":"https:\/\/www.fytofontana.com\/de\/wp-json\/wp\/v2\/product"}],"about":[{"href":"https:\/\/www.fytofontana.com\/de\/wp-json\/wp\/v2\/types\/product"}],"wp:featuredmedia":[{"embeddable":true,"href":"https:\/\/www.fytofontana.com\/de\/wp-json\/wp\/v2\/media\/3773"}],"wp:attachment":[{"href":"https:\/\/www.fytofontana.com\/de\/wp-json\/wp\/v2\/media?parent=2059"}],"wp:term":[{"taxonomy":"products","embeddable":true,"href":"https:\/\/www.fytofontana.com\/de\/wp-json\/wp\/v2\/products?post=2059"}],"curies":[{"name":"wp","href":"https:\/\/api.w.org\/{rel}","templated":true}]}}