{"id":2057,"date":"2021-06-13T17:43:01","date_gmt":"2021-06-13T16:43:01","guid":{"rendered":"https:\/\/www.fytofontana.com\/hu\/?post_type=product&#038;p=2057"},"modified":"2025-07-02T17:23:59","modified_gmt":"2025-07-02T16:23:59","slug":"gyntima-intim-lifting-creme","status":"publish","type":"product","link":"https:\/\/www.fytofontana.com\/de\/product\/gyntima-intim-lifting-creme\/","title":{"rendered":"GYNTIMA Intim Lifting Creme"},"content":{"rendered":"<p><strong>Intimpflege<\/strong><\/p>\n<p>Gyntima Intim Firming Creme ist f\u00fcr die Intimpflege entwickelt. Die einzigartige Zusammensetzung aus biotechnologischen Peptiden und pflanzlichen Wirkstoffen, die Phytohormone enthalten, regeneriert, verj\u00fcngt und st\u00e4rkt sanft die Haut im Intimbereich. Durch den hohen aktiven Wirkstoffgehalt wird die Haut bei regelm\u00e4\u00dfiger Anwendung weich, geschmeidig und flexibel.<\/p>\n","protected":false},"featured_media":3644,"template":"","products":[85],"yoast_head":"<title>GYNTIMA Intim Lifting Creme - Fytofontana<\/title>\n<meta name=\"robots\" content=\"index, follow, max-snippet:-1, max-image-preview:large, max-video-preview:-1\" \/>\n<link rel=\"canonical\" href=\"https:\/\/www.fytofontana.com\/de\/product\/gyntima-intim-lifting-creme\/\" \/>\n<meta property=\"og:locale\" content=\"de_DE\" \/>\n<meta property=\"og:type\" content=\"article\" \/>\n<meta property=\"og:title\" content=\"GYNTIMA Intim Lifting Creme - Fytofontana\" \/>\n<meta property=\"og:description\" content=\"Intimpflege Gyntima Intim Firming Creme ist f\u00fcr die Intimpflege entwickelt. Die einzigartige Zusammensetzung aus biotechnologischen Peptiden und pflanzlichen Wirkstoffen, die Phytohormone enthalten, regeneriert, verj\u00fcngt und st\u00e4rkt sanft die Haut im Intimbereich. Durch den hohen aktiven Wirkstoffgehalt wird die Haut bei regelm\u00e4\u00dfiger Anwendung weich, geschmeidig und flexibel.\" \/>\n<meta property=\"og:url\" content=\"https:\/\/www.fytofontana.com\/de\/product\/gyntima-intim-lifting-creme\/\" \/>\n<meta property=\"og:site_name\" content=\"Fytofontana\" \/>\n<meta property=\"article:modified_time\" content=\"2025-07-02T16:23:59+00:00\" \/>\n<meta property=\"og:image\" content=\"https:\/\/www.fytofontana.com\/wp-content\/uploads\/2021\/03\/2025_05_GYNTIMA_Intimate_Lifting_cream_50ml_01_LQ_Primary.png\" \/>\n\t<meta property=\"og:image:width\" content=\"1000\" \/>\n\t<meta property=\"og:image:height\" content=\"1000\" \/>\n<meta name=\"twitter:card\" content=\"summary_large_image\" \/>\n<meta name=\"twitter:label1\" content=\"Gesch\u00e4tzte Lesezeit\">\n\t<meta name=\"twitter:data1\" content=\"1\u00a0Minute\">\n<script type=\"application\/ld+json\" class=\"yoast-schema-graph\">{\"@context\":\"https:\/\/schema.org\",\"@graph\":[{\"@type\":\"Organization\",\"@id\":\"https:\/\/www.fytofontana.com\/#organization\",\"name\":\"Fytofontana\",\"url\":\"https:\/\/www.fytofontana.com\/\",\"sameAs\":[],\"logo\":{\"@type\":\"ImageObject\",\"@id\":\"https:\/\/www.fytofontana.com\/#logo\",\"inLanguage\":\"de\",\"url\":\"https:\/\/www.fytofontana.com\/wp-content\/uploads\/2021\/01\/fyto.png\",\"width\":817,\"height\":79,\"caption\":\"Fytofontana\"},\"image\":{\"@id\":\"https:\/\/www.fytofontana.com\/#logo\"}},{\"@type\":\"WebSite\",\"@id\":\"https:\/\/www.fytofontana.com\/#website\",\"url\":\"https:\/\/www.fytofontana.com\/\",\"name\":\"Fytofontana\",\"description\":\"\",\"publisher\":{\"@id\":\"https:\/\/www.fytofontana.com\/#organization\"},\"potentialAction\":[{\"@type\":\"SearchAction\",\"target\":\"https:\/\/www.fytofontana.com\/?s={search_term_string}\",\"query-input\":\"required name=search_term_string\"}],\"inLanguage\":\"de\"},{\"@type\":\"ImageObject\",\"@id\":\"https:\/\/www.fytofontana.com\/de\/product\/gyntima-intim-lifting-creme\/#primaryimage\",\"inLanguage\":\"de\",\"url\":\"https:\/\/www.fytofontana.com\/wp-content\/uploads\/2021\/03\/2025_05_GYNTIMA_Intimate_Lifting_cream_50ml_01_LQ_Primary.png\",\"width\":1000,\"height\":1000},{\"@type\":[\"WebPage\",\"ItemPage\"],\"@id\":\"https:\/\/www.fytofontana.com\/de\/product\/gyntima-intim-lifting-creme\/#webpage\",\"url\":\"https:\/\/www.fytofontana.com\/de\/product\/gyntima-intim-lifting-creme\/\",\"name\":\"GYNTIMA Intim Lifting Creme - Fytofontana\",\"isPartOf\":{\"@id\":\"https:\/\/www.fytofontana.com\/#website\"},\"primaryImageOfPage\":{\"@id\":\"https:\/\/www.fytofontana.com\/de\/product\/gyntima-intim-lifting-creme\/#primaryimage\"},\"datePublished\":\"2021-06-13T16:43:01+00:00\",\"dateModified\":\"2025-07-02T16:23:59+00:00\",\"breadcrumb\":{\"@id\":\"https:\/\/www.fytofontana.com\/de\/product\/gyntima-intim-lifting-creme\/#breadcrumb\"},\"inLanguage\":\"de\",\"potentialAction\":[{\"@type\":\"ReadAction\",\"target\":[\"https:\/\/www.fytofontana.com\/de\/product\/gyntima-intim-lifting-creme\/\"]}]},{\"@type\":\"BreadcrumbList\",\"@id\":\"https:\/\/www.fytofontana.com\/de\/product\/gyntima-intim-lifting-creme\/#breadcrumb\",\"itemListElement\":[{\"@type\":\"ListItem\",\"position\":1,\"item\":{\"@type\":\"WebPage\",\"@id\":\"https:\/\/www.fytofontana.com\/de\/\",\"url\":\"https:\/\/www.fytofontana.com\/de\/\",\"name\":\"Home\"}},{\"@type\":\"ListItem\",\"position\":2,\"item\":{\"@type\":\"WebPage\",\"@id\":\"https:\/\/www.fytofontana.com\/de\/product\/gyntima-intim-lifting-creme\/\",\"url\":\"https:\/\/www.fytofontana.com\/de\/product\/gyntima-intim-lifting-creme\/\",\"name\":\"GYNTIMA Intim Lifting Creme\"}}]}]}<\/script>","_links":{"self":[{"href":"https:\/\/www.fytofontana.com\/de\/wp-json\/wp\/v2\/product\/2057"}],"collection":[{"href":"https:\/\/www.fytofontana.com\/de\/wp-json\/wp\/v2\/product"}],"about":[{"href":"https:\/\/www.fytofontana.com\/de\/wp-json\/wp\/v2\/types\/product"}],"wp:featuredmedia":[{"embeddable":true,"href":"https:\/\/www.fytofontana.com\/de\/wp-json\/wp\/v2\/media\/3644"}],"wp:attachment":[{"href":"https:\/\/www.fytofontana.com\/de\/wp-json\/wp\/v2\/media?parent=2057"}],"wp:term":[{"taxonomy":"products","embeddable":true,"href":"https:\/\/www.fytofontana.com\/de\/wp-json\/wp\/v2\/products?post=2057"}],"curies":[{"name":"wp","href":"https:\/\/api.w.org\/{rel}","templated":true}]}}