{"id":2056,"date":"2021-06-13T17:36:30","date_gmt":"2021-06-13T16:36:30","guid":{"rendered":"https:\/\/www.fytofontana.com\/hu\/?post_type=product&#038;p=2056"},"modified":"2025-07-02T17:24:51","modified_gmt":"2025-07-02T16:24:51","slug":"gyntima-intim-aufhellungscreme","status":"publish","type":"product","link":"https:\/\/www.fytofontana.com\/de\/product\/gyntima-intim-aufhellungscreme\/","title":{"rendered":"GYNTIMA Intim Aufhellungscreme"},"content":{"rendered":"<p><strong><span class=\"Apple-converted-space\">\u00a0<\/span>Aufhellungscreme f\u00fcr den Intimbereich<\/strong><\/p>\n<p>Gyntima Whitening Creme wurde speziell f\u00fcr die Aufhellung der Haut im Intimbereich entwickelt. Die Kombination von biotechnologischen Peptide und hochwertigen Wirkstoffe pflanzlichen Ursprungs hellt die Haut auf und gleicht starke Pigmentierung im Genital- und Analbereich sanft aus.<span class=\"Apple-converted-space\">\u00a0<\/span><\/p>\n<p>Gyntima Whitening hellt &#8211; dank den einzigartigen Wirkstoffen und mit regelm\u00e4\u00dfiger Anwendung der Creme &#8211; stark pigmentierte Stellen allm\u00e4hlich auf, wobei die Haut ein gesundes Aussehen gewinnt.<span class=\"Apple-converted-space\">\u00a0<\/span><\/p>\n","protected":false},"featured_media":3621,"template":"","products":[85],"yoast_head":"<title>GYNTIMA Intim Aufhellungscreme - Fytofontana<\/title>\n<meta name=\"robots\" content=\"index, follow, max-snippet:-1, max-image-preview:large, max-video-preview:-1\" \/>\n<link rel=\"canonical\" href=\"https:\/\/www.fytofontana.com\/de\/product\/gyntima-intim-aufhellungscreme\/\" \/>\n<meta property=\"og:locale\" content=\"de_DE\" \/>\n<meta property=\"og:type\" content=\"article\" \/>\n<meta property=\"og:title\" content=\"GYNTIMA Intim Aufhellungscreme - Fytofontana\" \/>\n<meta property=\"og:description\" content=\"\u00a0Aufhellungscreme f\u00fcr den Intimbereich Gyntima Whitening Creme wurde speziell f\u00fcr die Aufhellung der Haut im Intimbereich entwickelt. Die Kombination von biotechnologischen Peptide und hochwertigen Wirkstoffe pflanzlichen Ursprungs hellt die Haut auf und gleicht starke Pigmentierung im Genital- und Analbereich sanft aus.\u00a0 Gyntima Whitening hellt &#8211; dank den einzigartigen Wirkstoffen und mit regelm\u00e4\u00dfiger Anwendung der Creme &hellip; Continued\" \/>\n<meta property=\"og:url\" content=\"https:\/\/www.fytofontana.com\/de\/product\/gyntima-intim-aufhellungscreme\/\" \/>\n<meta property=\"og:site_name\" content=\"Fytofontana\" \/>\n<meta property=\"article:modified_time\" content=\"2025-07-02T16:24:51+00:00\" \/>\n<meta property=\"og:image\" content=\"https:\/\/www.fytofontana.com\/wp-content\/uploads\/2021\/03\/2025_05_GYNTIMA_Intimate_Whitening_cream_50ml_01_LQ_Primary.png\" \/>\n\t<meta property=\"og:image:width\" content=\"1000\" \/>\n\t<meta property=\"og:image:height\" content=\"1000\" \/>\n<meta name=\"twitter:card\" content=\"summary_large_image\" \/>\n<meta name=\"twitter:label1\" content=\"Gesch\u00e4tzte Lesezeit\">\n\t<meta name=\"twitter:data1\" content=\"1\u00a0Minute\">\n<script type=\"application\/ld+json\" class=\"yoast-schema-graph\">{\"@context\":\"https:\/\/schema.org\",\"@graph\":[{\"@type\":\"Organization\",\"@id\":\"https:\/\/www.fytofontana.com\/#organization\",\"name\":\"Fytofontana\",\"url\":\"https:\/\/www.fytofontana.com\/\",\"sameAs\":[],\"logo\":{\"@type\":\"ImageObject\",\"@id\":\"https:\/\/www.fytofontana.com\/#logo\",\"inLanguage\":\"de\",\"url\":\"https:\/\/www.fytofontana.com\/wp-content\/uploads\/2021\/01\/fyto.png\",\"width\":817,\"height\":79,\"caption\":\"Fytofontana\"},\"image\":{\"@id\":\"https:\/\/www.fytofontana.com\/#logo\"}},{\"@type\":\"WebSite\",\"@id\":\"https:\/\/www.fytofontana.com\/#website\",\"url\":\"https:\/\/www.fytofontana.com\/\",\"name\":\"Fytofontana\",\"description\":\"\",\"publisher\":{\"@id\":\"https:\/\/www.fytofontana.com\/#organization\"},\"potentialAction\":[{\"@type\":\"SearchAction\",\"target\":\"https:\/\/www.fytofontana.com\/?s={search_term_string}\",\"query-input\":\"required name=search_term_string\"}],\"inLanguage\":\"de\"},{\"@type\":\"ImageObject\",\"@id\":\"https:\/\/www.fytofontana.com\/de\/product\/gyntima-intim-aufhellungscreme\/#primaryimage\",\"inLanguage\":\"de\",\"url\":\"https:\/\/www.fytofontana.com\/wp-content\/uploads\/2021\/03\/2025_05_GYNTIMA_Intimate_Whitening_cream_50ml_01_LQ_Primary.png\",\"width\":1000,\"height\":1000},{\"@type\":[\"WebPage\",\"ItemPage\"],\"@id\":\"https:\/\/www.fytofontana.com\/de\/product\/gyntima-intim-aufhellungscreme\/#webpage\",\"url\":\"https:\/\/www.fytofontana.com\/de\/product\/gyntima-intim-aufhellungscreme\/\",\"name\":\"GYNTIMA Intim Aufhellungscreme - Fytofontana\",\"isPartOf\":{\"@id\":\"https:\/\/www.fytofontana.com\/#website\"},\"primaryImageOfPage\":{\"@id\":\"https:\/\/www.fytofontana.com\/de\/product\/gyntima-intim-aufhellungscreme\/#primaryimage\"},\"datePublished\":\"2021-06-13T16:36:30+00:00\",\"dateModified\":\"2025-07-02T16:24:51+00:00\",\"breadcrumb\":{\"@id\":\"https:\/\/www.fytofontana.com\/de\/product\/gyntima-intim-aufhellungscreme\/#breadcrumb\"},\"inLanguage\":\"de\",\"potentialAction\":[{\"@type\":\"ReadAction\",\"target\":[\"https:\/\/www.fytofontana.com\/de\/product\/gyntima-intim-aufhellungscreme\/\"]}]},{\"@type\":\"BreadcrumbList\",\"@id\":\"https:\/\/www.fytofontana.com\/de\/product\/gyntima-intim-aufhellungscreme\/#breadcrumb\",\"itemListElement\":[{\"@type\":\"ListItem\",\"position\":1,\"item\":{\"@type\":\"WebPage\",\"@id\":\"https:\/\/www.fytofontana.com\/de\/\",\"url\":\"https:\/\/www.fytofontana.com\/de\/\",\"name\":\"Home\"}},{\"@type\":\"ListItem\",\"position\":2,\"item\":{\"@type\":\"WebPage\",\"@id\":\"https:\/\/www.fytofontana.com\/de\/product\/gyntima-intim-aufhellungscreme\/\",\"url\":\"https:\/\/www.fytofontana.com\/de\/product\/gyntima-intim-aufhellungscreme\/\",\"name\":\"GYNTIMA Intim Aufhellungscreme\"}}]}]}<\/script>","_links":{"self":[{"href":"https:\/\/www.fytofontana.com\/de\/wp-json\/wp\/v2\/product\/2056"}],"collection":[{"href":"https:\/\/www.fytofontana.com\/de\/wp-json\/wp\/v2\/product"}],"about":[{"href":"https:\/\/www.fytofontana.com\/de\/wp-json\/wp\/v2\/types\/product"}],"wp:featuredmedia":[{"embeddable":true,"href":"https:\/\/www.fytofontana.com\/de\/wp-json\/wp\/v2\/media\/3621"}],"wp:attachment":[{"href":"https:\/\/www.fytofontana.com\/de\/wp-json\/wp\/v2\/media?parent=2056"}],"wp:term":[{"taxonomy":"products","embeddable":true,"href":"https:\/\/www.fytofontana.com\/de\/wp-json\/wp\/v2\/products?post=2056"}],"curies":[{"name":"wp","href":"https:\/\/api.w.org\/{rel}","templated":true}]}}