{"id":2053,"date":"2021-06-13T15:00:03","date_gmt":"2021-06-13T14:00:03","guid":{"rendered":"https:\/\/www.fytofontana.com\/hu\/?post_type=product&#038;p=2053"},"modified":"2025-07-02T17:57:55","modified_gmt":"2025-07-02T16:57:55","slug":"gyntima-intimwaschgel","status":"publish","type":"product","link":"https:\/\/www.fytofontana.com\/de\/product\/gyntima-intimwaschgel\/","title":{"rendered":"GYNTIMA Intimwaschgel"},"content":{"rendered":"<p><b>F\u00fcr die t\u00e4gliche Intimhygiene<\/b><\/p>\n<p>Gyntima Intimwaschgel ist ein wirksames, schonendes, erfrischendes Mittel zur t\u00e4glichen Intimhygiene der Frau. Hilft Vaginalinfektionen vorzubeugen.<\/p>\n<p>Dank der optimalen Zusammensetzung und den ausgew\u00e4hlten nat\u00fcrlichen Stoffen, wird es von der Haut sehr gut vertragen. <span class=\"Apple-converted-space\">\u00a0<\/span><\/p>\n","protected":false},"featured_media":3668,"template":"","products":[85],"yoast_head":"<title>GYNTIMA Intimwaschgel - Fytofontana<\/title>\n<meta name=\"robots\" content=\"index, follow, max-snippet:-1, max-image-preview:large, max-video-preview:-1\" \/>\n<link rel=\"canonical\" href=\"https:\/\/www.fytofontana.com\/de\/product\/gyntima-intimwaschgel\/\" \/>\n<meta property=\"og:locale\" content=\"de_DE\" \/>\n<meta property=\"og:type\" content=\"article\" \/>\n<meta property=\"og:title\" content=\"GYNTIMA Intimwaschgel - Fytofontana\" \/>\n<meta property=\"og:description\" content=\"F\u00fcr die t\u00e4gliche Intimhygiene Gyntima Intimwaschgel ist ein wirksames, schonendes, erfrischendes Mittel zur t\u00e4glichen Intimhygiene der Frau. Hilft Vaginalinfektionen vorzubeugen. Dank der optimalen Zusammensetzung und den ausgew\u00e4hlten nat\u00fcrlichen Stoffen, wird es von der Haut sehr gut vertragen. \u00a0\" \/>\n<meta property=\"og:url\" content=\"https:\/\/www.fytofontana.com\/de\/product\/gyntima-intimwaschgel\/\" \/>\n<meta property=\"og:site_name\" content=\"Fytofontana\" \/>\n<meta property=\"article:modified_time\" content=\"2025-07-02T16:57:55+00:00\" \/>\n<meta property=\"og:image\" content=\"https:\/\/www.fytofontana.com\/wp-content\/uploads\/2021\/03\/2025_06_GYNTIMA_Intimate_wash_gel_200ml_01_LQ_Primary.png\" \/>\n\t<meta property=\"og:image:width\" content=\"1000\" \/>\n\t<meta property=\"og:image:height\" content=\"1000\" \/>\n<meta name=\"twitter:card\" content=\"summary_large_image\" \/>\n<meta name=\"twitter:label1\" content=\"Gesch\u00e4tzte Lesezeit\">\n\t<meta name=\"twitter:data1\" content=\"1\u00a0Minute\">\n<script type=\"application\/ld+json\" class=\"yoast-schema-graph\">{\"@context\":\"https:\/\/schema.org\",\"@graph\":[{\"@type\":\"Organization\",\"@id\":\"https:\/\/www.fytofontana.com\/#organization\",\"name\":\"Fytofontana\",\"url\":\"https:\/\/www.fytofontana.com\/\",\"sameAs\":[],\"logo\":{\"@type\":\"ImageObject\",\"@id\":\"https:\/\/www.fytofontana.com\/#logo\",\"inLanguage\":\"de\",\"url\":\"https:\/\/www.fytofontana.com\/wp-content\/uploads\/2021\/01\/fyto.png\",\"width\":817,\"height\":79,\"caption\":\"Fytofontana\"},\"image\":{\"@id\":\"https:\/\/www.fytofontana.com\/#logo\"}},{\"@type\":\"WebSite\",\"@id\":\"https:\/\/www.fytofontana.com\/#website\",\"url\":\"https:\/\/www.fytofontana.com\/\",\"name\":\"Fytofontana\",\"description\":\"\",\"publisher\":{\"@id\":\"https:\/\/www.fytofontana.com\/#organization\"},\"potentialAction\":[{\"@type\":\"SearchAction\",\"target\":\"https:\/\/www.fytofontana.com\/?s={search_term_string}\",\"query-input\":\"required name=search_term_string\"}],\"inLanguage\":\"de\"},{\"@type\":\"ImageObject\",\"@id\":\"https:\/\/www.fytofontana.com\/de\/product\/gyntima-intimwaschgel\/#primaryimage\",\"inLanguage\":\"de\",\"url\":\"https:\/\/www.fytofontana.com\/wp-content\/uploads\/2021\/03\/2025_06_GYNTIMA_Intimate_wash_gel_200ml_01_LQ_Primary.png\",\"width\":1000,\"height\":1000},{\"@type\":[\"WebPage\",\"ItemPage\"],\"@id\":\"https:\/\/www.fytofontana.com\/de\/product\/gyntima-intimwaschgel\/#webpage\",\"url\":\"https:\/\/www.fytofontana.com\/de\/product\/gyntima-intimwaschgel\/\",\"name\":\"GYNTIMA Intimwaschgel - Fytofontana\",\"isPartOf\":{\"@id\":\"https:\/\/www.fytofontana.com\/#website\"},\"primaryImageOfPage\":{\"@id\":\"https:\/\/www.fytofontana.com\/de\/product\/gyntima-intimwaschgel\/#primaryimage\"},\"datePublished\":\"2021-06-13T14:00:03+00:00\",\"dateModified\":\"2025-07-02T16:57:55+00:00\",\"breadcrumb\":{\"@id\":\"https:\/\/www.fytofontana.com\/de\/product\/gyntima-intimwaschgel\/#breadcrumb\"},\"inLanguage\":\"de\",\"potentialAction\":[{\"@type\":\"ReadAction\",\"target\":[\"https:\/\/www.fytofontana.com\/de\/product\/gyntima-intimwaschgel\/\"]}]},{\"@type\":\"BreadcrumbList\",\"@id\":\"https:\/\/www.fytofontana.com\/de\/product\/gyntima-intimwaschgel\/#breadcrumb\",\"itemListElement\":[{\"@type\":\"ListItem\",\"position\":1,\"item\":{\"@type\":\"WebPage\",\"@id\":\"https:\/\/www.fytofontana.com\/de\/\",\"url\":\"https:\/\/www.fytofontana.com\/de\/\",\"name\":\"Home\"}},{\"@type\":\"ListItem\",\"position\":2,\"item\":{\"@type\":\"WebPage\",\"@id\":\"https:\/\/www.fytofontana.com\/de\/product\/gyntima-intimwaschgel\/\",\"url\":\"https:\/\/www.fytofontana.com\/de\/product\/gyntima-intimwaschgel\/\",\"name\":\"GYNTIMA Intimwaschgel\"}}]}]}<\/script>","_links":{"self":[{"href":"https:\/\/www.fytofontana.com\/de\/wp-json\/wp\/v2\/product\/2053"}],"collection":[{"href":"https:\/\/www.fytofontana.com\/de\/wp-json\/wp\/v2\/product"}],"about":[{"href":"https:\/\/www.fytofontana.com\/de\/wp-json\/wp\/v2\/types\/product"}],"wp:featuredmedia":[{"embeddable":true,"href":"https:\/\/www.fytofontana.com\/de\/wp-json\/wp\/v2\/media\/3668"}],"wp:attachment":[{"href":"https:\/\/www.fytofontana.com\/de\/wp-json\/wp\/v2\/media?parent=2053"}],"wp:term":[{"taxonomy":"products","embeddable":true,"href":"https:\/\/www.fytofontana.com\/de\/wp-json\/wp\/v2\/products?post=2053"}],"curies":[{"name":"wp","href":"https:\/\/api.w.org\/{rel}","templated":true}]}}