{"id":2052,"date":"2021-06-13T14:57:06","date_gmt":"2021-06-13T13:57:06","guid":{"rendered":"https:\/\/www.fytofontana.com\/hu\/?post_type=product&#038;p=2052"},"modified":"2025-07-02T17:21:59","modified_gmt":"2025-07-02T16:21:59","slug":"gyntima-intimwaschgel-fur-kinder","status":"publish","type":"product","link":"https:\/\/www.fytofontana.com\/de\/product\/gyntima-intimwaschgel-fur-kinder\/","title":{"rendered":"GYNTIMA Intimwaschgel f\u00fcr Kinder"},"content":{"rendered":"<p><strong>F\u00fcr die t\u00e4gliche Intimhygiene<\/strong><\/p>\n<p>Gyntima Kinder Intimwaschgel ist ein sanftes, sehr schonendes und h\u00f6chst sicheres Waschgel, welches speziell f\u00fcr die Intimhygiene der M\u00e4dchen ab 3 Jahre entwickelt wurde, wenn die Abwehrkraft der Vagina noch schwach ist.<\/p>\n","protected":false},"featured_media":3541,"template":"","products":[85],"yoast_head":"<title>GYNTIMA Intimwaschgel f\u00fcr Kinder - Fytofontana<\/title>\n<meta name=\"description\" content=\"Gyntima Kinder Intimwaschgel ist ein sanftes, sehr schonendes und h\u00f6chst sicheres Waschgel, welches speziell f\u00fcr die Intimhygiene der M\u00e4dchen ab 3 Jahre entwickelt wurde, wenn die Abwehrkraft der Vagina noch schwach ist.\" \/>\n<meta name=\"robots\" content=\"index, follow, max-snippet:-1, max-image-preview:large, max-video-preview:-1\" \/>\n<link rel=\"canonical\" href=\"https:\/\/www.fytofontana.com\/de\/product\/gyntima-intimwaschgel-fur-kinder\/\" \/>\n<meta property=\"og:locale\" content=\"de_DE\" \/>\n<meta property=\"og:type\" content=\"article\" \/>\n<meta property=\"og:title\" content=\"GYNTIMA Intimwaschgel f\u00fcr Kinder - Fytofontana\" \/>\n<meta property=\"og:description\" content=\"Gyntima Kinder Intimwaschgel ist ein sanftes, sehr schonendes und h\u00f6chst sicheres Waschgel, welches speziell f\u00fcr die Intimhygiene der M\u00e4dchen ab 3 Jahre entwickelt wurde, wenn die Abwehrkraft der Vagina noch schwach ist.\" \/>\n<meta property=\"og:url\" content=\"https:\/\/www.fytofontana.com\/de\/product\/gyntima-intimwaschgel-fur-kinder\/\" \/>\n<meta property=\"og:site_name\" content=\"Fytofontana\" \/>\n<meta property=\"article:modified_time\" content=\"2025-07-02T16:21:59+00:00\" \/>\n<meta property=\"og:image\" content=\"https:\/\/www.fytofontana.com\/wp-content\/uploads\/2021\/03\/2025_06_GYNTIMA_Children\u00b4s_intimate_wash_gel_100ml_01_LQ_Primary.png\" \/>\n\t<meta property=\"og:image:width\" content=\"1000\" \/>\n\t<meta property=\"og:image:height\" content=\"1000\" \/>\n<meta name=\"twitter:card\" content=\"summary_large_image\" \/>\n<meta name=\"twitter:label1\" content=\"Gesch\u00e4tzte Lesezeit\">\n\t<meta name=\"twitter:data1\" content=\"1\u00a0Minute\">\n<script type=\"application\/ld+json\" class=\"yoast-schema-graph\">{\"@context\":\"https:\/\/schema.org\",\"@graph\":[{\"@type\":\"Organization\",\"@id\":\"https:\/\/www.fytofontana.com\/#organization\",\"name\":\"Fytofontana\",\"url\":\"https:\/\/www.fytofontana.com\/\",\"sameAs\":[],\"logo\":{\"@type\":\"ImageObject\",\"@id\":\"https:\/\/www.fytofontana.com\/#logo\",\"inLanguage\":\"de\",\"url\":\"https:\/\/www.fytofontana.com\/wp-content\/uploads\/2021\/01\/fyto.png\",\"width\":817,\"height\":79,\"caption\":\"Fytofontana\"},\"image\":{\"@id\":\"https:\/\/www.fytofontana.com\/#logo\"}},{\"@type\":\"WebSite\",\"@id\":\"https:\/\/www.fytofontana.com\/#website\",\"url\":\"https:\/\/www.fytofontana.com\/\",\"name\":\"Fytofontana\",\"description\":\"\",\"publisher\":{\"@id\":\"https:\/\/www.fytofontana.com\/#organization\"},\"potentialAction\":[{\"@type\":\"SearchAction\",\"target\":\"https:\/\/www.fytofontana.com\/?s={search_term_string}\",\"query-input\":\"required name=search_term_string\"}],\"inLanguage\":\"de\"},{\"@type\":\"ImageObject\",\"@id\":\"https:\/\/www.fytofontana.com\/de\/product\/gyntima-intimwaschgel-fur-kinder\/#primaryimage\",\"inLanguage\":\"de\",\"url\":\"https:\/\/www.fytofontana.com\/wp-content\/uploads\/2021\/03\/2025_06_GYNTIMA_Children\\u00b4s_intimate_wash_gel_100ml_01_LQ_Primary.png\",\"width\":1000,\"height\":1000},{\"@type\":[\"WebPage\",\"ItemPage\"],\"@id\":\"https:\/\/www.fytofontana.com\/de\/product\/gyntima-intimwaschgel-fur-kinder\/#webpage\",\"url\":\"https:\/\/www.fytofontana.com\/de\/product\/gyntima-intimwaschgel-fur-kinder\/\",\"name\":\"GYNTIMA Intimwaschgel f\\u00fcr Kinder - Fytofontana\",\"isPartOf\":{\"@id\":\"https:\/\/www.fytofontana.com\/#website\"},\"primaryImageOfPage\":{\"@id\":\"https:\/\/www.fytofontana.com\/de\/product\/gyntima-intimwaschgel-fur-kinder\/#primaryimage\"},\"datePublished\":\"2021-06-13T13:57:06+00:00\",\"dateModified\":\"2025-07-02T16:21:59+00:00\",\"description\":\"Gyntima Kinder Intimwaschgel ist ein sanftes, sehr schonendes und h\\u00f6chst sicheres Waschgel, welches speziell f\\u00fcr die Intimhygiene der M\\u00e4dchen ab 3 Jahre entwickelt wurde, wenn die Abwehrkraft der Vagina noch schwach ist.\",\"breadcrumb\":{\"@id\":\"https:\/\/www.fytofontana.com\/de\/product\/gyntima-intimwaschgel-fur-kinder\/#breadcrumb\"},\"inLanguage\":\"de\",\"potentialAction\":[{\"@type\":\"ReadAction\",\"target\":[\"https:\/\/www.fytofontana.com\/de\/product\/gyntima-intimwaschgel-fur-kinder\/\"]}]},{\"@type\":\"BreadcrumbList\",\"@id\":\"https:\/\/www.fytofontana.com\/de\/product\/gyntima-intimwaschgel-fur-kinder\/#breadcrumb\",\"itemListElement\":[{\"@type\":\"ListItem\",\"position\":1,\"item\":{\"@type\":\"WebPage\",\"@id\":\"https:\/\/www.fytofontana.com\/de\/\",\"url\":\"https:\/\/www.fytofontana.com\/de\/\",\"name\":\"Home\"}},{\"@type\":\"ListItem\",\"position\":2,\"item\":{\"@type\":\"WebPage\",\"@id\":\"https:\/\/www.fytofontana.com\/de\/product\/gyntima-intimwaschgel-fur-kinder\/\",\"url\":\"https:\/\/www.fytofontana.com\/de\/product\/gyntima-intimwaschgel-fur-kinder\/\",\"name\":\"GYNTIMA Intimwaschgel f\\u00fcr Kinder\"}}]}]}<\/script>","_links":{"self":[{"href":"https:\/\/www.fytofontana.com\/de\/wp-json\/wp\/v2\/product\/2052"}],"collection":[{"href":"https:\/\/www.fytofontana.com\/de\/wp-json\/wp\/v2\/product"}],"about":[{"href":"https:\/\/www.fytofontana.com\/de\/wp-json\/wp\/v2\/types\/product"}],"wp:featuredmedia":[{"embeddable":true,"href":"https:\/\/www.fytofontana.com\/de\/wp-json\/wp\/v2\/media\/3541"}],"wp:attachment":[{"href":"https:\/\/www.fytofontana.com\/de\/wp-json\/wp\/v2\/media?parent=2052"}],"wp:term":[{"taxonomy":"products","embeddable":true,"href":"https:\/\/www.fytofontana.com\/de\/wp-json\/wp\/v2\/products?post=2052"}],"curies":[{"name":"wp","href":"https:\/\/api.w.org\/{rel}","templated":true}]}}