{"id":2048,"date":"2021-06-13T14:39:51","date_gmt":"2021-06-13T13:39:51","guid":{"rendered":"https:\/\/www.fytofontana.com\/hu\/?post_type=product&#038;p=2048"},"modified":"2025-10-14T11:50:51","modified_gmt":"2025-10-14T10:50:51","slug":"gyntima-menopausa","status":"publish","type":"product","link":"https:\/\/www.fytofontana.com\/de\/product\/gyntima-menopausa\/","title":{"rendered":"gyntima Menopausa"},"content":{"rendered":"<p><strong>Verhindert und behandelt Symptome der Menopause<\/strong><\/p>\n<ul>\n<li><b>MDR-<\/b><b>zertifiziertes<\/b> <b>Medizinprodukt<\/b> (EU 2017\/745).<\/li>\n<li>Vaginalz\u00e4pfchen GYNTIMA Menopausa enthalten Sojaextrakt, der reich an Phyto\u00f6strogene (Isoflavone) ist, weiter Hyalurons\u00e4ure, zugegebene Milchs\u00e4urebakterien, Heilsalbei und N\u00e4hrstoffe, die die Vermehrung von Milchs\u00e4ure f\u00f6rdern.<\/li>\n<li>Auf diese Weise tragen sie dazu bei, die unangenehme Symptome der Scheidentrockenheit zu lindern und das biologische Gleichgewicht in der Scheide aufrechtzuerhalten.<\/li>\n<li>Der, in Vaginalz\u00e4pfchen enthaltene Sojaextrakt spendet der Scheidenschleimhaut Feuchtigkeit, f\u00f6rdert die nat\u00fcrliche Bildung von Milchs\u00e4ure und hilft die saure Umgebung<span class=\"Apple-converted-space\">\u00a0 <\/span>in der Scheide aufrechtzuerhalten.<\/li>\n<\/ul>\n","protected":false},"featured_media":3484,"template":"","products":[85],"yoast_head":"<title>gyntima Menopausa - Fytofontana<\/title>\n<meta name=\"description\" content=\"Verhindert und behandelt Symptome der Menopause\" \/>\n<meta name=\"robots\" content=\"index, follow, max-snippet:-1, max-image-preview:large, max-video-preview:-1\" \/>\n<link rel=\"canonical\" href=\"https:\/\/www.fytofontana.com\/de\/product\/gyntima-menopausa\/\" \/>\n<meta property=\"og:locale\" content=\"de_DE\" \/>\n<meta property=\"og:type\" content=\"article\" \/>\n<meta property=\"og:title\" content=\"gyntima Menopausa - Fytofontana\" \/>\n<meta property=\"og:description\" content=\"Verhindert und behandelt Symptome der Menopause\" \/>\n<meta property=\"og:url\" content=\"https:\/\/www.fytofontana.com\/de\/product\/gyntima-menopausa\/\" \/>\n<meta property=\"og:site_name\" content=\"Fytofontana\" \/>\n<meta property=\"article:modified_time\" content=\"2025-10-14T10:50:51+00:00\" \/>\n<meta property=\"og:image\" content=\"https:\/\/www.fytofontana.com\/wp-content\/uploads\/2020\/12\/2025_04_GYNTIMA_Vag_Sup_Menopausa_10pcs_01_HQ_Primary-e1750163302925.png\" \/>\n\t<meta property=\"og:image:width\" content=\"1000\" \/>\n\t<meta property=\"og:image:height\" content=\"1000\" \/>\n<meta name=\"twitter:card\" content=\"summary_large_image\" \/>\n<meta name=\"twitter:label1\" content=\"Gesch\u00e4tzte Lesezeit\">\n\t<meta name=\"twitter:data1\" content=\"1\u00a0Minute\">\n<script type=\"application\/ld+json\" class=\"yoast-schema-graph\">{\"@context\":\"https:\/\/schema.org\",\"@graph\":[{\"@type\":\"Organization\",\"@id\":\"https:\/\/www.fytofontana.com\/#organization\",\"name\":\"Fytofontana\",\"url\":\"https:\/\/www.fytofontana.com\/\",\"sameAs\":[],\"logo\":{\"@type\":\"ImageObject\",\"@id\":\"https:\/\/www.fytofontana.com\/#logo\",\"inLanguage\":\"de\",\"url\":\"https:\/\/www.fytofontana.com\/wp-content\/uploads\/2021\/01\/fyto.png\",\"width\":817,\"height\":79,\"caption\":\"Fytofontana\"},\"image\":{\"@id\":\"https:\/\/www.fytofontana.com\/#logo\"}},{\"@type\":\"WebSite\",\"@id\":\"https:\/\/www.fytofontana.com\/#website\",\"url\":\"https:\/\/www.fytofontana.com\/\",\"name\":\"Fytofontana\",\"description\":\"\",\"publisher\":{\"@id\":\"https:\/\/www.fytofontana.com\/#organization\"},\"potentialAction\":[{\"@type\":\"SearchAction\",\"target\":\"https:\/\/www.fytofontana.com\/?s={search_term_string}\",\"query-input\":\"required name=search_term_string\"}],\"inLanguage\":\"de\"},{\"@type\":\"ImageObject\",\"@id\":\"https:\/\/www.fytofontana.com\/de\/product\/gyntima-menopausa\/#primaryimage\",\"inLanguage\":\"de\",\"url\":\"https:\/\/www.fytofontana.com\/wp-content\/uploads\/2020\/12\/2025_04_GYNTIMA_Vag_Sup_Menopausa_10pcs_01_HQ_Primary-e1750163302925.png\",\"width\":1000,\"height\":1000},{\"@type\":[\"WebPage\",\"ItemPage\"],\"@id\":\"https:\/\/www.fytofontana.com\/de\/product\/gyntima-menopausa\/#webpage\",\"url\":\"https:\/\/www.fytofontana.com\/de\/product\/gyntima-menopausa\/\",\"name\":\"gyntima Menopausa - Fytofontana\",\"isPartOf\":{\"@id\":\"https:\/\/www.fytofontana.com\/#website\"},\"primaryImageOfPage\":{\"@id\":\"https:\/\/www.fytofontana.com\/de\/product\/gyntima-menopausa\/#primaryimage\"},\"datePublished\":\"2021-06-13T13:39:51+00:00\",\"dateModified\":\"2025-10-14T10:50:51+00:00\",\"description\":\"Verhindert und behandelt Symptome der Menopause\",\"breadcrumb\":{\"@id\":\"https:\/\/www.fytofontana.com\/de\/product\/gyntima-menopausa\/#breadcrumb\"},\"inLanguage\":\"de\",\"potentialAction\":[{\"@type\":\"ReadAction\",\"target\":[\"https:\/\/www.fytofontana.com\/de\/product\/gyntima-menopausa\/\"]}]},{\"@type\":\"BreadcrumbList\",\"@id\":\"https:\/\/www.fytofontana.com\/de\/product\/gyntima-menopausa\/#breadcrumb\",\"itemListElement\":[{\"@type\":\"ListItem\",\"position\":1,\"item\":{\"@type\":\"WebPage\",\"@id\":\"https:\/\/www.fytofontana.com\/de\/\",\"url\":\"https:\/\/www.fytofontana.com\/de\/\",\"name\":\"Home\"}},{\"@type\":\"ListItem\",\"position\":2,\"item\":{\"@type\":\"WebPage\",\"@id\":\"https:\/\/www.fytofontana.com\/de\/product\/gyntima-menopausa\/\",\"url\":\"https:\/\/www.fytofontana.com\/de\/product\/gyntima-menopausa\/\",\"name\":\"gyntima Menopausa\"}}]}]}<\/script>","_links":{"self":[{"href":"https:\/\/www.fytofontana.com\/de\/wp-json\/wp\/v2\/product\/2048"}],"collection":[{"href":"https:\/\/www.fytofontana.com\/de\/wp-json\/wp\/v2\/product"}],"about":[{"href":"https:\/\/www.fytofontana.com\/de\/wp-json\/wp\/v2\/types\/product"}],"wp:featuredmedia":[{"embeddable":true,"href":"https:\/\/www.fytofontana.com\/de\/wp-json\/wp\/v2\/media\/3484"}],"wp:attachment":[{"href":"https:\/\/www.fytofontana.com\/de\/wp-json\/wp\/v2\/media?parent=2048"}],"wp:term":[{"taxonomy":"products","embeddable":true,"href":"https:\/\/www.fytofontana.com\/de\/wp-json\/wp\/v2\/products?post=2048"}],"curies":[{"name":"wp","href":"https:\/\/api.w.org\/{rel}","templated":true}]}}