{"id":2041,"date":"2021-06-13T13:16:23","date_gmt":"2021-06-13T12:16:23","guid":{"rendered":"https:\/\/www.fytofontana.com\/hu\/?post_type=product&#038;p=2041"},"modified":"2025-07-28T17:40:04","modified_gmt":"2025-07-28T16:40:04","slug":"citrovital-kapseln","status":"publish","type":"product","link":"https:\/\/www.fytofontana.com\/de\/product\/citrovital-kapseln\/","title":{"rendered":"CITROVITAL Kapseln"},"content":{"rendered":"<ul>\n<li class=\"field field--name-field-subtitle field--type-string field--label-hidden field--item\"><strong>Nahrungserg\u00e4nzungsmittel mit Grapefruitkernextrakt<\/strong><\/li>\n<li class=\"field field--name-field-subtitle field--type-string field--label-hidden field--item\">Es handelt sich um Grapefruitkern-Extrakt (Citrus paradisi), des vor allem Bioflavonoide enth\u00e4lt. Dieser Grundstoff besitzt eine starke Wirkung, die eine Vermehrung von Bakterien, Viren und Pilzen unterbindet. Die nat\u00fcrlichen Flavonoide erleichtern die Verdauung, reinigen den Organismus, st\u00e4rken die Widerstandsf\u00e4higkeit, beugen Erk\u00e4ltungen, Infektionen und Entz\u00fcndungen vor, verbessern den Blutkreislauf und steigern die Widerstandsf\u00e4higkeit der Schleimh\u00e4ute.<\/li>\n<\/ul>\n<div class=\"entry-content mb-8 lg:mb-16\">\n<p>&nbsp;<\/p>\n<\/div>\n","protected":false},"featured_media":3985,"template":"","products":[84],"class_list":["post-2041","product","type-product","status-publish","has-post-thumbnail","hentry","products-citrovital-de"],"yoast_head":"<title>CITROVITAL Kapseln - Fytofontana<\/title>\n<meta name=\"description\" content=\"Citrovital Kapseln mit Grapefruitkernextrakt unterst\u00fctzen das Immunsystem, f\u00f6rdern die Verdauung und reinigen den K\u00f6rper. Bioflavonoide wirken gegen Bakterien, Viren und Pilze und tragen zur St\u00e4rkung der Schleimh\u00e4ute bei.\" \/>\n<meta name=\"robots\" content=\"index, follow, max-snippet:-1, max-image-preview:large, max-video-preview:-1\" \/>\n<link rel=\"canonical\" href=\"https:\/\/www.fytofontana.com\/de\/product\/citrovital-kapseln\/\" \/>\n<meta property=\"og:locale\" content=\"de_DE\" \/>\n<meta property=\"og:type\" content=\"article\" \/>\n<meta property=\"og:title\" content=\"CITROVITAL Kapseln - Fytofontana\" \/>\n<meta property=\"og:description\" content=\"Citrovital Kapseln mit Grapefruitkernextrakt unterst\u00fctzen das Immunsystem, f\u00f6rdern die Verdauung und reinigen den K\u00f6rper. Bioflavonoide wirken gegen Bakterien, Viren und Pilze und tragen zur St\u00e4rkung der Schleimh\u00e4ute bei.\" \/>\n<meta property=\"og:url\" content=\"https:\/\/www.fytofontana.com\/de\/product\/citrovital-kapseln\/\" \/>\n<meta property=\"og:site_name\" content=\"Fytofontana\" \/>\n<meta property=\"article:modified_time\" content=\"2025-07-28T16:40:04+00:00\" \/>\n<meta property=\"og:image\" content=\"https:\/\/www.fytofontana.com\/wp-content\/uploads\/2021\/03\/CITROVITAL_Capsules_30cps_01_Primary_1000x1000.png\" \/>\n\t<meta property=\"og:image:width\" content=\"1000\" \/>\n\t<meta property=\"og:image:height\" content=\"1000\" \/>\n\t<meta property=\"og:image:type\" content=\"image\/png\" \/>\n<meta name=\"twitter:card\" content=\"summary_large_image\" \/>\n<meta name=\"twitter:label1\" content=\"Gesch\u00e4tzte Lesezeit\" \/>\n\t<meta name=\"twitter:data1\" content=\"1\u00a0Minute\" \/>\n<script type=\"application\/ld+json\" class=\"yoast-schema-graph\">{\"@context\":\"https:\\\/\\\/schema.org\",\"@graph\":[{\"@type\":[\"WebPage\",\"ItemPage\"],\"@id\":\"https:\\\/\\\/www.fytofontana.com\\\/de\\\/product\\\/citrovital-kapseln\\\/\",\"url\":\"https:\\\/\\\/www.fytofontana.com\\\/de\\\/product\\\/citrovital-kapseln\\\/\",\"name\":\"CITROVITAL Kapseln - Fytofontana\",\"isPartOf\":{\"@id\":\"https:\\\/\\\/www.fytofontana.com\\\/#website\"},\"primaryImageOfPage\":{\"@id\":\"https:\\\/\\\/www.fytofontana.com\\\/de\\\/product\\\/citrovital-kapseln\\\/#primaryimage\"},\"image\":{\"@id\":\"https:\\\/\\\/www.fytofontana.com\\\/de\\\/product\\\/citrovital-kapseln\\\/#primaryimage\"},\"thumbnailUrl\":\"https:\\\/\\\/www.fytofontana.com\\\/wp-content\\\/uploads\\\/2021\\\/03\\\/CITROVITAL_Capsules_30cps_01_Primary_1000x1000.png\",\"datePublished\":\"2021-06-13T12:16:23+00:00\",\"dateModified\":\"2025-07-28T16:40:04+00:00\",\"description\":\"Citrovital Kapseln mit Grapefruitkernextrakt unterst\u00fctzen das Immunsystem, f\u00f6rdern die Verdauung und reinigen den K\u00f6rper. Bioflavonoide wirken gegen Bakterien, Viren und Pilze und tragen zur St\u00e4rkung der Schleimh\u00e4ute bei.\",\"breadcrumb\":{\"@id\":\"https:\\\/\\\/www.fytofontana.com\\\/de\\\/product\\\/citrovital-kapseln\\\/#breadcrumb\"},\"inLanguage\":\"de\",\"potentialAction\":[{\"@type\":\"ReadAction\",\"target\":[\"https:\\\/\\\/www.fytofontana.com\\\/de\\\/product\\\/citrovital-kapseln\\\/\"]}]},{\"@type\":\"ImageObject\",\"inLanguage\":\"de\",\"@id\":\"https:\\\/\\\/www.fytofontana.com\\\/de\\\/product\\\/citrovital-kapseln\\\/#primaryimage\",\"url\":\"https:\\\/\\\/www.fytofontana.com\\\/wp-content\\\/uploads\\\/2021\\\/03\\\/CITROVITAL_Capsules_30cps_01_Primary_1000x1000.png\",\"contentUrl\":\"https:\\\/\\\/www.fytofontana.com\\\/wp-content\\\/uploads\\\/2021\\\/03\\\/CITROVITAL_Capsules_30cps_01_Primary_1000x1000.png\",\"width\":1000,\"height\":1000},{\"@type\":\"BreadcrumbList\",\"@id\":\"https:\\\/\\\/www.fytofontana.com\\\/de\\\/product\\\/citrovital-kapseln\\\/#breadcrumb\",\"itemListElement\":[{\"@type\":\"ListItem\",\"position\":1,\"name\":\"Home\",\"item\":\"https:\\\/\\\/www.fytofontana.com\\\/de\\\/\"},{\"@type\":\"ListItem\",\"position\":2,\"name\":\"CITROVITAL Kapseln\"}]},{\"@type\":\"WebSite\",\"@id\":\"https:\\\/\\\/www.fytofontana.com\\\/#website\",\"url\":\"https:\\\/\\\/www.fytofontana.com\\\/\",\"name\":\"Fytofontana\",\"description\":\"\",\"publisher\":{\"@id\":\"https:\\\/\\\/www.fytofontana.com\\\/#organization\"},\"potentialAction\":[{\"@type\":\"SearchAction\",\"target\":{\"@type\":\"EntryPoint\",\"urlTemplate\":\"https:\\\/\\\/www.fytofontana.com\\\/?s={search_term_string}\"},\"query-input\":{\"@type\":\"PropertyValueSpecification\",\"valueRequired\":true,\"valueName\":\"search_term_string\"}}],\"inLanguage\":\"de\"},{\"@type\":\"Organization\",\"@id\":\"https:\\\/\\\/www.fytofontana.com\\\/#organization\",\"name\":\"Fytofontana\",\"url\":\"https:\\\/\\\/www.fytofontana.com\\\/\",\"logo\":{\"@type\":\"ImageObject\",\"inLanguage\":\"de\",\"@id\":\"https:\\\/\\\/www.fytofontana.com\\\/#\\\/schema\\\/logo\\\/image\\\/\",\"url\":\"https:\\\/\\\/www.fytofontana.com\\\/wp-content\\\/uploads\\\/2021\\\/01\\\/fyto.png\",\"contentUrl\":\"https:\\\/\\\/www.fytofontana.com\\\/wp-content\\\/uploads\\\/2021\\\/01\\\/fyto.png\",\"width\":817,\"height\":79,\"caption\":\"Fytofontana\"},\"image\":{\"@id\":\"https:\\\/\\\/www.fytofontana.com\\\/#\\\/schema\\\/logo\\\/image\\\/\"}}]}<\/script>","yoast_head_json":{"title":"CITROVITAL Kapseln - Fytofontana","description":"Citrovital Kapseln mit Grapefruitkernextrakt unterst\u00fctzen das Immunsystem, f\u00f6rdern die Verdauung und reinigen den K\u00f6rper. Bioflavonoide wirken gegen Bakterien, Viren und Pilze und tragen zur St\u00e4rkung der Schleimh\u00e4ute bei.","robots":{"index":"index","follow":"follow","max-snippet":"max-snippet:-1","max-image-preview":"max-image-preview:large","max-video-preview":"max-video-preview:-1"},"canonical":"https:\/\/www.fytofontana.com\/de\/product\/citrovital-kapseln\/","og_locale":"de_DE","og_type":"article","og_title":"CITROVITAL Kapseln - Fytofontana","og_description":"Citrovital Kapseln mit Grapefruitkernextrakt unterst\u00fctzen das Immunsystem, f\u00f6rdern die Verdauung und reinigen den K\u00f6rper. Bioflavonoide wirken gegen Bakterien, Viren und Pilze und tragen zur St\u00e4rkung der Schleimh\u00e4ute bei.","og_url":"https:\/\/www.fytofontana.com\/de\/product\/citrovital-kapseln\/","og_site_name":"Fytofontana","article_modified_time":"2025-07-28T16:40:04+00:00","og_image":[{"width":1000,"height":1000,"url":"https:\/\/www.fytofontana.com\/wp-content\/uploads\/2021\/03\/CITROVITAL_Capsules_30cps_01_Primary_1000x1000.png","type":"image\/png"}],"twitter_card":"summary_large_image","twitter_misc":{"Gesch\u00e4tzte Lesezeit":"1\u00a0Minute"},"schema":{"@context":"https:\/\/schema.org","@graph":[{"@type":["WebPage","ItemPage"],"@id":"https:\/\/www.fytofontana.com\/de\/product\/citrovital-kapseln\/","url":"https:\/\/www.fytofontana.com\/de\/product\/citrovital-kapseln\/","name":"CITROVITAL Kapseln - Fytofontana","isPartOf":{"@id":"https:\/\/www.fytofontana.com\/#website"},"primaryImageOfPage":{"@id":"https:\/\/www.fytofontana.com\/de\/product\/citrovital-kapseln\/#primaryimage"},"image":{"@id":"https:\/\/www.fytofontana.com\/de\/product\/citrovital-kapseln\/#primaryimage"},"thumbnailUrl":"https:\/\/www.fytofontana.com\/wp-content\/uploads\/2021\/03\/CITROVITAL_Capsules_30cps_01_Primary_1000x1000.png","datePublished":"2021-06-13T12:16:23+00:00","dateModified":"2025-07-28T16:40:04+00:00","description":"Citrovital Kapseln mit Grapefruitkernextrakt unterst\u00fctzen das Immunsystem, f\u00f6rdern die Verdauung und reinigen den K\u00f6rper. Bioflavonoide wirken gegen Bakterien, Viren und Pilze und tragen zur St\u00e4rkung der Schleimh\u00e4ute bei.","breadcrumb":{"@id":"https:\/\/www.fytofontana.com\/de\/product\/citrovital-kapseln\/#breadcrumb"},"inLanguage":"de","potentialAction":[{"@type":"ReadAction","target":["https:\/\/www.fytofontana.com\/de\/product\/citrovital-kapseln\/"]}]},{"@type":"ImageObject","inLanguage":"de","@id":"https:\/\/www.fytofontana.com\/de\/product\/citrovital-kapseln\/#primaryimage","url":"https:\/\/www.fytofontana.com\/wp-content\/uploads\/2021\/03\/CITROVITAL_Capsules_30cps_01_Primary_1000x1000.png","contentUrl":"https:\/\/www.fytofontana.com\/wp-content\/uploads\/2021\/03\/CITROVITAL_Capsules_30cps_01_Primary_1000x1000.png","width":1000,"height":1000},{"@type":"BreadcrumbList","@id":"https:\/\/www.fytofontana.com\/de\/product\/citrovital-kapseln\/#breadcrumb","itemListElement":[{"@type":"ListItem","position":1,"name":"Home","item":"https:\/\/www.fytofontana.com\/de\/"},{"@type":"ListItem","position":2,"name":"CITROVITAL Kapseln"}]},{"@type":"WebSite","@id":"https:\/\/www.fytofontana.com\/#website","url":"https:\/\/www.fytofontana.com\/","name":"Fytofontana","description":"","publisher":{"@id":"https:\/\/www.fytofontana.com\/#organization"},"potentialAction":[{"@type":"SearchAction","target":{"@type":"EntryPoint","urlTemplate":"https:\/\/www.fytofontana.com\/?s={search_term_string}"},"query-input":{"@type":"PropertyValueSpecification","valueRequired":true,"valueName":"search_term_string"}}],"inLanguage":"de"},{"@type":"Organization","@id":"https:\/\/www.fytofontana.com\/#organization","name":"Fytofontana","url":"https:\/\/www.fytofontana.com\/","logo":{"@type":"ImageObject","inLanguage":"de","@id":"https:\/\/www.fytofontana.com\/#\/schema\/logo\/image\/","url":"https:\/\/www.fytofontana.com\/wp-content\/uploads\/2021\/01\/fyto.png","contentUrl":"https:\/\/www.fytofontana.com\/wp-content\/uploads\/2021\/01\/fyto.png","width":817,"height":79,"caption":"Fytofontana"},"image":{"@id":"https:\/\/www.fytofontana.com\/#\/schema\/logo\/image\/"}}]}},"_links":{"self":[{"href":"https:\/\/www.fytofontana.com\/de\/wp-json\/wp\/v2\/product\/2041","targetHints":{"allow":["GET"]}}],"collection":[{"href":"https:\/\/www.fytofontana.com\/de\/wp-json\/wp\/v2\/product"}],"about":[{"href":"https:\/\/www.fytofontana.com\/de\/wp-json\/wp\/v2\/types\/product"}],"wp:featuredmedia":[{"embeddable":true,"href":"https:\/\/www.fytofontana.com\/de\/wp-json\/wp\/v2\/media\/3985"}],"wp:attachment":[{"href":"https:\/\/www.fytofontana.com\/de\/wp-json\/wp\/v2\/media?parent=2041"}],"wp:term":[{"taxonomy":"products","embeddable":true,"href":"https:\/\/www.fytofontana.com\/de\/wp-json\/wp\/v2\/products?post=2041"}],"curies":[{"name":"wp","href":"https:\/\/api.w.org\/{rel}","templated":true}]}}