{"id":2040,"date":"2021-06-13T13:12:50","date_gmt":"2021-06-13T12:12:50","guid":{"rendered":"https:\/\/www.fytofontana.com\/hu\/?post_type=product&#038;p=2040"},"modified":"2025-07-29T08:17:34","modified_gmt":"2025-07-29T07:17:34","slug":"citrovital-dentalgel","status":"publish","type":"product","link":"https:\/\/www.fytofontana.com\/de\/product\/citrovital-dentalgel\/","title":{"rendered":"CITROVITAL Dentalgel"},"content":{"rendered":"<ul>\n<li><strong>Gel zur Zahnfleischpflege, mit antiseptischen Zusatz und sanfter Wirkung von Grapefruit<\/strong><\/li>\n<li>Hilft Unannehmlichkeiten in der Mundh\u00f6hle bei Aphten und erh\u00f6hte \u00dcberempfindlichkeit des Zahnfleisches zu \u00fcberwinden, tr\u00e4gt zur Unterbindung einer unerw\u00fcnschten Mikroflora bei und beugt Plaquebildung vor.<\/li>\n<\/ul>\n<p>&nbsp;<\/p>\n<p>&nbsp;<\/p>\n","protected":false},"featured_media":4026,"template":"","products":[84],"class_list":["post-2040","product","type-product","status-publish","has-post-thumbnail","hentry","products-citrovital-de"],"yoast_head":"<title>CITROVITAL Dentalgel - Fytofontana<\/title>\n<meta name=\"description\" content=\"Citrovital Zahngel mit Grapefruitkernextrakt pflegt das Zahnfleisch, lindert Beschwerden bei Aphten und Empfindlichkeit, wirkt antiseptisch, hemmt unerw\u00fcnschte Mikroflora und beugt Plaquebildung vor. Ohne Zucker, angenehm bitter im Geschmack.\" \/>\n<meta name=\"robots\" content=\"index, follow, max-snippet:-1, max-image-preview:large, max-video-preview:-1\" \/>\n<link rel=\"canonical\" href=\"https:\/\/www.fytofontana.com\/de\/product\/citrovital-dentalgel\/\" \/>\n<meta property=\"og:locale\" content=\"de_DE\" \/>\n<meta property=\"og:type\" content=\"article\" \/>\n<meta property=\"og:title\" content=\"CITROVITAL Dentalgel - Fytofontana\" \/>\n<meta property=\"og:description\" content=\"Citrovital Zahngel mit Grapefruitkernextrakt pflegt das Zahnfleisch, lindert Beschwerden bei Aphten und Empfindlichkeit, wirkt antiseptisch, hemmt unerw\u00fcnschte Mikroflora und beugt Plaquebildung vor. Ohne Zucker, angenehm bitter im Geschmack.\" \/>\n<meta property=\"og:url\" content=\"https:\/\/www.fytofontana.com\/de\/product\/citrovital-dentalgel\/\" \/>\n<meta property=\"og:site_name\" content=\"Fytofontana\" \/>\n<meta property=\"article:modified_time\" content=\"2025-07-29T07:17:34+00:00\" \/>\n<meta property=\"og:image\" content=\"https:\/\/www.fytofontana.com\/wp-content\/uploads\/2021\/03\/CITROVITAL_Dental_gel_25ml_02-1.png\" \/>\n\t<meta property=\"og:image:width\" content=\"1000\" \/>\n\t<meta property=\"og:image:height\" content=\"1000\" \/>\n\t<meta property=\"og:image:type\" content=\"image\/png\" \/>\n<meta name=\"twitter:card\" content=\"summary_large_image\" \/>\n<meta name=\"twitter:label1\" content=\"Gesch\u00e4tzte Lesezeit\" \/>\n\t<meta name=\"twitter:data1\" content=\"1\u00a0Minute\" \/>\n<script type=\"application\/ld+json\" class=\"yoast-schema-graph\">{\"@context\":\"https:\\\/\\\/schema.org\",\"@graph\":[{\"@type\":[\"WebPage\",\"ItemPage\"],\"@id\":\"https:\\\/\\\/www.fytofontana.com\\\/de\\\/product\\\/citrovital-dentalgel\\\/\",\"url\":\"https:\\\/\\\/www.fytofontana.com\\\/de\\\/product\\\/citrovital-dentalgel\\\/\",\"name\":\"CITROVITAL Dentalgel - Fytofontana\",\"isPartOf\":{\"@id\":\"https:\\\/\\\/www.fytofontana.com\\\/#website\"},\"primaryImageOfPage\":{\"@id\":\"https:\\\/\\\/www.fytofontana.com\\\/de\\\/product\\\/citrovital-dentalgel\\\/#primaryimage\"},\"image\":{\"@id\":\"https:\\\/\\\/www.fytofontana.com\\\/de\\\/product\\\/citrovital-dentalgel\\\/#primaryimage\"},\"thumbnailUrl\":\"https:\\\/\\\/www.fytofontana.com\\\/wp-content\\\/uploads\\\/2021\\\/03\\\/CITROVITAL_Dental_gel_25ml_02-1.png\",\"datePublished\":\"2021-06-13T12:12:50+00:00\",\"dateModified\":\"2025-07-29T07:17:34+00:00\",\"description\":\"Citrovital Zahngel mit Grapefruitkernextrakt pflegt das Zahnfleisch, lindert Beschwerden bei Aphten und Empfindlichkeit, wirkt antiseptisch, hemmt unerw\u00fcnschte Mikroflora und beugt Plaquebildung vor. Ohne Zucker, angenehm bitter im Geschmack.\",\"breadcrumb\":{\"@id\":\"https:\\\/\\\/www.fytofontana.com\\\/de\\\/product\\\/citrovital-dentalgel\\\/#breadcrumb\"},\"inLanguage\":\"de\",\"potentialAction\":[{\"@type\":\"ReadAction\",\"target\":[\"https:\\\/\\\/www.fytofontana.com\\\/de\\\/product\\\/citrovital-dentalgel\\\/\"]}]},{\"@type\":\"ImageObject\",\"inLanguage\":\"de\",\"@id\":\"https:\\\/\\\/www.fytofontana.com\\\/de\\\/product\\\/citrovital-dentalgel\\\/#primaryimage\",\"url\":\"https:\\\/\\\/www.fytofontana.com\\\/wp-content\\\/uploads\\\/2021\\\/03\\\/CITROVITAL_Dental_gel_25ml_02-1.png\",\"contentUrl\":\"https:\\\/\\\/www.fytofontana.com\\\/wp-content\\\/uploads\\\/2021\\\/03\\\/CITROVITAL_Dental_gel_25ml_02-1.png\",\"width\":1000,\"height\":1000},{\"@type\":\"BreadcrumbList\",\"@id\":\"https:\\\/\\\/www.fytofontana.com\\\/de\\\/product\\\/citrovital-dentalgel\\\/#breadcrumb\",\"itemListElement\":[{\"@type\":\"ListItem\",\"position\":1,\"name\":\"Home\",\"item\":\"https:\\\/\\\/www.fytofontana.com\\\/de\\\/\"},{\"@type\":\"ListItem\",\"position\":2,\"name\":\"CITROVITAL Dentalgel\"}]},{\"@type\":\"WebSite\",\"@id\":\"https:\\\/\\\/www.fytofontana.com\\\/#website\",\"url\":\"https:\\\/\\\/www.fytofontana.com\\\/\",\"name\":\"Fytofontana\",\"description\":\"\",\"publisher\":{\"@id\":\"https:\\\/\\\/www.fytofontana.com\\\/#organization\"},\"potentialAction\":[{\"@type\":\"SearchAction\",\"target\":{\"@type\":\"EntryPoint\",\"urlTemplate\":\"https:\\\/\\\/www.fytofontana.com\\\/?s={search_term_string}\"},\"query-input\":{\"@type\":\"PropertyValueSpecification\",\"valueRequired\":true,\"valueName\":\"search_term_string\"}}],\"inLanguage\":\"de\"},{\"@type\":\"Organization\",\"@id\":\"https:\\\/\\\/www.fytofontana.com\\\/#organization\",\"name\":\"Fytofontana\",\"url\":\"https:\\\/\\\/www.fytofontana.com\\\/\",\"logo\":{\"@type\":\"ImageObject\",\"inLanguage\":\"de\",\"@id\":\"https:\\\/\\\/www.fytofontana.com\\\/#\\\/schema\\\/logo\\\/image\\\/\",\"url\":\"https:\\\/\\\/www.fytofontana.com\\\/wp-content\\\/uploads\\\/2021\\\/01\\\/fyto.png\",\"contentUrl\":\"https:\\\/\\\/www.fytofontana.com\\\/wp-content\\\/uploads\\\/2021\\\/01\\\/fyto.png\",\"width\":817,\"height\":79,\"caption\":\"Fytofontana\"},\"image\":{\"@id\":\"https:\\\/\\\/www.fytofontana.com\\\/#\\\/schema\\\/logo\\\/image\\\/\"}}]}<\/script>","yoast_head_json":{"title":"CITROVITAL Dentalgel - Fytofontana","description":"Citrovital Zahngel mit Grapefruitkernextrakt pflegt das Zahnfleisch, lindert Beschwerden bei Aphten und Empfindlichkeit, wirkt antiseptisch, hemmt unerw\u00fcnschte Mikroflora und beugt Plaquebildung vor. Ohne Zucker, angenehm bitter im Geschmack.","robots":{"index":"index","follow":"follow","max-snippet":"max-snippet:-1","max-image-preview":"max-image-preview:large","max-video-preview":"max-video-preview:-1"},"canonical":"https:\/\/www.fytofontana.com\/de\/product\/citrovital-dentalgel\/","og_locale":"de_DE","og_type":"article","og_title":"CITROVITAL Dentalgel - Fytofontana","og_description":"Citrovital Zahngel mit Grapefruitkernextrakt pflegt das Zahnfleisch, lindert Beschwerden bei Aphten und Empfindlichkeit, wirkt antiseptisch, hemmt unerw\u00fcnschte Mikroflora und beugt Plaquebildung vor. Ohne Zucker, angenehm bitter im Geschmack.","og_url":"https:\/\/www.fytofontana.com\/de\/product\/citrovital-dentalgel\/","og_site_name":"Fytofontana","article_modified_time":"2025-07-29T07:17:34+00:00","og_image":[{"width":1000,"height":1000,"url":"https:\/\/www.fytofontana.com\/wp-content\/uploads\/2021\/03\/CITROVITAL_Dental_gel_25ml_02-1.png","type":"image\/png"}],"twitter_card":"summary_large_image","twitter_misc":{"Gesch\u00e4tzte Lesezeit":"1\u00a0Minute"},"schema":{"@context":"https:\/\/schema.org","@graph":[{"@type":["WebPage","ItemPage"],"@id":"https:\/\/www.fytofontana.com\/de\/product\/citrovital-dentalgel\/","url":"https:\/\/www.fytofontana.com\/de\/product\/citrovital-dentalgel\/","name":"CITROVITAL Dentalgel - Fytofontana","isPartOf":{"@id":"https:\/\/www.fytofontana.com\/#website"},"primaryImageOfPage":{"@id":"https:\/\/www.fytofontana.com\/de\/product\/citrovital-dentalgel\/#primaryimage"},"image":{"@id":"https:\/\/www.fytofontana.com\/de\/product\/citrovital-dentalgel\/#primaryimage"},"thumbnailUrl":"https:\/\/www.fytofontana.com\/wp-content\/uploads\/2021\/03\/CITROVITAL_Dental_gel_25ml_02-1.png","datePublished":"2021-06-13T12:12:50+00:00","dateModified":"2025-07-29T07:17:34+00:00","description":"Citrovital Zahngel mit Grapefruitkernextrakt pflegt das Zahnfleisch, lindert Beschwerden bei Aphten und Empfindlichkeit, wirkt antiseptisch, hemmt unerw\u00fcnschte Mikroflora und beugt Plaquebildung vor. Ohne Zucker, angenehm bitter im Geschmack.","breadcrumb":{"@id":"https:\/\/www.fytofontana.com\/de\/product\/citrovital-dentalgel\/#breadcrumb"},"inLanguage":"de","potentialAction":[{"@type":"ReadAction","target":["https:\/\/www.fytofontana.com\/de\/product\/citrovital-dentalgel\/"]}]},{"@type":"ImageObject","inLanguage":"de","@id":"https:\/\/www.fytofontana.com\/de\/product\/citrovital-dentalgel\/#primaryimage","url":"https:\/\/www.fytofontana.com\/wp-content\/uploads\/2021\/03\/CITROVITAL_Dental_gel_25ml_02-1.png","contentUrl":"https:\/\/www.fytofontana.com\/wp-content\/uploads\/2021\/03\/CITROVITAL_Dental_gel_25ml_02-1.png","width":1000,"height":1000},{"@type":"BreadcrumbList","@id":"https:\/\/www.fytofontana.com\/de\/product\/citrovital-dentalgel\/#breadcrumb","itemListElement":[{"@type":"ListItem","position":1,"name":"Home","item":"https:\/\/www.fytofontana.com\/de\/"},{"@type":"ListItem","position":2,"name":"CITROVITAL Dentalgel"}]},{"@type":"WebSite","@id":"https:\/\/www.fytofontana.com\/#website","url":"https:\/\/www.fytofontana.com\/","name":"Fytofontana","description":"","publisher":{"@id":"https:\/\/www.fytofontana.com\/#organization"},"potentialAction":[{"@type":"SearchAction","target":{"@type":"EntryPoint","urlTemplate":"https:\/\/www.fytofontana.com\/?s={search_term_string}"},"query-input":{"@type":"PropertyValueSpecification","valueRequired":true,"valueName":"search_term_string"}}],"inLanguage":"de"},{"@type":"Organization","@id":"https:\/\/www.fytofontana.com\/#organization","name":"Fytofontana","url":"https:\/\/www.fytofontana.com\/","logo":{"@type":"ImageObject","inLanguage":"de","@id":"https:\/\/www.fytofontana.com\/#\/schema\/logo\/image\/","url":"https:\/\/www.fytofontana.com\/wp-content\/uploads\/2021\/01\/fyto.png","contentUrl":"https:\/\/www.fytofontana.com\/wp-content\/uploads\/2021\/01\/fyto.png","width":817,"height":79,"caption":"Fytofontana"},"image":{"@id":"https:\/\/www.fytofontana.com\/#\/schema\/logo\/image\/"}}]}},"_links":{"self":[{"href":"https:\/\/www.fytofontana.com\/de\/wp-json\/wp\/v2\/product\/2040","targetHints":{"allow":["GET"]}}],"collection":[{"href":"https:\/\/www.fytofontana.com\/de\/wp-json\/wp\/v2\/product"}],"about":[{"href":"https:\/\/www.fytofontana.com\/de\/wp-json\/wp\/v2\/types\/product"}],"wp:featuredmedia":[{"embeddable":true,"href":"https:\/\/www.fytofontana.com\/de\/wp-json\/wp\/v2\/media\/4026"}],"wp:attachment":[{"href":"https:\/\/www.fytofontana.com\/de\/wp-json\/wp\/v2\/media?parent=2040"}],"wp:term":[{"taxonomy":"products","embeddable":true,"href":"https:\/\/www.fytofontana.com\/de\/wp-json\/wp\/v2\/products?post=2040"}],"curies":[{"name":"wp","href":"https:\/\/api.w.org\/{rel}","templated":true}]}}