{"id":2038,"date":"2021-06-13T12:58:37","date_gmt":"2021-06-13T11:58:37","guid":{"rendered":"https:\/\/www.fytofontana.com\/hu\/?post_type=product&#038;p=2038"},"modified":"2025-08-01T11:42:00","modified_gmt":"2025-08-01T10:42:00","slug":"aloe-vera-kapseln","status":"publish","type":"product","link":"https:\/\/www.fytofontana.com\/de\/product\/aloe-vera-kapseln\/","title":{"rendered":"ALOE VERA Kapseln"},"content":{"rendered":"<ul>\n<li class=\"LC20lb DKV0Md\"><strong>Nahrungserg\u00e4nzungsmittel f\u00fcr die Verdauung<\/strong><\/li>\n<li class=\"LC20lb DKV0Md\">Das Pr\u00e4parat Aloe Vera Kapseln enth\u00e4lt konzentrierten Extrakt der Pflanze Aloe Vera Barbadensis.<\/li>\n<li class=\"LC20lb DKV0Md\">Die Wirkstoffe der Aloe vera f\u00f6rdern die Verdauung und wirken positiv auf die Darmfunktionen.<\/li>\n<li class=\"LC20lb DKV0Md\">Sie unterst\u00fctzen die regelm\u00e4\u00dfige Darmfunktion, was den regelm\u00e4\u00dfigen Stuhlgang f\u00f6rdert.<\/li>\n<li class=\"LC20lb DKV0Md\">Mit der antioxidativen Wirkung hemmen sie die Bildung freier Sauerstoffradikale, die eine der Hauptursachen des Alterungsprozesses sind.<\/li>\n<li class=\"LC20lb DKV0Md\">St\u00e4rkt die nat\u00fcrliche Abwehrkraft.<\/li>\n<\/ul>\n","protected":false},"featured_media":4181,"template":"","products":[81],"class_list":["post-2038","product","type-product","status-publish","has-post-thumbnail","hentry","products-aloe-vera-de"],"yoast_head":"<title>ALOE VERA Kapseln - Fytofontana<\/title>\n<meta name=\"description\" content=\"Aloe Vera Kapseln f\u00f6rdern die Verdauung, unterst\u00fctzen die Darmfunktion und tragen zur nat\u00fcrlichen Entgiftung bei. Antioxidativ wirksam, st\u00e4rken die Abwehrkr\u00e4fte und sch\u00fctzen die Zellen vor oxidativem Stress.\" \/>\n<meta name=\"robots\" content=\"index, follow, max-snippet:-1, max-image-preview:large, max-video-preview:-1\" \/>\n<link rel=\"canonical\" href=\"https:\/\/www.fytofontana.com\/de\/product\/aloe-vera-kapseln\/\" \/>\n<meta property=\"og:locale\" content=\"de_DE\" \/>\n<meta property=\"og:type\" content=\"article\" \/>\n<meta property=\"og:title\" content=\"ALOE VERA Kapseln - Fytofontana\" \/>\n<meta property=\"og:description\" content=\"Aloe Vera Kapseln f\u00f6rdern die Verdauung, unterst\u00fctzen die Darmfunktion und tragen zur nat\u00fcrlichen Entgiftung bei. Antioxidativ wirksam, st\u00e4rken die Abwehrkr\u00e4fte und sch\u00fctzen die Zellen vor oxidativem Stress.\" \/>\n<meta property=\"og:url\" content=\"https:\/\/www.fytofontana.com\/de\/product\/aloe-vera-kapseln\/\" \/>\n<meta property=\"og:site_name\" content=\"Fytofontana\" \/>\n<meta property=\"article:modified_time\" content=\"2025-08-01T10:42:00+00:00\" \/>\n<meta property=\"og:image\" content=\"https:\/\/www.fytofontana.com\/wp-content\/uploads\/2021\/02\/2025_06_Fytofontana_ALOE_VERA_capsules_30cps_01_LQ_Primary.png\" \/>\n\t<meta property=\"og:image:width\" content=\"1000\" \/>\n\t<meta property=\"og:image:height\" content=\"1000\" \/>\n\t<meta property=\"og:image:type\" content=\"image\/png\" \/>\n<meta name=\"twitter:card\" content=\"summary_large_image\" \/>\n<meta name=\"twitter:label1\" content=\"Gesch\u00e4tzte Lesezeit\" \/>\n\t<meta name=\"twitter:data1\" content=\"1\u00a0Minute\" \/>\n<script type=\"application\/ld+json\" class=\"yoast-schema-graph\">{\"@context\":\"https:\\\/\\\/schema.org\",\"@graph\":[{\"@type\":[\"WebPage\",\"ItemPage\"],\"@id\":\"https:\\\/\\\/www.fytofontana.com\\\/de\\\/product\\\/aloe-vera-kapseln\\\/\",\"url\":\"https:\\\/\\\/www.fytofontana.com\\\/de\\\/product\\\/aloe-vera-kapseln\\\/\",\"name\":\"ALOE VERA Kapseln - Fytofontana\",\"isPartOf\":{\"@id\":\"https:\\\/\\\/www.fytofontana.com\\\/#website\"},\"primaryImageOfPage\":{\"@id\":\"https:\\\/\\\/www.fytofontana.com\\\/de\\\/product\\\/aloe-vera-kapseln\\\/#primaryimage\"},\"image\":{\"@id\":\"https:\\\/\\\/www.fytofontana.com\\\/de\\\/product\\\/aloe-vera-kapseln\\\/#primaryimage\"},\"thumbnailUrl\":\"https:\\\/\\\/www.fytofontana.com\\\/wp-content\\\/uploads\\\/2021\\\/02\\\/2025_06_Fytofontana_ALOE_VERA_capsules_30cps_01_LQ_Primary.png\",\"datePublished\":\"2021-06-13T11:58:37+00:00\",\"dateModified\":\"2025-08-01T10:42:00+00:00\",\"description\":\"Aloe Vera Kapseln f\u00f6rdern die Verdauung, unterst\u00fctzen die Darmfunktion und tragen zur nat\u00fcrlichen Entgiftung bei. Antioxidativ wirksam, st\u00e4rken die Abwehrkr\u00e4fte und sch\u00fctzen die Zellen vor oxidativem Stress.\",\"breadcrumb\":{\"@id\":\"https:\\\/\\\/www.fytofontana.com\\\/de\\\/product\\\/aloe-vera-kapseln\\\/#breadcrumb\"},\"inLanguage\":\"de\",\"potentialAction\":[{\"@type\":\"ReadAction\",\"target\":[\"https:\\\/\\\/www.fytofontana.com\\\/de\\\/product\\\/aloe-vera-kapseln\\\/\"]}]},{\"@type\":\"ImageObject\",\"inLanguage\":\"de\",\"@id\":\"https:\\\/\\\/www.fytofontana.com\\\/de\\\/product\\\/aloe-vera-kapseln\\\/#primaryimage\",\"url\":\"https:\\\/\\\/www.fytofontana.com\\\/wp-content\\\/uploads\\\/2021\\\/02\\\/2025_06_Fytofontana_ALOE_VERA_capsules_30cps_01_LQ_Primary.png\",\"contentUrl\":\"https:\\\/\\\/www.fytofontana.com\\\/wp-content\\\/uploads\\\/2021\\\/02\\\/2025_06_Fytofontana_ALOE_VERA_capsules_30cps_01_LQ_Primary.png\",\"width\":1000,\"height\":1000},{\"@type\":\"BreadcrumbList\",\"@id\":\"https:\\\/\\\/www.fytofontana.com\\\/de\\\/product\\\/aloe-vera-kapseln\\\/#breadcrumb\",\"itemListElement\":[{\"@type\":\"ListItem\",\"position\":1,\"name\":\"Home\",\"item\":\"https:\\\/\\\/www.fytofontana.com\\\/de\\\/\"},{\"@type\":\"ListItem\",\"position\":2,\"name\":\"ALOE VERA Kapseln\"}]},{\"@type\":\"WebSite\",\"@id\":\"https:\\\/\\\/www.fytofontana.com\\\/#website\",\"url\":\"https:\\\/\\\/www.fytofontana.com\\\/\",\"name\":\"Fytofontana\",\"description\":\"\",\"publisher\":{\"@id\":\"https:\\\/\\\/www.fytofontana.com\\\/#organization\"},\"potentialAction\":[{\"@type\":\"SearchAction\",\"target\":{\"@type\":\"EntryPoint\",\"urlTemplate\":\"https:\\\/\\\/www.fytofontana.com\\\/?s={search_term_string}\"},\"query-input\":{\"@type\":\"PropertyValueSpecification\",\"valueRequired\":true,\"valueName\":\"search_term_string\"}}],\"inLanguage\":\"de\"},{\"@type\":\"Organization\",\"@id\":\"https:\\\/\\\/www.fytofontana.com\\\/#organization\",\"name\":\"Fytofontana\",\"url\":\"https:\\\/\\\/www.fytofontana.com\\\/\",\"logo\":{\"@type\":\"ImageObject\",\"inLanguage\":\"de\",\"@id\":\"https:\\\/\\\/www.fytofontana.com\\\/#\\\/schema\\\/logo\\\/image\\\/\",\"url\":\"https:\\\/\\\/www.fytofontana.com\\\/wp-content\\\/uploads\\\/2021\\\/01\\\/fyto.png\",\"contentUrl\":\"https:\\\/\\\/www.fytofontana.com\\\/wp-content\\\/uploads\\\/2021\\\/01\\\/fyto.png\",\"width\":817,\"height\":79,\"caption\":\"Fytofontana\"},\"image\":{\"@id\":\"https:\\\/\\\/www.fytofontana.com\\\/#\\\/schema\\\/logo\\\/image\\\/\"}}]}<\/script>","yoast_head_json":{"title":"ALOE VERA Kapseln - Fytofontana","description":"Aloe Vera Kapseln f\u00f6rdern die Verdauung, unterst\u00fctzen die Darmfunktion und tragen zur nat\u00fcrlichen Entgiftung bei. Antioxidativ wirksam, st\u00e4rken die Abwehrkr\u00e4fte und sch\u00fctzen die Zellen vor oxidativem Stress.","robots":{"index":"index","follow":"follow","max-snippet":"max-snippet:-1","max-image-preview":"max-image-preview:large","max-video-preview":"max-video-preview:-1"},"canonical":"https:\/\/www.fytofontana.com\/de\/product\/aloe-vera-kapseln\/","og_locale":"de_DE","og_type":"article","og_title":"ALOE VERA Kapseln - Fytofontana","og_description":"Aloe Vera Kapseln f\u00f6rdern die Verdauung, unterst\u00fctzen die Darmfunktion und tragen zur nat\u00fcrlichen Entgiftung bei. Antioxidativ wirksam, st\u00e4rken die Abwehrkr\u00e4fte und sch\u00fctzen die Zellen vor oxidativem Stress.","og_url":"https:\/\/www.fytofontana.com\/de\/product\/aloe-vera-kapseln\/","og_site_name":"Fytofontana","article_modified_time":"2025-08-01T10:42:00+00:00","og_image":[{"width":1000,"height":1000,"url":"https:\/\/www.fytofontana.com\/wp-content\/uploads\/2021\/02\/2025_06_Fytofontana_ALOE_VERA_capsules_30cps_01_LQ_Primary.png","type":"image\/png"}],"twitter_card":"summary_large_image","twitter_misc":{"Gesch\u00e4tzte Lesezeit":"1\u00a0Minute"},"schema":{"@context":"https:\/\/schema.org","@graph":[{"@type":["WebPage","ItemPage"],"@id":"https:\/\/www.fytofontana.com\/de\/product\/aloe-vera-kapseln\/","url":"https:\/\/www.fytofontana.com\/de\/product\/aloe-vera-kapseln\/","name":"ALOE VERA Kapseln - Fytofontana","isPartOf":{"@id":"https:\/\/www.fytofontana.com\/#website"},"primaryImageOfPage":{"@id":"https:\/\/www.fytofontana.com\/de\/product\/aloe-vera-kapseln\/#primaryimage"},"image":{"@id":"https:\/\/www.fytofontana.com\/de\/product\/aloe-vera-kapseln\/#primaryimage"},"thumbnailUrl":"https:\/\/www.fytofontana.com\/wp-content\/uploads\/2021\/02\/2025_06_Fytofontana_ALOE_VERA_capsules_30cps_01_LQ_Primary.png","datePublished":"2021-06-13T11:58:37+00:00","dateModified":"2025-08-01T10:42:00+00:00","description":"Aloe Vera Kapseln f\u00f6rdern die Verdauung, unterst\u00fctzen die Darmfunktion und tragen zur nat\u00fcrlichen Entgiftung bei. Antioxidativ wirksam, st\u00e4rken die Abwehrkr\u00e4fte und sch\u00fctzen die Zellen vor oxidativem Stress.","breadcrumb":{"@id":"https:\/\/www.fytofontana.com\/de\/product\/aloe-vera-kapseln\/#breadcrumb"},"inLanguage":"de","potentialAction":[{"@type":"ReadAction","target":["https:\/\/www.fytofontana.com\/de\/product\/aloe-vera-kapseln\/"]}]},{"@type":"ImageObject","inLanguage":"de","@id":"https:\/\/www.fytofontana.com\/de\/product\/aloe-vera-kapseln\/#primaryimage","url":"https:\/\/www.fytofontana.com\/wp-content\/uploads\/2021\/02\/2025_06_Fytofontana_ALOE_VERA_capsules_30cps_01_LQ_Primary.png","contentUrl":"https:\/\/www.fytofontana.com\/wp-content\/uploads\/2021\/02\/2025_06_Fytofontana_ALOE_VERA_capsules_30cps_01_LQ_Primary.png","width":1000,"height":1000},{"@type":"BreadcrumbList","@id":"https:\/\/www.fytofontana.com\/de\/product\/aloe-vera-kapseln\/#breadcrumb","itemListElement":[{"@type":"ListItem","position":1,"name":"Home","item":"https:\/\/www.fytofontana.com\/de\/"},{"@type":"ListItem","position":2,"name":"ALOE VERA Kapseln"}]},{"@type":"WebSite","@id":"https:\/\/www.fytofontana.com\/#website","url":"https:\/\/www.fytofontana.com\/","name":"Fytofontana","description":"","publisher":{"@id":"https:\/\/www.fytofontana.com\/#organization"},"potentialAction":[{"@type":"SearchAction","target":{"@type":"EntryPoint","urlTemplate":"https:\/\/www.fytofontana.com\/?s={search_term_string}"},"query-input":{"@type":"PropertyValueSpecification","valueRequired":true,"valueName":"search_term_string"}}],"inLanguage":"de"},{"@type":"Organization","@id":"https:\/\/www.fytofontana.com\/#organization","name":"Fytofontana","url":"https:\/\/www.fytofontana.com\/","logo":{"@type":"ImageObject","inLanguage":"de","@id":"https:\/\/www.fytofontana.com\/#\/schema\/logo\/image\/","url":"https:\/\/www.fytofontana.com\/wp-content\/uploads\/2021\/01\/fyto.png","contentUrl":"https:\/\/www.fytofontana.com\/wp-content\/uploads\/2021\/01\/fyto.png","width":817,"height":79,"caption":"Fytofontana"},"image":{"@id":"https:\/\/www.fytofontana.com\/#\/schema\/logo\/image\/"}}]}},"_links":{"self":[{"href":"https:\/\/www.fytofontana.com\/de\/wp-json\/wp\/v2\/product\/2038","targetHints":{"allow":["GET"]}}],"collection":[{"href":"https:\/\/www.fytofontana.com\/de\/wp-json\/wp\/v2\/product"}],"about":[{"href":"https:\/\/www.fytofontana.com\/de\/wp-json\/wp\/v2\/types\/product"}],"wp:featuredmedia":[{"embeddable":true,"href":"https:\/\/www.fytofontana.com\/de\/wp-json\/wp\/v2\/media\/4181"}],"wp:attachment":[{"href":"https:\/\/www.fytofontana.com\/de\/wp-json\/wp\/v2\/media?parent=2038"}],"wp:term":[{"taxonomy":"products","embeddable":true,"href":"https:\/\/www.fytofontana.com\/de\/wp-json\/wp\/v2\/products?post=2038"}],"curies":[{"name":"wp","href":"https:\/\/api.w.org\/{rel}","templated":true}]}}