{"id":2036,"date":"2021-06-13T12:50:48","date_gmt":"2021-06-13T11:50:48","guid":{"rendered":"https:\/\/www.fytofontana.com\/hu\/?post_type=product&#038;p=2036"},"modified":"2025-07-30T14:11:04","modified_gmt":"2025-07-30T13:11:04","slug":"aloe-vera-spray","status":"publish","type":"product","link":"https:\/\/www.fytofontana.com\/de\/product\/aloe-vera-spray\/","title":{"rendered":"Aloe Vera Spray"},"content":{"rendered":"<ul>\n<li><strong>F\u00fcr die Regeneration irritierter Haut<\/strong><\/li>\n<li>Das Aloe Vera Spray wird zur t\u00e4glichen Hautpflege oder bei stark belasteter und strapazierter Haut benutzt. Hilft die Gesundheit der Haut, die sch\u00e4dlichen Umwelteinfl\u00fcssen ausgesetzt ist, zu erhalten.<\/li>\n<li>Es ist angenehm in der Anwendung, kann sich leicht verteilen, k\u00fchlt und hydratisiert die Haut vor allem nach einem Sonnenbad.<\/li>\n<li>Das loe Vera Spray wirkt sofort und die Wirkung ist langfristig.<\/li>\n<\/ul>\n","protected":false},"featured_media":4102,"template":"","products":[81],"class_list":["post-2036","product","type-product","status-publish","has-post-thumbnail","hentry","products-aloe-vera-de"],"yoast_head":"<title>Aloe Vera Spray - Fytofontana<\/title>\n<meta name=\"description\" content=\"Erfrischendes Spray mit Aloe Vera, Hyalurons\u00e4ure, Gurkenextrakt, Panthenol und Menthol. Beruhigt, hydratisiert und k\u00fchlt gereizte Haut. Ideal nach dem Sonnenbad, Rasur, Depilation oder Insektenstichen.\" \/>\n<meta name=\"robots\" content=\"index, follow, max-snippet:-1, max-image-preview:large, max-video-preview:-1\" \/>\n<link rel=\"canonical\" href=\"https:\/\/www.fytofontana.com\/de\/product\/aloe-vera-spray\/\" \/>\n<meta property=\"og:locale\" content=\"de_DE\" \/>\n<meta property=\"og:type\" content=\"article\" \/>\n<meta property=\"og:title\" content=\"Aloe Vera Spray - Fytofontana\" \/>\n<meta property=\"og:description\" content=\"Erfrischendes Spray mit Aloe Vera, Hyalurons\u00e4ure, Gurkenextrakt, Panthenol und Menthol. Beruhigt, hydratisiert und k\u00fchlt gereizte Haut. Ideal nach dem Sonnenbad, Rasur, Depilation oder Insektenstichen.\" \/>\n<meta property=\"og:url\" content=\"https:\/\/www.fytofontana.com\/de\/product\/aloe-vera-spray\/\" \/>\n<meta property=\"og:site_name\" content=\"Fytofontana\" \/>\n<meta property=\"article:modified_time\" content=\"2025-07-30T13:11:04+00:00\" \/>\n<meta property=\"og:image\" content=\"https:\/\/www.fytofontana.com\/wp-content\/uploads\/2021\/02\/2025_06_Fytofontana_ALOE_VERA_spray_200ml_01_LQ_Primary.png\" \/>\n\t<meta property=\"og:image:width\" content=\"1000\" \/>\n\t<meta property=\"og:image:height\" content=\"1000\" \/>\n\t<meta property=\"og:image:type\" content=\"image\/png\" \/>\n<meta name=\"twitter:card\" content=\"summary_large_image\" \/>\n<meta name=\"twitter:label1\" content=\"Gesch\u00e4tzte Lesezeit\" \/>\n\t<meta name=\"twitter:data1\" content=\"1\u00a0Minute\" \/>\n<script type=\"application\/ld+json\" class=\"yoast-schema-graph\">{\"@context\":\"https:\\\/\\\/schema.org\",\"@graph\":[{\"@type\":[\"WebPage\",\"ItemPage\"],\"@id\":\"https:\\\/\\\/www.fytofontana.com\\\/de\\\/product\\\/aloe-vera-spray\\\/\",\"url\":\"https:\\\/\\\/www.fytofontana.com\\\/de\\\/product\\\/aloe-vera-spray\\\/\",\"name\":\"Aloe Vera Spray - Fytofontana\",\"isPartOf\":{\"@id\":\"https:\\\/\\\/www.fytofontana.com\\\/#website\"},\"primaryImageOfPage\":{\"@id\":\"https:\\\/\\\/www.fytofontana.com\\\/de\\\/product\\\/aloe-vera-spray\\\/#primaryimage\"},\"image\":{\"@id\":\"https:\\\/\\\/www.fytofontana.com\\\/de\\\/product\\\/aloe-vera-spray\\\/#primaryimage\"},\"thumbnailUrl\":\"https:\\\/\\\/www.fytofontana.com\\\/wp-content\\\/uploads\\\/2021\\\/02\\\/2025_06_Fytofontana_ALOE_VERA_spray_200ml_01_LQ_Primary.png\",\"datePublished\":\"2021-06-13T11:50:48+00:00\",\"dateModified\":\"2025-07-30T13:11:04+00:00\",\"description\":\"Erfrischendes Spray mit Aloe Vera, Hyalurons\u00e4ure, Gurkenextrakt, Panthenol und Menthol. Beruhigt, hydratisiert und k\u00fchlt gereizte Haut. Ideal nach dem Sonnenbad, Rasur, Depilation oder Insektenstichen.\",\"breadcrumb\":{\"@id\":\"https:\\\/\\\/www.fytofontana.com\\\/de\\\/product\\\/aloe-vera-spray\\\/#breadcrumb\"},\"inLanguage\":\"de\",\"potentialAction\":[{\"@type\":\"ReadAction\",\"target\":[\"https:\\\/\\\/www.fytofontana.com\\\/de\\\/product\\\/aloe-vera-spray\\\/\"]}]},{\"@type\":\"ImageObject\",\"inLanguage\":\"de\",\"@id\":\"https:\\\/\\\/www.fytofontana.com\\\/de\\\/product\\\/aloe-vera-spray\\\/#primaryimage\",\"url\":\"https:\\\/\\\/www.fytofontana.com\\\/wp-content\\\/uploads\\\/2021\\\/02\\\/2025_06_Fytofontana_ALOE_VERA_spray_200ml_01_LQ_Primary.png\",\"contentUrl\":\"https:\\\/\\\/www.fytofontana.com\\\/wp-content\\\/uploads\\\/2021\\\/02\\\/2025_06_Fytofontana_ALOE_VERA_spray_200ml_01_LQ_Primary.png\",\"width\":1000,\"height\":1000},{\"@type\":\"BreadcrumbList\",\"@id\":\"https:\\\/\\\/www.fytofontana.com\\\/de\\\/product\\\/aloe-vera-spray\\\/#breadcrumb\",\"itemListElement\":[{\"@type\":\"ListItem\",\"position\":1,\"name\":\"Home\",\"item\":\"https:\\\/\\\/www.fytofontana.com\\\/de\\\/\"},{\"@type\":\"ListItem\",\"position\":2,\"name\":\"Aloe Vera Spray\"}]},{\"@type\":\"WebSite\",\"@id\":\"https:\\\/\\\/www.fytofontana.com\\\/#website\",\"url\":\"https:\\\/\\\/www.fytofontana.com\\\/\",\"name\":\"Fytofontana\",\"description\":\"\",\"publisher\":{\"@id\":\"https:\\\/\\\/www.fytofontana.com\\\/#organization\"},\"potentialAction\":[{\"@type\":\"SearchAction\",\"target\":{\"@type\":\"EntryPoint\",\"urlTemplate\":\"https:\\\/\\\/www.fytofontana.com\\\/?s={search_term_string}\"},\"query-input\":{\"@type\":\"PropertyValueSpecification\",\"valueRequired\":true,\"valueName\":\"search_term_string\"}}],\"inLanguage\":\"de\"},{\"@type\":\"Organization\",\"@id\":\"https:\\\/\\\/www.fytofontana.com\\\/#organization\",\"name\":\"Fytofontana\",\"url\":\"https:\\\/\\\/www.fytofontana.com\\\/\",\"logo\":{\"@type\":\"ImageObject\",\"inLanguage\":\"de\",\"@id\":\"https:\\\/\\\/www.fytofontana.com\\\/#\\\/schema\\\/logo\\\/image\\\/\",\"url\":\"https:\\\/\\\/www.fytofontana.com\\\/wp-content\\\/uploads\\\/2021\\\/01\\\/fyto.png\",\"contentUrl\":\"https:\\\/\\\/www.fytofontana.com\\\/wp-content\\\/uploads\\\/2021\\\/01\\\/fyto.png\",\"width\":817,\"height\":79,\"caption\":\"Fytofontana\"},\"image\":{\"@id\":\"https:\\\/\\\/www.fytofontana.com\\\/#\\\/schema\\\/logo\\\/image\\\/\"}}]}<\/script>","yoast_head_json":{"title":"Aloe Vera Spray - Fytofontana","description":"Erfrischendes Spray mit Aloe Vera, Hyalurons\u00e4ure, Gurkenextrakt, Panthenol und Menthol. Beruhigt, hydratisiert und k\u00fchlt gereizte Haut. Ideal nach dem Sonnenbad, Rasur, Depilation oder Insektenstichen.","robots":{"index":"index","follow":"follow","max-snippet":"max-snippet:-1","max-image-preview":"max-image-preview:large","max-video-preview":"max-video-preview:-1"},"canonical":"https:\/\/www.fytofontana.com\/de\/product\/aloe-vera-spray\/","og_locale":"de_DE","og_type":"article","og_title":"Aloe Vera Spray - Fytofontana","og_description":"Erfrischendes Spray mit Aloe Vera, Hyalurons\u00e4ure, Gurkenextrakt, Panthenol und Menthol. Beruhigt, hydratisiert und k\u00fchlt gereizte Haut. Ideal nach dem Sonnenbad, Rasur, Depilation oder Insektenstichen.","og_url":"https:\/\/www.fytofontana.com\/de\/product\/aloe-vera-spray\/","og_site_name":"Fytofontana","article_modified_time":"2025-07-30T13:11:04+00:00","og_image":[{"width":1000,"height":1000,"url":"https:\/\/www.fytofontana.com\/wp-content\/uploads\/2021\/02\/2025_06_Fytofontana_ALOE_VERA_spray_200ml_01_LQ_Primary.png","type":"image\/png"}],"twitter_card":"summary_large_image","twitter_misc":{"Gesch\u00e4tzte Lesezeit":"1\u00a0Minute"},"schema":{"@context":"https:\/\/schema.org","@graph":[{"@type":["WebPage","ItemPage"],"@id":"https:\/\/www.fytofontana.com\/de\/product\/aloe-vera-spray\/","url":"https:\/\/www.fytofontana.com\/de\/product\/aloe-vera-spray\/","name":"Aloe Vera Spray - Fytofontana","isPartOf":{"@id":"https:\/\/www.fytofontana.com\/#website"},"primaryImageOfPage":{"@id":"https:\/\/www.fytofontana.com\/de\/product\/aloe-vera-spray\/#primaryimage"},"image":{"@id":"https:\/\/www.fytofontana.com\/de\/product\/aloe-vera-spray\/#primaryimage"},"thumbnailUrl":"https:\/\/www.fytofontana.com\/wp-content\/uploads\/2021\/02\/2025_06_Fytofontana_ALOE_VERA_spray_200ml_01_LQ_Primary.png","datePublished":"2021-06-13T11:50:48+00:00","dateModified":"2025-07-30T13:11:04+00:00","description":"Erfrischendes Spray mit Aloe Vera, Hyalurons\u00e4ure, Gurkenextrakt, Panthenol und Menthol. Beruhigt, hydratisiert und k\u00fchlt gereizte Haut. Ideal nach dem Sonnenbad, Rasur, Depilation oder Insektenstichen.","breadcrumb":{"@id":"https:\/\/www.fytofontana.com\/de\/product\/aloe-vera-spray\/#breadcrumb"},"inLanguage":"de","potentialAction":[{"@type":"ReadAction","target":["https:\/\/www.fytofontana.com\/de\/product\/aloe-vera-spray\/"]}]},{"@type":"ImageObject","inLanguage":"de","@id":"https:\/\/www.fytofontana.com\/de\/product\/aloe-vera-spray\/#primaryimage","url":"https:\/\/www.fytofontana.com\/wp-content\/uploads\/2021\/02\/2025_06_Fytofontana_ALOE_VERA_spray_200ml_01_LQ_Primary.png","contentUrl":"https:\/\/www.fytofontana.com\/wp-content\/uploads\/2021\/02\/2025_06_Fytofontana_ALOE_VERA_spray_200ml_01_LQ_Primary.png","width":1000,"height":1000},{"@type":"BreadcrumbList","@id":"https:\/\/www.fytofontana.com\/de\/product\/aloe-vera-spray\/#breadcrumb","itemListElement":[{"@type":"ListItem","position":1,"name":"Home","item":"https:\/\/www.fytofontana.com\/de\/"},{"@type":"ListItem","position":2,"name":"Aloe Vera Spray"}]},{"@type":"WebSite","@id":"https:\/\/www.fytofontana.com\/#website","url":"https:\/\/www.fytofontana.com\/","name":"Fytofontana","description":"","publisher":{"@id":"https:\/\/www.fytofontana.com\/#organization"},"potentialAction":[{"@type":"SearchAction","target":{"@type":"EntryPoint","urlTemplate":"https:\/\/www.fytofontana.com\/?s={search_term_string}"},"query-input":{"@type":"PropertyValueSpecification","valueRequired":true,"valueName":"search_term_string"}}],"inLanguage":"de"},{"@type":"Organization","@id":"https:\/\/www.fytofontana.com\/#organization","name":"Fytofontana","url":"https:\/\/www.fytofontana.com\/","logo":{"@type":"ImageObject","inLanguage":"de","@id":"https:\/\/www.fytofontana.com\/#\/schema\/logo\/image\/","url":"https:\/\/www.fytofontana.com\/wp-content\/uploads\/2021\/01\/fyto.png","contentUrl":"https:\/\/www.fytofontana.com\/wp-content\/uploads\/2021\/01\/fyto.png","width":817,"height":79,"caption":"Fytofontana"},"image":{"@id":"https:\/\/www.fytofontana.com\/#\/schema\/logo\/image\/"}}]}},"_links":{"self":[{"href":"https:\/\/www.fytofontana.com\/de\/wp-json\/wp\/v2\/product\/2036","targetHints":{"allow":["GET"]}}],"collection":[{"href":"https:\/\/www.fytofontana.com\/de\/wp-json\/wp\/v2\/product"}],"about":[{"href":"https:\/\/www.fytofontana.com\/de\/wp-json\/wp\/v2\/types\/product"}],"wp:featuredmedia":[{"embeddable":true,"href":"https:\/\/www.fytofontana.com\/de\/wp-json\/wp\/v2\/media\/4102"}],"wp:attachment":[{"href":"https:\/\/www.fytofontana.com\/de\/wp-json\/wp\/v2\/media?parent=2036"}],"wp:term":[{"taxonomy":"products","embeddable":true,"href":"https:\/\/www.fytofontana.com\/de\/wp-json\/wp\/v2\/products?post=2036"}],"curies":[{"name":"wp","href":"https:\/\/api.w.org\/{rel}","templated":true}]}}