{"id":2035,"date":"2021-06-13T12:44:43","date_gmt":"2021-06-13T11:44:43","guid":{"rendered":"https:\/\/www.fytofontana.com\/hu\/?post_type=product&#038;p=2035"},"modified":"2025-07-31T17:34:09","modified_gmt":"2025-07-31T16:34:09","slug":"aloe-vera-extract","status":"publish","type":"product","link":"https:\/\/www.fytofontana.com\/de\/product\/aloe-vera-extract\/","title":{"rendered":"ALOE VERA extract"},"content":{"rendered":"<ul>\n<li><strong>Nahrungserg\u00e4nzungsmittel f\u00fcr gesunde Verdauung<\/strong><\/li>\n<li>Aus konzentriertem Extrakt der Pflanze Aloe Vera Barbadensis hergestellt, mit Maracuja Geschmack.<\/li>\n<li>Die Aktivstoffe der Aloe Vera f\u00f6rdern die Verdauung und wirken positiv auf die Darmfunktionen. Sie unterst\u00fctzen die regelm\u00e4\u00dfige Darmfunktion, was den regelm\u00e4\u00dfigen Stuhlgang f\u00f6rdert.<\/li>\n<\/ul>\n","protected":false},"featured_media":4126,"template":"","products":[81],"class_list":["post-2035","product","type-product","status-publish","has-post-thumbnail","hentry","products-aloe-vera-de"],"yoast_head":"<title>ALOE VERA extract - Fytofontana<\/title>\n<meta name=\"description\" content=\"Konzentriertes Aloe Vera Getr\u00e4nk mit Maracuja-Geschmack. Unterst\u00fctzt die Verdauung, f\u00f6rdert die Darmt\u00e4tigkeit und hilft bei der Entgiftung. Mit Antioxidantien zum Schutz der Zellen vor oxidativem Stress.\" \/>\n<meta name=\"robots\" content=\"index, follow, max-snippet:-1, max-image-preview:large, max-video-preview:-1\" \/>\n<link rel=\"canonical\" href=\"https:\/\/www.fytofontana.com\/de\/product\/aloe-vera-extract\/\" \/>\n<meta property=\"og:locale\" content=\"de_DE\" \/>\n<meta property=\"og:type\" content=\"article\" \/>\n<meta property=\"og:title\" content=\"ALOE VERA extract - Fytofontana\" \/>\n<meta property=\"og:description\" content=\"Konzentriertes Aloe Vera Getr\u00e4nk mit Maracuja-Geschmack. Unterst\u00fctzt die Verdauung, f\u00f6rdert die Darmt\u00e4tigkeit und hilft bei der Entgiftung. Mit Antioxidantien zum Schutz der Zellen vor oxidativem Stress.\" \/>\n<meta property=\"og:url\" content=\"https:\/\/www.fytofontana.com\/de\/product\/aloe-vera-extract\/\" \/>\n<meta property=\"og:site_name\" content=\"Fytofontana\" \/>\n<meta property=\"article:modified_time\" content=\"2025-07-31T16:34:09+00:00\" \/>\n<meta property=\"og:image\" content=\"https:\/\/www.fytofontana.com\/wp-content\/uploads\/2021\/02\/2025_06_Fytofontana_ALOE_VERA_extract_500ml_01_LQ_Primary.png\" \/>\n\t<meta property=\"og:image:width\" content=\"1000\" \/>\n\t<meta property=\"og:image:height\" content=\"1000\" \/>\n\t<meta property=\"og:image:type\" content=\"image\/png\" \/>\n<meta name=\"twitter:card\" content=\"summary_large_image\" \/>\n<meta name=\"twitter:label1\" content=\"Gesch\u00e4tzte Lesezeit\" \/>\n\t<meta name=\"twitter:data1\" content=\"1\u00a0Minute\" \/>\n<script type=\"application\/ld+json\" class=\"yoast-schema-graph\">{\"@context\":\"https:\\\/\\\/schema.org\",\"@graph\":[{\"@type\":[\"WebPage\",\"ItemPage\"],\"@id\":\"https:\\\/\\\/www.fytofontana.com\\\/de\\\/product\\\/aloe-vera-extract\\\/\",\"url\":\"https:\\\/\\\/www.fytofontana.com\\\/de\\\/product\\\/aloe-vera-extract\\\/\",\"name\":\"ALOE VERA extract - Fytofontana\",\"isPartOf\":{\"@id\":\"https:\\\/\\\/www.fytofontana.com\\\/#website\"},\"primaryImageOfPage\":{\"@id\":\"https:\\\/\\\/www.fytofontana.com\\\/de\\\/product\\\/aloe-vera-extract\\\/#primaryimage\"},\"image\":{\"@id\":\"https:\\\/\\\/www.fytofontana.com\\\/de\\\/product\\\/aloe-vera-extract\\\/#primaryimage\"},\"thumbnailUrl\":\"https:\\\/\\\/www.fytofontana.com\\\/wp-content\\\/uploads\\\/2021\\\/02\\\/2025_06_Fytofontana_ALOE_VERA_extract_500ml_01_LQ_Primary.png\",\"datePublished\":\"2021-06-13T11:44:43+00:00\",\"dateModified\":\"2025-07-31T16:34:09+00:00\",\"description\":\"Konzentriertes Aloe Vera Getr\u00e4nk mit Maracuja-Geschmack. Unterst\u00fctzt die Verdauung, f\u00f6rdert die Darmt\u00e4tigkeit und hilft bei der Entgiftung. Mit Antioxidantien zum Schutz der Zellen vor oxidativem Stress.\",\"breadcrumb\":{\"@id\":\"https:\\\/\\\/www.fytofontana.com\\\/de\\\/product\\\/aloe-vera-extract\\\/#breadcrumb\"},\"inLanguage\":\"de\",\"potentialAction\":[{\"@type\":\"ReadAction\",\"target\":[\"https:\\\/\\\/www.fytofontana.com\\\/de\\\/product\\\/aloe-vera-extract\\\/\"]}]},{\"@type\":\"ImageObject\",\"inLanguage\":\"de\",\"@id\":\"https:\\\/\\\/www.fytofontana.com\\\/de\\\/product\\\/aloe-vera-extract\\\/#primaryimage\",\"url\":\"https:\\\/\\\/www.fytofontana.com\\\/wp-content\\\/uploads\\\/2021\\\/02\\\/2025_06_Fytofontana_ALOE_VERA_extract_500ml_01_LQ_Primary.png\",\"contentUrl\":\"https:\\\/\\\/www.fytofontana.com\\\/wp-content\\\/uploads\\\/2021\\\/02\\\/2025_06_Fytofontana_ALOE_VERA_extract_500ml_01_LQ_Primary.png\",\"width\":1000,\"height\":1000},{\"@type\":\"BreadcrumbList\",\"@id\":\"https:\\\/\\\/www.fytofontana.com\\\/de\\\/product\\\/aloe-vera-extract\\\/#breadcrumb\",\"itemListElement\":[{\"@type\":\"ListItem\",\"position\":1,\"name\":\"Home\",\"item\":\"https:\\\/\\\/www.fytofontana.com\\\/de\\\/\"},{\"@type\":\"ListItem\",\"position\":2,\"name\":\"ALOE VERA extract\"}]},{\"@type\":\"WebSite\",\"@id\":\"https:\\\/\\\/www.fytofontana.com\\\/#website\",\"url\":\"https:\\\/\\\/www.fytofontana.com\\\/\",\"name\":\"Fytofontana\",\"description\":\"\",\"publisher\":{\"@id\":\"https:\\\/\\\/www.fytofontana.com\\\/#organization\"},\"potentialAction\":[{\"@type\":\"SearchAction\",\"target\":{\"@type\":\"EntryPoint\",\"urlTemplate\":\"https:\\\/\\\/www.fytofontana.com\\\/?s={search_term_string}\"},\"query-input\":{\"@type\":\"PropertyValueSpecification\",\"valueRequired\":true,\"valueName\":\"search_term_string\"}}],\"inLanguage\":\"de\"},{\"@type\":\"Organization\",\"@id\":\"https:\\\/\\\/www.fytofontana.com\\\/#organization\",\"name\":\"Fytofontana\",\"url\":\"https:\\\/\\\/www.fytofontana.com\\\/\",\"logo\":{\"@type\":\"ImageObject\",\"inLanguage\":\"de\",\"@id\":\"https:\\\/\\\/www.fytofontana.com\\\/#\\\/schema\\\/logo\\\/image\\\/\",\"url\":\"https:\\\/\\\/www.fytofontana.com\\\/wp-content\\\/uploads\\\/2021\\\/01\\\/fyto.png\",\"contentUrl\":\"https:\\\/\\\/www.fytofontana.com\\\/wp-content\\\/uploads\\\/2021\\\/01\\\/fyto.png\",\"width\":817,\"height\":79,\"caption\":\"Fytofontana\"},\"image\":{\"@id\":\"https:\\\/\\\/www.fytofontana.com\\\/#\\\/schema\\\/logo\\\/image\\\/\"}}]}<\/script>","yoast_head_json":{"title":"ALOE VERA extract - Fytofontana","description":"Konzentriertes Aloe Vera Getr\u00e4nk mit Maracuja-Geschmack. Unterst\u00fctzt die Verdauung, f\u00f6rdert die Darmt\u00e4tigkeit und hilft bei der Entgiftung. Mit Antioxidantien zum Schutz der Zellen vor oxidativem Stress.","robots":{"index":"index","follow":"follow","max-snippet":"max-snippet:-1","max-image-preview":"max-image-preview:large","max-video-preview":"max-video-preview:-1"},"canonical":"https:\/\/www.fytofontana.com\/de\/product\/aloe-vera-extract\/","og_locale":"de_DE","og_type":"article","og_title":"ALOE VERA extract - Fytofontana","og_description":"Konzentriertes Aloe Vera Getr\u00e4nk mit Maracuja-Geschmack. Unterst\u00fctzt die Verdauung, f\u00f6rdert die Darmt\u00e4tigkeit und hilft bei der Entgiftung. Mit Antioxidantien zum Schutz der Zellen vor oxidativem Stress.","og_url":"https:\/\/www.fytofontana.com\/de\/product\/aloe-vera-extract\/","og_site_name":"Fytofontana","article_modified_time":"2025-07-31T16:34:09+00:00","og_image":[{"width":1000,"height":1000,"url":"https:\/\/www.fytofontana.com\/wp-content\/uploads\/2021\/02\/2025_06_Fytofontana_ALOE_VERA_extract_500ml_01_LQ_Primary.png","type":"image\/png"}],"twitter_card":"summary_large_image","twitter_misc":{"Gesch\u00e4tzte Lesezeit":"1\u00a0Minute"},"schema":{"@context":"https:\/\/schema.org","@graph":[{"@type":["WebPage","ItemPage"],"@id":"https:\/\/www.fytofontana.com\/de\/product\/aloe-vera-extract\/","url":"https:\/\/www.fytofontana.com\/de\/product\/aloe-vera-extract\/","name":"ALOE VERA extract - Fytofontana","isPartOf":{"@id":"https:\/\/www.fytofontana.com\/#website"},"primaryImageOfPage":{"@id":"https:\/\/www.fytofontana.com\/de\/product\/aloe-vera-extract\/#primaryimage"},"image":{"@id":"https:\/\/www.fytofontana.com\/de\/product\/aloe-vera-extract\/#primaryimage"},"thumbnailUrl":"https:\/\/www.fytofontana.com\/wp-content\/uploads\/2021\/02\/2025_06_Fytofontana_ALOE_VERA_extract_500ml_01_LQ_Primary.png","datePublished":"2021-06-13T11:44:43+00:00","dateModified":"2025-07-31T16:34:09+00:00","description":"Konzentriertes Aloe Vera Getr\u00e4nk mit Maracuja-Geschmack. Unterst\u00fctzt die Verdauung, f\u00f6rdert die Darmt\u00e4tigkeit und hilft bei der Entgiftung. Mit Antioxidantien zum Schutz der Zellen vor oxidativem Stress.","breadcrumb":{"@id":"https:\/\/www.fytofontana.com\/de\/product\/aloe-vera-extract\/#breadcrumb"},"inLanguage":"de","potentialAction":[{"@type":"ReadAction","target":["https:\/\/www.fytofontana.com\/de\/product\/aloe-vera-extract\/"]}]},{"@type":"ImageObject","inLanguage":"de","@id":"https:\/\/www.fytofontana.com\/de\/product\/aloe-vera-extract\/#primaryimage","url":"https:\/\/www.fytofontana.com\/wp-content\/uploads\/2021\/02\/2025_06_Fytofontana_ALOE_VERA_extract_500ml_01_LQ_Primary.png","contentUrl":"https:\/\/www.fytofontana.com\/wp-content\/uploads\/2021\/02\/2025_06_Fytofontana_ALOE_VERA_extract_500ml_01_LQ_Primary.png","width":1000,"height":1000},{"@type":"BreadcrumbList","@id":"https:\/\/www.fytofontana.com\/de\/product\/aloe-vera-extract\/#breadcrumb","itemListElement":[{"@type":"ListItem","position":1,"name":"Home","item":"https:\/\/www.fytofontana.com\/de\/"},{"@type":"ListItem","position":2,"name":"ALOE VERA extract"}]},{"@type":"WebSite","@id":"https:\/\/www.fytofontana.com\/#website","url":"https:\/\/www.fytofontana.com\/","name":"Fytofontana","description":"","publisher":{"@id":"https:\/\/www.fytofontana.com\/#organization"},"potentialAction":[{"@type":"SearchAction","target":{"@type":"EntryPoint","urlTemplate":"https:\/\/www.fytofontana.com\/?s={search_term_string}"},"query-input":{"@type":"PropertyValueSpecification","valueRequired":true,"valueName":"search_term_string"}}],"inLanguage":"de"},{"@type":"Organization","@id":"https:\/\/www.fytofontana.com\/#organization","name":"Fytofontana","url":"https:\/\/www.fytofontana.com\/","logo":{"@type":"ImageObject","inLanguage":"de","@id":"https:\/\/www.fytofontana.com\/#\/schema\/logo\/image\/","url":"https:\/\/www.fytofontana.com\/wp-content\/uploads\/2021\/01\/fyto.png","contentUrl":"https:\/\/www.fytofontana.com\/wp-content\/uploads\/2021\/01\/fyto.png","width":817,"height":79,"caption":"Fytofontana"},"image":{"@id":"https:\/\/www.fytofontana.com\/#\/schema\/logo\/image\/"}}]}},"_links":{"self":[{"href":"https:\/\/www.fytofontana.com\/de\/wp-json\/wp\/v2\/product\/2035","targetHints":{"allow":["GET"]}}],"collection":[{"href":"https:\/\/www.fytofontana.com\/de\/wp-json\/wp\/v2\/product"}],"about":[{"href":"https:\/\/www.fytofontana.com\/de\/wp-json\/wp\/v2\/types\/product"}],"wp:featuredmedia":[{"embeddable":true,"href":"https:\/\/www.fytofontana.com\/de\/wp-json\/wp\/v2\/media\/4126"}],"wp:attachment":[{"href":"https:\/\/www.fytofontana.com\/de\/wp-json\/wp\/v2\/media?parent=2035"}],"wp:term":[{"taxonomy":"products","embeddable":true,"href":"https:\/\/www.fytofontana.com\/de\/wp-json\/wp\/v2\/products?post=2035"}],"curies":[{"name":"wp","href":"https:\/\/api.w.org\/{rel}","templated":true}]}}