{"id":2099,"date":"2021-08-02T14:06:27","date_gmt":"2021-08-02T13:06:27","guid":{"rendered":"https:\/\/www.fytofontana.com\/hu\/?page_id=2099"},"modified":"2025-09-17T09:37:33","modified_gmt":"2025-09-17T08:37:33","slug":"produkte","status":"publish","type":"page","link":"https:\/\/www.fytofontana.com\/de\/produkte\/","title":{"rendered":"Produkte"},"content":{"rendered":"\n<p>Health and wellbeing are our priorities. We believe in the power of natural ingredients just as much as in science, therefore our brands represent the perfect combination of these two elements.<\/p>\n<section class=\"section-bestsellers container py-10 lg:py-20 relative\">\n\t<h3 class=\"mb-10 text-4xl font-extrabold leading-tight text-center\">Best-selling brands<\/h3>\n\t<div class=\"slider-bestsellers swiper-container\">\n\t\t<nav class=\"nav-slider bg-white\">\n\t\t\t<button type=\"button\" class=\"button-prev mr-4 text-fytofontana-green\">\n\t\t\t\t<i class=\"fa fa-caret-left fa-2x\"><\/i>\n\t\t\t<\/button>\n\t\t\t<button type=\"button\" class=\"button-next ml-4 text-fytofontana-green\">\n\t\t\t\t<i class=\"fa fa-caret-right fa-2x\"><\/i>\n\t\t\t<\/button>\n\t\t<\/nav>\n\t\t<div class=\"swiper-wrapper\">\n\t\t\t\t\t\t\t\t\t\t<div class=\"swiper-slide\">\n\t\t\t\t<div class=\"flex flex-wrap\">\n\t\t\t\t\t<div class=\"w-full lg:w-1\/2 lg:mr-auto\">\n\t\t\t\t\t\t<a href=\"https:\/\/www.fytofontana.com\/de\/products\/virostop-de\/\">\n\t\t\t\t\t\t\t<img src=\"https:\/\/www.fytofontana.com\/wp-content\/uploads\/2024\/02\/10-2023_Virostop_Web_HU_04-768x768.jpg\" alt=\"VIROSTOP\" class=\"mb-6 lg:mb-0\">\n\t\t\t\t\t\t<\/a>\n\t\t\t\t\t<\/div>\n\t\t\t\t\t<div class=\"w-full lg:w-5\/12\">\n\t\t\t\t\t\t<img src=\"https:\/\/www.fytofontana.com\/wp-content\/uploads\/2025\/05\/500x500_VIROSTOP_logo_Square-132x132.jpg\" alt=\"VIROSTOP\" class=\"max-w-1\/2 mb-10 brand-logo\">\n\t\t\t\t\t\t<p>VIROSTOP ist als Schutzbarriere gegen Viren bestimmt, die eine Entz\u00fcndung der oberen Atemwege verursachen, indem es auf die Schleimhaut der oberen Atemwege aufgetragen wird.<\/p>\n\t\t\t\t\t\t<p class=\"mt-10\">\n\t\t\t\t\t\t\t<a href=\"https:\/\/www.fytofontana.com\/de\/products\/virostop-de\/\" class=\"w-full lg:w-1\/2 btn-fytofontana\">Mehr erfahren<\/a>\n\t\t\t\t\t\t<\/p>\n\t\t\t\t\t<\/div>\n\t\t\t\t<\/div>\n\t\t\t<\/div>\n\t\t\t\t\t\t\t\t\t\t<div class=\"swiper-slide\">\n\t\t\t\t<div class=\"flex flex-wrap\">\n\t\t\t\t\t<div class=\"w-full lg:w-1\/2 lg:mr-auto\">\n\t\t\t\t\t\t<a href=\"https:\/\/www.fytofontana.com\/de\/products\/gyntima-de\/\">\n\t\t\t\t\t\t\t<img src=\"https:\/\/www.fytofontana.com\/wp-content\/uploads\/2025\/07\/5_HQ_GYNTIMA-sestava-prechod-768x768.jpg\" alt=\"GYNTIMA\" class=\"mb-6 lg:mb-0\">\n\t\t\t\t\t\t<\/a>\n\t\t\t\t\t<\/div>\n\t\t\t\t\t<div class=\"w-full lg:w-5\/12\">\n\t\t\t\t\t\t<img src=\"https:\/\/www.fytofontana.com\/wp-content\/uploads\/2024\/02\/Gyntima-logo-RGB-179x132.jpg\" alt=\"GYNTIMA\" class=\"max-w-1\/2 mb-10 brand-logo\">\n\t\t\t\t\t\t<p>Die Gyntima Reihe sorgt auf nat\u00fcrliche Weise f\u00fcr ein biologisches Gleichgewicht des Intimbereichs, hilft bei der Vorbeugung und Behandlung von Scheidenbeschwerden.<\/p>\n\t\t\t\t\t\t<p class=\"mt-10\">\n\t\t\t\t\t\t\t<a href=\"https:\/\/www.fytofontana.com\/de\/products\/gyntima-de\/\" class=\"w-full lg:w-1\/2 btn-fytofontana\">Mehr erfahren<\/a>\n\t\t\t\t\t\t<\/p>\n\t\t\t\t\t<\/div>\n\t\t\t\t<\/div>\n\t\t\t<\/div>\n\t\t\t\t\t\t\t\t\t\t<div class=\"swiper-slide\">\n\t\t\t\t<div class=\"flex flex-wrap\">\n\t\t\t\t\t<div class=\"w-full lg:w-1\/2 lg:mr-auto\">\n\t\t\t\t\t\t<a href=\"https:\/\/www.fytofontana.com\/de\/products\/aurecon-de\/\">\n\t\t\t\t\t\t\t<img src=\"https:\/\/www.fytofontana.com\/wp-content\/uploads\/2021\/03\/2023_05_AURECON_Spray_50ml_1000x1000px_01_Primary-768x768.png\" alt=\"AURECON\" class=\"mb-6 lg:mb-0\">\n\t\t\t\t\t\t<\/a>\n\t\t\t\t\t<\/div>\n\t\t\t\t\t<div class=\"w-full lg:w-5\/12\">\n\t\t\t\t\t\t<img src=\"https:\/\/www.fytofontana.com\/wp-content\/uploads\/2020\/12\/AURECON_logo_RGB-508x132.png\" alt=\"AURECON\" class=\"max-w-1\/2 mb-10 brand-logo\">\n\t\t\t\t\t\t<p>Nat\u00fcrliche Reihe zur Ohrenpflege und Ohrhygiene f\u00fcr die ganze Familie. Hilft Gesundheitsproblemen wie Verstopfungen des Geh\u00f6rgangs und Ohrinfektionen vorzubeugen.<\/p>\n\t\t\t\t\t\t<p class=\"mt-10\">\n\t\t\t\t\t\t\t<a href=\"https:\/\/www.fytofontana.com\/de\/products\/aurecon-de\/\" class=\"w-full lg:w-1\/2 btn-fytofontana\">Mehr erfahren<\/a>\n\t\t\t\t\t\t<\/p>\n\t\t\t\t\t<\/div>\n\t\t\t\t<\/div>\n\t\t\t<\/div>\n\t\t\t\t\t\t\t\t\t\t<div class=\"swiper-slide\">\n\t\t\t\t<div class=\"flex flex-wrap\">\n\t\t\t\t\t<div class=\"w-full lg:w-1\/2 lg:mr-auto\">\n\t\t\t\t\t\t<a href=\"https:\/\/www.fytofontana.com\/de\/products\/hemorrelax-de\/\">\n\t\t\t\t\t\t\t<img src=\"https:\/\/www.fytofontana.com\/wp-content\/uploads\/2025\/07\/hemorelax_sestava_1b-768x576.png\" alt=\"HEMORRELAX\" class=\"mb-6 lg:mb-0\">\n\t\t\t\t\t\t<\/a>\n\t\t\t\t\t<\/div>\n\t\t\t\t\t<div class=\"w-full lg:w-5\/12\">\n\t\t\t\t\t\t<img src=\"https:\/\/www.fytofontana.com\/wp-content\/uploads\/2020\/12\/HEMORRELAX_logo_vyska_RGB-329x132.png\" alt=\"HEMORRELAX\" class=\"max-w-1\/2 mb-10 brand-logo\">\n\t\t\t\t\t\t<p>Hemorrelax ist die L\u00f6sung bei der Behandlung und Vorbeugung von H\u00e4morrhoiden und anderen Erkrankungen des Rektums, wie Analfissuren und Rhagaden.<\/p>\n\t\t\t\t\t\t<p class=\"mt-10\">\n\t\t\t\t\t\t\t<a href=\"https:\/\/www.fytofontana.com\/de\/products\/hemorrelax-de\/\" class=\"w-full lg:w-1\/2 btn-fytofontana\">Mehr erfahren<\/a>\n\t\t\t\t\t\t<\/p>\n\t\t\t\t\t<\/div>\n\t\t\t\t<\/div>\n\t\t\t<\/div>\n\t\t\t\t\t\t\t\t\t\t<div class=\"swiper-slide\">\n\t\t\t\t<div class=\"flex flex-wrap\">\n\t\t\t\t\t<div class=\"w-full lg:w-1\/2 lg:mr-auto\">\n\t\t\t\t\t\t<a href=\"https:\/\/www.fytofontana.com\/de\/products\/virostop-de\/\">\n\t\t\t\t\t\t\t<img src=\"https:\/\/www.fytofontana.com\/wp-content\/uploads\/2024\/04\/VIROSTOP-PASTILKY-20-ENDEESIT-sestava-copy-768x768.png\" alt=\"VIROSTOP\" class=\"mb-6 lg:mb-0\">\n\t\t\t\t\t\t<\/a>\n\t\t\t\t\t<\/div>\n\t\t\t\t\t<div class=\"w-full lg:w-5\/12\">\n\t\t\t\t\t\t<img src=\"https:\/\/www.fytofontana.com\/wp-content\/uploads\/2025\/05\/500x500_VIROSTOP_logo_Square-132x132.jpg\" alt=\"VIROSTOP\" class=\"max-w-1\/2 mb-10 brand-logo\">\n\t\t\t\t\t\t<p>VIROSTOP ist als Schutzbarriere gegen Viren bestimmt, die eine Entz\u00fcndung der oberen Atemwege verursachen, indem es auf die Schleimhaut der oberen Atemwege aufgetragen wird.<\/p>\n\t\t\t\t\t\t<p class=\"mt-10\">\n\t\t\t\t\t\t\t<a href=\"https:\/\/www.fytofontana.com\/de\/products\/virostop-de\/\" class=\"w-full lg:w-1\/2 btn-fytofontana\">Mehr erfahren<\/a>\n\t\t\t\t\t\t<\/p>\n\t\t\t\t\t<\/div>\n\t\t\t\t<\/div>\n\t\t\t<\/div>\n\t\t\t\t\t<\/div>\n\t<\/div>\n<\/section>\n","protected":false},"excerpt":{"rendered":"<p>Health and wellbeing are our priorities. We believe in the power of natural ingredients just as much as in science, therefore our brands represent the perfect combination of these two elements.<\/p>\n","protected":false},"author":2,"featured_media":0,"parent":0,"menu_order":0,"comment_status":"closed","ping_status":"closed","template":"template-products.blade.php","meta":[],"yoast_head":"<title>Produkte - Fytofontana<\/title>\n<meta name=\"robots\" content=\"index, follow, max-snippet:-1, max-image-preview:large, max-video-preview:-1\" \/>\n<link rel=\"canonical\" href=\"https:\/\/www.fytofontana.com\/de\/produkte\/\" \/>\n<meta property=\"og:locale\" content=\"de_DE\" \/>\n<meta property=\"og:type\" content=\"article\" \/>\n<meta property=\"og:title\" content=\"Produkte - Fytofontana\" \/>\n<meta property=\"og:description\" content=\"Health and wellbeing are our priorities. We believe in the power of natural ingredients just as much as in science, therefore our brands represent the perfect combination of these two elements.\" \/>\n<meta property=\"og:url\" content=\"https:\/\/www.fytofontana.com\/de\/produkte\/\" \/>\n<meta property=\"og:site_name\" content=\"Fytofontana\" \/>\n<meta property=\"article:modified_time\" content=\"2025-09-17T08:37:33+00:00\" \/>\n<meta property=\"og:image\" content=\"https:\/\/www.fytofontana.com\/wp-content\/uploads\/2021\/01\/FB-Share.jpg\" \/>\n\t<meta property=\"og:image:width\" content=\"2400\" \/>\n\t<meta property=\"og:image:height\" content=\"1260\" \/>\n<meta name=\"twitter:card\" content=\"summary_large_image\" \/>\n<meta name=\"twitter:label1\" content=\"Gesch\u00e4tzte Lesezeit\">\n\t<meta name=\"twitter:data1\" content=\"1\u00a0Minute\">\n<script type=\"application\/ld+json\" class=\"yoast-schema-graph\">{\"@context\":\"https:\/\/schema.org\",\"@graph\":[{\"@type\":\"Organization\",\"@id\":\"https:\/\/www.fytofontana.com\/#organization\",\"name\":\"Fytofontana\",\"url\":\"https:\/\/www.fytofontana.com\/\",\"sameAs\":[],\"logo\":{\"@type\":\"ImageObject\",\"@id\":\"https:\/\/www.fytofontana.com\/#logo\",\"inLanguage\":\"de\",\"url\":\"https:\/\/www.fytofontana.com\/wp-content\/uploads\/2021\/01\/fyto.png\",\"width\":817,\"height\":79,\"caption\":\"Fytofontana\"},\"image\":{\"@id\":\"https:\/\/www.fytofontana.com\/#logo\"}},{\"@type\":\"WebSite\",\"@id\":\"https:\/\/www.fytofontana.com\/#website\",\"url\":\"https:\/\/www.fytofontana.com\/\",\"name\":\"Fytofontana\",\"description\":\"\",\"publisher\":{\"@id\":\"https:\/\/www.fytofontana.com\/#organization\"},\"potentialAction\":[{\"@type\":\"SearchAction\",\"target\":\"https:\/\/www.fytofontana.com\/?s={search_term_string}\",\"query-input\":\"required name=search_term_string\"}],\"inLanguage\":\"de\"},{\"@type\":\"WebPage\",\"@id\":\"https:\/\/www.fytofontana.com\/de\/produkte\/#webpage\",\"url\":\"https:\/\/www.fytofontana.com\/de\/produkte\/\",\"name\":\"Produkte - Fytofontana\",\"isPartOf\":{\"@id\":\"https:\/\/www.fytofontana.com\/#website\"},\"datePublished\":\"2021-08-02T13:06:27+00:00\",\"dateModified\":\"2025-09-17T08:37:33+00:00\",\"breadcrumb\":{\"@id\":\"https:\/\/www.fytofontana.com\/de\/produkte\/#breadcrumb\"},\"inLanguage\":\"de\",\"potentialAction\":[{\"@type\":\"ReadAction\",\"target\":[\"https:\/\/www.fytofontana.com\/de\/produkte\/\"]}]},{\"@type\":\"BreadcrumbList\",\"@id\":\"https:\/\/www.fytofontana.com\/de\/produkte\/#breadcrumb\",\"itemListElement\":[{\"@type\":\"ListItem\",\"position\":1,\"item\":{\"@type\":\"WebPage\",\"@id\":\"https:\/\/www.fytofontana.com\/de\/\",\"url\":\"https:\/\/www.fytofontana.com\/de\/\",\"name\":\"Home\"}},{\"@type\":\"ListItem\",\"position\":2,\"item\":{\"@type\":\"WebPage\",\"@id\":\"https:\/\/www.fytofontana.com\/de\/produkte\/\",\"url\":\"https:\/\/www.fytofontana.com\/de\/produkte\/\",\"name\":\"Produkte\"}}]}]}<\/script>","_links":{"self":[{"href":"https:\/\/www.fytofontana.com\/de\/wp-json\/wp\/v2\/pages\/2099"}],"collection":[{"href":"https:\/\/www.fytofontana.com\/de\/wp-json\/wp\/v2\/pages"}],"about":[{"href":"https:\/\/www.fytofontana.com\/de\/wp-json\/wp\/v2\/types\/page"}],"author":[{"embeddable":true,"href":"https:\/\/www.fytofontana.com\/de\/wp-json\/wp\/v2\/users\/2"}],"replies":[{"embeddable":true,"href":"https:\/\/www.fytofontana.com\/de\/wp-json\/wp\/v2\/comments?post=2099"}],"version-history":[{"count":13,"href":"https:\/\/www.fytofontana.com\/de\/wp-json\/wp\/v2\/pages\/2099\/revisions"}],"predecessor-version":[{"id":4270,"href":"https:\/\/www.fytofontana.com\/de\/wp-json\/wp\/v2\/pages\/2099\/revisions\/4270"}],"wp:attachment":[{"href":"https:\/\/www.fytofontana.com\/de\/wp-json\/wp\/v2\/media?parent=2099"}],"curies":[{"name":"wp","href":"https:\/\/api.w.org\/{rel}","templated":true}]}}