{"id":2088,"date":"2021-07-28T09:35:37","date_gmt":"2021-07-28T08:35:37","guid":{"rendered":"https:\/\/www.fytofontana.com\/hu\/?page_id=2088"},"modified":"2025-10-17T12:02:01","modified_gmt":"2025-10-17T11:02:01","slug":"about-us","status":"publish","type":"page","link":"https:\/\/www.fytofontana.com\/de\/about-us\/","title":{"rendered":"\u00dcber uns"},"content":{"rendered":"<section id=\"section-hero-block_5fd6a0c796abc\" class=\"section-hero small flex items-center text-fytofontana relative\">\n\t<div  style=\"background-image: url('https:\/\/www.fytofontana.com\/wp-content\/uploads\/2020\/12\/hero-about.jpg')\"  class=\"absolute inset-0 bg-center bg-no-repeat bg-cover opacity-30 lg:opacity-100\"><\/div>\n\t<div class=\"container z-10\">\n\t\t<div class=\"row\">\n\t\t\t<div class=\"w-full lg:w-1\/2\">\n\t\t\t\t<h1 class=\"text-5xl font-extrabold leading-tight\">Unsere Mission <\/h1>\n\t\t\t\t<p class=\"my-12\">Unser Ziel ist es, Produkte aus nachhaltigen nat\u00fcrlichen Ressourcen herzustellen und mit Hilfe der Wissenschaft die besten Ergebnisse und Wirkungen zu erzielen, die diese Substanzen bieten k\u00f6nnen. Mit unserer Vision der menschlichen Gesundheit, die auf nat\u00fcrlichen, biotechnologischen Produkten basiert, lernen und erforschen wir st\u00e4ndig neue Inhaltsstoffe und Anwendungsm\u00f6glichkeiten. Bei Herb-Pharma, dem Inhaber und Hersteller der Marken Fytofontana, ist Innovation allseits pr\u00e4sent und schafft ein neues Paradigma f\u00fcr die Biotechnologiebranche.\r\n<\/p>\n\t\t\t<\/div>\n\t\t<\/div>\n\t<\/div>\n<\/section>\n\n\n<section class=\"container py-20 lg:py-40\">\n\t<div class=\"flex flex-wrap -mx-2\">\n\t\t\t\t<div class=\"w-full lg:w-7\/12 px-2\">\n\t\t\t<img decoding=\"async\" src=\"https:\/\/www.fytofontana.com\/wp-content\/uploads\/2020\/12\/AdobeStock_301556876-2-2.jpg\" alt=\"\" class=\"mb-6 lg:mb-0\">\n\t\t<\/div>\n\t\t\t\t<div class=\"w-full lg:w-5\/12 px-2\">\n\t\t\t<h2 class=\"mb-6 text-4xl font-extrabold leading-tight\">Unternehmen<\/h2>\n\t\t\t<p>Die Geschichte der Unternehmensgr\u00fcndung geht bis in die fr\u00fchen 90er Jahre des vergangenen Jahrhunderts zur\u00fcck. Die Herb-Pharma \u00a0erzeugt Kosmetikartikel, Nahrungserg\u00e4nzungsmittel und Arzneimittel, die das Leben aller Altersgruppen vom Neugeborenen bis zum \u00e4lteren Erwachsenen begleiten.<span class=\"Apple-converted-space\">\u00a0<\/span><\/p>\n<p>Herb-Pharma betreibt eigene Entwicklungs- und Produktionsst\u00e4tten. Ein Team aus Wissenschaftlern, Biologen, \u00c4rzten, Pharmazeuten und Chemikern besch\u00e4ftigt sich mit der Vorbereitung, Entwicklung und Pr\u00fcfung von Inhaltsstoffen und finalen Produkten. Unsere Absicht ist es auf der Grundlage eigener technischer und wissenschaftlicher Erkenntnisse eine nachhaltige Kette innovativer neuer Behandlungsverfahren zu entwickeln und auf den Markt zu bringen.<\/p>\n\t\t<\/div>\n\t\t\t<\/div>\n<\/section>\n\n\n\n<figure class=\"wp-block-video\"><video height=\"1080\" style=\"aspect-ratio: 1920 \/ 1080;\" width=\"1920\" controls poster=\"https:\/\/www.fytofontana.com\/wp-content\/uploads\/2024\/07\/Screenshot-2024-07-01-at-13.44.31.png\" src=\"https:\/\/www.fytofontana.com\/wp-content\/uploads\/2024\/07\/virostop_factory_v1.mov\"><\/video><\/figure>\n\n\n<section id=\"section-icon-grid-block_5fd6a16596abe\"class=\"bg-fytofontana-green-100 bg-opacity-10 pt-10 lg:pt-20 pb-2 lg:pb-4\">\n\t<div class=\"container\">\n\t\t\t\t\t\t\t\t\t\t<div class=\"flex flex-wrap justify-evenly -mx-2\">\n\t\t\t\t\t\t\t<div class=\"w-full lg:w-1\/4 mb-8 lg:mb-16 px-2\">\n\t\t\t\t\t<img loading=\"lazy\" decoding=\"async\" src=\"https:\/\/www.fytofontana.com\/wp-content\/uploads\/2020\/12\/icon4-green.svg\" width=\"68\" height=\"60\" alt=\"\" class=\"object-contain h-16 mb-6\">\n\t\t\t\t\t<p>Herb-Pharma betreibt eigene Produktionsst\u00e4tten, alle Produkte werden in der EU hergestellt.<\/p>\n\t\t\t\t<\/div>\n\t\t\t\t\t\t\t\t\t\t\t\t<div class=\"w-full lg:w-1\/4 mb-8 lg:mb-16 px-2\">\n\t\t\t\t\t<img loading=\"lazy\" decoding=\"async\" src=\"https:\/\/www.fytofontana.com\/wp-content\/uploads\/2020\/12\/icon8.svg\" width=\"68\" height=\"60\" alt=\"\" class=\"object-contain h-16 mb-6\">\n\t\t\t\t\t<p>Mehr als 15 Marken sind auf dem Markt verf\u00fcgbar und f\u00fcr 2026 und 2026 ist die Einf\u00fchrung neuer Produkte geplant.<\/p>\n\t\t\t\t<\/div>\n\t\t\t\t\t\t<\/div>\n\t\t\t\t\t\t\t\t\t\t\t<div class=\"flex flex-wrap justify-evenly -mx-2\">\n\t\t\t\t\t\t\t<div class=\"w-full lg:w-1\/4 mb-8 lg:mb-16 px-2\">\n\t\t\t\t\t<img loading=\"lazy\" decoding=\"async\" src=\"https:\/\/www.fytofontana.com\/wp-content\/uploads\/2020\/12\/icon7.svg\" width=\"68\" height=\"60\" alt=\"\" class=\"object-contain h-16 mb-6\">\n\t\t\t\t\t<p>Der Vertrieb umfasst Apotheken, Handelsketten, Kaufh\u00e4user und Online-Shops in \u00fcber 25 L\u00e4ndern.<\/p>\n\t\t\t\t<\/div>\n\t\t\t\t\t\t\t\t\t\t\t\t<div class=\"w-full lg:w-1\/4 mb-8 lg:mb-16 px-2\">\n\t\t\t\t\t<img loading=\"lazy\" decoding=\"async\" src=\"https:\/\/www.fytofontana.com\/wp-content\/uploads\/2020\/12\/icon9.svg\" width=\"68\" height=\"60\" alt=\"\" class=\"object-contain h-16 mb-6\">\n\t\t\t\t\t<p>Herb-Pharma Produkte werden in rund 20.000 Ladengesch\u00e4ften verkauft.<\/p>\n\t\t\t\t<\/div>\n\t\t\t\t\t\t<\/div>\n\t\t\t\t\t\t<\/div>\n<\/section>\n\n\n<section class=\"container py-20 lg:py-40\">\n\t<div class=\"flex flex-wrap -mx-2\">\n\t\t\t\t<div class=\"w-full lg:w-7\/12 px-2\">\n\t\t\t<img decoding=\"async\" src=\"https:\/\/www.fytofontana.com\/wp-content\/uploads\/2020\/12\/AdobeStock_295216695-2-1.png\" alt=\"\" class=\"mb-6 lg:mb-0\">\n\t\t<\/div>\n\t\t\t\t<div class=\"w-full lg:w-5\/12 px-2\">\n\t\t\t<h2 class=\"mb-6 text-4xl font-extrabold leading-tight\">Unsere Philosophie<\/h2>\n\t\t\t<ul>\n<li><strong>Qualit\u00e4tsgarantie<\/strong> &#8211; unser Ziel ist es Benutzern Inhaltsstoffe von h\u00f6chster und reinster Qualit\u00e4t zu bieten, die am Markt verf\u00fcgbar sind.<\/li>\n<li><strong>Hohes Ma\u00df an Sicherheit<\/strong> &#8211; wir sind bem\u00fcht sicherzustellen, dass alle unsere Inhaltsstoffe den h\u00f6chsten Qualit\u00e4tsstandards der Branche sowie klinischen Studien entsprechen und als finales Produkt keine sch\u00e4dlichen Substanzen enthalten.<\/li>\n<li><strong>Nat\u00fcrliche Produkte<\/strong> \u2013 wir verwenden vor allem nat\u00fcrliche Inhaltsstoffe.<\/li>\n<li><strong>Innovation<\/strong> &#8211; wir sind bestrebt Ihnen wirklich innovative Produkte, Ideen und verbesserte Produktionsverfahren anzubieten.<\/li>\n<li><strong>Werte f\u00fcr Kunden schaffen und ethisch handeln<\/strong> &#8211; bei allem, was wir tun, streben wir danach, unser Ziel im Kundenservice zu erf\u00fcllen und das Versprechen einer professionellen Herangehensweise in unseren Produkten umzusetzen.<\/li>\n<\/ul>\n<div id=\"gtx-trans\" style=\"position: absolute; left: 69px; top: 302px;\">\n<div class=\"gtx-trans-icon\"><\/div>\n<\/div>\n\t\t<\/div>\n\t\t\t<\/div>\n<\/section>\n\n\n<section id=\"section-premium-block_5fd6a2bb96ac4\" class=\"bg-fytofontana-green-100 bg-opacity-10 py-12 lg:py-24 text-center\">\n\t<div class=\"container\">\n\t\t<h2 class=\"text-xl uppercase leading-tight\">FYTOFONTANA<\/h2>\t\t<h3 class=\"text-4xl font-extrabold leading-tight\">Unsere Hautpflegemarken<\/h3>\t\t<div class=\"lg:w-2\/3 mx-auto my-10 text-xl leading-tight\"><p>Wir bei Herb-Pharma skincare sind \u00fcberzeugt, dass die Wissenschaft der Schl\u00fcssel zur Hautverj\u00fcngung ist. Dank jahrzehntelanger Forschung repr\u00e4sentieren unsere Reihen die h\u00f6chste Kategorie in der Hautpflege.<\/p>\n<\/div>\t\t<div class=\"flex flex-wrap justify-center -mx-5 premium-elements\">\n\t\t\t\t\t\t<div class=\"w-full lg:w-1\/2 xl:w-5\/12 mb-12 lg:mb-0 px-5 xl:px-6\">\n\t\t\t\t<a href=\"https:\/\/fcosme.com\" target=\"_blank\" class=\"block h-full bg-white p-12 transform hover:scale-105 text-fytofontana\">\n\t\t\t\t\t\t\t\t\t\t<img loading=\"lazy\" decoding=\"async\" src=\"https:\/\/www.fytofontana.com\/wp-content\/uploads\/2020\/12\/logo-f1.svg\" width=\"157\" height=\"84\" alt=\"\" class=\"object-contain w-full h-24 mb-12\">\n\t\t\t\t\t\t\t\t\t\t<h4 class=\"text-xl text-fytofontana font-bold leading-tight mb-6\">Fytofontana Cosmeceuticals<\/h4>\t\t\t\t\t<p>Basierend auf neuesten wissenschaftlichen Erkenntnissen setzt Fytofontana Cosmeceuticals eine Kombination effektivster Peptide zur Eliminierung von Falten und im Kampf gegen die Hautalterung ein.<\/p>\n\t\t\t\t<\/a>\n\t\t\t<\/div>\n\t\t\t\t\t\t<div class=\"w-full lg:w-1\/2 xl:w-5\/12 mb-12 lg:mb-0 px-5 xl:px-6\">\n\t\t\t\t<a href=\"https:\/\/fcosme.com\" target=\"_blank\" class=\"block h-full bg-white p-12 transform hover:scale-105 text-fytofontana\">\n\t\t\t\t\t\t\t\t\t\t<img loading=\"lazy\" decoding=\"async\" src=\"https:\/\/www.fytofontana.com\/wp-content\/uploads\/2020\/12\/logo-f2.jpg\" width=\"157\" height=\"84\" alt=\"\" class=\"object-contain w-full h-24 mb-12\">\n\t\t\t\t\t\t\t\t\t\t<h4 class=\"text-xl text-fytofontana font-bold leading-tight mb-6\">Fytofontana Stem Cells<\/h4>\t\t\t\t\t<p>Biotechnologischer Stammzellen-Komplex &#8211; TrioStem3 &#8211; erfunden von Dr. Fiker, kombiniert genetische Informationen, die f\u00fcr eine vollst\u00e4ndige Regeneration der Haut erforderlich sind.<\/p>\n\t\t\t\t<\/a>\n\t\t\t<\/div>\n\t\t\t\t\t<\/div>\n\t<\/div>\n<\/section>\n\n","protected":false},"excerpt":{"rendered":"","protected":false},"author":2,"featured_media":942,"parent":0,"menu_order":0,"comment_status":"closed","ping_status":"closed","template":"template-page-fytofontana.blade.php","meta":{"footnotes":""},"class_list":["post-2088","page","type-page","status-publish","has-post-thumbnail","hentry"],"yoast_head":"<title>\u00dcber uns - Fytofontana<\/title>\n<meta name=\"robots\" content=\"index, follow, max-snippet:-1, max-image-preview:large, max-video-preview:-1\" \/>\n<link rel=\"canonical\" href=\"https:\/\/www.fytofontana.com\/de\/about-us\/\" \/>\n<meta property=\"og:locale\" content=\"de_DE\" \/>\n<meta property=\"og:type\" content=\"article\" \/>\n<meta property=\"og:title\" content=\"\u00dcber uns - Fytofontana\" \/>\n<meta property=\"og:url\" content=\"https:\/\/www.fytofontana.com\/de\/about-us\/\" \/>\n<meta property=\"og:site_name\" content=\"Fytofontana\" \/>\n<meta property=\"article:modified_time\" content=\"2025-10-17T11:02:01+00:00\" \/>\n<meta property=\"og:image\" content=\"https:\/\/www.fytofontana.com\/wp-content\/uploads\/2020\/12\/hero-about.jpg\" \/>\n\t<meta property=\"og:image:width\" content=\"1500\" \/>\n\t<meta property=\"og:image:height\" content=\"795\" \/>\n\t<meta property=\"og:image:type\" content=\"image\/jpeg\" \/>\n<meta name=\"twitter:card\" content=\"summary_large_image\" \/>\n<script type=\"application\/ld+json\" class=\"yoast-schema-graph\">{\"@context\":\"https:\\\/\\\/schema.org\",\"@graph\":[{\"@type\":\"WebPage\",\"@id\":\"https:\\\/\\\/www.fytofontana.com\\\/de\\\/about-us\\\/\",\"url\":\"https:\\\/\\\/www.fytofontana.com\\\/de\\\/about-us\\\/\",\"name\":\"\u00dcber uns - Fytofontana\",\"isPartOf\":{\"@id\":\"https:\\\/\\\/www.fytofontana.com\\\/#website\"},\"primaryImageOfPage\":{\"@id\":\"https:\\\/\\\/www.fytofontana.com\\\/de\\\/about-us\\\/#primaryimage\"},\"image\":{\"@id\":\"https:\\\/\\\/www.fytofontana.com\\\/de\\\/about-us\\\/#primaryimage\"},\"thumbnailUrl\":\"https:\\\/\\\/www.fytofontana.com\\\/wp-content\\\/uploads\\\/2020\\\/12\\\/hero-about.jpg\",\"datePublished\":\"2021-07-28T08:35:37+00:00\",\"dateModified\":\"2025-10-17T11:02:01+00:00\",\"breadcrumb\":{\"@id\":\"https:\\\/\\\/www.fytofontana.com\\\/de\\\/about-us\\\/#breadcrumb\"},\"inLanguage\":\"de\",\"potentialAction\":[{\"@type\":\"ReadAction\",\"target\":[\"https:\\\/\\\/www.fytofontana.com\\\/de\\\/about-us\\\/\"]}]},{\"@type\":\"ImageObject\",\"inLanguage\":\"de\",\"@id\":\"https:\\\/\\\/www.fytofontana.com\\\/de\\\/about-us\\\/#primaryimage\",\"url\":\"https:\\\/\\\/www.fytofontana.com\\\/wp-content\\\/uploads\\\/2020\\\/12\\\/hero-about.jpg\",\"contentUrl\":\"https:\\\/\\\/www.fytofontana.com\\\/wp-content\\\/uploads\\\/2020\\\/12\\\/hero-about.jpg\",\"width\":1500,\"height\":795},{\"@type\":\"BreadcrumbList\",\"@id\":\"https:\\\/\\\/www.fytofontana.com\\\/de\\\/about-us\\\/#breadcrumb\",\"itemListElement\":[{\"@type\":\"ListItem\",\"position\":1,\"name\":\"Home\",\"item\":\"https:\\\/\\\/www.fytofontana.com\\\/de\\\/\"},{\"@type\":\"ListItem\",\"position\":2,\"name\":\"\u00dcber uns\"}]},{\"@type\":\"WebSite\",\"@id\":\"https:\\\/\\\/www.fytofontana.com\\\/#website\",\"url\":\"https:\\\/\\\/www.fytofontana.com\\\/\",\"name\":\"Fytofontana\",\"description\":\"\",\"publisher\":{\"@id\":\"https:\\\/\\\/www.fytofontana.com\\\/#organization\"},\"potentialAction\":[{\"@type\":\"SearchAction\",\"target\":{\"@type\":\"EntryPoint\",\"urlTemplate\":\"https:\\\/\\\/www.fytofontana.com\\\/?s={search_term_string}\"},\"query-input\":{\"@type\":\"PropertyValueSpecification\",\"valueRequired\":true,\"valueName\":\"search_term_string\"}}],\"inLanguage\":\"de\"},{\"@type\":\"Organization\",\"@id\":\"https:\\\/\\\/www.fytofontana.com\\\/#organization\",\"name\":\"Fytofontana\",\"url\":\"https:\\\/\\\/www.fytofontana.com\\\/\",\"logo\":{\"@type\":\"ImageObject\",\"inLanguage\":\"de\",\"@id\":\"https:\\\/\\\/www.fytofontana.com\\\/#\\\/schema\\\/logo\\\/image\\\/\",\"url\":\"https:\\\/\\\/www.fytofontana.com\\\/wp-content\\\/uploads\\\/2021\\\/01\\\/fyto.png\",\"contentUrl\":\"https:\\\/\\\/www.fytofontana.com\\\/wp-content\\\/uploads\\\/2021\\\/01\\\/fyto.png\",\"width\":817,\"height\":79,\"caption\":\"Fytofontana\"},\"image\":{\"@id\":\"https:\\\/\\\/www.fytofontana.com\\\/#\\\/schema\\\/logo\\\/image\\\/\"}}]}<\/script>","yoast_head_json":{"title":"\u00dcber uns - Fytofontana","robots":{"index":"index","follow":"follow","max-snippet":"max-snippet:-1","max-image-preview":"max-image-preview:large","max-video-preview":"max-video-preview:-1"},"canonical":"https:\/\/www.fytofontana.com\/de\/about-us\/","og_locale":"de_DE","og_type":"article","og_title":"\u00dcber uns - Fytofontana","og_url":"https:\/\/www.fytofontana.com\/de\/about-us\/","og_site_name":"Fytofontana","article_modified_time":"2025-10-17T11:02:01+00:00","og_image":[{"width":1500,"height":795,"url":"https:\/\/www.fytofontana.com\/wp-content\/uploads\/2020\/12\/hero-about.jpg","type":"image\/jpeg"}],"twitter_card":"summary_large_image","schema":{"@context":"https:\/\/schema.org","@graph":[{"@type":"WebPage","@id":"https:\/\/www.fytofontana.com\/de\/about-us\/","url":"https:\/\/www.fytofontana.com\/de\/about-us\/","name":"\u00dcber uns - Fytofontana","isPartOf":{"@id":"https:\/\/www.fytofontana.com\/#website"},"primaryImageOfPage":{"@id":"https:\/\/www.fytofontana.com\/de\/about-us\/#primaryimage"},"image":{"@id":"https:\/\/www.fytofontana.com\/de\/about-us\/#primaryimage"},"thumbnailUrl":"https:\/\/www.fytofontana.com\/wp-content\/uploads\/2020\/12\/hero-about.jpg","datePublished":"2021-07-28T08:35:37+00:00","dateModified":"2025-10-17T11:02:01+00:00","breadcrumb":{"@id":"https:\/\/www.fytofontana.com\/de\/about-us\/#breadcrumb"},"inLanguage":"de","potentialAction":[{"@type":"ReadAction","target":["https:\/\/www.fytofontana.com\/de\/about-us\/"]}]},{"@type":"ImageObject","inLanguage":"de","@id":"https:\/\/www.fytofontana.com\/de\/about-us\/#primaryimage","url":"https:\/\/www.fytofontana.com\/wp-content\/uploads\/2020\/12\/hero-about.jpg","contentUrl":"https:\/\/www.fytofontana.com\/wp-content\/uploads\/2020\/12\/hero-about.jpg","width":1500,"height":795},{"@type":"BreadcrumbList","@id":"https:\/\/www.fytofontana.com\/de\/about-us\/#breadcrumb","itemListElement":[{"@type":"ListItem","position":1,"name":"Home","item":"https:\/\/www.fytofontana.com\/de\/"},{"@type":"ListItem","position":2,"name":"\u00dcber uns"}]},{"@type":"WebSite","@id":"https:\/\/www.fytofontana.com\/#website","url":"https:\/\/www.fytofontana.com\/","name":"Fytofontana","description":"","publisher":{"@id":"https:\/\/www.fytofontana.com\/#organization"},"potentialAction":[{"@type":"SearchAction","target":{"@type":"EntryPoint","urlTemplate":"https:\/\/www.fytofontana.com\/?s={search_term_string}"},"query-input":{"@type":"PropertyValueSpecification","valueRequired":true,"valueName":"search_term_string"}}],"inLanguage":"de"},{"@type":"Organization","@id":"https:\/\/www.fytofontana.com\/#organization","name":"Fytofontana","url":"https:\/\/www.fytofontana.com\/","logo":{"@type":"ImageObject","inLanguage":"de","@id":"https:\/\/www.fytofontana.com\/#\/schema\/logo\/image\/","url":"https:\/\/www.fytofontana.com\/wp-content\/uploads\/2021\/01\/fyto.png","contentUrl":"https:\/\/www.fytofontana.com\/wp-content\/uploads\/2021\/01\/fyto.png","width":817,"height":79,"caption":"Fytofontana"},"image":{"@id":"https:\/\/www.fytofontana.com\/#\/schema\/logo\/image\/"}}]}},"_links":{"self":[{"href":"https:\/\/www.fytofontana.com\/de\/wp-json\/wp\/v2\/pages\/2088","targetHints":{"allow":["GET"]}}],"collection":[{"href":"https:\/\/www.fytofontana.com\/de\/wp-json\/wp\/v2\/pages"}],"about":[{"href":"https:\/\/www.fytofontana.com\/de\/wp-json\/wp\/v2\/types\/page"}],"author":[{"embeddable":true,"href":"https:\/\/www.fytofontana.com\/de\/wp-json\/wp\/v2\/users\/2"}],"replies":[{"embeddable":true,"href":"https:\/\/www.fytofontana.com\/de\/wp-json\/wp\/v2\/comments?post=2088"}],"version-history":[{"count":19,"href":"https:\/\/www.fytofontana.com\/de\/wp-json\/wp\/v2\/pages\/2088\/revisions"}],"predecessor-version":[{"id":5036,"href":"https:\/\/www.fytofontana.com\/de\/wp-json\/wp\/v2\/pages\/2088\/revisions\/5036"}],"wp:featuredmedia":[{"embeddable":true,"href":"https:\/\/www.fytofontana.com\/de\/wp-json\/wp\/v2\/media\/942"}],"wp:attachment":[{"href":"https:\/\/www.fytofontana.com\/de\/wp-json\/wp\/v2\/media?parent=2088"}],"curies":[{"name":"wp","href":"https:\/\/api.w.org\/{rel}","templated":true}]}}