{"id":5102,"date":"2025-11-17T14:58:57","date_gmt":"2025-11-17T13:58:57","guid":{"rendered":"https:\/\/www.fytofontana.com\/?post_type=product&#038;p=5102"},"modified":"2025-11-17T15:01:17","modified_gmt":"2025-11-17T14:01:17","slug":"citrogrep-kapky","status":"publish","type":"product","link":"https:\/\/www.fytofontana.com\/cs\/produkt\/citrogrep-kapky\/","title":{"rendered":"CITROGREP kapky"},"content":{"rendered":"<ul>\n<li>Citrogrep kapky jsou dopln\u011bk stravy p\u0159\u00edrodn\u00edho p\u016fvodu vyroben\u00fd <strong>z grapefruitov\u00fdch jad\u00e9rek s BIO extraktem.<\/strong><\/li>\n<li><strong>Jad\u00e9rka grapefruitu<\/strong> p\u0159irozen\u011b obsahuj\u00ed <strong>vysok\u00fd pod\u00edl bioflavonoid\u016f<\/strong>.<\/li>\n<li>Tyto rostlinn\u00e9 slou\u010deniny pat\u0159\u00ed mezi <strong>antioxidanty<\/strong>, kter\u00e9 pom\u00e1haj\u00ed chr\u00e1nit bu\u0148ky p\u0159ed \u0161kodliv\u00fdmi vlivy vznikaj\u00edc\u00edmi nap\u0159\u00edklad v d\u016fsledku stresu, nezdrav\u00e9 stravy nebo nep\u0159\u00edzniv\u00e9ho prost\u0159ed\u00ed.<\/li>\n<li>Citrogrep je vhodn\u00fd k dopln\u011bn\u00ed stravy v obdob\u00edch zv\u00fd\u0161en\u00e9 z\u00e1t\u011b\u017ee \u2013 p\u0159isp\u00edv\u00e1 k udr\u017een\u00ed t\u011blesn\u00e9 vitality.<\/li>\n<li>Slo\u017eky z grapefruitov\u00fdch jad\u00e9rek mohou tak\u00e9 podpo\u0159it mikrobi\u00e1ln\u00ed rovnov\u00e1hu, kter\u00e1 je d\u016fle\u017eit\u00e1 pro spr\u00e1vn\u00e9 fungov\u00e1n\u00ed imunitn\u00edho a tr\u00e1vic\u00edho syst\u00e9mu.<\/li>\n<li>Vhodn\u00e9 pro <strong>diabetiky a vegany<\/strong>. <strong>Bez lepku.<\/strong><\/li>\n<\/ul>\n","protected":false},"featured_media":5084,"template":"","products":[110],"yoast_head":"<title>CITROGREP kapky - Fytofontana<\/title>\n<meta name=\"description\" content=\"Citrogrep kapky obsahuj\u00ed p\u0159\u00edrodn\u00ed bioflavonoidy z grapefruitov\u00fdch jad\u00e9rek. Podporuj\u00ed t\u011blesnou vitalitu a p\u0159isp\u00edvaj\u00ed k mikrobi\u00e1ln\u00ed rovnov\u00e1ze organismu.\" \/>\n<meta name=\"robots\" content=\"index, follow, max-snippet:-1, max-image-preview:large, max-video-preview:-1\" \/>\n<link rel=\"canonical\" href=\"https:\/\/www.fytofontana.com\/cs\/produkt\/citrogrep-kapky\/\" \/>\n<meta property=\"og:locale\" content=\"cs_CZ\" \/>\n<meta property=\"og:type\" content=\"article\" \/>\n<meta property=\"og:title\" content=\"CITROGREP kapky - Fytofontana\" \/>\n<meta property=\"og:description\" content=\"Citrogrep kapky obsahuj\u00ed p\u0159\u00edrodn\u00ed bioflavonoidy z grapefruitov\u00fdch jad\u00e9rek. Podporuj\u00ed t\u011blesnou vitalitu a p\u0159isp\u00edvaj\u00ed k mikrobi\u00e1ln\u00ed rovnov\u00e1ze organismu.\" \/>\n<meta property=\"og:url\" content=\"https:\/\/www.fytofontana.com\/cs\/produkt\/citrogrep-kapky\/\" \/>\n<meta property=\"og:site_name\" content=\"Fytofontana\" \/>\n<meta property=\"article:modified_time\" content=\"2025-11-17T14:01:17+00:00\" \/>\n<meta property=\"og:image\" content=\"https:\/\/www.fytofontana.com\/wp-content\/uploads\/2025\/11\/2025_10_CITROGREP_Kvapky_25ml_1000x1000px_01_Primary.jpg\" \/>\n\t<meta property=\"og:image:width\" content=\"1000\" \/>\n\t<meta property=\"og:image:height\" content=\"1000\" \/>\n<meta name=\"twitter:card\" content=\"summary_large_image\" \/>\n<meta name=\"twitter:label1\" content=\"Odhadovan\u00e1 doba \u010dten\u00ed\">\n\t<meta name=\"twitter:data1\" content=\"1 minuta\">\n<script type=\"application\/ld+json\" class=\"yoast-schema-graph\">{\"@context\":\"https:\/\/schema.org\",\"@graph\":[{\"@type\":\"Organization\",\"@id\":\"https:\/\/www.fytofontana.com\/#organization\",\"name\":\"Fytofontana\",\"url\":\"https:\/\/www.fytofontana.com\/\",\"sameAs\":[],\"logo\":{\"@type\":\"ImageObject\",\"@id\":\"https:\/\/www.fytofontana.com\/#logo\",\"inLanguage\":\"cs\",\"url\":\"https:\/\/www.fytofontana.com\/wp-content\/uploads\/2021\/01\/fyto.png\",\"width\":817,\"height\":79,\"caption\":\"Fytofontana\"},\"image\":{\"@id\":\"https:\/\/www.fytofontana.com\/#logo\"}},{\"@type\":\"WebSite\",\"@id\":\"https:\/\/www.fytofontana.com\/#website\",\"url\":\"https:\/\/www.fytofontana.com\/\",\"name\":\"Fytofontana\",\"description\":\"\",\"publisher\":{\"@id\":\"https:\/\/www.fytofontana.com\/#organization\"},\"potentialAction\":[{\"@type\":\"SearchAction\",\"target\":\"https:\/\/www.fytofontana.com\/?s={search_term_string}\",\"query-input\":\"required name=search_term_string\"}],\"inLanguage\":\"cs\"},{\"@type\":\"ImageObject\",\"@id\":\"https:\/\/www.fytofontana.com\/cs\/produkt\/citrogrep-kapky\/#primaryimage\",\"inLanguage\":\"cs\",\"url\":\"https:\/\/www.fytofontana.com\/wp-content\/uploads\/2025\/11\/2025_10_CITROGREP_Kvapky_25ml_1000x1000px_01_Primary.jpg\",\"width\":1000,\"height\":1000},{\"@type\":[\"WebPage\",\"ItemPage\"],\"@id\":\"https:\/\/www.fytofontana.com\/cs\/produkt\/citrogrep-kapky\/#webpage\",\"url\":\"https:\/\/www.fytofontana.com\/cs\/produkt\/citrogrep-kapky\/\",\"name\":\"CITROGREP kapky - Fytofontana\",\"isPartOf\":{\"@id\":\"https:\/\/www.fytofontana.com\/#website\"},\"primaryImageOfPage\":{\"@id\":\"https:\/\/www.fytofontana.com\/cs\/produkt\/citrogrep-kapky\/#primaryimage\"},\"datePublished\":\"2025-11-17T13:58:57+00:00\",\"dateModified\":\"2025-11-17T14:01:17+00:00\",\"description\":\"Citrogrep kapky obsahuj\\u00ed p\\u0159\\u00edrodn\\u00ed bioflavonoidy z grapefruitov\\u00fdch jad\\u00e9rek. Podporuj\\u00ed t\\u011blesnou vitalitu a p\\u0159isp\\u00edvaj\\u00ed k mikrobi\\u00e1ln\\u00ed rovnov\\u00e1ze organismu.\",\"breadcrumb\":{\"@id\":\"https:\/\/www.fytofontana.com\/cs\/produkt\/citrogrep-kapky\/#breadcrumb\"},\"inLanguage\":\"cs\",\"potentialAction\":[{\"@type\":\"ReadAction\",\"target\":[\"https:\/\/www.fytofontana.com\/cs\/produkt\/citrogrep-kapky\/\"]}]},{\"@type\":\"BreadcrumbList\",\"@id\":\"https:\/\/www.fytofontana.com\/cs\/produkt\/citrogrep-kapky\/#breadcrumb\",\"itemListElement\":[{\"@type\":\"ListItem\",\"position\":1,\"item\":{\"@type\":\"WebPage\",\"@id\":\"https:\/\/www.fytofontana.com\/cs\/\",\"url\":\"https:\/\/www.fytofontana.com\/cs\/\",\"name\":\"Home\"}},{\"@type\":\"ListItem\",\"position\":2,\"item\":{\"@type\":\"WebPage\",\"@id\":\"https:\/\/www.fytofontana.com\/cs\/produkt\/citrogrep-kapky\/\",\"url\":\"https:\/\/www.fytofontana.com\/cs\/produkt\/citrogrep-kapky\/\",\"name\":\"CITROGREP kapky\"}}]}]}<\/script>","_links":{"self":[{"href":"https:\/\/www.fytofontana.com\/cs\/wp-json\/wp\/v2\/product\/5102"}],"collection":[{"href":"https:\/\/www.fytofontana.com\/cs\/wp-json\/wp\/v2\/product"}],"about":[{"href":"https:\/\/www.fytofontana.com\/cs\/wp-json\/wp\/v2\/types\/product"}],"wp:featuredmedia":[{"embeddable":true,"href":"https:\/\/www.fytofontana.com\/cs\/wp-json\/wp\/v2\/media\/5084"}],"wp:attachment":[{"href":"https:\/\/www.fytofontana.com\/cs\/wp-json\/wp\/v2\/media?parent=5102"}],"wp:term":[{"taxonomy":"products","embeddable":true,"href":"https:\/\/www.fytofontana.com\/cs\/wp-json\/wp\/v2\/products?post=5102"}],"curies":[{"name":"wp","href":"https:\/\/api.w.org\/{rel}","templated":true}]}}