{"id":4191,"date":"2025-08-05T22:05:53","date_gmt":"2025-08-05T21:05:53","guid":{"rendered":"https:\/\/www.fytofontana.com\/?post_type=product&#038;p=4191"},"modified":"2025-08-05T22:05:53","modified_gmt":"2025-08-05T21:05:53","slug":"virostop-kapsle-2","status":"publish","type":"product","link":"https:\/\/www.fytofontana.com\/cs\/produkt\/virostop-kapsle-2\/","title":{"rendered":"VIROSTOP kapsle"},"content":{"rendered":"<p><strong>Dopln\u011bk stravy<\/strong><\/p>\n<p>VIROSTOP kapsle obsahuj\u00ed jedine\u010dnou kombinaci rostlin:<\/p>\n<ul>\n<li>Cistus creticus je rostlina zn\u00e1m\u00e1 pro vysok\u00fd obsah polyfenol\u016f.<\/li>\n<li>P\u016fsob\u00ed jako p\u0159\u00edrodn\u00ed antioxidant (neutralizuje voln\u00e9 radik\u00e1ly).<\/li>\n<li>Echinacea purpurov\u00e1 p\u0159\u00edzniv\u011b p\u016fsob\u00ed na d\u00fdchac\u00ed syst\u00e9m a podporuje norm\u00e1ln\u00ed funkci horn\u00edch cest d\u00fdchac\u00edch.<\/li>\n<\/ul>\n<p><span data-sheets-value=\"{&quot;1&quot;:2,&quot;2&quot;:&quot;The capsules contain\u00a0Cistus Creticus\u00a0with a\u00a0very noticeable effect on immunity, removes toxic substances from the human body, has anti-fungal, anti-inflammatory and disinfectant properties which prevents inflammation and pain.\\nExtracts of echinacea\u00a0are used in the prevention and treatment of viral, infectious and inflammatory diseases, flu and cold.\\n&quot;}\" data-sheets-userformat=\"{&quot;2&quot;:14783,&quot;3&quot;:{&quot;1&quot;:1},&quot;4&quot;:{&quot;1&quot;:2,&quot;2&quot;:16054776},&quot;5&quot;:{&quot;1&quot;:[{&quot;1&quot;:2,&quot;2&quot;:0,&quot;5&quot;:{&quot;1&quot;:2,&quot;2&quot;:14935011}},{&quot;1&quot;:0,&quot;2&quot;:0,&quot;3&quot;:3},{&quot;1&quot;:1,&quot;2&quot;:0,&quot;4&quot;:1}]},&quot;6&quot;:{&quot;1&quot;:[{&quot;1&quot;:2,&quot;2&quot;:0,&quot;5&quot;:{&quot;1&quot;:2,&quot;2&quot;:14935011}},{&quot;1&quot;:0,&quot;2&quot;:0,&quot;3&quot;:3},{&quot;1&quot;:1,&quot;2&quot;:0,&quot;4&quot;:1}]},&quot;7&quot;:{&quot;1&quot;:[{&quot;1&quot;:2,&quot;2&quot;:0,&quot;5&quot;:{&quot;1&quot;:2,&quot;2&quot;:14935011}},{&quot;1&quot;:0,&quot;2&quot;:0,&quot;3&quot;:3},{&quot;1&quot;:1,&quot;2&quot;:0,&quot;4&quot;:1}]},&quot;8&quot;:{&quot;1&quot;:[{&quot;1&quot;:2,&quot;2&quot;:0,&quot;5&quot;:{&quot;1&quot;:2,&quot;2&quot;:14935011}},{&quot;1&quot;:0,&quot;2&quot;:0,&quot;3&quot;:3},{&quot;1&quot;:1,&quot;2&quot;:0,&quot;4&quot;:1}]},&quot;10&quot;:0,&quot;11&quot;:4,&quot;14&quot;:{&quot;1&quot;:2,&quot;2&quot;:0},&quot;15&quot;:&quot;Arial&quot;,&quot;16&quot;:10}\">\u00a0<\/span><\/p>\n","protected":false},"featured_media":878,"template":"","products":[77],"yoast_head":"<title>VIROSTOP kapsle - Fytofontana<\/title>\n<meta name=\"description\" content=\"Virostop kapsle - dopln\u011bk stravy s Cistus creticus a echinaceou. P\u0159\u00edrodn\u00ed antioxidant podporuj\u00edc\u00ed d\u00fdchac\u00ed syst\u00e9m a horn\u00ed d\u00fdchac\u00ed cesty.\" \/>\n<meta name=\"robots\" content=\"index, follow, max-snippet:-1, max-image-preview:large, max-video-preview:-1\" \/>\n<link rel=\"canonical\" href=\"https:\/\/www.fytofontana.com\/cs\/produkt\/virostop-kapsle-2\/\" \/>\n<meta property=\"og:locale\" content=\"cs_CZ\" \/>\n<meta property=\"og:type\" content=\"article\" \/>\n<meta property=\"og:title\" content=\"VIROSTOP kapsle - Fytofontana\" \/>\n<meta property=\"og:description\" content=\"Virostop kapsle - dopln\u011bk stravy s Cistus creticus a echinaceou. P\u0159\u00edrodn\u00ed antioxidant podporuj\u00edc\u00ed d\u00fdchac\u00ed syst\u00e9m a horn\u00ed d\u00fdchac\u00ed cesty.\" \/>\n<meta property=\"og:url\" content=\"https:\/\/www.fytofontana.com\/cs\/produkt\/virostop-kapsle-2\/\" \/>\n<meta property=\"og:site_name\" content=\"Fytofontana\" \/>\n<meta property=\"og:image\" content=\"https:\/\/www.fytofontana.com\/wp-content\/uploads\/2020\/12\/037-1024x1024.png\" \/>\n\t<meta property=\"og:image:width\" content=\"1024\" \/>\n\t<meta property=\"og:image:height\" content=\"1024\" \/>\n<meta name=\"twitter:card\" content=\"summary_large_image\" \/>\n<meta name=\"twitter:label1\" content=\"Odhadovan\u00e1 doba \u010dten\u00ed\">\n\t<meta name=\"twitter:data1\" content=\"1 minuta\">\n<script type=\"application\/ld+json\" class=\"yoast-schema-graph\">{\"@context\":\"https:\/\/schema.org\",\"@graph\":[{\"@type\":\"Organization\",\"@id\":\"https:\/\/www.fytofontana.com\/#organization\",\"name\":\"Fytofontana\",\"url\":\"https:\/\/www.fytofontana.com\/\",\"sameAs\":[],\"logo\":{\"@type\":\"ImageObject\",\"@id\":\"https:\/\/www.fytofontana.com\/#logo\",\"inLanguage\":\"cs\",\"url\":\"https:\/\/www.fytofontana.com\/wp-content\/uploads\/2021\/01\/fyto.png\",\"width\":817,\"height\":79,\"caption\":\"Fytofontana\"},\"image\":{\"@id\":\"https:\/\/www.fytofontana.com\/#logo\"}},{\"@type\":\"WebSite\",\"@id\":\"https:\/\/www.fytofontana.com\/#website\",\"url\":\"https:\/\/www.fytofontana.com\/\",\"name\":\"Fytofontana\",\"description\":\"\",\"publisher\":{\"@id\":\"https:\/\/www.fytofontana.com\/#organization\"},\"potentialAction\":[{\"@type\":\"SearchAction\",\"target\":\"https:\/\/www.fytofontana.com\/?s={search_term_string}\",\"query-input\":\"required name=search_term_string\"}],\"inLanguage\":\"cs\"},{\"@type\":\"ImageObject\",\"@id\":\"https:\/\/www.fytofontana.com\/cs\/produkt\/virostop-kapsle-2\/#primaryimage\",\"inLanguage\":\"cs\",\"url\":\"https:\/\/www.fytofontana.com\/wp-content\/uploads\/2020\/12\/037.png\",\"width\":3000,\"height\":3000},{\"@type\":[\"WebPage\",\"ItemPage\"],\"@id\":\"https:\/\/www.fytofontana.com\/cs\/produkt\/virostop-kapsle-2\/#webpage\",\"url\":\"https:\/\/www.fytofontana.com\/cs\/produkt\/virostop-kapsle-2\/\",\"name\":\"VIROSTOP kapsle - Fytofontana\",\"isPartOf\":{\"@id\":\"https:\/\/www.fytofontana.com\/#website\"},\"primaryImageOfPage\":{\"@id\":\"https:\/\/www.fytofontana.com\/cs\/produkt\/virostop-kapsle-2\/#primaryimage\"},\"datePublished\":\"2025-08-05T21:05:53+00:00\",\"dateModified\":\"2025-08-05T21:05:53+00:00\",\"description\":\"Virostop kapsle - dopln\\u011bk stravy s Cistus creticus a echinaceou. P\\u0159\\u00edrodn\\u00ed antioxidant podporuj\\u00edc\\u00ed d\\u00fdchac\\u00ed syst\\u00e9m a horn\\u00ed d\\u00fdchac\\u00ed cesty.\",\"breadcrumb\":{\"@id\":\"https:\/\/www.fytofontana.com\/cs\/produkt\/virostop-kapsle-2\/#breadcrumb\"},\"inLanguage\":\"cs\",\"potentialAction\":[{\"@type\":\"ReadAction\",\"target\":[\"https:\/\/www.fytofontana.com\/cs\/produkt\/virostop-kapsle-2\/\"]}]},{\"@type\":\"BreadcrumbList\",\"@id\":\"https:\/\/www.fytofontana.com\/cs\/produkt\/virostop-kapsle-2\/#breadcrumb\",\"itemListElement\":[{\"@type\":\"ListItem\",\"position\":1,\"item\":{\"@type\":\"WebPage\",\"@id\":\"https:\/\/www.fytofontana.com\/cs\/\",\"url\":\"https:\/\/www.fytofontana.com\/cs\/\",\"name\":\"Home\"}},{\"@type\":\"ListItem\",\"position\":2,\"item\":{\"@type\":\"WebPage\",\"@id\":\"https:\/\/www.fytofontana.com\/cs\/produkt\/virostop-kapsle-2\/\",\"url\":\"https:\/\/www.fytofontana.com\/cs\/produkt\/virostop-kapsle-2\/\",\"name\":\"VIROSTOP kapsle\"}}]}]}<\/script>","_links":{"self":[{"href":"https:\/\/www.fytofontana.com\/cs\/wp-json\/wp\/v2\/product\/4191"}],"collection":[{"href":"https:\/\/www.fytofontana.com\/cs\/wp-json\/wp\/v2\/product"}],"about":[{"href":"https:\/\/www.fytofontana.com\/cs\/wp-json\/wp\/v2\/types\/product"}],"wp:featuredmedia":[{"embeddable":true,"href":"https:\/\/www.fytofontana.com\/cs\/wp-json\/wp\/v2\/media\/878"}],"wp:attachment":[{"href":"https:\/\/www.fytofontana.com\/cs\/wp-json\/wp\/v2\/media?parent=4191"}],"wp:term":[{"taxonomy":"products","embeddable":true,"href":"https:\/\/www.fytofontana.com\/cs\/wp-json\/wp\/v2\/products?post=4191"}],"curies":[{"name":"wp","href":"https:\/\/api.w.org\/{rel}","templated":true}]}}