{"id":4190,"date":"2025-08-05T21:56:13","date_gmt":"2025-08-05T20:56:13","guid":{"rendered":"https:\/\/www.fytofontana.com\/?post_type=product&#038;p=4190"},"modified":"2025-08-05T21:56:13","modified_gmt":"2025-08-05T20:56:13","slug":"virostop-kapky-2","status":"publish","type":"product","link":"https:\/\/www.fytofontana.com\/cs\/produkt\/virostop-kapky-2\/","title":{"rendered":"VIROSTOP kapky"},"content":{"rendered":"<p><strong>Dopln\u011bk stravy<\/strong><\/p>\n<p>Virostop kapky obsahuj\u00ed jedine\u010dnou kombinaci rostlin:<\/p>\n<ul>\n<li>Cistus creticus je rostlina zn\u00e1m\u00e1 pro vysok\u00fd obsah polyfenol\u016f. P\u016fsob\u00ed jako p\u0159\u00edrodn\u00ed antioxidant (neutralizuje voln\u00e9 radik\u00e1ly),<\/li>\n<li>Echinacea purpurov\u00e1 a M\u00e1tov\u00e1 silice p\u0159\u00edzniv\u011b p\u016fsob\u00ed na d\u00fdchac\u00ed syst\u00e9m a podporuj\u00ed norm\u00e1ln\u00ed funkci horn\u00edch d\u00fdchac\u00edch cest<\/li>\n<li>Grapefruitov\u00fd extrakt z jad\u00e9rek d\u00edky sv\u00e9mu siln\u00e9mu antioxida\u010dn\u00edmu \u00fa\u010dinku podporuje p\u0159irozenou detoxikaci organismu a pom\u00e1h\u00e1 udr\u017eovat p\u0159irozenou rovnov\u00e1hu st\u0159evn\u00ed mikrofl\u00f3ry.<\/li>\n<\/ul>\n","protected":false},"featured_media":890,"template":"","products":[77],"yoast_head":"<title>VIROSTOP kapky - Fytofontana<\/title>\n<meta name=\"description\" content=\"Virostop kapky - p\u0159\u00edrodn\u00ed dopln\u011bk stravy s Cistus creticus, echinaceou a grapefruitov\u00fdm extraktem. Podporuje d\u00fdchac\u00ed syst\u00e9m a p\u0159irozenou detoxikaci.\" \/>\n<meta name=\"robots\" content=\"index, follow, max-snippet:-1, max-image-preview:large, max-video-preview:-1\" \/>\n<link rel=\"canonical\" href=\"https:\/\/www.fytofontana.com\/cs\/produkt\/virostop-kapky-2\/\" \/>\n<meta property=\"og:locale\" content=\"cs_CZ\" \/>\n<meta property=\"og:type\" content=\"article\" \/>\n<meta property=\"og:title\" content=\"VIROSTOP kapky - Fytofontana\" \/>\n<meta property=\"og:description\" content=\"Virostop kapky - p\u0159\u00edrodn\u00ed dopln\u011bk stravy s Cistus creticus, echinaceou a grapefruitov\u00fdm extraktem. Podporuje d\u00fdchac\u00ed syst\u00e9m a p\u0159irozenou detoxikaci.\" \/>\n<meta property=\"og:url\" content=\"https:\/\/www.fytofontana.com\/cs\/produkt\/virostop-kapky-2\/\" \/>\n<meta property=\"og:site_name\" content=\"Fytofontana\" \/>\n<meta property=\"og:image\" content=\"https:\/\/www.fytofontana.com\/wp-content\/uploads\/2020\/12\/039-1-e1754426908722.png\" \/>\n\t<meta property=\"og:image:width\" content=\"1000\" \/>\n\t<meta property=\"og:image:height\" content=\"1000\" \/>\n<meta name=\"twitter:card\" content=\"summary_large_image\" \/>\n<meta name=\"twitter:label1\" content=\"Odhadovan\u00e1 doba \u010dten\u00ed\">\n\t<meta name=\"twitter:data1\" content=\"1 minuta\">\n<script type=\"application\/ld+json\" class=\"yoast-schema-graph\">{\"@context\":\"https:\/\/schema.org\",\"@graph\":[{\"@type\":\"Organization\",\"@id\":\"https:\/\/www.fytofontana.com\/#organization\",\"name\":\"Fytofontana\",\"url\":\"https:\/\/www.fytofontana.com\/\",\"sameAs\":[],\"logo\":{\"@type\":\"ImageObject\",\"@id\":\"https:\/\/www.fytofontana.com\/#logo\",\"inLanguage\":\"cs\",\"url\":\"https:\/\/www.fytofontana.com\/wp-content\/uploads\/2021\/01\/fyto.png\",\"width\":817,\"height\":79,\"caption\":\"Fytofontana\"},\"image\":{\"@id\":\"https:\/\/www.fytofontana.com\/#logo\"}},{\"@type\":\"WebSite\",\"@id\":\"https:\/\/www.fytofontana.com\/#website\",\"url\":\"https:\/\/www.fytofontana.com\/\",\"name\":\"Fytofontana\",\"description\":\"\",\"publisher\":{\"@id\":\"https:\/\/www.fytofontana.com\/#organization\"},\"potentialAction\":[{\"@type\":\"SearchAction\",\"target\":\"https:\/\/www.fytofontana.com\/?s={search_term_string}\",\"query-input\":\"required name=search_term_string\"}],\"inLanguage\":\"cs\"},{\"@type\":\"ImageObject\",\"@id\":\"https:\/\/www.fytofontana.com\/cs\/produkt\/virostop-kapky-2\/#primaryimage\",\"inLanguage\":\"cs\",\"url\":\"https:\/\/www.fytofontana.com\/wp-content\/uploads\/2020\/12\/039-1-e1754426908722.png\",\"width\":1000,\"height\":1000},{\"@type\":[\"WebPage\",\"ItemPage\"],\"@id\":\"https:\/\/www.fytofontana.com\/cs\/produkt\/virostop-kapky-2\/#webpage\",\"url\":\"https:\/\/www.fytofontana.com\/cs\/produkt\/virostop-kapky-2\/\",\"name\":\"VIROSTOP kapky - Fytofontana\",\"isPartOf\":{\"@id\":\"https:\/\/www.fytofontana.com\/#website\"},\"primaryImageOfPage\":{\"@id\":\"https:\/\/www.fytofontana.com\/cs\/produkt\/virostop-kapky-2\/#primaryimage\"},\"datePublished\":\"2025-08-05T20:56:13+00:00\",\"dateModified\":\"2025-08-05T20:56:13+00:00\",\"description\":\"Virostop kapky - p\\u0159\\u00edrodn\\u00ed dopln\\u011bk stravy s Cistus creticus, echinaceou a grapefruitov\\u00fdm extraktem. Podporuje d\\u00fdchac\\u00ed syst\\u00e9m a p\\u0159irozenou detoxikaci.\",\"breadcrumb\":{\"@id\":\"https:\/\/www.fytofontana.com\/cs\/produkt\/virostop-kapky-2\/#breadcrumb\"},\"inLanguage\":\"cs\",\"potentialAction\":[{\"@type\":\"ReadAction\",\"target\":[\"https:\/\/www.fytofontana.com\/cs\/produkt\/virostop-kapky-2\/\"]}]},{\"@type\":\"BreadcrumbList\",\"@id\":\"https:\/\/www.fytofontana.com\/cs\/produkt\/virostop-kapky-2\/#breadcrumb\",\"itemListElement\":[{\"@type\":\"ListItem\",\"position\":1,\"item\":{\"@type\":\"WebPage\",\"@id\":\"https:\/\/www.fytofontana.com\/cs\/\",\"url\":\"https:\/\/www.fytofontana.com\/cs\/\",\"name\":\"Home\"}},{\"@type\":\"ListItem\",\"position\":2,\"item\":{\"@type\":\"WebPage\",\"@id\":\"https:\/\/www.fytofontana.com\/cs\/produkt\/virostop-kapky-2\/\",\"url\":\"https:\/\/www.fytofontana.com\/cs\/produkt\/virostop-kapky-2\/\",\"name\":\"VIROSTOP kapky\"}}]}]}<\/script>","_links":{"self":[{"href":"https:\/\/www.fytofontana.com\/cs\/wp-json\/wp\/v2\/product\/4190"}],"collection":[{"href":"https:\/\/www.fytofontana.com\/cs\/wp-json\/wp\/v2\/product"}],"about":[{"href":"https:\/\/www.fytofontana.com\/cs\/wp-json\/wp\/v2\/types\/product"}],"wp:featuredmedia":[{"embeddable":true,"href":"https:\/\/www.fytofontana.com\/cs\/wp-json\/wp\/v2\/media\/890"}],"wp:attachment":[{"href":"https:\/\/www.fytofontana.com\/cs\/wp-json\/wp\/v2\/media?parent=4190"}],"wp:term":[{"taxonomy":"products","embeddable":true,"href":"https:\/\/www.fytofontana.com\/cs\/wp-json\/wp\/v2\/products?post=4190"}],"curies":[{"name":"wp","href":"https:\/\/api.w.org\/{rel}","templated":true}]}}