{"id":3591,"date":"2025-07-02T14:55:30","date_gmt":"2025-07-02T13:55:30","guid":{"rendered":"https:\/\/www.fytofontana.com\/?post_type=product&#038;p=3591"},"modified":"2025-07-02T14:55:30","modified_gmt":"2025-07-02T13:55:30","slug":"gyntima-fytoprobiotics","status":"publish","type":"product","link":"https:\/\/www.fytofontana.com\/cs\/produkt\/gyntima-fytoprobiotics\/","title":{"rendered":"GYNTIMA kapsle Fytoprobiotics"},"content":{"rendered":"<p><strong>Harmonizace st\u0159evn\u00ed a vagin\u00e1ln\u00ed mikrofl\u00f3ry v jedn\u00e9 kapsli<\/strong><\/p>\n<ul>\n<li>Klinicky ov\u011b\u0159en\u00e1 kombinace Lactobacillus acidophilus a Lactobacillus rhamnosum v optim\u00e1ln\u00ed denn\u00ed d\u00e1vce 1,47 mld. CFU.<\/li>\n<li>Laktobacily podporuj\u00ed p\u0159irozenou rovnov\u00e1hu vagin\u00e1ln\u00ed mikrofl\u00f3ry i st\u0159evn\u00edho ekosyst\u00e9mu.<\/li>\n<li>Bakteri\u00e1ln\u00ed kmeny laktobacil\u016f jsou schopny p\u0159e\u017e\u00edt p\u0159echod p\u0159es tr\u00e1vic\u00ed trakt a \u00fasp\u011b\u0161n\u011b podpo\u0159it vagin\u00e1ln\u00ed prost\u0159ed\u00ed.<\/li>\n<li>Bylo prok\u00e1z\u00e1no, \u017ee bakteri\u00e1ln\u00ed kmeny sni\u017euj\u00ed riziko vagin\u00e1ln\u00edch infekc\u00ed a infekc\u00ed mo\u010dov\u00fdch cest u \u017een<\/li>\n<\/ul>\n","protected":false},"featured_media":3562,"template":"","products":[72],"yoast_head":"<title>GYNTIMA kapsle Fytoprobiotics - Fytofontana<\/title>\n<meta name=\"description\" content=\"Dopln\u011bk stravy ve form\u011b kapsl\u00ed s klinicky ov\u011b\u0159enou kombinac\u00ed Lactobacillus acidophilus a Lactobacillus rhamnosus. Podporuje mikrofl\u00f3ru st\u0159ev i pochvy, vhodn\u00fd p\u0159i u\u017e\u00edv\u00e1n\u00ed antibiotik a ke sn\u00ed\u017een\u00ed rizika vagin\u00e1ln\u00edch \u010di mo\u010dov\u00fdch infekc\u00ed.\" \/>\n<meta name=\"robots\" content=\"index, follow, max-snippet:-1, max-image-preview:large, max-video-preview:-1\" \/>\n<link rel=\"canonical\" href=\"https:\/\/www.fytofontana.com\/cs\/produkt\/gyntima-fytoprobiotics\/\" \/>\n<meta property=\"og:locale\" content=\"cs_CZ\" \/>\n<meta property=\"og:type\" content=\"article\" \/>\n<meta property=\"og:title\" content=\"GYNTIMA kapsle Fytoprobiotics - Fytofontana\" \/>\n<meta property=\"og:description\" content=\"Dopln\u011bk stravy ve form\u011b kapsl\u00ed s klinicky ov\u011b\u0159enou kombinac\u00ed Lactobacillus acidophilus a Lactobacillus rhamnosus. Podporuje mikrofl\u00f3ru st\u0159ev i pochvy, vhodn\u00fd p\u0159i u\u017e\u00edv\u00e1n\u00ed antibiotik a ke sn\u00ed\u017een\u00ed rizika vagin\u00e1ln\u00edch \u010di mo\u010dov\u00fdch infekc\u00ed.\" \/>\n<meta property=\"og:url\" content=\"https:\/\/www.fytofontana.com\/cs\/produkt\/gyntima-fytoprobiotics\/\" \/>\n<meta property=\"og:site_name\" content=\"Fytofontana\" \/>\n<meta property=\"og:image\" content=\"https:\/\/www.fytofontana.com\/wp-content\/uploads\/2025\/07\/2025_06_GYNTIMA_kapsule_Fytoprobiotics_60cps_01_LQ_Primary.png\" \/>\n\t<meta property=\"og:image:width\" content=\"1000\" \/>\n\t<meta property=\"og:image:height\" content=\"1000\" \/>\n<meta name=\"twitter:card\" content=\"summary_large_image\" \/>\n<meta name=\"twitter:label1\" content=\"Odhadovan\u00e1 doba \u010dten\u00ed\">\n\t<meta name=\"twitter:data1\" content=\"1 minuta\">\n<script type=\"application\/ld+json\" class=\"yoast-schema-graph\">{\"@context\":\"https:\/\/schema.org\",\"@graph\":[{\"@type\":\"Organization\",\"@id\":\"https:\/\/www.fytofontana.com\/#organization\",\"name\":\"Fytofontana\",\"url\":\"https:\/\/www.fytofontana.com\/\",\"sameAs\":[],\"logo\":{\"@type\":\"ImageObject\",\"@id\":\"https:\/\/www.fytofontana.com\/#logo\",\"inLanguage\":\"cs\",\"url\":\"https:\/\/www.fytofontana.com\/wp-content\/uploads\/2021\/01\/fyto.png\",\"width\":817,\"height\":79,\"caption\":\"Fytofontana\"},\"image\":{\"@id\":\"https:\/\/www.fytofontana.com\/#logo\"}},{\"@type\":\"WebSite\",\"@id\":\"https:\/\/www.fytofontana.com\/#website\",\"url\":\"https:\/\/www.fytofontana.com\/\",\"name\":\"Fytofontana\",\"description\":\"\",\"publisher\":{\"@id\":\"https:\/\/www.fytofontana.com\/#organization\"},\"potentialAction\":[{\"@type\":\"SearchAction\",\"target\":\"https:\/\/www.fytofontana.com\/?s={search_term_string}\",\"query-input\":\"required name=search_term_string\"}],\"inLanguage\":\"cs\"},{\"@type\":\"ImageObject\",\"@id\":\"https:\/\/www.fytofontana.com\/cs\/produkt\/gyntima-fytoprobiotics\/#primaryimage\",\"inLanguage\":\"cs\",\"url\":\"https:\/\/www.fytofontana.com\/wp-content\/uploads\/2025\/07\/2025_06_GYNTIMA_kapsule_Fytoprobiotics_60cps_01_LQ_Primary.png\",\"width\":1000,\"height\":1000},{\"@type\":[\"WebPage\",\"ItemPage\"],\"@id\":\"https:\/\/www.fytofontana.com\/cs\/produkt\/gyntima-fytoprobiotics\/#webpage\",\"url\":\"https:\/\/www.fytofontana.com\/cs\/produkt\/gyntima-fytoprobiotics\/\",\"name\":\"GYNTIMA kapsle Fytoprobiotics - Fytofontana\",\"isPartOf\":{\"@id\":\"https:\/\/www.fytofontana.com\/#website\"},\"primaryImageOfPage\":{\"@id\":\"https:\/\/www.fytofontana.com\/cs\/produkt\/gyntima-fytoprobiotics\/#primaryimage\"},\"datePublished\":\"2025-07-02T13:55:30+00:00\",\"dateModified\":\"2025-07-02T13:55:30+00:00\",\"description\":\"Dopln\\u011bk stravy ve form\\u011b kapsl\\u00ed s klinicky ov\\u011b\\u0159enou kombinac\\u00ed Lactobacillus acidophilus a Lactobacillus rhamnosus. Podporuje mikrofl\\u00f3ru st\\u0159ev i pochvy, vhodn\\u00fd p\\u0159i u\\u017e\\u00edv\\u00e1n\\u00ed antibiotik a ke sn\\u00ed\\u017een\\u00ed rizika vagin\\u00e1ln\\u00edch \\u010di mo\\u010dov\\u00fdch infekc\\u00ed.\",\"breadcrumb\":{\"@id\":\"https:\/\/www.fytofontana.com\/cs\/produkt\/gyntima-fytoprobiotics\/#breadcrumb\"},\"inLanguage\":\"cs\",\"potentialAction\":[{\"@type\":\"ReadAction\",\"target\":[\"https:\/\/www.fytofontana.com\/cs\/produkt\/gyntima-fytoprobiotics\/\"]}]},{\"@type\":\"BreadcrumbList\",\"@id\":\"https:\/\/www.fytofontana.com\/cs\/produkt\/gyntima-fytoprobiotics\/#breadcrumb\",\"itemListElement\":[{\"@type\":\"ListItem\",\"position\":1,\"item\":{\"@type\":\"WebPage\",\"@id\":\"https:\/\/www.fytofontana.com\/cs\/\",\"url\":\"https:\/\/www.fytofontana.com\/cs\/\",\"name\":\"Home\"}},{\"@type\":\"ListItem\",\"position\":2,\"item\":{\"@type\":\"WebPage\",\"@id\":\"https:\/\/www.fytofontana.com\/cs\/produkt\/gyntima-fytoprobiotics\/\",\"url\":\"https:\/\/www.fytofontana.com\/cs\/produkt\/gyntima-fytoprobiotics\/\",\"name\":\"GYNTIMA kapsle Fytoprobiotics\"}}]}]}<\/script>","_links":{"self":[{"href":"https:\/\/www.fytofontana.com\/cs\/wp-json\/wp\/v2\/product\/3591"}],"collection":[{"href":"https:\/\/www.fytofontana.com\/cs\/wp-json\/wp\/v2\/product"}],"about":[{"href":"https:\/\/www.fytofontana.com\/cs\/wp-json\/wp\/v2\/types\/product"}],"wp:featuredmedia":[{"embeddable":true,"href":"https:\/\/www.fytofontana.com\/cs\/wp-json\/wp\/v2\/media\/3562"}],"wp:attachment":[{"href":"https:\/\/www.fytofontana.com\/cs\/wp-json\/wp\/v2\/media?parent=3591"}],"wp:term":[{"taxonomy":"products","embeddable":true,"href":"https:\/\/www.fytofontana.com\/cs\/wp-json\/wp\/v2\/products?post=3591"}],"curies":[{"name":"wp","href":"https:\/\/api.w.org\/{rel}","templated":true}]}}