{"id":3032,"date":"2025-05-27T12:24:14","date_gmt":"2025-05-27T11:24:14","guid":{"rendered":"https:\/\/www.fytofontana.com\/?post_type=product&#038;p=3032"},"modified":"2025-05-27T12:24:14","modified_gmt":"2025-05-27T11:24:14","slug":"v-stop-sirup-kids","status":"publish","type":"product","link":"https:\/\/www.fytofontana.com\/cs\/produkt\/v-stop-sirup-kids\/","title":{"rendered":"V-STOP Sirup KIDS, 6m+"},"content":{"rendered":"<p><strong>P\u0159\u00edchu\u0165 limetka<\/strong><\/p>\n<ul>\n<li>Sirup pro d\u011bti\u00a0<strong>od 6 m\u011bs\u00edc\u016f<\/strong>.<\/li>\n<li>Pokr\u00fdv\u00e1 sliznice dutiny \u00fastn\u00ed\u00a0<strong>ochrann\u00fdm filmem<\/strong>\u00a0z extraktu bylinn\u00fdch slo\u017eek s obsahem Cistu kr\u00e9tsk\u00e9ho.<\/li>\n<li>Citrusov\u00e9 bioflavonoidy maj\u00ed uklid\u0148uj\u00edc\u00ed a p\u0159\u00edjemn\u00e9 \u00fa\u010dinky na\u00a0<strong>krk, hltan a hlasivky<\/strong>.<\/li>\n<li>Dopln\u011bk stravy z patentovan\u00e9ho extraktu t\u0159\u00ed bylinn\u00fdch slo\u017eek.<\/li>\n<\/ul>\n","protected":false},"featured_media":3027,"template":"","products":[77],"yoast_head":"<title>V-STOP Sirup KIDS, 6m+ - Fytofontana<\/title>\n<meta name=\"description\" content=\"Sirup pro d\u011bti od 6 m\u011bs\u00edc\u016f. Doporu\u010dujeme za\u010d\u00edt s u\u017e\u00edv\u00e1n\u00edm hned p\u0159i po\u010d\u00e1te\u010dn\u00edch p\u0159\u00edznac\u00edch infekce horn\u00edch cest d\u00fdchac\u00edch (nap\u0159. ch\u0159ipka, nachlazen\u00ed).\" \/>\n<meta name=\"robots\" content=\"index, follow, max-snippet:-1, max-image-preview:large, max-video-preview:-1\" \/>\n<link rel=\"canonical\" href=\"https:\/\/www.fytofontana.com\/cs\/produkt\/v-stop-sirup-kids\/\" \/>\n<meta property=\"og:locale\" content=\"cs_CZ\" \/>\n<meta property=\"og:type\" content=\"article\" \/>\n<meta property=\"og:title\" content=\"V-STOP Sirup KIDS, 6m+ - Fytofontana\" \/>\n<meta property=\"og:description\" content=\"Sirup pro d\u011bti od 6 m\u011bs\u00edc\u016f. Doporu\u010dujeme za\u010d\u00edt s u\u017e\u00edv\u00e1n\u00edm hned p\u0159i po\u010d\u00e1te\u010dn\u00edch p\u0159\u00edznac\u00edch infekce horn\u00edch cest d\u00fdchac\u00edch (nap\u0159. ch\u0159ipka, nachlazen\u00ed).\" \/>\n<meta property=\"og:url\" content=\"https:\/\/www.fytofontana.com\/cs\/produkt\/v-stop-sirup-kids\/\" \/>\n<meta property=\"og:site_name\" content=\"Fytofontana\" \/>\n<meta property=\"og:image\" content=\"https:\/\/www.fytofontana.com\/wp-content\/uploads\/2025\/05\/500x500_V-STOP_Syrup_KIDS_6m_100ml-SKCZHU.png\" \/>\n\t<meta property=\"og:image:width\" content=\"500\" \/>\n\t<meta property=\"og:image:height\" content=\"500\" \/>\n<meta name=\"twitter:card\" content=\"summary_large_image\" \/>\n<meta name=\"twitter:label1\" content=\"Odhadovan\u00e1 doba \u010dten\u00ed\">\n\t<meta name=\"twitter:data1\" content=\"1 minuta\">\n<script type=\"application\/ld+json\" class=\"yoast-schema-graph\">{\"@context\":\"https:\/\/schema.org\",\"@graph\":[{\"@type\":\"Organization\",\"@id\":\"https:\/\/www.fytofontana.com\/#organization\",\"name\":\"Fytofontana\",\"url\":\"https:\/\/www.fytofontana.com\/\",\"sameAs\":[],\"logo\":{\"@type\":\"ImageObject\",\"@id\":\"https:\/\/www.fytofontana.com\/#logo\",\"inLanguage\":\"cs\",\"url\":\"https:\/\/www.fytofontana.com\/wp-content\/uploads\/2021\/01\/fyto.png\",\"width\":817,\"height\":79,\"caption\":\"Fytofontana\"},\"image\":{\"@id\":\"https:\/\/www.fytofontana.com\/#logo\"}},{\"@type\":\"WebSite\",\"@id\":\"https:\/\/www.fytofontana.com\/#website\",\"url\":\"https:\/\/www.fytofontana.com\/\",\"name\":\"Fytofontana\",\"description\":\"\",\"publisher\":{\"@id\":\"https:\/\/www.fytofontana.com\/#organization\"},\"potentialAction\":[{\"@type\":\"SearchAction\",\"target\":\"https:\/\/www.fytofontana.com\/?s={search_term_string}\",\"query-input\":\"required name=search_term_string\"}],\"inLanguage\":\"cs\"},{\"@type\":\"ImageObject\",\"@id\":\"https:\/\/www.fytofontana.com\/cs\/produkt\/v-stop-sirup-kids\/#primaryimage\",\"inLanguage\":\"cs\",\"url\":\"https:\/\/www.fytofontana.com\/wp-content\/uploads\/2025\/05\/500x500_V-STOP_Syrup_KIDS_6m_100ml-SKCZHU.png\",\"width\":500,\"height\":500},{\"@type\":[\"WebPage\",\"ItemPage\"],\"@id\":\"https:\/\/www.fytofontana.com\/cs\/produkt\/v-stop-sirup-kids\/#webpage\",\"url\":\"https:\/\/www.fytofontana.com\/cs\/produkt\/v-stop-sirup-kids\/\",\"name\":\"V-STOP Sirup KIDS, 6m+ - Fytofontana\",\"isPartOf\":{\"@id\":\"https:\/\/www.fytofontana.com\/#website\"},\"primaryImageOfPage\":{\"@id\":\"https:\/\/www.fytofontana.com\/cs\/produkt\/v-stop-sirup-kids\/#primaryimage\"},\"datePublished\":\"2025-05-27T11:24:14+00:00\",\"dateModified\":\"2025-05-27T11:24:14+00:00\",\"description\":\"Sirup pro d\\u011bti od 6 m\\u011bs\\u00edc\\u016f. Doporu\\u010dujeme za\\u010d\\u00edt s u\\u017e\\u00edv\\u00e1n\\u00edm hned p\\u0159i po\\u010d\\u00e1te\\u010dn\\u00edch p\\u0159\\u00edznac\\u00edch infekce horn\\u00edch cest d\\u00fdchac\\u00edch (nap\\u0159. ch\\u0159ipka, nachlazen\\u00ed).\",\"breadcrumb\":{\"@id\":\"https:\/\/www.fytofontana.com\/cs\/produkt\/v-stop-sirup-kids\/#breadcrumb\"},\"inLanguage\":\"cs\",\"potentialAction\":[{\"@type\":\"ReadAction\",\"target\":[\"https:\/\/www.fytofontana.com\/cs\/produkt\/v-stop-sirup-kids\/\"]}]},{\"@type\":\"BreadcrumbList\",\"@id\":\"https:\/\/www.fytofontana.com\/cs\/produkt\/v-stop-sirup-kids\/#breadcrumb\",\"itemListElement\":[{\"@type\":\"ListItem\",\"position\":1,\"item\":{\"@type\":\"WebPage\",\"@id\":\"https:\/\/www.fytofontana.com\/cs\/\",\"url\":\"https:\/\/www.fytofontana.com\/cs\/\",\"name\":\"Home\"}},{\"@type\":\"ListItem\",\"position\":2,\"item\":{\"@type\":\"WebPage\",\"@id\":\"https:\/\/www.fytofontana.com\/cs\/produkt\/v-stop-sirup-kids\/\",\"url\":\"https:\/\/www.fytofontana.com\/cs\/produkt\/v-stop-sirup-kids\/\",\"name\":\"V-STOP Sirup KIDS, 6m+\"}}]}]}<\/script>","_links":{"self":[{"href":"https:\/\/www.fytofontana.com\/cs\/wp-json\/wp\/v2\/product\/3032"}],"collection":[{"href":"https:\/\/www.fytofontana.com\/cs\/wp-json\/wp\/v2\/product"}],"about":[{"href":"https:\/\/www.fytofontana.com\/cs\/wp-json\/wp\/v2\/types\/product"}],"wp:featuredmedia":[{"embeddable":true,"href":"https:\/\/www.fytofontana.com\/cs\/wp-json\/wp\/v2\/media\/3027"}],"wp:attachment":[{"href":"https:\/\/www.fytofontana.com\/cs\/wp-json\/wp\/v2\/media?parent=3032"}],"wp:term":[{"taxonomy":"products","embeddable":true,"href":"https:\/\/www.fytofontana.com\/cs\/wp-json\/wp\/v2\/products?post=3032"}],"curies":[{"name":"wp","href":"https:\/\/api.w.org\/{rel}","templated":true}]}}