{"id":3013,"date":"2025-05-27T08:37:04","date_gmt":"2025-05-27T07:37:04","guid":{"rendered":"https:\/\/www.fytofontana.com\/?post_type=product&#038;p=3013"},"modified":"2025-10-14T11:21:46","modified_gmt":"2025-10-14T10:21:46","slug":"virostop-pastilky","status":"publish","type":"product","link":"https:\/\/www.fytofontana.com\/cs\/produkt\/virostop-pastilky\/","title":{"rendered":"VIROSTOP pastilky"},"content":{"rendered":"<p><strong>P\u0159\u00edchu\u0165 lesn\u00ed ovoce, citrus, m\u00e1ta<\/strong><\/p>\n<ul>\n<li><b>MDR certifikovan\u00fd <\/b><b>zdravotnick\u00fd<\/b> <b>prost\u0159edek<\/b><b> proti <\/b><b>vir\u016fm<\/b> (EU 2017\/745).<\/li>\n<li>Pastilky proti\u00a0<strong>ch\u0159ipce a nachlazen\u00ed<\/strong>.<\/li>\n<li><strong>Prvn\u00ed certifikovan\u00fd<\/strong>\u00a0voln\u011b prodejn\u00fd p\u0159\u00edpravek s antivirov\u00fdm \u00fa\u010dinkem.<\/li>\n<li>Klinicky potvrzen\u00fd\u00a0<strong>antivirov\u00fd \u00fa\u010dinek<\/strong>\u00a0extraktu p\u011bti bylinn\u00fdch slo\u017eek s obsahem Cistu kr\u00e9tsk\u00e9ho.<\/li>\n<li>Pastilky vytv\u00e1\u0159ej\u00ed\u00a0<strong>ochrann\u00fd film<\/strong>\u00a0v \u00fastn\u00ed dutin\u011b a v krku a t\u00edm br\u00e1n\u00ed pr\u016fniku vir\u016f do organismu a jejich mno\u017een\u00ed.<\/li>\n<li>Zabra\u0148uj\u00ed rozvoji a zm\u00edr\u0148uj\u00ed p\u0159\u00edznaky akutn\u00ed infekce horn\u00edch cest d\u00fdchac\u00edch, zejm\u00e9na\u00a0<strong>ch\u0159ipky a nachlazen\u00ed<\/strong>.<\/li>\n<li><strong>Zkracuj\u00ed\u00a0<\/strong>d\u00e9lku symptom\u016f.<\/li>\n<li>Registrov\u00e1no jako zdravotnick\u00fd prost\u0159edek s\u00a0<strong>inovativn\u00edm mechanismem \u00fa\u010dinku.<\/strong><\/li>\n<\/ul>\n<p><span class=\"Apple-converted-space\">\u00a0<\/span><\/p>\n","protected":false},"featured_media":3016,"template":"","products":[77],"yoast_head":"<title>VIROSTOP pastilky - Fytofontana<\/title>\n<meta name=\"description\" content=\"Pastilky proti ch\u0159ipce a nachlazen\u00ed. Klinicky potvrzen\u00fd antivirov\u00fd \u00fa\u010dinek extraktu p\u011bti bylinn\u00fdch slo\u017eek s obsahem Cistu kr\u00e9tsk\u00e9ho.\" \/>\n<meta name=\"robots\" content=\"index, follow, max-snippet:-1, max-image-preview:large, max-video-preview:-1\" \/>\n<link rel=\"canonical\" href=\"https:\/\/www.fytofontana.com\/cs\/produkt\/virostop-pastilky\/\" \/>\n<meta property=\"og:locale\" content=\"cs_CZ\" \/>\n<meta property=\"og:type\" content=\"article\" \/>\n<meta property=\"og:title\" content=\"VIROSTOP pastilky - Fytofontana\" \/>\n<meta property=\"og:description\" content=\"Pastilky proti ch\u0159ipce a nachlazen\u00ed. Klinicky potvrzen\u00fd antivirov\u00fd \u00fa\u010dinek extraktu p\u011bti bylinn\u00fdch slo\u017eek s obsahem Cistu kr\u00e9tsk\u00e9ho.\" \/>\n<meta property=\"og:url\" content=\"https:\/\/www.fytofontana.com\/cs\/produkt\/virostop-pastilky\/\" \/>\n<meta property=\"og:site_name\" content=\"Fytofontana\" \/>\n<meta property=\"article:modified_time\" content=\"2025-10-14T10:21:46+00:00\" \/>\n<meta property=\"og:image\" content=\"https:\/\/www.fytofontana.com\/wp-content\/uploads\/2025\/05\/pastilky-SKCZHUPL-3zostava_600x600_res.png\" \/>\n\t<meta property=\"og:image:width\" content=\"455\" \/>\n\t<meta property=\"og:image:height\" content=\"455\" \/>\n<meta name=\"twitter:card\" content=\"summary_large_image\" \/>\n<meta name=\"twitter:label1\" content=\"Odhadovan\u00e1 doba \u010dten\u00ed\">\n\t<meta name=\"twitter:data1\" content=\"1 minuta\">\n<script type=\"application\/ld+json\" class=\"yoast-schema-graph\">{\"@context\":\"https:\/\/schema.org\",\"@graph\":[{\"@type\":\"Organization\",\"@id\":\"https:\/\/www.fytofontana.com\/#organization\",\"name\":\"Fytofontana\",\"url\":\"https:\/\/www.fytofontana.com\/\",\"sameAs\":[],\"logo\":{\"@type\":\"ImageObject\",\"@id\":\"https:\/\/www.fytofontana.com\/#logo\",\"inLanguage\":\"cs\",\"url\":\"https:\/\/www.fytofontana.com\/wp-content\/uploads\/2021\/01\/fyto.png\",\"width\":817,\"height\":79,\"caption\":\"Fytofontana\"},\"image\":{\"@id\":\"https:\/\/www.fytofontana.com\/#logo\"}},{\"@type\":\"WebSite\",\"@id\":\"https:\/\/www.fytofontana.com\/#website\",\"url\":\"https:\/\/www.fytofontana.com\/\",\"name\":\"Fytofontana\",\"description\":\"\",\"publisher\":{\"@id\":\"https:\/\/www.fytofontana.com\/#organization\"},\"potentialAction\":[{\"@type\":\"SearchAction\",\"target\":\"https:\/\/www.fytofontana.com\/?s={search_term_string}\",\"query-input\":\"required name=search_term_string\"}],\"inLanguage\":\"cs\"},{\"@type\":\"ImageObject\",\"@id\":\"https:\/\/www.fytofontana.com\/cs\/produkt\/virostop-pastilky\/#primaryimage\",\"inLanguage\":\"cs\",\"url\":\"https:\/\/www.fytofontana.com\/wp-content\/uploads\/2025\/05\/pastilky-SKCZHUPL-3zostava_600x600_res.png\",\"width\":455,\"height\":455},{\"@type\":[\"WebPage\",\"ItemPage\"],\"@id\":\"https:\/\/www.fytofontana.com\/cs\/produkt\/virostop-pastilky\/#webpage\",\"url\":\"https:\/\/www.fytofontana.com\/cs\/produkt\/virostop-pastilky\/\",\"name\":\"VIROSTOP pastilky - Fytofontana\",\"isPartOf\":{\"@id\":\"https:\/\/www.fytofontana.com\/#website\"},\"primaryImageOfPage\":{\"@id\":\"https:\/\/www.fytofontana.com\/cs\/produkt\/virostop-pastilky\/#primaryimage\"},\"datePublished\":\"2025-05-27T07:37:04+00:00\",\"dateModified\":\"2025-10-14T10:21:46+00:00\",\"description\":\"Pastilky proti ch\\u0159ipce a nachlazen\\u00ed. Klinicky potvrzen\\u00fd antivirov\\u00fd \\u00fa\\u010dinek extraktu p\\u011bti bylinn\\u00fdch slo\\u017eek s obsahem Cistu kr\\u00e9tsk\\u00e9ho.\",\"breadcrumb\":{\"@id\":\"https:\/\/www.fytofontana.com\/cs\/produkt\/virostop-pastilky\/#breadcrumb\"},\"inLanguage\":\"cs\",\"potentialAction\":[{\"@type\":\"ReadAction\",\"target\":[\"https:\/\/www.fytofontana.com\/cs\/produkt\/virostop-pastilky\/\"]}]},{\"@type\":\"BreadcrumbList\",\"@id\":\"https:\/\/www.fytofontana.com\/cs\/produkt\/virostop-pastilky\/#breadcrumb\",\"itemListElement\":[{\"@type\":\"ListItem\",\"position\":1,\"item\":{\"@type\":\"WebPage\",\"@id\":\"https:\/\/www.fytofontana.com\/cs\/\",\"url\":\"https:\/\/www.fytofontana.com\/cs\/\",\"name\":\"Home\"}},{\"@type\":\"ListItem\",\"position\":2,\"item\":{\"@type\":\"WebPage\",\"@id\":\"https:\/\/www.fytofontana.com\/cs\/produkt\/virostop-pastilky\/\",\"url\":\"https:\/\/www.fytofontana.com\/cs\/produkt\/virostop-pastilky\/\",\"name\":\"VIROSTOP pastilky\"}}]}]}<\/script>","_links":{"self":[{"href":"https:\/\/www.fytofontana.com\/cs\/wp-json\/wp\/v2\/product\/3013"}],"collection":[{"href":"https:\/\/www.fytofontana.com\/cs\/wp-json\/wp\/v2\/product"}],"about":[{"href":"https:\/\/www.fytofontana.com\/cs\/wp-json\/wp\/v2\/types\/product"}],"wp:featuredmedia":[{"embeddable":true,"href":"https:\/\/www.fytofontana.com\/cs\/wp-json\/wp\/v2\/media\/3016"}],"wp:attachment":[{"href":"https:\/\/www.fytofontana.com\/cs\/wp-json\/wp\/v2\/media?parent=3013"}],"wp:term":[{"taxonomy":"products","embeddable":true,"href":"https:\/\/www.fytofontana.com\/cs\/wp-json\/wp\/v2\/products?post=3013"}],"curies":[{"name":"wp","href":"https:\/\/api.w.org\/{rel}","templated":true}]}}