{"id":1952,"date":"2021-05-23T17:56:55","date_gmt":"2021-05-23T16:56:55","guid":{"rendered":"https:\/\/www.fytofontana.com\/hu\/?post_type=product&#038;p=1952"},"modified":"2025-07-24T10:57:21","modified_gmt":"2025-07-24T09:57:21","slug":"aurecon-kapsle-ring-stop","status":"publish","type":"product","link":"https:\/\/www.fytofontana.com\/cs\/produkt\/aurecon-kapsle-ring-stop\/","title":{"rendered":"AURECON kapsle Ring stop"},"content":{"rendered":"<div class=\"field field--name-field-subtitle field--type-string field--label-hidden field--item\"><strong>Dopln\u011bk stravy pro sluch bez \u0161umu a zvon\u011bn\u00ed v u\u0161\u00edch.<\/strong><\/div>\n<ul>\n<li>Ginkgo biloba podporuje perifern\u00ed (c\u00e9vn\u00ed) ob\u011bh, co\u017e p\u0159isp\u00edv\u00e1 k dobr\u00e9mu sluchu.<\/li>\n<li>T\u0159ezalka, kter\u00e1 je dal\u0161\u00ed \u00fa\u010dinnou l\u00e1tkou v\u00fdrobku Aurecon Ring stop, p\u0159isp\u00edv\u00e1 k vyrovnan\u00e9mu psychick\u00e9mu stavu, ment\u00e1ln\u00edmu zdrav\u00ed a uleh\u010duje relaxaci.<\/li>\n<li>Extrakt z chmelov\u00fdch \u0161i\u0161tic, extrakt z ko\u0159ene kozl\u00edku l\u00e9ka\u0159sk\u00e9ho a vrbov\u00e1 k\u016fra podporuj\u00ed relaxaci a t\u00edm p\u0159isp\u00edvaj\u00ed k dosa\u017een\u00ed zdrav\u00e9ho sp\u00e1nku.<\/li>\n<li>Extrakt z ginkgo biloba nav\u00edc podporuje krevn\u00ed mikrocirkulaci v mozku a t\u00edm podporuje kognitivn\u00ed funkce jako je pam\u011b\u0165, pozornost a schopnost soust\u0159ed\u011bn\u00ed.<\/li>\n<li>Vitam\u00edny B1, B6 a C nav\u00edc p\u0159\u00edzniv\u011b ovliv\u0148uj\u00ed nervov\u00e9 a psychologick\u00e9 funkce.<\/li>\n<\/ul>\n","protected":false},"featured_media":3843,"template":"","products":[69],"class_list":["post-1952","product","type-product","status-publish","has-post-thumbnail","hentry","products-aurecon-cz"],"yoast_head":"<title>AURECON kapsle Ring stop - Fytofontana<\/title>\n<meta name=\"description\" content=\"Dopln\u011bk stravy pro sluch bez \u0161umu a zvon\u011bn\u00ed v u\u0161\u00edch. Ginkgo biloba podporuje prokrven\u00ed mozku, t\u0159ezalka p\u0159isp\u00edv\u00e1 k psychick\u00e9 rovnov\u00e1ze, chmel, kozl\u00edk a vrbov\u00e1 k\u016fra podporuj\u00ed sp\u00e1nek, vitam\u00edny B1, B6 a C nervy a ment\u00e1ln\u00ed funkce.\" \/>\n<meta name=\"robots\" content=\"index, follow, max-snippet:-1, max-image-preview:large, max-video-preview:-1\" \/>\n<link rel=\"canonical\" href=\"https:\/\/www.fytofontana.com\/cs\/produkt\/aurecon-kapsle-ring-stop\/\" \/>\n<meta property=\"og:locale\" content=\"cs_CZ\" \/>\n<meta property=\"og:type\" content=\"article\" \/>\n<meta property=\"og:title\" content=\"AURECON kapsle Ring stop - Fytofontana\" \/>\n<meta property=\"og:description\" content=\"Dopln\u011bk stravy pro sluch bez \u0161umu a zvon\u011bn\u00ed v u\u0161\u00edch. Ginkgo biloba podporuje prokrven\u00ed mozku, t\u0159ezalka p\u0159isp\u00edv\u00e1 k psychick\u00e9 rovnov\u00e1ze, chmel, kozl\u00edk a vrbov\u00e1 k\u016fra podporuj\u00ed sp\u00e1nek, vitam\u00edny B1, B6 a C nervy a ment\u00e1ln\u00ed funkce.\" \/>\n<meta property=\"og:url\" content=\"https:\/\/www.fytofontana.com\/cs\/produkt\/aurecon-kapsle-ring-stop\/\" \/>\n<meta property=\"og:site_name\" content=\"Fytofontana\" \/>\n<meta property=\"article:modified_time\" content=\"2025-07-24T09:57:21+00:00\" \/>\n<meta property=\"og:image\" content=\"https:\/\/www.fytofontana.com\/wp-content\/uploads\/2021\/03\/2023_05_AURECON_Capsules_Ring_stop_30cps_1000x1000px_01_Primary.png\" \/>\n\t<meta property=\"og:image:width\" content=\"1000\" \/>\n\t<meta property=\"og:image:height\" content=\"1000\" \/>\n\t<meta property=\"og:image:type\" content=\"image\/png\" \/>\n<meta name=\"twitter:card\" content=\"summary_large_image\" \/>\n<meta name=\"twitter:label1\" content=\"Odhadovan\u00e1 doba \u010dten\u00ed\" \/>\n\t<meta name=\"twitter:data1\" content=\"1 minuta\" \/>\n<script type=\"application\/ld+json\" class=\"yoast-schema-graph\">{\"@context\":\"https:\\\/\\\/schema.org\",\"@graph\":[{\"@type\":[\"WebPage\",\"ItemPage\"],\"@id\":\"https:\\\/\\\/www.fytofontana.com\\\/cs\\\/produkt\\\/aurecon-kapsle-ring-stop\\\/\",\"url\":\"https:\\\/\\\/www.fytofontana.com\\\/cs\\\/produkt\\\/aurecon-kapsle-ring-stop\\\/\",\"name\":\"AURECON kapsle Ring stop - Fytofontana\",\"isPartOf\":{\"@id\":\"https:\\\/\\\/www.fytofontana.com\\\/#website\"},\"primaryImageOfPage\":{\"@id\":\"https:\\\/\\\/www.fytofontana.com\\\/cs\\\/produkt\\\/aurecon-kapsle-ring-stop\\\/#primaryimage\"},\"image\":{\"@id\":\"https:\\\/\\\/www.fytofontana.com\\\/cs\\\/produkt\\\/aurecon-kapsle-ring-stop\\\/#primaryimage\"},\"thumbnailUrl\":\"https:\\\/\\\/www.fytofontana.com\\\/wp-content\\\/uploads\\\/2021\\\/03\\\/2023_05_AURECON_Capsules_Ring_stop_30cps_1000x1000px_01_Primary.png\",\"datePublished\":\"2021-05-23T16:56:55+00:00\",\"dateModified\":\"2025-07-24T09:57:21+00:00\",\"description\":\"Dopln\u011bk stravy pro sluch bez \u0161umu a zvon\u011bn\u00ed v u\u0161\u00edch. Ginkgo biloba podporuje prokrven\u00ed mozku, t\u0159ezalka p\u0159isp\u00edv\u00e1 k psychick\u00e9 rovnov\u00e1ze, chmel, kozl\u00edk a vrbov\u00e1 k\u016fra podporuj\u00ed sp\u00e1nek, vitam\u00edny B1, B6 a C nervy a ment\u00e1ln\u00ed funkce.\",\"breadcrumb\":{\"@id\":\"https:\\\/\\\/www.fytofontana.com\\\/cs\\\/produkt\\\/aurecon-kapsle-ring-stop\\\/#breadcrumb\"},\"inLanguage\":\"cs\",\"potentialAction\":[{\"@type\":\"ReadAction\",\"target\":[\"https:\\\/\\\/www.fytofontana.com\\\/cs\\\/produkt\\\/aurecon-kapsle-ring-stop\\\/\"]}]},{\"@type\":\"ImageObject\",\"inLanguage\":\"cs\",\"@id\":\"https:\\\/\\\/www.fytofontana.com\\\/cs\\\/produkt\\\/aurecon-kapsle-ring-stop\\\/#primaryimage\",\"url\":\"https:\\\/\\\/www.fytofontana.com\\\/wp-content\\\/uploads\\\/2021\\\/03\\\/2023_05_AURECON_Capsules_Ring_stop_30cps_1000x1000px_01_Primary.png\",\"contentUrl\":\"https:\\\/\\\/www.fytofontana.com\\\/wp-content\\\/uploads\\\/2021\\\/03\\\/2023_05_AURECON_Capsules_Ring_stop_30cps_1000x1000px_01_Primary.png\",\"width\":1000,\"height\":1000},{\"@type\":\"BreadcrumbList\",\"@id\":\"https:\\\/\\\/www.fytofontana.com\\\/cs\\\/produkt\\\/aurecon-kapsle-ring-stop\\\/#breadcrumb\",\"itemListElement\":[{\"@type\":\"ListItem\",\"position\":1,\"name\":\"Home\",\"item\":\"https:\\\/\\\/www.fytofontana.com\\\/cs\\\/\"},{\"@type\":\"ListItem\",\"position\":2,\"name\":\"AURECON kapsle Ring stop\"}]},{\"@type\":\"WebSite\",\"@id\":\"https:\\\/\\\/www.fytofontana.com\\\/#website\",\"url\":\"https:\\\/\\\/www.fytofontana.com\\\/\",\"name\":\"Fytofontana\",\"description\":\"\",\"publisher\":{\"@id\":\"https:\\\/\\\/www.fytofontana.com\\\/#organization\"},\"potentialAction\":[{\"@type\":\"SearchAction\",\"target\":{\"@type\":\"EntryPoint\",\"urlTemplate\":\"https:\\\/\\\/www.fytofontana.com\\\/?s={search_term_string}\"},\"query-input\":{\"@type\":\"PropertyValueSpecification\",\"valueRequired\":true,\"valueName\":\"search_term_string\"}}],\"inLanguage\":\"cs\"},{\"@type\":\"Organization\",\"@id\":\"https:\\\/\\\/www.fytofontana.com\\\/#organization\",\"name\":\"Fytofontana\",\"url\":\"https:\\\/\\\/www.fytofontana.com\\\/\",\"logo\":{\"@type\":\"ImageObject\",\"inLanguage\":\"cs\",\"@id\":\"https:\\\/\\\/www.fytofontana.com\\\/#\\\/schema\\\/logo\\\/image\\\/\",\"url\":\"https:\\\/\\\/www.fytofontana.com\\\/wp-content\\\/uploads\\\/2021\\\/01\\\/fyto.png\",\"contentUrl\":\"https:\\\/\\\/www.fytofontana.com\\\/wp-content\\\/uploads\\\/2021\\\/01\\\/fyto.png\",\"width\":817,\"height\":79,\"caption\":\"Fytofontana\"},\"image\":{\"@id\":\"https:\\\/\\\/www.fytofontana.com\\\/#\\\/schema\\\/logo\\\/image\\\/\"}}]}<\/script>","yoast_head_json":{"title":"AURECON kapsle Ring stop - Fytofontana","description":"Dopln\u011bk stravy pro sluch bez \u0161umu a zvon\u011bn\u00ed v u\u0161\u00edch. Ginkgo biloba podporuje prokrven\u00ed mozku, t\u0159ezalka p\u0159isp\u00edv\u00e1 k psychick\u00e9 rovnov\u00e1ze, chmel, kozl\u00edk a vrbov\u00e1 k\u016fra podporuj\u00ed sp\u00e1nek, vitam\u00edny B1, B6 a C nervy a ment\u00e1ln\u00ed funkce.","robots":{"index":"index","follow":"follow","max-snippet":"max-snippet:-1","max-image-preview":"max-image-preview:large","max-video-preview":"max-video-preview:-1"},"canonical":"https:\/\/www.fytofontana.com\/cs\/produkt\/aurecon-kapsle-ring-stop\/","og_locale":"cs_CZ","og_type":"article","og_title":"AURECON kapsle Ring stop - Fytofontana","og_description":"Dopln\u011bk stravy pro sluch bez \u0161umu a zvon\u011bn\u00ed v u\u0161\u00edch. Ginkgo biloba podporuje prokrven\u00ed mozku, t\u0159ezalka p\u0159isp\u00edv\u00e1 k psychick\u00e9 rovnov\u00e1ze, chmel, kozl\u00edk a vrbov\u00e1 k\u016fra podporuj\u00ed sp\u00e1nek, vitam\u00edny B1, B6 a C nervy a ment\u00e1ln\u00ed funkce.","og_url":"https:\/\/www.fytofontana.com\/cs\/produkt\/aurecon-kapsle-ring-stop\/","og_site_name":"Fytofontana","article_modified_time":"2025-07-24T09:57:21+00:00","og_image":[{"width":1000,"height":1000,"url":"https:\/\/www.fytofontana.com\/wp-content\/uploads\/2021\/03\/2023_05_AURECON_Capsules_Ring_stop_30cps_1000x1000px_01_Primary.png","type":"image\/png"}],"twitter_card":"summary_large_image","twitter_misc":{"Odhadovan\u00e1 doba \u010dten\u00ed":"1 minuta"},"schema":{"@context":"https:\/\/schema.org","@graph":[{"@type":["WebPage","ItemPage"],"@id":"https:\/\/www.fytofontana.com\/cs\/produkt\/aurecon-kapsle-ring-stop\/","url":"https:\/\/www.fytofontana.com\/cs\/produkt\/aurecon-kapsle-ring-stop\/","name":"AURECON kapsle Ring stop - Fytofontana","isPartOf":{"@id":"https:\/\/www.fytofontana.com\/#website"},"primaryImageOfPage":{"@id":"https:\/\/www.fytofontana.com\/cs\/produkt\/aurecon-kapsle-ring-stop\/#primaryimage"},"image":{"@id":"https:\/\/www.fytofontana.com\/cs\/produkt\/aurecon-kapsle-ring-stop\/#primaryimage"},"thumbnailUrl":"https:\/\/www.fytofontana.com\/wp-content\/uploads\/2021\/03\/2023_05_AURECON_Capsules_Ring_stop_30cps_1000x1000px_01_Primary.png","datePublished":"2021-05-23T16:56:55+00:00","dateModified":"2025-07-24T09:57:21+00:00","description":"Dopln\u011bk stravy pro sluch bez \u0161umu a zvon\u011bn\u00ed v u\u0161\u00edch. Ginkgo biloba podporuje prokrven\u00ed mozku, t\u0159ezalka p\u0159isp\u00edv\u00e1 k psychick\u00e9 rovnov\u00e1ze, chmel, kozl\u00edk a vrbov\u00e1 k\u016fra podporuj\u00ed sp\u00e1nek, vitam\u00edny B1, B6 a C nervy a ment\u00e1ln\u00ed funkce.","breadcrumb":{"@id":"https:\/\/www.fytofontana.com\/cs\/produkt\/aurecon-kapsle-ring-stop\/#breadcrumb"},"inLanguage":"cs","potentialAction":[{"@type":"ReadAction","target":["https:\/\/www.fytofontana.com\/cs\/produkt\/aurecon-kapsle-ring-stop\/"]}]},{"@type":"ImageObject","inLanguage":"cs","@id":"https:\/\/www.fytofontana.com\/cs\/produkt\/aurecon-kapsle-ring-stop\/#primaryimage","url":"https:\/\/www.fytofontana.com\/wp-content\/uploads\/2021\/03\/2023_05_AURECON_Capsules_Ring_stop_30cps_1000x1000px_01_Primary.png","contentUrl":"https:\/\/www.fytofontana.com\/wp-content\/uploads\/2021\/03\/2023_05_AURECON_Capsules_Ring_stop_30cps_1000x1000px_01_Primary.png","width":1000,"height":1000},{"@type":"BreadcrumbList","@id":"https:\/\/www.fytofontana.com\/cs\/produkt\/aurecon-kapsle-ring-stop\/#breadcrumb","itemListElement":[{"@type":"ListItem","position":1,"name":"Home","item":"https:\/\/www.fytofontana.com\/cs\/"},{"@type":"ListItem","position":2,"name":"AURECON kapsle Ring stop"}]},{"@type":"WebSite","@id":"https:\/\/www.fytofontana.com\/#website","url":"https:\/\/www.fytofontana.com\/","name":"Fytofontana","description":"","publisher":{"@id":"https:\/\/www.fytofontana.com\/#organization"},"potentialAction":[{"@type":"SearchAction","target":{"@type":"EntryPoint","urlTemplate":"https:\/\/www.fytofontana.com\/?s={search_term_string}"},"query-input":{"@type":"PropertyValueSpecification","valueRequired":true,"valueName":"search_term_string"}}],"inLanguage":"cs"},{"@type":"Organization","@id":"https:\/\/www.fytofontana.com\/#organization","name":"Fytofontana","url":"https:\/\/www.fytofontana.com\/","logo":{"@type":"ImageObject","inLanguage":"cs","@id":"https:\/\/www.fytofontana.com\/#\/schema\/logo\/image\/","url":"https:\/\/www.fytofontana.com\/wp-content\/uploads\/2021\/01\/fyto.png","contentUrl":"https:\/\/www.fytofontana.com\/wp-content\/uploads\/2021\/01\/fyto.png","width":817,"height":79,"caption":"Fytofontana"},"image":{"@id":"https:\/\/www.fytofontana.com\/#\/schema\/logo\/image\/"}}]}},"_links":{"self":[{"href":"https:\/\/www.fytofontana.com\/cs\/wp-json\/wp\/v2\/product\/1952","targetHints":{"allow":["GET"]}}],"collection":[{"href":"https:\/\/www.fytofontana.com\/cs\/wp-json\/wp\/v2\/product"}],"about":[{"href":"https:\/\/www.fytofontana.com\/cs\/wp-json\/wp\/v2\/types\/product"}],"wp:featuredmedia":[{"embeddable":true,"href":"https:\/\/www.fytofontana.com\/cs\/wp-json\/wp\/v2\/media\/3843"}],"wp:attachment":[{"href":"https:\/\/www.fytofontana.com\/cs\/wp-json\/wp\/v2\/media?parent=1952"}],"wp:term":[{"taxonomy":"products","embeddable":true,"href":"https:\/\/www.fytofontana.com\/cs\/wp-json\/wp\/v2\/products?post=1952"}],"curies":[{"name":"wp","href":"https:\/\/api.w.org\/{rel}","templated":true}]}}