{"id":1951,"date":"2021-05-23T17:24:48","date_gmt":"2021-05-23T16:24:48","guid":{"rendered":"https:\/\/www.fytofontana.com\/hu\/?post_type=product&#038;p=1951"},"modified":"2025-10-12T19:55:33","modified_gmt":"2025-10-12T18:55:33","slug":"aurecon-plus-usni-svicky","status":"publish","type":"product","link":"https:\/\/www.fytofontana.com\/cs\/produkt\/aurecon-plus-usni-svicky\/","title":{"rendered":"AURECON u\u0161n\u00ed sv\u00ed\u010dky Plus"},"content":{"rendered":"<ul>\n<li>Bavln\u011bn\u00e9 trubi\u010dky napu\u0161t\u011bn\u00e9 sm\u011bs\u00ed v\u010del\u00edho vosku a paraf\u00ednu.<\/li>\n<li>Teplo vytvo\u0159en\u00e9 ho\u0159en\u00edm sv\u00ed\u010dky zm\u011bk\u010duje nahromad\u011bn\u00fd maz a vytvo\u0159en\u00fd podtlak ho kom\u00ednov\u00fdm efektem vysaje.<\/li>\n<li>Z\u00e1rove\u0148 doch\u00e1z\u00ed k vyrovn\u00e1v\u00e1n\u00ed tlaku p\u0159es Eustachovu trubici v cel\u00e9 oblasti hlavy a krku.<\/li>\n<li>Jsou speci\u00e1ln\u011b ur\u010deny pro b\u011b\u017enou hygienu u\u0161\u00ed, slou\u017e\u00ed jako prevence vzniku mazov\u00e9 u\u0161n\u00ed z\u00e1tky, \u0159ed\u00ed, rozpou\u0161t\u011bj\u00ed a odstra\u0148uj\u00ed p\u0159ebyte\u010dn\u00fd u\u0161n\u00ed maz.<\/li>\n<\/ul>\n","protected":false},"featured_media":3746,"template":"","products":[69],"yoast_head":"<title>AURECON u\u0161n\u00ed sv\u00ed\u010dky Plus - Fytofontana<\/title>\n<meta name=\"description\" content=\"U\u0161n\u00ed sv\u00ed\u010dky AURECON Plus z bavlny a v\u010del\u00edho vosku pro hygienu u\u0161\u00ed. Kom\u00ednov\u00fd efekt odstra\u0148uje maz a vyrovn\u00e1v\u00e1 tlak. AURECON system pro bezpe\u010dnost. Od 6 let.\" \/>\n<meta name=\"robots\" content=\"index, follow, max-snippet:-1, max-image-preview:large, max-video-preview:-1\" \/>\n<link rel=\"canonical\" href=\"https:\/\/www.fytofontana.com\/cs\/produkt\/aurecon-plus-usni-svicky\/\" \/>\n<meta property=\"og:locale\" content=\"cs_CZ\" \/>\n<meta property=\"og:type\" content=\"article\" \/>\n<meta property=\"og:title\" content=\"AURECON u\u0161n\u00ed sv\u00ed\u010dky Plus - Fytofontana\" \/>\n<meta property=\"og:description\" content=\"U\u0161n\u00ed sv\u00ed\u010dky AURECON Plus z bavlny a v\u010del\u00edho vosku pro hygienu u\u0161\u00ed. Kom\u00ednov\u00fd efekt odstra\u0148uje maz a vyrovn\u00e1v\u00e1 tlak. AURECON system pro bezpe\u010dnost. Od 6 let.\" \/>\n<meta property=\"og:url\" content=\"https:\/\/www.fytofontana.com\/cs\/produkt\/aurecon-plus-usni-svicky\/\" \/>\n<meta property=\"og:site_name\" content=\"Fytofontana\" \/>\n<meta property=\"article:modified_time\" content=\"2025-10-12T18:55:33+00:00\" \/>\n<meta property=\"og:image\" content=\"https:\/\/www.fytofontana.com\/wp-content\/uploads\/2021\/03\/2023_05_AURECON_Ear_Candles_Plus_1pair_1000x1000px_01_Primary.png\" \/>\n\t<meta property=\"og:image:width\" content=\"1000\" \/>\n\t<meta property=\"og:image:height\" content=\"1000\" \/>\n<meta name=\"twitter:card\" content=\"summary_large_image\" \/>\n<meta name=\"twitter:label1\" content=\"Odhadovan\u00e1 doba \u010dten\u00ed\">\n\t<meta name=\"twitter:data1\" content=\"1 minuta\">\n<script type=\"application\/ld+json\" class=\"yoast-schema-graph\">{\"@context\":\"https:\/\/schema.org\",\"@graph\":[{\"@type\":\"Organization\",\"@id\":\"https:\/\/www.fytofontana.com\/#organization\",\"name\":\"Fytofontana\",\"url\":\"https:\/\/www.fytofontana.com\/\",\"sameAs\":[],\"logo\":{\"@type\":\"ImageObject\",\"@id\":\"https:\/\/www.fytofontana.com\/#logo\",\"inLanguage\":\"cs\",\"url\":\"https:\/\/www.fytofontana.com\/wp-content\/uploads\/2021\/01\/fyto.png\",\"width\":817,\"height\":79,\"caption\":\"Fytofontana\"},\"image\":{\"@id\":\"https:\/\/www.fytofontana.com\/#logo\"}},{\"@type\":\"WebSite\",\"@id\":\"https:\/\/www.fytofontana.com\/#website\",\"url\":\"https:\/\/www.fytofontana.com\/\",\"name\":\"Fytofontana\",\"description\":\"\",\"publisher\":{\"@id\":\"https:\/\/www.fytofontana.com\/#organization\"},\"potentialAction\":[{\"@type\":\"SearchAction\",\"target\":\"https:\/\/www.fytofontana.com\/?s={search_term_string}\",\"query-input\":\"required name=search_term_string\"}],\"inLanguage\":\"cs\"},{\"@type\":\"ImageObject\",\"@id\":\"https:\/\/www.fytofontana.com\/cs\/produkt\/aurecon-plus-usni-svicky\/#primaryimage\",\"inLanguage\":\"cs\",\"url\":\"https:\/\/www.fytofontana.com\/wp-content\/uploads\/2021\/03\/2023_05_AURECON_Ear_Candles_Plus_1pair_1000x1000px_01_Primary.png\",\"width\":1000,\"height\":1000},{\"@type\":[\"WebPage\",\"ItemPage\"],\"@id\":\"https:\/\/www.fytofontana.com\/cs\/produkt\/aurecon-plus-usni-svicky\/#webpage\",\"url\":\"https:\/\/www.fytofontana.com\/cs\/produkt\/aurecon-plus-usni-svicky\/\",\"name\":\"AURECON u\\u0161n\\u00ed sv\\u00ed\\u010dky Plus - Fytofontana\",\"isPartOf\":{\"@id\":\"https:\/\/www.fytofontana.com\/#website\"},\"primaryImageOfPage\":{\"@id\":\"https:\/\/www.fytofontana.com\/cs\/produkt\/aurecon-plus-usni-svicky\/#primaryimage\"},\"datePublished\":\"2021-05-23T16:24:48+00:00\",\"dateModified\":\"2025-10-12T18:55:33+00:00\",\"description\":\"U\\u0161n\\u00ed sv\\u00ed\\u010dky AURECON Plus z bavlny a v\\u010del\\u00edho vosku pro hygienu u\\u0161\\u00ed. Kom\\u00ednov\\u00fd efekt odstra\\u0148uje maz a vyrovn\\u00e1v\\u00e1 tlak. AURECON system pro bezpe\\u010dnost. Od 6 let.\",\"breadcrumb\":{\"@id\":\"https:\/\/www.fytofontana.com\/cs\/produkt\/aurecon-plus-usni-svicky\/#breadcrumb\"},\"inLanguage\":\"cs\",\"potentialAction\":[{\"@type\":\"ReadAction\",\"target\":[\"https:\/\/www.fytofontana.com\/cs\/produkt\/aurecon-plus-usni-svicky\/\"]}]},{\"@type\":\"BreadcrumbList\",\"@id\":\"https:\/\/www.fytofontana.com\/cs\/produkt\/aurecon-plus-usni-svicky\/#breadcrumb\",\"itemListElement\":[{\"@type\":\"ListItem\",\"position\":1,\"item\":{\"@type\":\"WebPage\",\"@id\":\"https:\/\/www.fytofontana.com\/cs\/\",\"url\":\"https:\/\/www.fytofontana.com\/cs\/\",\"name\":\"Home\"}},{\"@type\":\"ListItem\",\"position\":2,\"item\":{\"@type\":\"WebPage\",\"@id\":\"https:\/\/www.fytofontana.com\/cs\/produkt\/aurecon-plus-usni-svicky\/\",\"url\":\"https:\/\/www.fytofontana.com\/cs\/produkt\/aurecon-plus-usni-svicky\/\",\"name\":\"AURECON u\\u0161n\\u00ed sv\\u00ed\\u010dky Plus\"}}]}]}<\/script>","_links":{"self":[{"href":"https:\/\/www.fytofontana.com\/cs\/wp-json\/wp\/v2\/product\/1951"}],"collection":[{"href":"https:\/\/www.fytofontana.com\/cs\/wp-json\/wp\/v2\/product"}],"about":[{"href":"https:\/\/www.fytofontana.com\/cs\/wp-json\/wp\/v2\/types\/product"}],"wp:featuredmedia":[{"embeddable":true,"href":"https:\/\/www.fytofontana.com\/cs\/wp-json\/wp\/v2\/media\/3746"}],"wp:attachment":[{"href":"https:\/\/www.fytofontana.com\/cs\/wp-json\/wp\/v2\/media?parent=1951"}],"wp:term":[{"taxonomy":"products","embeddable":true,"href":"https:\/\/www.fytofontana.com\/cs\/wp-json\/wp\/v2\/products?post=1951"}],"curies":[{"name":"wp","href":"https:\/\/api.w.org\/{rel}","templated":true}]}}