{"id":1949,"date":"2021-05-23T17:04:05","date_gmt":"2021-05-23T16:04:05","guid":{"rendered":"https:\/\/www.fytofontana.com\/hu\/?post_type=product&#038;p=1949"},"modified":"2025-10-14T13:32:35","modified_gmt":"2025-10-14T12:32:35","slug":"aurecon-usni-sprej-dry","status":"publish","type":"product","link":"https:\/\/www.fytofontana.com\/cs\/produkt\/aurecon-usni-sprej-dry\/","title":{"rendered":"AURECON u\u0161n\u00ed sprej Dry"},"content":{"rendered":"<ul>\n<li><b>MDR schv\u00e1len\u00fd <\/b><b>zdravotnick\u00fd<\/b> <b>prost\u0159edek<\/b> (EU 2017\/745).<\/li>\n<li><strong>Sprej je ur\u010den\u00fd k odstran\u011bn\u00ed vody z ucha a jeho rychl\u00e9mu vysu\u0161en\u00ed.<\/strong><\/li>\n<li>Fyzik\u00e1ln\u00ed vlastnosti denaturovan\u00e9ho lihu, kter\u00fd se nach\u00e1z\u00ed v p\u0159\u00edpravku, urychluje vypa\u0159ov\u00e1n\u00ed vody z ucha a t\u00edm napom\u00e1h\u00e1 vysu\u0161en\u00ed vn\u011bj\u0161\u00edho zvukovodu.<\/li>\n<li>Denaturovan\u00fd l\u00edh b\u011bhem n\u011bkolika minut odstran\u00ed p\u0159ebyte\u010dnou vlhkost, a proto p\u0159edstavuje \u00fa\u010dinnou pomoc p\u0159i p\u0159edch\u00e1zen\u00ed r\u016fzn\u00fdm u\u0161n\u00edm probl\u00e9m\u016fm.<\/li>\n<\/ul>\n","protected":false},"featured_media":3819,"template":"","products":[69],"class_list":["post-1949","product","type-product","status-publish","has-post-thumbnail","hentry","products-aurecon-cz"],"yoast_head":"<title>AURECON u\u0161n\u00ed sprej Dry - Fytofontana<\/title>\n<meta name=\"description\" content=\"\u00da\u010dinn\u011b vysu\u0161uje ucho po koupeli \u010di plav\u00e1n\u00ed. Denaturovan\u00fd l\u00edh odstra\u0148uje vlhkost, extrakty z net\u0159esku st\u0159e\u0161n\u00edho a aloe vera zm\u00edr\u0148uj\u00ed z\u00e1n\u011bt, chr\u00e1n\u00ed p\u0159ed podr\u00e1\u017ed\u011bn\u00edm a podporuj\u00ed regeneraci zvukovodu.\" \/>\n<meta name=\"robots\" content=\"index, follow, max-snippet:-1, max-image-preview:large, max-video-preview:-1\" \/>\n<link rel=\"canonical\" href=\"https:\/\/www.fytofontana.com\/cs\/produkt\/aurecon-usni-sprej-dry\/\" \/>\n<meta property=\"og:locale\" content=\"cs_CZ\" \/>\n<meta property=\"og:type\" content=\"article\" \/>\n<meta property=\"og:title\" content=\"AURECON u\u0161n\u00ed sprej Dry - Fytofontana\" \/>\n<meta property=\"og:description\" content=\"\u00da\u010dinn\u011b vysu\u0161uje ucho po koupeli \u010di plav\u00e1n\u00ed. Denaturovan\u00fd l\u00edh odstra\u0148uje vlhkost, extrakty z net\u0159esku st\u0159e\u0161n\u00edho a aloe vera zm\u00edr\u0148uj\u00ed z\u00e1n\u011bt, chr\u00e1n\u00ed p\u0159ed podr\u00e1\u017ed\u011bn\u00edm a podporuj\u00ed regeneraci zvukovodu.\" \/>\n<meta property=\"og:url\" content=\"https:\/\/www.fytofontana.com\/cs\/produkt\/aurecon-usni-sprej-dry\/\" \/>\n<meta property=\"og:site_name\" content=\"Fytofontana\" \/>\n<meta property=\"article:modified_time\" content=\"2025-10-14T12:32:35+00:00\" \/>\n<meta property=\"og:image\" content=\"https:\/\/www.fytofontana.com\/wp-content\/uploads\/2021\/03\/2023_05_AURECON_Spray_Dry_50ml_1000x1000px_01_Primary.png\" \/>\n\t<meta property=\"og:image:width\" content=\"1000\" \/>\n\t<meta property=\"og:image:height\" content=\"1000\" \/>\n\t<meta property=\"og:image:type\" content=\"image\/png\" \/>\n<meta name=\"twitter:card\" content=\"summary_large_image\" \/>\n<meta name=\"twitter:label1\" content=\"Odhadovan\u00e1 doba \u010dten\u00ed\" \/>\n\t<meta name=\"twitter:data1\" content=\"1 minuta\" \/>\n<script type=\"application\/ld+json\" class=\"yoast-schema-graph\">{\"@context\":\"https:\\\/\\\/schema.org\",\"@graph\":[{\"@type\":[\"WebPage\",\"ItemPage\"],\"@id\":\"https:\\\/\\\/www.fytofontana.com\\\/cs\\\/produkt\\\/aurecon-usni-sprej-dry\\\/\",\"url\":\"https:\\\/\\\/www.fytofontana.com\\\/cs\\\/produkt\\\/aurecon-usni-sprej-dry\\\/\",\"name\":\"AURECON u\u0161n\u00ed sprej Dry - Fytofontana\",\"isPartOf\":{\"@id\":\"https:\\\/\\\/www.fytofontana.com\\\/#website\"},\"primaryImageOfPage\":{\"@id\":\"https:\\\/\\\/www.fytofontana.com\\\/cs\\\/produkt\\\/aurecon-usni-sprej-dry\\\/#primaryimage\"},\"image\":{\"@id\":\"https:\\\/\\\/www.fytofontana.com\\\/cs\\\/produkt\\\/aurecon-usni-sprej-dry\\\/#primaryimage\"},\"thumbnailUrl\":\"https:\\\/\\\/www.fytofontana.com\\\/wp-content\\\/uploads\\\/2021\\\/03\\\/2023_05_AURECON_Spray_Dry_50ml_1000x1000px_01_Primary.png\",\"datePublished\":\"2021-05-23T16:04:05+00:00\",\"dateModified\":\"2025-10-14T12:32:35+00:00\",\"description\":\"\u00da\u010dinn\u011b vysu\u0161uje ucho po koupeli \u010di plav\u00e1n\u00ed. Denaturovan\u00fd l\u00edh odstra\u0148uje vlhkost, extrakty z net\u0159esku st\u0159e\u0161n\u00edho a aloe vera zm\u00edr\u0148uj\u00ed z\u00e1n\u011bt, chr\u00e1n\u00ed p\u0159ed podr\u00e1\u017ed\u011bn\u00edm a podporuj\u00ed regeneraci zvukovodu.\",\"breadcrumb\":{\"@id\":\"https:\\\/\\\/www.fytofontana.com\\\/cs\\\/produkt\\\/aurecon-usni-sprej-dry\\\/#breadcrumb\"},\"inLanguage\":\"cs\",\"potentialAction\":[{\"@type\":\"ReadAction\",\"target\":[\"https:\\\/\\\/www.fytofontana.com\\\/cs\\\/produkt\\\/aurecon-usni-sprej-dry\\\/\"]}]},{\"@type\":\"ImageObject\",\"inLanguage\":\"cs\",\"@id\":\"https:\\\/\\\/www.fytofontana.com\\\/cs\\\/produkt\\\/aurecon-usni-sprej-dry\\\/#primaryimage\",\"url\":\"https:\\\/\\\/www.fytofontana.com\\\/wp-content\\\/uploads\\\/2021\\\/03\\\/2023_05_AURECON_Spray_Dry_50ml_1000x1000px_01_Primary.png\",\"contentUrl\":\"https:\\\/\\\/www.fytofontana.com\\\/wp-content\\\/uploads\\\/2021\\\/03\\\/2023_05_AURECON_Spray_Dry_50ml_1000x1000px_01_Primary.png\",\"width\":1000,\"height\":1000},{\"@type\":\"BreadcrumbList\",\"@id\":\"https:\\\/\\\/www.fytofontana.com\\\/cs\\\/produkt\\\/aurecon-usni-sprej-dry\\\/#breadcrumb\",\"itemListElement\":[{\"@type\":\"ListItem\",\"position\":1,\"name\":\"Home\",\"item\":\"https:\\\/\\\/www.fytofontana.com\\\/cs\\\/\"},{\"@type\":\"ListItem\",\"position\":2,\"name\":\"AURECON u\u0161n\u00ed sprej Dry\"}]},{\"@type\":\"WebSite\",\"@id\":\"https:\\\/\\\/www.fytofontana.com\\\/#website\",\"url\":\"https:\\\/\\\/www.fytofontana.com\\\/\",\"name\":\"Fytofontana\",\"description\":\"\",\"publisher\":{\"@id\":\"https:\\\/\\\/www.fytofontana.com\\\/#organization\"},\"potentialAction\":[{\"@type\":\"SearchAction\",\"target\":{\"@type\":\"EntryPoint\",\"urlTemplate\":\"https:\\\/\\\/www.fytofontana.com\\\/?s={search_term_string}\"},\"query-input\":{\"@type\":\"PropertyValueSpecification\",\"valueRequired\":true,\"valueName\":\"search_term_string\"}}],\"inLanguage\":\"cs\"},{\"@type\":\"Organization\",\"@id\":\"https:\\\/\\\/www.fytofontana.com\\\/#organization\",\"name\":\"Fytofontana\",\"url\":\"https:\\\/\\\/www.fytofontana.com\\\/\",\"logo\":{\"@type\":\"ImageObject\",\"inLanguage\":\"cs\",\"@id\":\"https:\\\/\\\/www.fytofontana.com\\\/#\\\/schema\\\/logo\\\/image\\\/\",\"url\":\"https:\\\/\\\/www.fytofontana.com\\\/wp-content\\\/uploads\\\/2021\\\/01\\\/fyto.png\",\"contentUrl\":\"https:\\\/\\\/www.fytofontana.com\\\/wp-content\\\/uploads\\\/2021\\\/01\\\/fyto.png\",\"width\":817,\"height\":79,\"caption\":\"Fytofontana\"},\"image\":{\"@id\":\"https:\\\/\\\/www.fytofontana.com\\\/#\\\/schema\\\/logo\\\/image\\\/\"}}]}<\/script>","yoast_head_json":{"title":"AURECON u\u0161n\u00ed sprej Dry - Fytofontana","description":"\u00da\u010dinn\u011b vysu\u0161uje ucho po koupeli \u010di plav\u00e1n\u00ed. Denaturovan\u00fd l\u00edh odstra\u0148uje vlhkost, extrakty z net\u0159esku st\u0159e\u0161n\u00edho a aloe vera zm\u00edr\u0148uj\u00ed z\u00e1n\u011bt, chr\u00e1n\u00ed p\u0159ed podr\u00e1\u017ed\u011bn\u00edm a podporuj\u00ed regeneraci zvukovodu.","robots":{"index":"index","follow":"follow","max-snippet":"max-snippet:-1","max-image-preview":"max-image-preview:large","max-video-preview":"max-video-preview:-1"},"canonical":"https:\/\/www.fytofontana.com\/cs\/produkt\/aurecon-usni-sprej-dry\/","og_locale":"cs_CZ","og_type":"article","og_title":"AURECON u\u0161n\u00ed sprej Dry - Fytofontana","og_description":"\u00da\u010dinn\u011b vysu\u0161uje ucho po koupeli \u010di plav\u00e1n\u00ed. Denaturovan\u00fd l\u00edh odstra\u0148uje vlhkost, extrakty z net\u0159esku st\u0159e\u0161n\u00edho a aloe vera zm\u00edr\u0148uj\u00ed z\u00e1n\u011bt, chr\u00e1n\u00ed p\u0159ed podr\u00e1\u017ed\u011bn\u00edm a podporuj\u00ed regeneraci zvukovodu.","og_url":"https:\/\/www.fytofontana.com\/cs\/produkt\/aurecon-usni-sprej-dry\/","og_site_name":"Fytofontana","article_modified_time":"2025-10-14T12:32:35+00:00","og_image":[{"width":1000,"height":1000,"url":"https:\/\/www.fytofontana.com\/wp-content\/uploads\/2021\/03\/2023_05_AURECON_Spray_Dry_50ml_1000x1000px_01_Primary.png","type":"image\/png"}],"twitter_card":"summary_large_image","twitter_misc":{"Odhadovan\u00e1 doba \u010dten\u00ed":"1 minuta"},"schema":{"@context":"https:\/\/schema.org","@graph":[{"@type":["WebPage","ItemPage"],"@id":"https:\/\/www.fytofontana.com\/cs\/produkt\/aurecon-usni-sprej-dry\/","url":"https:\/\/www.fytofontana.com\/cs\/produkt\/aurecon-usni-sprej-dry\/","name":"AURECON u\u0161n\u00ed sprej Dry - Fytofontana","isPartOf":{"@id":"https:\/\/www.fytofontana.com\/#website"},"primaryImageOfPage":{"@id":"https:\/\/www.fytofontana.com\/cs\/produkt\/aurecon-usni-sprej-dry\/#primaryimage"},"image":{"@id":"https:\/\/www.fytofontana.com\/cs\/produkt\/aurecon-usni-sprej-dry\/#primaryimage"},"thumbnailUrl":"https:\/\/www.fytofontana.com\/wp-content\/uploads\/2021\/03\/2023_05_AURECON_Spray_Dry_50ml_1000x1000px_01_Primary.png","datePublished":"2021-05-23T16:04:05+00:00","dateModified":"2025-10-14T12:32:35+00:00","description":"\u00da\u010dinn\u011b vysu\u0161uje ucho po koupeli \u010di plav\u00e1n\u00ed. Denaturovan\u00fd l\u00edh odstra\u0148uje vlhkost, extrakty z net\u0159esku st\u0159e\u0161n\u00edho a aloe vera zm\u00edr\u0148uj\u00ed z\u00e1n\u011bt, chr\u00e1n\u00ed p\u0159ed podr\u00e1\u017ed\u011bn\u00edm a podporuj\u00ed regeneraci zvukovodu.","breadcrumb":{"@id":"https:\/\/www.fytofontana.com\/cs\/produkt\/aurecon-usni-sprej-dry\/#breadcrumb"},"inLanguage":"cs","potentialAction":[{"@type":"ReadAction","target":["https:\/\/www.fytofontana.com\/cs\/produkt\/aurecon-usni-sprej-dry\/"]}]},{"@type":"ImageObject","inLanguage":"cs","@id":"https:\/\/www.fytofontana.com\/cs\/produkt\/aurecon-usni-sprej-dry\/#primaryimage","url":"https:\/\/www.fytofontana.com\/wp-content\/uploads\/2021\/03\/2023_05_AURECON_Spray_Dry_50ml_1000x1000px_01_Primary.png","contentUrl":"https:\/\/www.fytofontana.com\/wp-content\/uploads\/2021\/03\/2023_05_AURECON_Spray_Dry_50ml_1000x1000px_01_Primary.png","width":1000,"height":1000},{"@type":"BreadcrumbList","@id":"https:\/\/www.fytofontana.com\/cs\/produkt\/aurecon-usni-sprej-dry\/#breadcrumb","itemListElement":[{"@type":"ListItem","position":1,"name":"Home","item":"https:\/\/www.fytofontana.com\/cs\/"},{"@type":"ListItem","position":2,"name":"AURECON u\u0161n\u00ed sprej Dry"}]},{"@type":"WebSite","@id":"https:\/\/www.fytofontana.com\/#website","url":"https:\/\/www.fytofontana.com\/","name":"Fytofontana","description":"","publisher":{"@id":"https:\/\/www.fytofontana.com\/#organization"},"potentialAction":[{"@type":"SearchAction","target":{"@type":"EntryPoint","urlTemplate":"https:\/\/www.fytofontana.com\/?s={search_term_string}"},"query-input":{"@type":"PropertyValueSpecification","valueRequired":true,"valueName":"search_term_string"}}],"inLanguage":"cs"},{"@type":"Organization","@id":"https:\/\/www.fytofontana.com\/#organization","name":"Fytofontana","url":"https:\/\/www.fytofontana.com\/","logo":{"@type":"ImageObject","inLanguage":"cs","@id":"https:\/\/www.fytofontana.com\/#\/schema\/logo\/image\/","url":"https:\/\/www.fytofontana.com\/wp-content\/uploads\/2021\/01\/fyto.png","contentUrl":"https:\/\/www.fytofontana.com\/wp-content\/uploads\/2021\/01\/fyto.png","width":817,"height":79,"caption":"Fytofontana"},"image":{"@id":"https:\/\/www.fytofontana.com\/#\/schema\/logo\/image\/"}}]}},"_links":{"self":[{"href":"https:\/\/www.fytofontana.com\/cs\/wp-json\/wp\/v2\/product\/1949","targetHints":{"allow":["GET"]}}],"collection":[{"href":"https:\/\/www.fytofontana.com\/cs\/wp-json\/wp\/v2\/product"}],"about":[{"href":"https:\/\/www.fytofontana.com\/cs\/wp-json\/wp\/v2\/types\/product"}],"wp:featuredmedia":[{"embeddable":true,"href":"https:\/\/www.fytofontana.com\/cs\/wp-json\/wp\/v2\/media\/3819"}],"wp:attachment":[{"href":"https:\/\/www.fytofontana.com\/cs\/wp-json\/wp\/v2\/media?parent=1949"}],"wp:term":[{"taxonomy":"products","embeddable":true,"href":"https:\/\/www.fytofontana.com\/cs\/wp-json\/wp\/v2\/products?post=1949"}],"curies":[{"name":"wp","href":"https:\/\/api.w.org\/{rel}","templated":true}]}}