{"id":1947,"date":"2021-05-23T15:12:46","date_gmt":"2021-05-23T14:12:46","guid":{"rendered":"https:\/\/www.fytofontana.com\/hu\/?post_type=product&#038;p=1947"},"modified":"2025-10-14T21:03:11","modified_gmt":"2025-10-14T20:03:11","slug":"aurecon-usni-kapky-s-peroxidem","status":"publish","type":"product","link":"https:\/\/www.fytofontana.com\/cs\/produkt\/aurecon-usni-kapky-s-peroxidem\/","title":{"rendered":"AURECON u\u0161n\u00ed kapky s peroxidem"},"content":{"rendered":"<div class=\"field field--name-node-title field--type-ds field--label-hidden field--item\">\n<ul>\n<li><b>MDR schv\u00e1len\u00fd <\/b><b>zdravotnick\u00fd<\/b> <b>prost\u0159edek<\/b> (EU 2017\/745).<\/li>\n<li><strong>Na ztvrdl\u00fd u\u0161n\u00ed maz \u2013 s dvojit\u00fdm \u00fa\u010dinkem. U\u0161n\u00ed kapky s peroxidem pro pravidelnou a \u0161etrnou p\u00e9\u010di o vn\u011bj\u0161\u00ed zvukovod.<\/strong><\/li>\n<li>Unik\u00e1tn\u00ed slo\u017een\u00ed s obsahem 5\u202f% peroxidu vod\u00edku (urea hydrogen peroxide) zaji\u0161\u0165uje dvojit\u00fd \u00fa\u010dinek: zm\u011bk\u010duje ztvrdl\u00fd maz a uvol\u0148uje kysl\u00edk, kter\u00fd jej rozkl\u00e1d\u00e1 na drobn\u00e9 \u010d\u00e1ste\u010dky. Ty lze n\u00e1sledn\u011b snadno odstranit p\u0159irozenou cestou.<\/li>\n<li>Vhodn\u00e9 zejm\u00e9na p\u0159i mazov\u00fdch z\u00e1tk\u00e1ch, kde napom\u00e1haj\u00ed uvoln\u011bn\u00ed mazu bez pot\u0159eby mechanick\u00e9ho z\u00e1sahu.<\/li>\n<li>Obsahuj\u00ed tak\u00e9 glycerin a sodium hydroxide. Jedn\u00e1 se o \u010dir\u00fd, hust\u00fd roztok ur\u010den\u00fd pro \u0161etrnou dom\u00e1c\u00ed hygienu u\u0161\u00ed.<\/li>\n<\/ul>\n<\/div>\n","protected":false},"featured_media":3796,"template":"","products":[69],"yoast_head":"<title>AURECON u\u0161n\u00ed kapky s peroxidem - Fytofontana<\/title>\n<meta name=\"description\" content=\"U\u0161n\u00ed kapky s unik\u00e1tn\u00edm slo\u017een\u00edm a dvojit\u00fdm \u00fa\u010dinkem: 5\u202f% peroxid vod\u00edku zm\u011bk\u010duje ztvrdl\u00fd u\u0161n\u00ed maz a uvol\u0148uje kysl\u00edk, kter\u00fd jej rozkl\u00e1d\u00e1 na drobn\u00e9 \u010d\u00e1ste\u010dky. Ty se n\u00e1sledn\u011b odstran\u00ed p\u0159irozenou cestou. Vhodn\u00e9 p\u0159i mazov\u00fdch z\u00e1tk\u00e1ch.\" \/>\n<meta name=\"robots\" content=\"index, follow, max-snippet:-1, max-image-preview:large, max-video-preview:-1\" \/>\n<link rel=\"canonical\" href=\"https:\/\/www.fytofontana.com\/cs\/produkt\/aurecon-usni-kapky-s-peroxidem\/\" \/>\n<meta property=\"og:locale\" content=\"cs_CZ\" \/>\n<meta property=\"og:type\" content=\"article\" \/>\n<meta property=\"og:title\" content=\"AURECON u\u0161n\u00ed kapky s peroxidem - Fytofontana\" \/>\n<meta property=\"og:description\" content=\"U\u0161n\u00ed kapky s unik\u00e1tn\u00edm slo\u017een\u00edm a dvojit\u00fdm \u00fa\u010dinkem: 5\u202f% peroxid vod\u00edku zm\u011bk\u010duje ztvrdl\u00fd u\u0161n\u00ed maz a uvol\u0148uje kysl\u00edk, kter\u00fd jej rozkl\u00e1d\u00e1 na drobn\u00e9 \u010d\u00e1ste\u010dky. Ty se n\u00e1sledn\u011b odstran\u00ed p\u0159irozenou cestou. Vhodn\u00e9 p\u0159i mazov\u00fdch z\u00e1tk\u00e1ch.\" \/>\n<meta property=\"og:url\" content=\"https:\/\/www.fytofontana.com\/cs\/produkt\/aurecon-usni-kapky-s-peroxidem\/\" \/>\n<meta property=\"og:site_name\" content=\"Fytofontana\" \/>\n<meta property=\"article:modified_time\" content=\"2025-10-14T20:03:11+00:00\" \/>\n<meta property=\"og:image\" content=\"https:\/\/www.fytofontana.com\/wp-content\/uploads\/2021\/03\/2023_05_AURECON_Peroxid_Drops_10ml_1000x1000px_01_Primary.png\" \/>\n\t<meta property=\"og:image:width\" content=\"1000\" \/>\n\t<meta property=\"og:image:height\" content=\"1000\" \/>\n<meta name=\"twitter:card\" content=\"summary_large_image\" \/>\n<meta name=\"twitter:label1\" content=\"Odhadovan\u00e1 doba \u010dten\u00ed\">\n\t<meta name=\"twitter:data1\" content=\"1 minuta\">\n<script type=\"application\/ld+json\" class=\"yoast-schema-graph\">{\"@context\":\"https:\/\/schema.org\",\"@graph\":[{\"@type\":\"Organization\",\"@id\":\"https:\/\/www.fytofontana.com\/#organization\",\"name\":\"Fytofontana\",\"url\":\"https:\/\/www.fytofontana.com\/\",\"sameAs\":[],\"logo\":{\"@type\":\"ImageObject\",\"@id\":\"https:\/\/www.fytofontana.com\/#logo\",\"inLanguage\":\"cs\",\"url\":\"https:\/\/www.fytofontana.com\/wp-content\/uploads\/2021\/01\/fyto.png\",\"width\":817,\"height\":79,\"caption\":\"Fytofontana\"},\"image\":{\"@id\":\"https:\/\/www.fytofontana.com\/#logo\"}},{\"@type\":\"WebSite\",\"@id\":\"https:\/\/www.fytofontana.com\/#website\",\"url\":\"https:\/\/www.fytofontana.com\/\",\"name\":\"Fytofontana\",\"description\":\"\",\"publisher\":{\"@id\":\"https:\/\/www.fytofontana.com\/#organization\"},\"potentialAction\":[{\"@type\":\"SearchAction\",\"target\":\"https:\/\/www.fytofontana.com\/?s={search_term_string}\",\"query-input\":\"required name=search_term_string\"}],\"inLanguage\":\"cs\"},{\"@type\":\"ImageObject\",\"@id\":\"https:\/\/www.fytofontana.com\/cs\/produkt\/aurecon-usni-kapky-s-peroxidem\/#primaryimage\",\"inLanguage\":\"cs\",\"url\":\"https:\/\/www.fytofontana.com\/wp-content\/uploads\/2021\/03\/2023_05_AURECON_Peroxid_Drops_10ml_1000x1000px_01_Primary.png\",\"width\":1000,\"height\":1000},{\"@type\":[\"WebPage\",\"ItemPage\"],\"@id\":\"https:\/\/www.fytofontana.com\/cs\/produkt\/aurecon-usni-kapky-s-peroxidem\/#webpage\",\"url\":\"https:\/\/www.fytofontana.com\/cs\/produkt\/aurecon-usni-kapky-s-peroxidem\/\",\"name\":\"AURECON u\\u0161n\\u00ed kapky s peroxidem - Fytofontana\",\"isPartOf\":{\"@id\":\"https:\/\/www.fytofontana.com\/#website\"},\"primaryImageOfPage\":{\"@id\":\"https:\/\/www.fytofontana.com\/cs\/produkt\/aurecon-usni-kapky-s-peroxidem\/#primaryimage\"},\"datePublished\":\"2021-05-23T14:12:46+00:00\",\"dateModified\":\"2025-10-14T20:03:11+00:00\",\"description\":\"U\\u0161n\\u00ed kapky s unik\\u00e1tn\\u00edm slo\\u017een\\u00edm a dvojit\\u00fdm \\u00fa\\u010dinkem: 5\\u202f% peroxid vod\\u00edku zm\\u011bk\\u010duje ztvrdl\\u00fd u\\u0161n\\u00ed maz a uvol\\u0148uje kysl\\u00edk, kter\\u00fd jej rozkl\\u00e1d\\u00e1 na drobn\\u00e9 \\u010d\\u00e1ste\\u010dky. Ty se n\\u00e1sledn\\u011b odstran\\u00ed p\\u0159irozenou cestou. Vhodn\\u00e9 p\\u0159i mazov\\u00fdch z\\u00e1tk\\u00e1ch.\",\"breadcrumb\":{\"@id\":\"https:\/\/www.fytofontana.com\/cs\/produkt\/aurecon-usni-kapky-s-peroxidem\/#breadcrumb\"},\"inLanguage\":\"cs\",\"potentialAction\":[{\"@type\":\"ReadAction\",\"target\":[\"https:\/\/www.fytofontana.com\/cs\/produkt\/aurecon-usni-kapky-s-peroxidem\/\"]}]},{\"@type\":\"BreadcrumbList\",\"@id\":\"https:\/\/www.fytofontana.com\/cs\/produkt\/aurecon-usni-kapky-s-peroxidem\/#breadcrumb\",\"itemListElement\":[{\"@type\":\"ListItem\",\"position\":1,\"item\":{\"@type\":\"WebPage\",\"@id\":\"https:\/\/www.fytofontana.com\/cs\/\",\"url\":\"https:\/\/www.fytofontana.com\/cs\/\",\"name\":\"Home\"}},{\"@type\":\"ListItem\",\"position\":2,\"item\":{\"@type\":\"WebPage\",\"@id\":\"https:\/\/www.fytofontana.com\/cs\/produkt\/aurecon-usni-kapky-s-peroxidem\/\",\"url\":\"https:\/\/www.fytofontana.com\/cs\/produkt\/aurecon-usni-kapky-s-peroxidem\/\",\"name\":\"AURECON u\\u0161n\\u00ed kapky s peroxidem\"}}]}]}<\/script>","_links":{"self":[{"href":"https:\/\/www.fytofontana.com\/cs\/wp-json\/wp\/v2\/product\/1947"}],"collection":[{"href":"https:\/\/www.fytofontana.com\/cs\/wp-json\/wp\/v2\/product"}],"about":[{"href":"https:\/\/www.fytofontana.com\/cs\/wp-json\/wp\/v2\/types\/product"}],"wp:featuredmedia":[{"embeddable":true,"href":"https:\/\/www.fytofontana.com\/cs\/wp-json\/wp\/v2\/media\/3796"}],"wp:attachment":[{"href":"https:\/\/www.fytofontana.com\/cs\/wp-json\/wp\/v2\/media?parent=1947"}],"wp:term":[{"taxonomy":"products","embeddable":true,"href":"https:\/\/www.fytofontana.com\/cs\/wp-json\/wp\/v2\/products?post=1947"}],"curies":[{"name":"wp","href":"https:\/\/api.w.org\/{rel}","templated":true}]}}