{"id":1946,"date":"2021-05-23T15:02:43","date_gmt":"2021-05-23T14:02:43","guid":{"rendered":"https:\/\/www.fytofontana.com\/hu\/?post_type=product&#038;p=1946"},"modified":"2025-10-14T12:27:39","modified_gmt":"2025-10-14T11:27:39","slug":"aurecon-usni-sprej-junior","status":"publish","type":"product","link":"https:\/\/www.fytofontana.com\/cs\/produkt\/aurecon-usni-sprej-junior\/","title":{"rendered":"AURECON u\u0161n\u00ed sprej Junior"},"content":{"rendered":"<ul>\n<li><b>MDR schv\u00e1len\u00fd <\/b><b>zdravotnick\u00fd<\/b> <b>prost\u0159edek<\/b> (EU 2017\/745).<\/li>\n<li><strong>U\u0161n\u00ed sprej pro d\u011bti od 3 let.<\/strong><\/li>\n<li>P\u0159\u00edrodn\u00ed p\u0159\u00edpravek obsahuj\u00edc\u00ed rostlinn\u00e9 extrakty, jejich\u017e jedine\u010dn\u00e1 kombinace blahod\u00e1rn\u011b p\u016fsob\u00ed na zdrav\u00ed ucha a sni\u017euje riziko vzniku z\u00e1n\u011bt\u016f.<\/li>\n<li>\u0158ed\u00ed a rozpou\u0161t\u00ed u\u0161n\u00ed maz a pom\u00e1h\u00e1 p\u0159i jeho odstran\u011bn\u00ed p\u0159irozenou cestou.<\/li>\n<li>Odstra\u0148uje p\u0159ebyte\u010dn\u00fd maz, prach i jin\u00e9 ne\u010distoty velmi jemn\u00fdm zp\u016fsobem a je prevenc\u00ed vzniku u\u0161n\u00ed z\u00e1tky.<\/li>\n<\/ul>\n","protected":false},"featured_media":3831,"template":"","products":[69],"class_list":["post-1946","product","type-product","status-publish","has-post-thumbnail","hentry","products-aurecon-cz"],"yoast_head":"<title>AURECON u\u0161n\u00ed sprej Junior - Fytofontana<\/title>\n<meta name=\"description\" content=\"U\u0161n\u00ed sprej pro d\u011bti od 3 let s rostlinn\u00fdmi extrakty. Jemn\u011b odstra\u0148uje maz, prach a ne\u010distoty, \u0159ed\u00ed u\u0161n\u00ed maz a pom\u00e1h\u00e1 jeho p\u0159irozen\u00e9mu vylu\u010dov\u00e1n\u00ed. P\u0159isp\u00edv\u00e1 ke zdrav\u00ed ucha a p\u016fsob\u00ed preventivn\u011b proti z\u00e1n\u011bt\u016fm a mazov\u00e9 z\u00e1tce.\" \/>\n<meta name=\"robots\" content=\"index, follow, max-snippet:-1, max-image-preview:large, max-video-preview:-1\" \/>\n<link rel=\"canonical\" href=\"https:\/\/www.fytofontana.com\/cs\/produkt\/aurecon-usni-sprej-junior\/\" \/>\n<meta property=\"og:locale\" content=\"cs_CZ\" \/>\n<meta property=\"og:type\" content=\"article\" \/>\n<meta property=\"og:title\" content=\"AURECON u\u0161n\u00ed sprej Junior - Fytofontana\" \/>\n<meta property=\"og:description\" content=\"U\u0161n\u00ed sprej pro d\u011bti od 3 let s rostlinn\u00fdmi extrakty. Jemn\u011b odstra\u0148uje maz, prach a ne\u010distoty, \u0159ed\u00ed u\u0161n\u00ed maz a pom\u00e1h\u00e1 jeho p\u0159irozen\u00e9mu vylu\u010dov\u00e1n\u00ed. P\u0159isp\u00edv\u00e1 ke zdrav\u00ed ucha a p\u016fsob\u00ed preventivn\u011b proti z\u00e1n\u011bt\u016fm a mazov\u00e9 z\u00e1tce.\" \/>\n<meta property=\"og:url\" content=\"https:\/\/www.fytofontana.com\/cs\/produkt\/aurecon-usni-sprej-junior\/\" \/>\n<meta property=\"og:site_name\" content=\"Fytofontana\" \/>\n<meta property=\"article:modified_time\" content=\"2025-10-14T11:27:39+00:00\" \/>\n<meta property=\"og:image\" content=\"https:\/\/www.fytofontana.com\/wp-content\/uploads\/2021\/03\/2023_05_AURECON_Spray_Junior_30ml_1000x1000px_01_Primary.png\" \/>\n\t<meta property=\"og:image:width\" content=\"1000\" \/>\n\t<meta property=\"og:image:height\" content=\"1000\" \/>\n\t<meta property=\"og:image:type\" content=\"image\/png\" \/>\n<meta name=\"twitter:card\" content=\"summary_large_image\" \/>\n<meta name=\"twitter:label1\" content=\"Odhadovan\u00e1 doba \u010dten\u00ed\" \/>\n\t<meta name=\"twitter:data1\" content=\"1 minuta\" \/>\n<script type=\"application\/ld+json\" class=\"yoast-schema-graph\">{\"@context\":\"https:\\\/\\\/schema.org\",\"@graph\":[{\"@type\":[\"WebPage\",\"ItemPage\"],\"@id\":\"https:\\\/\\\/www.fytofontana.com\\\/cs\\\/produkt\\\/aurecon-usni-sprej-junior\\\/\",\"url\":\"https:\\\/\\\/www.fytofontana.com\\\/cs\\\/produkt\\\/aurecon-usni-sprej-junior\\\/\",\"name\":\"AURECON u\u0161n\u00ed sprej Junior - Fytofontana\",\"isPartOf\":{\"@id\":\"https:\\\/\\\/www.fytofontana.com\\\/#website\"},\"primaryImageOfPage\":{\"@id\":\"https:\\\/\\\/www.fytofontana.com\\\/cs\\\/produkt\\\/aurecon-usni-sprej-junior\\\/#primaryimage\"},\"image\":{\"@id\":\"https:\\\/\\\/www.fytofontana.com\\\/cs\\\/produkt\\\/aurecon-usni-sprej-junior\\\/#primaryimage\"},\"thumbnailUrl\":\"https:\\\/\\\/www.fytofontana.com\\\/wp-content\\\/uploads\\\/2021\\\/03\\\/2023_05_AURECON_Spray_Junior_30ml_1000x1000px_01_Primary.png\",\"datePublished\":\"2021-05-23T14:02:43+00:00\",\"dateModified\":\"2025-10-14T11:27:39+00:00\",\"description\":\"U\u0161n\u00ed sprej pro d\u011bti od 3 let s rostlinn\u00fdmi extrakty. Jemn\u011b odstra\u0148uje maz, prach a ne\u010distoty, \u0159ed\u00ed u\u0161n\u00ed maz a pom\u00e1h\u00e1 jeho p\u0159irozen\u00e9mu vylu\u010dov\u00e1n\u00ed. P\u0159isp\u00edv\u00e1 ke zdrav\u00ed ucha a p\u016fsob\u00ed preventivn\u011b proti z\u00e1n\u011bt\u016fm a mazov\u00e9 z\u00e1tce.\",\"breadcrumb\":{\"@id\":\"https:\\\/\\\/www.fytofontana.com\\\/cs\\\/produkt\\\/aurecon-usni-sprej-junior\\\/#breadcrumb\"},\"inLanguage\":\"cs\",\"potentialAction\":[{\"@type\":\"ReadAction\",\"target\":[\"https:\\\/\\\/www.fytofontana.com\\\/cs\\\/produkt\\\/aurecon-usni-sprej-junior\\\/\"]}]},{\"@type\":\"ImageObject\",\"inLanguage\":\"cs\",\"@id\":\"https:\\\/\\\/www.fytofontana.com\\\/cs\\\/produkt\\\/aurecon-usni-sprej-junior\\\/#primaryimage\",\"url\":\"https:\\\/\\\/www.fytofontana.com\\\/wp-content\\\/uploads\\\/2021\\\/03\\\/2023_05_AURECON_Spray_Junior_30ml_1000x1000px_01_Primary.png\",\"contentUrl\":\"https:\\\/\\\/www.fytofontana.com\\\/wp-content\\\/uploads\\\/2021\\\/03\\\/2023_05_AURECON_Spray_Junior_30ml_1000x1000px_01_Primary.png\",\"width\":1000,\"height\":1000},{\"@type\":\"BreadcrumbList\",\"@id\":\"https:\\\/\\\/www.fytofontana.com\\\/cs\\\/produkt\\\/aurecon-usni-sprej-junior\\\/#breadcrumb\",\"itemListElement\":[{\"@type\":\"ListItem\",\"position\":1,\"name\":\"Home\",\"item\":\"https:\\\/\\\/www.fytofontana.com\\\/cs\\\/\"},{\"@type\":\"ListItem\",\"position\":2,\"name\":\"AURECON u\u0161n\u00ed sprej Junior\"}]},{\"@type\":\"WebSite\",\"@id\":\"https:\\\/\\\/www.fytofontana.com\\\/#website\",\"url\":\"https:\\\/\\\/www.fytofontana.com\\\/\",\"name\":\"Fytofontana\",\"description\":\"\",\"publisher\":{\"@id\":\"https:\\\/\\\/www.fytofontana.com\\\/#organization\"},\"potentialAction\":[{\"@type\":\"SearchAction\",\"target\":{\"@type\":\"EntryPoint\",\"urlTemplate\":\"https:\\\/\\\/www.fytofontana.com\\\/?s={search_term_string}\"},\"query-input\":{\"@type\":\"PropertyValueSpecification\",\"valueRequired\":true,\"valueName\":\"search_term_string\"}}],\"inLanguage\":\"cs\"},{\"@type\":\"Organization\",\"@id\":\"https:\\\/\\\/www.fytofontana.com\\\/#organization\",\"name\":\"Fytofontana\",\"url\":\"https:\\\/\\\/www.fytofontana.com\\\/\",\"logo\":{\"@type\":\"ImageObject\",\"inLanguage\":\"cs\",\"@id\":\"https:\\\/\\\/www.fytofontana.com\\\/#\\\/schema\\\/logo\\\/image\\\/\",\"url\":\"https:\\\/\\\/www.fytofontana.com\\\/wp-content\\\/uploads\\\/2021\\\/01\\\/fyto.png\",\"contentUrl\":\"https:\\\/\\\/www.fytofontana.com\\\/wp-content\\\/uploads\\\/2021\\\/01\\\/fyto.png\",\"width\":817,\"height\":79,\"caption\":\"Fytofontana\"},\"image\":{\"@id\":\"https:\\\/\\\/www.fytofontana.com\\\/#\\\/schema\\\/logo\\\/image\\\/\"}}]}<\/script>","yoast_head_json":{"title":"AURECON u\u0161n\u00ed sprej Junior - Fytofontana","description":"U\u0161n\u00ed sprej pro d\u011bti od 3 let s rostlinn\u00fdmi extrakty. Jemn\u011b odstra\u0148uje maz, prach a ne\u010distoty, \u0159ed\u00ed u\u0161n\u00ed maz a pom\u00e1h\u00e1 jeho p\u0159irozen\u00e9mu vylu\u010dov\u00e1n\u00ed. P\u0159isp\u00edv\u00e1 ke zdrav\u00ed ucha a p\u016fsob\u00ed preventivn\u011b proti z\u00e1n\u011bt\u016fm a mazov\u00e9 z\u00e1tce.","robots":{"index":"index","follow":"follow","max-snippet":"max-snippet:-1","max-image-preview":"max-image-preview:large","max-video-preview":"max-video-preview:-1"},"canonical":"https:\/\/www.fytofontana.com\/cs\/produkt\/aurecon-usni-sprej-junior\/","og_locale":"cs_CZ","og_type":"article","og_title":"AURECON u\u0161n\u00ed sprej Junior - Fytofontana","og_description":"U\u0161n\u00ed sprej pro d\u011bti od 3 let s rostlinn\u00fdmi extrakty. Jemn\u011b odstra\u0148uje maz, prach a ne\u010distoty, \u0159ed\u00ed u\u0161n\u00ed maz a pom\u00e1h\u00e1 jeho p\u0159irozen\u00e9mu vylu\u010dov\u00e1n\u00ed. P\u0159isp\u00edv\u00e1 ke zdrav\u00ed ucha a p\u016fsob\u00ed preventivn\u011b proti z\u00e1n\u011bt\u016fm a mazov\u00e9 z\u00e1tce.","og_url":"https:\/\/www.fytofontana.com\/cs\/produkt\/aurecon-usni-sprej-junior\/","og_site_name":"Fytofontana","article_modified_time":"2025-10-14T11:27:39+00:00","og_image":[{"width":1000,"height":1000,"url":"https:\/\/www.fytofontana.com\/wp-content\/uploads\/2021\/03\/2023_05_AURECON_Spray_Junior_30ml_1000x1000px_01_Primary.png","type":"image\/png"}],"twitter_card":"summary_large_image","twitter_misc":{"Odhadovan\u00e1 doba \u010dten\u00ed":"1 minuta"},"schema":{"@context":"https:\/\/schema.org","@graph":[{"@type":["WebPage","ItemPage"],"@id":"https:\/\/www.fytofontana.com\/cs\/produkt\/aurecon-usni-sprej-junior\/","url":"https:\/\/www.fytofontana.com\/cs\/produkt\/aurecon-usni-sprej-junior\/","name":"AURECON u\u0161n\u00ed sprej Junior - Fytofontana","isPartOf":{"@id":"https:\/\/www.fytofontana.com\/#website"},"primaryImageOfPage":{"@id":"https:\/\/www.fytofontana.com\/cs\/produkt\/aurecon-usni-sprej-junior\/#primaryimage"},"image":{"@id":"https:\/\/www.fytofontana.com\/cs\/produkt\/aurecon-usni-sprej-junior\/#primaryimage"},"thumbnailUrl":"https:\/\/www.fytofontana.com\/wp-content\/uploads\/2021\/03\/2023_05_AURECON_Spray_Junior_30ml_1000x1000px_01_Primary.png","datePublished":"2021-05-23T14:02:43+00:00","dateModified":"2025-10-14T11:27:39+00:00","description":"U\u0161n\u00ed sprej pro d\u011bti od 3 let s rostlinn\u00fdmi extrakty. Jemn\u011b odstra\u0148uje maz, prach a ne\u010distoty, \u0159ed\u00ed u\u0161n\u00ed maz a pom\u00e1h\u00e1 jeho p\u0159irozen\u00e9mu vylu\u010dov\u00e1n\u00ed. P\u0159isp\u00edv\u00e1 ke zdrav\u00ed ucha a p\u016fsob\u00ed preventivn\u011b proti z\u00e1n\u011bt\u016fm a mazov\u00e9 z\u00e1tce.","breadcrumb":{"@id":"https:\/\/www.fytofontana.com\/cs\/produkt\/aurecon-usni-sprej-junior\/#breadcrumb"},"inLanguage":"cs","potentialAction":[{"@type":"ReadAction","target":["https:\/\/www.fytofontana.com\/cs\/produkt\/aurecon-usni-sprej-junior\/"]}]},{"@type":"ImageObject","inLanguage":"cs","@id":"https:\/\/www.fytofontana.com\/cs\/produkt\/aurecon-usni-sprej-junior\/#primaryimage","url":"https:\/\/www.fytofontana.com\/wp-content\/uploads\/2021\/03\/2023_05_AURECON_Spray_Junior_30ml_1000x1000px_01_Primary.png","contentUrl":"https:\/\/www.fytofontana.com\/wp-content\/uploads\/2021\/03\/2023_05_AURECON_Spray_Junior_30ml_1000x1000px_01_Primary.png","width":1000,"height":1000},{"@type":"BreadcrumbList","@id":"https:\/\/www.fytofontana.com\/cs\/produkt\/aurecon-usni-sprej-junior\/#breadcrumb","itemListElement":[{"@type":"ListItem","position":1,"name":"Home","item":"https:\/\/www.fytofontana.com\/cs\/"},{"@type":"ListItem","position":2,"name":"AURECON u\u0161n\u00ed sprej Junior"}]},{"@type":"WebSite","@id":"https:\/\/www.fytofontana.com\/#website","url":"https:\/\/www.fytofontana.com\/","name":"Fytofontana","description":"","publisher":{"@id":"https:\/\/www.fytofontana.com\/#organization"},"potentialAction":[{"@type":"SearchAction","target":{"@type":"EntryPoint","urlTemplate":"https:\/\/www.fytofontana.com\/?s={search_term_string}"},"query-input":{"@type":"PropertyValueSpecification","valueRequired":true,"valueName":"search_term_string"}}],"inLanguage":"cs"},{"@type":"Organization","@id":"https:\/\/www.fytofontana.com\/#organization","name":"Fytofontana","url":"https:\/\/www.fytofontana.com\/","logo":{"@type":"ImageObject","inLanguage":"cs","@id":"https:\/\/www.fytofontana.com\/#\/schema\/logo\/image\/","url":"https:\/\/www.fytofontana.com\/wp-content\/uploads\/2021\/01\/fyto.png","contentUrl":"https:\/\/www.fytofontana.com\/wp-content\/uploads\/2021\/01\/fyto.png","width":817,"height":79,"caption":"Fytofontana"},"image":{"@id":"https:\/\/www.fytofontana.com\/#\/schema\/logo\/image\/"}}]}},"_links":{"self":[{"href":"https:\/\/www.fytofontana.com\/cs\/wp-json\/wp\/v2\/product\/1946","targetHints":{"allow":["GET"]}}],"collection":[{"href":"https:\/\/www.fytofontana.com\/cs\/wp-json\/wp\/v2\/product"}],"about":[{"href":"https:\/\/www.fytofontana.com\/cs\/wp-json\/wp\/v2\/types\/product"}],"wp:featuredmedia":[{"embeddable":true,"href":"https:\/\/www.fytofontana.com\/cs\/wp-json\/wp\/v2\/media\/3831"}],"wp:attachment":[{"href":"https:\/\/www.fytofontana.com\/cs\/wp-json\/wp\/v2\/media?parent=1946"}],"wp:term":[{"taxonomy":"products","embeddable":true,"href":"https:\/\/www.fytofontana.com\/cs\/wp-json\/wp\/v2\/products?post=1946"}],"curies":[{"name":"wp","href":"https:\/\/api.w.org\/{rel}","templated":true}]}}