{"id":1945,"date":"2021-05-23T14:46:32","date_gmt":"2021-05-23T13:46:32","guid":{"rendered":"https:\/\/www.fytofontana.com\/hu\/?post_type=product&#038;p=1945"},"modified":"2025-10-14T20:58:28","modified_gmt":"2025-10-14T19:58:28","slug":"aurecon-usni-kapky-forte-junior","status":"publish","type":"product","link":"https:\/\/www.fytofontana.com\/cs\/produkt\/aurecon-usni-kapky-forte-junior\/","title":{"rendered":"AURECON u\u0161n\u00ed kapky Forte Junior"},"content":{"rendered":"<ul>\n<li><b>MDR schv\u00e1len\u00fd <\/b><b>zdravotnick\u00fd<\/b> <b>prost\u0159edek<\/b> (EU 2017\/745).<\/li>\n<li><strong>P\u0159\u00edrodn\u00ed u\u0161n\u00ed kapky zm\u00edr\u0148uj\u00edc\u00ed bolest ucha pro d\u011bti od 6 m\u011bs\u00edc\u016f.<\/strong><\/li>\n<li>D\u00edky p\u0159\u00edzniv\u00fdm \u00fa\u010dink\u016fm net\u0159esku m\u016f\u017ee napom\u00e1hat p\u0159i bolestech a z\u00e1n\u011btech ucha.<\/li>\n<li>Obsahuje tak\u00e9 polidokanol, l\u00e1tku, kter\u00e1 zaji\u0161\u0165uje dobr\u00fd kontakt p\u0159\u00edpravku s poko\u017ekou a m\u00e1 m\u00edstn\u00ed znecitlivuj\u00edc\u00ed \u00fa\u010dinek.<\/li>\n<li>Tlum\u00ed i nep\u0159\u00edjemn\u00e9 projevy bolesti (levandulov\u00fd olej) a t\u00e9\u017e poskytuje ochranu proti ne\u017e\u00e1douc\u00edm mikroorganism\u016fm.<\/li>\n<li>Uleh\u010duje a zvy\u0161uje \u00fa\u010dinnost \u010di\u0161t\u011bn\u00ed ucha.<\/li>\n<li>Sni\u017euje p\u0159ilnut\u00ed u\u0161n\u00edho mazu ke zvukovodu.<\/li>\n<li>Zabra\u0148uje mno\u017een\u00ed mikroorganism\u016f.<\/li>\n<\/ul>\n","protected":false},"featured_media":3784,"template":"","products":[69],"yoast_head":"<title>AURECON u\u0161n\u00ed kapky Forte Junior - Fytofontana<\/title>\n<meta name=\"description\" content=\"Jemn\u00e9 p\u0159\u00edrodn\u00ed u\u0161n\u00ed kapky pro d\u011bti od 6 m\u011bs\u00edc\u016f ke zm\u00edrn\u011bn\u00ed bolesti ucha. \u00da\u010dinkuj\u00ed tak\u00e9 p\u0159i z\u00e1n\u011btech a sv\u011bd\u011bn\u00ed d\u00edky skaln\u00ed r\u016f\u017ei a levanduli. Polidokanol p\u0159isp\u00edv\u00e1 k \u00falev\u011b v m\u00edst\u011b aplikace. Chr\u00e1n\u00ed p\u0159ed hromad\u011bn\u00edm mazu. Bez chemick\u00fdch konzervant\u016f.\" \/>\n<meta name=\"robots\" content=\"index, follow, max-snippet:-1, max-image-preview:large, max-video-preview:-1\" \/>\n<link rel=\"canonical\" href=\"https:\/\/www.fytofontana.com\/cs\/produkt\/aurecon-usni-kapky-forte-junior\/\" \/>\n<meta property=\"og:locale\" content=\"cs_CZ\" \/>\n<meta property=\"og:type\" content=\"article\" \/>\n<meta property=\"og:title\" content=\"AURECON u\u0161n\u00ed kapky Forte Junior - Fytofontana\" \/>\n<meta property=\"og:description\" content=\"Jemn\u00e9 p\u0159\u00edrodn\u00ed u\u0161n\u00ed kapky pro d\u011bti od 6 m\u011bs\u00edc\u016f ke zm\u00edrn\u011bn\u00ed bolesti ucha. \u00da\u010dinkuj\u00ed tak\u00e9 p\u0159i z\u00e1n\u011btech a sv\u011bd\u011bn\u00ed d\u00edky skaln\u00ed r\u016f\u017ei a levanduli. Polidokanol p\u0159isp\u00edv\u00e1 k \u00falev\u011b v m\u00edst\u011b aplikace. Chr\u00e1n\u00ed p\u0159ed hromad\u011bn\u00edm mazu. Bez chemick\u00fdch konzervant\u016f.\" \/>\n<meta property=\"og:url\" content=\"https:\/\/www.fytofontana.com\/cs\/produkt\/aurecon-usni-kapky-forte-junior\/\" \/>\n<meta property=\"og:site_name\" content=\"Fytofontana\" \/>\n<meta property=\"article:modified_time\" content=\"2025-10-14T19:58:28+00:00\" \/>\n<meta property=\"og:image\" content=\"https:\/\/www.fytofontana.com\/wp-content\/uploads\/2021\/02\/2023_05_AURECON_Drops_Forte_Junior_10ml_1000x1000px_01_Primary.png\" \/>\n\t<meta property=\"og:image:width\" content=\"1000\" \/>\n\t<meta property=\"og:image:height\" content=\"1000\" \/>\n<meta name=\"twitter:card\" content=\"summary_large_image\" \/>\n<meta name=\"twitter:label1\" content=\"Odhadovan\u00e1 doba \u010dten\u00ed\">\n\t<meta name=\"twitter:data1\" content=\"1 minuta\">\n<script type=\"application\/ld+json\" class=\"yoast-schema-graph\">{\"@context\":\"https:\/\/schema.org\",\"@graph\":[{\"@type\":\"Organization\",\"@id\":\"https:\/\/www.fytofontana.com\/#organization\",\"name\":\"Fytofontana\",\"url\":\"https:\/\/www.fytofontana.com\/\",\"sameAs\":[],\"logo\":{\"@type\":\"ImageObject\",\"@id\":\"https:\/\/www.fytofontana.com\/#logo\",\"inLanguage\":\"cs\",\"url\":\"https:\/\/www.fytofontana.com\/wp-content\/uploads\/2021\/01\/fyto.png\",\"width\":817,\"height\":79,\"caption\":\"Fytofontana\"},\"image\":{\"@id\":\"https:\/\/www.fytofontana.com\/#logo\"}},{\"@type\":\"WebSite\",\"@id\":\"https:\/\/www.fytofontana.com\/#website\",\"url\":\"https:\/\/www.fytofontana.com\/\",\"name\":\"Fytofontana\",\"description\":\"\",\"publisher\":{\"@id\":\"https:\/\/www.fytofontana.com\/#organization\"},\"potentialAction\":[{\"@type\":\"SearchAction\",\"target\":\"https:\/\/www.fytofontana.com\/?s={search_term_string}\",\"query-input\":\"required name=search_term_string\"}],\"inLanguage\":\"cs\"},{\"@type\":\"ImageObject\",\"@id\":\"https:\/\/www.fytofontana.com\/cs\/produkt\/aurecon-usni-kapky-forte-junior\/#primaryimage\",\"inLanguage\":\"cs\",\"url\":\"https:\/\/www.fytofontana.com\/wp-content\/uploads\/2021\/02\/2023_05_AURECON_Drops_Forte_Junior_10ml_1000x1000px_01_Primary.png\",\"width\":1000,\"height\":1000},{\"@type\":[\"WebPage\",\"ItemPage\"],\"@id\":\"https:\/\/www.fytofontana.com\/cs\/produkt\/aurecon-usni-kapky-forte-junior\/#webpage\",\"url\":\"https:\/\/www.fytofontana.com\/cs\/produkt\/aurecon-usni-kapky-forte-junior\/\",\"name\":\"AURECON u\\u0161n\\u00ed kapky Forte Junior - Fytofontana\",\"isPartOf\":{\"@id\":\"https:\/\/www.fytofontana.com\/#website\"},\"primaryImageOfPage\":{\"@id\":\"https:\/\/www.fytofontana.com\/cs\/produkt\/aurecon-usni-kapky-forte-junior\/#primaryimage\"},\"datePublished\":\"2021-05-23T13:46:32+00:00\",\"dateModified\":\"2025-10-14T19:58:28+00:00\",\"description\":\"Jemn\\u00e9 p\\u0159\\u00edrodn\\u00ed u\\u0161n\\u00ed kapky pro d\\u011bti od 6 m\\u011bs\\u00edc\\u016f ke zm\\u00edrn\\u011bn\\u00ed bolesti ucha. \\u00da\\u010dinkuj\\u00ed tak\\u00e9 p\\u0159i z\\u00e1n\\u011btech a sv\\u011bd\\u011bn\\u00ed d\\u00edky skaln\\u00ed r\\u016f\\u017ei a levanduli. Polidokanol p\\u0159isp\\u00edv\\u00e1 k \\u00falev\\u011b v m\\u00edst\\u011b aplikace. Chr\\u00e1n\\u00ed p\\u0159ed hromad\\u011bn\\u00edm mazu. Bez chemick\\u00fdch konzervant\\u016f.\",\"breadcrumb\":{\"@id\":\"https:\/\/www.fytofontana.com\/cs\/produkt\/aurecon-usni-kapky-forte-junior\/#breadcrumb\"},\"inLanguage\":\"cs\",\"potentialAction\":[{\"@type\":\"ReadAction\",\"target\":[\"https:\/\/www.fytofontana.com\/cs\/produkt\/aurecon-usni-kapky-forte-junior\/\"]}]},{\"@type\":\"BreadcrumbList\",\"@id\":\"https:\/\/www.fytofontana.com\/cs\/produkt\/aurecon-usni-kapky-forte-junior\/#breadcrumb\",\"itemListElement\":[{\"@type\":\"ListItem\",\"position\":1,\"item\":{\"@type\":\"WebPage\",\"@id\":\"https:\/\/www.fytofontana.com\/cs\/\",\"url\":\"https:\/\/www.fytofontana.com\/cs\/\",\"name\":\"Home\"}},{\"@type\":\"ListItem\",\"position\":2,\"item\":{\"@type\":\"WebPage\",\"@id\":\"https:\/\/www.fytofontana.com\/cs\/produkt\/aurecon-usni-kapky-forte-junior\/\",\"url\":\"https:\/\/www.fytofontana.com\/cs\/produkt\/aurecon-usni-kapky-forte-junior\/\",\"name\":\"AURECON u\\u0161n\\u00ed kapky Forte Junior\"}}]}]}<\/script>","_links":{"self":[{"href":"https:\/\/www.fytofontana.com\/cs\/wp-json\/wp\/v2\/product\/1945"}],"collection":[{"href":"https:\/\/www.fytofontana.com\/cs\/wp-json\/wp\/v2\/product"}],"about":[{"href":"https:\/\/www.fytofontana.com\/cs\/wp-json\/wp\/v2\/types\/product"}],"wp:featuredmedia":[{"embeddable":true,"href":"https:\/\/www.fytofontana.com\/cs\/wp-json\/wp\/v2\/media\/3784"}],"wp:attachment":[{"href":"https:\/\/www.fytofontana.com\/cs\/wp-json\/wp\/v2\/media?parent=1945"}],"wp:term":[{"taxonomy":"products","embeddable":true,"href":"https:\/\/www.fytofontana.com\/cs\/wp-json\/wp\/v2\/products?post=1945"}],"curies":[{"name":"wp","href":"https:\/\/api.w.org\/{rel}","templated":true}]}}