{"id":1943,"date":"2021-05-23T14:12:55","date_gmt":"2021-05-23T13:12:55","guid":{"rendered":"https:\/\/www.fytofontana.com\/hu\/?post_type=product&#038;p=1943"},"modified":"2025-10-14T13:41:14","modified_gmt":"2025-10-14T12:41:14","slug":"aurecon-usni-kapky","status":"publish","type":"product","link":"https:\/\/www.fytofontana.com\/cs\/produkt\/aurecon-usni-kapky\/","title":{"rendered":"AURECON u\u0161n\u00ed kapky"},"content":{"rendered":"<ul>\n<li><b>MDR schv\u00e1len\u00fd <\/b><b>zdravotnick\u00fd<\/b> <b>prost\u0159edek<\/b> (EU 2017\/745).<\/li>\n<li>Snadno pou\u017eiteln\u00fd p\u0159\u00edrodn\u00ed p\u0159\u00edpravek pro pravidelnou a \u0161etrnou p\u00e9\u010di o vn\u011bj\u0161\u00ed \u010d\u00e1st ucha a zvukovod.<\/li>\n<li>D\u00edky p\u0159\u00edzniv\u00fdm \u00fa\u010dink\u016fm skaln\u00ed r\u016f\u017ee m\u016f\u017ee napom\u00e1hat p\u0159i bolestech a z\u00e1n\u011btech ucha.<\/li>\n<li>Uleh\u010duj\u00ed a zvy\u0161uj\u00ed \u00fa\u010dinnost \u010di\u0161t\u011bn\u00ed ucha.<\/li>\n<li>Sni\u017euj\u00ed ulp\u00edv\u00e1n\u00ed u\u0161n\u00edho mazu k zvukovodu.<\/li>\n<li>Omezuj\u00ed nadbyte\u010dnou tvorbu u\u0161n\u00edho mazu ve zvukovodu.<\/li>\n<li>Zabra\u0148uj\u00ed mno\u017een\u00ed mikroorganizm\u016f.<\/li>\n<\/ul>\n","protected":false},"featured_media":3759,"template":"","products":[69],"yoast_head":"<title>AURECON u\u0161n\u00ed kapky - Fytofontana<\/title>\n<meta name=\"description\" content=\"P\u0159\u00edrodn\u00ed u\u0161n\u00ed kapky s protiz\u00e1n\u011btliv\u00fdm \u00fa\u010dinkem. Pom\u00e1haj\u00ed p\u0159i bolestech a z\u00e1n\u011btech, \u010dist\u00ed zvukovod, sni\u017euj\u00ed tvorbu mazu a chr\u00e1n\u00ed p\u0159ed mikroorganismy. Bez chemick\u00fdch p\u0159\u00edsad.\" \/>\n<meta name=\"robots\" content=\"index, follow, max-snippet:-1, max-image-preview:large, max-video-preview:-1\" \/>\n<link rel=\"canonical\" href=\"https:\/\/www.fytofontana.com\/cs\/produkt\/aurecon-usni-kapky\/\" \/>\n<meta property=\"og:locale\" content=\"cs_CZ\" \/>\n<meta property=\"og:type\" content=\"article\" \/>\n<meta property=\"og:title\" content=\"AURECON u\u0161n\u00ed kapky - Fytofontana\" \/>\n<meta property=\"og:description\" content=\"P\u0159\u00edrodn\u00ed u\u0161n\u00ed kapky s protiz\u00e1n\u011btliv\u00fdm \u00fa\u010dinkem. Pom\u00e1haj\u00ed p\u0159i bolestech a z\u00e1n\u011btech, \u010dist\u00ed zvukovod, sni\u017euj\u00ed tvorbu mazu a chr\u00e1n\u00ed p\u0159ed mikroorganismy. Bez chemick\u00fdch p\u0159\u00edsad.\" \/>\n<meta property=\"og:url\" content=\"https:\/\/www.fytofontana.com\/cs\/produkt\/aurecon-usni-kapky\/\" \/>\n<meta property=\"og:site_name\" content=\"Fytofontana\" \/>\n<meta property=\"article:modified_time\" content=\"2025-10-14T12:41:14+00:00\" \/>\n<meta property=\"og:image\" content=\"https:\/\/www.fytofontana.com\/wp-content\/uploads\/2021\/02\/2023_05_AURECON_Drops_10ml_1000x1000px_01_Primary.png\" \/>\n\t<meta property=\"og:image:width\" content=\"1000\" \/>\n\t<meta property=\"og:image:height\" content=\"1000\" \/>\n<meta name=\"twitter:card\" content=\"summary_large_image\" \/>\n<meta name=\"twitter:label1\" content=\"Odhadovan\u00e1 doba \u010dten\u00ed\">\n\t<meta name=\"twitter:data1\" content=\"1 minuta\">\n<script type=\"application\/ld+json\" class=\"yoast-schema-graph\">{\"@context\":\"https:\/\/schema.org\",\"@graph\":[{\"@type\":\"Organization\",\"@id\":\"https:\/\/www.fytofontana.com\/#organization\",\"name\":\"Fytofontana\",\"url\":\"https:\/\/www.fytofontana.com\/\",\"sameAs\":[],\"logo\":{\"@type\":\"ImageObject\",\"@id\":\"https:\/\/www.fytofontana.com\/#logo\",\"inLanguage\":\"cs\",\"url\":\"https:\/\/www.fytofontana.com\/wp-content\/uploads\/2021\/01\/fyto.png\",\"width\":817,\"height\":79,\"caption\":\"Fytofontana\"},\"image\":{\"@id\":\"https:\/\/www.fytofontana.com\/#logo\"}},{\"@type\":\"WebSite\",\"@id\":\"https:\/\/www.fytofontana.com\/#website\",\"url\":\"https:\/\/www.fytofontana.com\/\",\"name\":\"Fytofontana\",\"description\":\"\",\"publisher\":{\"@id\":\"https:\/\/www.fytofontana.com\/#organization\"},\"potentialAction\":[{\"@type\":\"SearchAction\",\"target\":\"https:\/\/www.fytofontana.com\/?s={search_term_string}\",\"query-input\":\"required name=search_term_string\"}],\"inLanguage\":\"cs\"},{\"@type\":\"ImageObject\",\"@id\":\"https:\/\/www.fytofontana.com\/cs\/produkt\/aurecon-usni-kapky\/#primaryimage\",\"inLanguage\":\"cs\",\"url\":\"https:\/\/www.fytofontana.com\/wp-content\/uploads\/2021\/02\/2023_05_AURECON_Drops_10ml_1000x1000px_01_Primary.png\",\"width\":1000,\"height\":1000},{\"@type\":[\"WebPage\",\"ItemPage\"],\"@id\":\"https:\/\/www.fytofontana.com\/cs\/produkt\/aurecon-usni-kapky\/#webpage\",\"url\":\"https:\/\/www.fytofontana.com\/cs\/produkt\/aurecon-usni-kapky\/\",\"name\":\"AURECON u\\u0161n\\u00ed kapky - Fytofontana\",\"isPartOf\":{\"@id\":\"https:\/\/www.fytofontana.com\/#website\"},\"primaryImageOfPage\":{\"@id\":\"https:\/\/www.fytofontana.com\/cs\/produkt\/aurecon-usni-kapky\/#primaryimage\"},\"datePublished\":\"2021-05-23T13:12:55+00:00\",\"dateModified\":\"2025-10-14T12:41:14+00:00\",\"description\":\"P\\u0159\\u00edrodn\\u00ed u\\u0161n\\u00ed kapky s protiz\\u00e1n\\u011btliv\\u00fdm \\u00fa\\u010dinkem. Pom\\u00e1haj\\u00ed p\\u0159i bolestech a z\\u00e1n\\u011btech, \\u010dist\\u00ed zvukovod, sni\\u017euj\\u00ed tvorbu mazu a chr\\u00e1n\\u00ed p\\u0159ed mikroorganismy. Bez chemick\\u00fdch p\\u0159\\u00edsad.\",\"breadcrumb\":{\"@id\":\"https:\/\/www.fytofontana.com\/cs\/produkt\/aurecon-usni-kapky\/#breadcrumb\"},\"inLanguage\":\"cs\",\"potentialAction\":[{\"@type\":\"ReadAction\",\"target\":[\"https:\/\/www.fytofontana.com\/cs\/produkt\/aurecon-usni-kapky\/\"]}]},{\"@type\":\"BreadcrumbList\",\"@id\":\"https:\/\/www.fytofontana.com\/cs\/produkt\/aurecon-usni-kapky\/#breadcrumb\",\"itemListElement\":[{\"@type\":\"ListItem\",\"position\":1,\"item\":{\"@type\":\"WebPage\",\"@id\":\"https:\/\/www.fytofontana.com\/cs\/\",\"url\":\"https:\/\/www.fytofontana.com\/cs\/\",\"name\":\"Home\"}},{\"@type\":\"ListItem\",\"position\":2,\"item\":{\"@type\":\"WebPage\",\"@id\":\"https:\/\/www.fytofontana.com\/cs\/produkt\/aurecon-usni-kapky\/\",\"url\":\"https:\/\/www.fytofontana.com\/cs\/produkt\/aurecon-usni-kapky\/\",\"name\":\"AURECON u\\u0161n\\u00ed kapky\"}}]}]}<\/script>","_links":{"self":[{"href":"https:\/\/www.fytofontana.com\/cs\/wp-json\/wp\/v2\/product\/1943"}],"collection":[{"href":"https:\/\/www.fytofontana.com\/cs\/wp-json\/wp\/v2\/product"}],"about":[{"href":"https:\/\/www.fytofontana.com\/cs\/wp-json\/wp\/v2\/types\/product"}],"wp:featuredmedia":[{"embeddable":true,"href":"https:\/\/www.fytofontana.com\/cs\/wp-json\/wp\/v2\/media\/3759"}],"wp:attachment":[{"href":"https:\/\/www.fytofontana.com\/cs\/wp-json\/wp\/v2\/media?parent=1943"}],"wp:term":[{"taxonomy":"products","embeddable":true,"href":"https:\/\/www.fytofontana.com\/cs\/wp-json\/wp\/v2\/products?post=1943"}],"curies":[{"name":"wp","href":"https:\/\/api.w.org\/{rel}","templated":true}]}}