{"id":1942,"date":"2021-05-23T13:33:08","date_gmt":"2021-05-23T12:33:08","guid":{"rendered":"https:\/\/www.fytofontana.com\/hu\/?post_type=product&#038;p=1942"},"modified":"2025-07-02T15:29:14","modified_gmt":"2025-07-02T14:29:14","slug":"gyntima-emulze-proti-striim","status":"publish","type":"product","link":"https:\/\/www.fytofontana.com\/cs\/produkt\/gyntima-emulze-proti-striim\/","title":{"rendered":"GYNTIMA emulze proti stri\u00edm"},"content":{"rendered":"<p><strong>Regenera\u010dn\u00ed emulze pro poko\u017eku bez stri\u00ed a\u00a0jizev<\/strong><\/p>\n<ul>\n<li>Vyv\u00e1\u017een\u00e9 p\u0159\u00edrodn\u00ed slo\u017een\u00ed emulze podporuje pru\u017enost a pevnost k\u016f\u017ee.<\/li>\n<li>Vhodn\u00e9 pro preventivn\u00ed pou\u017eit\u00ed i pro viditelnou redukci ji\u017e existuj\u00edc\u00edch \u010derstv\u00fdch stri\u00ed a jizev.<\/li>\n<li>\u00da\u010dinn\u00e9 l\u00e1tky jsou upraveny do lipozom\u00e1ln\u00ed formy, \u010d\u00edm\u017e efektivn\u011bji p\u0159ech\u00e1zej\u00ed do k\u016f\u017ee.<\/li>\n<li>Kombinuje l\u00e9\u010div\u00e9 \u00fa\u010dinky aktivn\u00edch peptid\u016f, kyseliny hyaluronov\u00e9, pantenolu, vitam\u00ednu E, aloe vera a rostlinn\u00fdch olej\u016f.<\/li>\n<\/ul>\n<p>&nbsp;<\/p>\n","protected":false},"featured_media":3596,"template":"","products":[72],"yoast_head":"<title>GYNTIMA emulze proti stri\u00edm - Fytofontana<\/title>\n<meta name=\"description\" content=\"Emulze proti stri\u00edm s aktivn\u00edmi peptidy, kyselinou hyaluronovou, panthenolem, aloe vera a vitam\u00ednem E. Podporuje tvorbu kolagenu a elastinu, pom\u00e1h\u00e1 redukovat \u010derstv\u00e9 strie a jizvy, zlep\u0161uje vzhled poko\u017eky, zten\u010duje a zesv\u011btluje drobn\u00e9 jizvi\u010dky.\" \/>\n<meta name=\"robots\" content=\"index, follow, max-snippet:-1, max-image-preview:large, max-video-preview:-1\" \/>\n<link rel=\"canonical\" href=\"https:\/\/www.fytofontana.com\/cs\/produkt\/gyntima-emulze-proti-striim\/\" \/>\n<meta property=\"og:locale\" content=\"cs_CZ\" \/>\n<meta property=\"og:type\" content=\"article\" \/>\n<meta property=\"og:title\" content=\"GYNTIMA emulze proti stri\u00edm - Fytofontana\" \/>\n<meta property=\"og:description\" content=\"Emulze proti stri\u00edm s aktivn\u00edmi peptidy, kyselinou hyaluronovou, panthenolem, aloe vera a vitam\u00ednem E. Podporuje tvorbu kolagenu a elastinu, pom\u00e1h\u00e1 redukovat \u010derstv\u00e9 strie a jizvy, zlep\u0161uje vzhled poko\u017eky, zten\u010duje a zesv\u011btluje drobn\u00e9 jizvi\u010dky.\" \/>\n<meta property=\"og:url\" content=\"https:\/\/www.fytofontana.com\/cs\/produkt\/gyntima-emulze-proti-striim\/\" \/>\n<meta property=\"og:site_name\" content=\"Fytofontana\" \/>\n<meta property=\"article:modified_time\" content=\"2025-07-02T14:29:14+00:00\" \/>\n<meta property=\"og:image\" content=\"https:\/\/www.fytofontana.com\/wp-content\/uploads\/2021\/03\/2025_06_GYNTIMA_Stretch_mark_emulsion_100ml_01_LQ_Primary.png\" \/>\n\t<meta property=\"og:image:width\" content=\"1000\" \/>\n\t<meta property=\"og:image:height\" content=\"1000\" \/>\n<meta name=\"twitter:card\" content=\"summary_large_image\" \/>\n<meta name=\"twitter:label1\" content=\"Odhadovan\u00e1 doba \u010dten\u00ed\">\n\t<meta name=\"twitter:data1\" content=\"1 minuta\">\n<script type=\"application\/ld+json\" class=\"yoast-schema-graph\">{\"@context\":\"https:\/\/schema.org\",\"@graph\":[{\"@type\":\"Organization\",\"@id\":\"https:\/\/www.fytofontana.com\/#organization\",\"name\":\"Fytofontana\",\"url\":\"https:\/\/www.fytofontana.com\/\",\"sameAs\":[],\"logo\":{\"@type\":\"ImageObject\",\"@id\":\"https:\/\/www.fytofontana.com\/#logo\",\"inLanguage\":\"cs\",\"url\":\"https:\/\/www.fytofontana.com\/wp-content\/uploads\/2021\/01\/fyto.png\",\"width\":817,\"height\":79,\"caption\":\"Fytofontana\"},\"image\":{\"@id\":\"https:\/\/www.fytofontana.com\/#logo\"}},{\"@type\":\"WebSite\",\"@id\":\"https:\/\/www.fytofontana.com\/#website\",\"url\":\"https:\/\/www.fytofontana.com\/\",\"name\":\"Fytofontana\",\"description\":\"\",\"publisher\":{\"@id\":\"https:\/\/www.fytofontana.com\/#organization\"},\"potentialAction\":[{\"@type\":\"SearchAction\",\"target\":\"https:\/\/www.fytofontana.com\/?s={search_term_string}\",\"query-input\":\"required name=search_term_string\"}],\"inLanguage\":\"cs\"},{\"@type\":\"ImageObject\",\"@id\":\"https:\/\/www.fytofontana.com\/cs\/produkt\/gyntima-emulze-proti-striim\/#primaryimage\",\"inLanguage\":\"cs\",\"url\":\"https:\/\/www.fytofontana.com\/wp-content\/uploads\/2021\/03\/2025_06_GYNTIMA_Stretch_mark_emulsion_100ml_01_LQ_Primary.png\",\"width\":1000,\"height\":1000},{\"@type\":[\"WebPage\",\"ItemPage\"],\"@id\":\"https:\/\/www.fytofontana.com\/cs\/produkt\/gyntima-emulze-proti-striim\/#webpage\",\"url\":\"https:\/\/www.fytofontana.com\/cs\/produkt\/gyntima-emulze-proti-striim\/\",\"name\":\"GYNTIMA emulze proti stri\\u00edm - Fytofontana\",\"isPartOf\":{\"@id\":\"https:\/\/www.fytofontana.com\/#website\"},\"primaryImageOfPage\":{\"@id\":\"https:\/\/www.fytofontana.com\/cs\/produkt\/gyntima-emulze-proti-striim\/#primaryimage\"},\"datePublished\":\"2021-05-23T12:33:08+00:00\",\"dateModified\":\"2025-07-02T14:29:14+00:00\",\"description\":\"Emulze proti stri\\u00edm s aktivn\\u00edmi peptidy, kyselinou hyaluronovou, panthenolem, aloe vera a vitam\\u00ednem E. Podporuje tvorbu kolagenu a elastinu, pom\\u00e1h\\u00e1 redukovat \\u010derstv\\u00e9 strie a jizvy, zlep\\u0161uje vzhled poko\\u017eky, zten\\u010duje a zesv\\u011btluje drobn\\u00e9 jizvi\\u010dky.\",\"breadcrumb\":{\"@id\":\"https:\/\/www.fytofontana.com\/cs\/produkt\/gyntima-emulze-proti-striim\/#breadcrumb\"},\"inLanguage\":\"cs\",\"potentialAction\":[{\"@type\":\"ReadAction\",\"target\":[\"https:\/\/www.fytofontana.com\/cs\/produkt\/gyntima-emulze-proti-striim\/\"]}]},{\"@type\":\"BreadcrumbList\",\"@id\":\"https:\/\/www.fytofontana.com\/cs\/produkt\/gyntima-emulze-proti-striim\/#breadcrumb\",\"itemListElement\":[{\"@type\":\"ListItem\",\"position\":1,\"item\":{\"@type\":\"WebPage\",\"@id\":\"https:\/\/www.fytofontana.com\/cs\/\",\"url\":\"https:\/\/www.fytofontana.com\/cs\/\",\"name\":\"Home\"}},{\"@type\":\"ListItem\",\"position\":2,\"item\":{\"@type\":\"WebPage\",\"@id\":\"https:\/\/www.fytofontana.com\/cs\/produkt\/gyntima-emulze-proti-striim\/\",\"url\":\"https:\/\/www.fytofontana.com\/cs\/produkt\/gyntima-emulze-proti-striim\/\",\"name\":\"GYNTIMA emulze proti stri\\u00edm\"}}]}]}<\/script>","_links":{"self":[{"href":"https:\/\/www.fytofontana.com\/cs\/wp-json\/wp\/v2\/product\/1942"}],"collection":[{"href":"https:\/\/www.fytofontana.com\/cs\/wp-json\/wp\/v2\/product"}],"about":[{"href":"https:\/\/www.fytofontana.com\/cs\/wp-json\/wp\/v2\/types\/product"}],"wp:featuredmedia":[{"embeddable":true,"href":"https:\/\/www.fytofontana.com\/cs\/wp-json\/wp\/v2\/media\/3596"}],"wp:attachment":[{"href":"https:\/\/www.fytofontana.com\/cs\/wp-json\/wp\/v2\/media?parent=1942"}],"wp:term":[{"taxonomy":"products","embeddable":true,"href":"https:\/\/www.fytofontana.com\/cs\/wp-json\/wp\/v2\/products?post=1942"}],"curies":[{"name":"wp","href":"https:\/\/api.w.org\/{rel}","templated":true}]}}