{"id":1941,"date":"2021-05-23T13:16:48","date_gmt":"2021-05-23T12:16:48","guid":{"rendered":"https:\/\/www.fytofontana.com\/hu\/?post_type=product&#038;p=1941"},"modified":"2025-07-02T16:14:08","modified_gmt":"2025-07-02T15:14:08","slug":"gyntima-intimni-belici-krem","status":"publish","type":"product","link":"https:\/\/www.fytofontana.com\/cs\/produkt\/gyntima-intimni-belici-krem\/","title":{"rendered":"GYNTIMA intimn\u00ed b\u011bl\u00edc\u00ed kr\u00e9m"},"content":{"rendered":"<p><strong>\u00da\u010dinn\u00e9 zesv\u011btlen\u00ed siln\u011b pigmentovan\u00fdch intimn\u00edch parti\u00ed u \u017een i mu\u017e\u016f<\/strong><\/p>\n<ul>\n<li>Speci\u00e1ln\u011b vyvinut\u00fd kr\u00e9m pro zesv\u011btlen\u00ed genit\u00e1li\u00ed, an\u00e1ln\u00ed oblasti a bradavek.<\/li>\n<li>P\u0159\u00edrodn\u00ed slo\u017een\u00ed zalo\u017een\u00e9 na biotechnologick\u00fdch peptidech a vz\u00e1cn\u00fdch \u00fa\u010dinn\u00fdch l\u00e1tk\u00e1ch rostlinn\u00e9ho p\u016fvodu.<\/li>\n<li>Pravideln\u00fdm pou\u017e\u00edv\u00e1n\u00edm se siln\u011b pigmentovan\u00e1 m\u00edsta zesv\u011btl\u00ed a k\u016f\u017ee z\u00edsk\u00e1 mladistv\u00fd vzhled.<\/li>\n<li>Vhodn\u00e9 pro \u017eeny i mu\u017ee.<\/li>\n<\/ul>\n<p>&nbsp;<\/p>\n","protected":false},"featured_media":3619,"template":"","products":[72],"yoast_head":"<title>GYNTIMA intimn\u00ed b\u011bl\u00edc\u00ed kr\u00e9m - Fytofontana<\/title>\n<meta name=\"description\" content=\"B\u011blic\u00ed kr\u00e9m pro zesv\u011btlen\u00ed genit\u00e1li\u00ed, an\u00e1ln\u00ed oblasti a bradavek. Obsahuje biotechnologick\u00e9 peptidy a vz\u00e1cn\u00e9 rostlinn\u00e9 extrakty. Pravideln\u00fdm pou\u017e\u00edv\u00e1n\u00edm se zesv\u011btluj\u00ed siln\u011b pigmentovan\u00e1 m\u00edsta a poko\u017eka z\u00edsk\u00e1v\u00e1 mladistv\u00fd vzhled. Vhodn\u00fd pro \u017eeny i mu\u017ee.\" \/>\n<meta name=\"robots\" content=\"index, follow, max-snippet:-1, max-image-preview:large, max-video-preview:-1\" \/>\n<link rel=\"canonical\" href=\"https:\/\/www.fytofontana.com\/cs\/produkt\/gyntima-intimni-belici-krem\/\" \/>\n<meta property=\"og:locale\" content=\"cs_CZ\" \/>\n<meta property=\"og:type\" content=\"article\" \/>\n<meta property=\"og:title\" content=\"GYNTIMA intimn\u00ed b\u011bl\u00edc\u00ed kr\u00e9m - Fytofontana\" \/>\n<meta property=\"og:description\" content=\"B\u011blic\u00ed kr\u00e9m pro zesv\u011btlen\u00ed genit\u00e1li\u00ed, an\u00e1ln\u00ed oblasti a bradavek. Obsahuje biotechnologick\u00e9 peptidy a vz\u00e1cn\u00e9 rostlinn\u00e9 extrakty. Pravideln\u00fdm pou\u017e\u00edv\u00e1n\u00edm se zesv\u011btluj\u00ed siln\u011b pigmentovan\u00e1 m\u00edsta a poko\u017eka z\u00edsk\u00e1v\u00e1 mladistv\u00fd vzhled. Vhodn\u00fd pro \u017eeny i mu\u017ee.\" \/>\n<meta property=\"og:url\" content=\"https:\/\/www.fytofontana.com\/cs\/produkt\/gyntima-intimni-belici-krem\/\" \/>\n<meta property=\"og:site_name\" content=\"Fytofontana\" \/>\n<meta property=\"article:modified_time\" content=\"2025-07-02T15:14:08+00:00\" \/>\n<meta property=\"og:image\" content=\"https:\/\/www.fytofontana.com\/wp-content\/uploads\/2021\/03\/2025_05_GYNTIMA_Intimate_Whitening_cream_50ml_01_LQ_Primary.png\" \/>\n\t<meta property=\"og:image:width\" content=\"1000\" \/>\n\t<meta property=\"og:image:height\" content=\"1000\" \/>\n<meta name=\"twitter:card\" content=\"summary_large_image\" \/>\n<meta name=\"twitter:label1\" content=\"Odhadovan\u00e1 doba \u010dten\u00ed\">\n\t<meta name=\"twitter:data1\" content=\"1 minuta\">\n<script type=\"application\/ld+json\" class=\"yoast-schema-graph\">{\"@context\":\"https:\/\/schema.org\",\"@graph\":[{\"@type\":\"Organization\",\"@id\":\"https:\/\/www.fytofontana.com\/#organization\",\"name\":\"Fytofontana\",\"url\":\"https:\/\/www.fytofontana.com\/\",\"sameAs\":[],\"logo\":{\"@type\":\"ImageObject\",\"@id\":\"https:\/\/www.fytofontana.com\/#logo\",\"inLanguage\":\"cs\",\"url\":\"https:\/\/www.fytofontana.com\/wp-content\/uploads\/2021\/01\/fyto.png\",\"width\":817,\"height\":79,\"caption\":\"Fytofontana\"},\"image\":{\"@id\":\"https:\/\/www.fytofontana.com\/#logo\"}},{\"@type\":\"WebSite\",\"@id\":\"https:\/\/www.fytofontana.com\/#website\",\"url\":\"https:\/\/www.fytofontana.com\/\",\"name\":\"Fytofontana\",\"description\":\"\",\"publisher\":{\"@id\":\"https:\/\/www.fytofontana.com\/#organization\"},\"potentialAction\":[{\"@type\":\"SearchAction\",\"target\":\"https:\/\/www.fytofontana.com\/?s={search_term_string}\",\"query-input\":\"required name=search_term_string\"}],\"inLanguage\":\"cs\"},{\"@type\":\"ImageObject\",\"@id\":\"https:\/\/www.fytofontana.com\/cs\/produkt\/gyntima-intimni-belici-krem\/#primaryimage\",\"inLanguage\":\"cs\",\"url\":\"https:\/\/www.fytofontana.com\/wp-content\/uploads\/2021\/03\/2025_05_GYNTIMA_Intimate_Whitening_cream_50ml_01_LQ_Primary.png\",\"width\":1000,\"height\":1000},{\"@type\":[\"WebPage\",\"ItemPage\"],\"@id\":\"https:\/\/www.fytofontana.com\/cs\/produkt\/gyntima-intimni-belici-krem\/#webpage\",\"url\":\"https:\/\/www.fytofontana.com\/cs\/produkt\/gyntima-intimni-belici-krem\/\",\"name\":\"GYNTIMA intimn\\u00ed b\\u011bl\\u00edc\\u00ed kr\\u00e9m - Fytofontana\",\"isPartOf\":{\"@id\":\"https:\/\/www.fytofontana.com\/#website\"},\"primaryImageOfPage\":{\"@id\":\"https:\/\/www.fytofontana.com\/cs\/produkt\/gyntima-intimni-belici-krem\/#primaryimage\"},\"datePublished\":\"2021-05-23T12:16:48+00:00\",\"dateModified\":\"2025-07-02T15:14:08+00:00\",\"description\":\"B\\u011blic\\u00ed kr\\u00e9m pro zesv\\u011btlen\\u00ed genit\\u00e1li\\u00ed, an\\u00e1ln\\u00ed oblasti a bradavek. Obsahuje biotechnologick\\u00e9 peptidy a vz\\u00e1cn\\u00e9 rostlinn\\u00e9 extrakty. Pravideln\\u00fdm pou\\u017e\\u00edv\\u00e1n\\u00edm se zesv\\u011btluj\\u00ed siln\\u011b pigmentovan\\u00e1 m\\u00edsta a poko\\u017eka z\\u00edsk\\u00e1v\\u00e1 mladistv\\u00fd vzhled. Vhodn\\u00fd pro \\u017eeny i mu\\u017ee.\",\"breadcrumb\":{\"@id\":\"https:\/\/www.fytofontana.com\/cs\/produkt\/gyntima-intimni-belici-krem\/#breadcrumb\"},\"inLanguage\":\"cs\",\"potentialAction\":[{\"@type\":\"ReadAction\",\"target\":[\"https:\/\/www.fytofontana.com\/cs\/produkt\/gyntima-intimni-belici-krem\/\"]}]},{\"@type\":\"BreadcrumbList\",\"@id\":\"https:\/\/www.fytofontana.com\/cs\/produkt\/gyntima-intimni-belici-krem\/#breadcrumb\",\"itemListElement\":[{\"@type\":\"ListItem\",\"position\":1,\"item\":{\"@type\":\"WebPage\",\"@id\":\"https:\/\/www.fytofontana.com\/cs\/\",\"url\":\"https:\/\/www.fytofontana.com\/cs\/\",\"name\":\"Home\"}},{\"@type\":\"ListItem\",\"position\":2,\"item\":{\"@type\":\"WebPage\",\"@id\":\"https:\/\/www.fytofontana.com\/cs\/produkt\/gyntima-intimni-belici-krem\/\",\"url\":\"https:\/\/www.fytofontana.com\/cs\/produkt\/gyntima-intimni-belici-krem\/\",\"name\":\"GYNTIMA intimn\\u00ed b\\u011bl\\u00edc\\u00ed kr\\u00e9m\"}}]}]}<\/script>","_links":{"self":[{"href":"https:\/\/www.fytofontana.com\/cs\/wp-json\/wp\/v2\/product\/1941"}],"collection":[{"href":"https:\/\/www.fytofontana.com\/cs\/wp-json\/wp\/v2\/product"}],"about":[{"href":"https:\/\/www.fytofontana.com\/cs\/wp-json\/wp\/v2\/types\/product"}],"wp:featuredmedia":[{"embeddable":true,"href":"https:\/\/www.fytofontana.com\/cs\/wp-json\/wp\/v2\/media\/3619"}],"wp:attachment":[{"href":"https:\/\/www.fytofontana.com\/cs\/wp-json\/wp\/v2\/media?parent=1941"}],"wp:term":[{"taxonomy":"products","embeddable":true,"href":"https:\/\/www.fytofontana.com\/cs\/wp-json\/wp\/v2\/products?post=1941"}],"curies":[{"name":"wp","href":"https:\/\/api.w.org\/{rel}","templated":true}]}}