{"id":1940,"date":"2021-05-23T13:04:26","date_gmt":"2021-05-23T12:04:26","guid":{"rendered":"https:\/\/www.fytofontana.com\/hu\/?post_type=product&#038;p=1940"},"modified":"2025-06-18T15:08:51","modified_gmt":"2025-06-18T14:08:51","slug":"gyntima-detsky-intimni-myci-gel","status":"publish","type":"product","link":"https:\/\/www.fytofontana.com\/cs\/produkt\/gyntima-detsky-intimni-myci-gel\/","title":{"rendered":"GYNTIMA d\u011btsk\u00fd intimn\u00ed myc\u00ed gel"},"content":{"rendered":"<p><strong>Intimn\u00ed hygiena d\u00edvek od 3 let <\/strong><\/p>\n<ul>\n<li>Speci\u00e1ln\u011b vyvinut\u00fd myc\u00ed gel pro intimn\u00ed hygienu d\u00edvek star\u0161\u00edch 3 let.<\/li>\n<li>Obsahuje kyselinu ml\u00e9\u010dnou podporuj\u00edc\u00ed spr\u00e1vnou hodnotu pH.<\/li>\n<li>Podporuje r\u016fst laktobacil\u016f a jin\u00fdch prosp\u011b\u0161n\u00fdch bakteri\u00ed pro vagin\u00e1ln\u00ed zdrav\u00ed.<\/li>\n<li>Obsahuje jemn\u00e9 p\u0159\u00edrodn\u00ed slo\u017een\u00ed p\u0159izp\u016fsoben\u00e9 citliv\u00e9 d\u011btsk\u00e9 poko\u017ece.<\/li>\n<\/ul>\n","protected":false},"featured_media":3539,"template":"","products":[72],"yoast_head":"<title>GYNTIMA d\u011btsk\u00fd intimn\u00ed myc\u00ed gel - Fytofontana<\/title>\n<meta name=\"description\" content=\"Speci\u00e1ln\u00ed myc\u00ed gel pro intimn\u00ed hygienu d\u00edvek od 3 let. Jemn\u00e9 p\u0159\u00edrodn\u00ed slo\u017een\u00ed podporuje zdrav\u00e9 pH a r\u016fst laktobacil\u016f, kter\u00e9 chr\u00e1n\u00ed citliv\u00e9 prost\u0159ed\u00ed p\u0159ed podr\u00e1\u017ed\u011bn\u00edm. \u0160etrn\u00fd k d\u011btsk\u00e9 poko\u017ece, vhodn\u00fd pro ka\u017edodenn\u00ed pou\u017eit\u00ed.\" \/>\n<meta name=\"robots\" content=\"index, follow, max-snippet:-1, max-image-preview:large, max-video-preview:-1\" \/>\n<link rel=\"canonical\" href=\"https:\/\/www.fytofontana.com\/cs\/produkt\/gyntima-detsky-intimni-myci-gel\/\" \/>\n<meta property=\"og:locale\" content=\"cs_CZ\" \/>\n<meta property=\"og:type\" content=\"article\" \/>\n<meta property=\"og:title\" content=\"GYNTIMA d\u011btsk\u00fd intimn\u00ed myc\u00ed gel - Fytofontana\" \/>\n<meta property=\"og:description\" content=\"Speci\u00e1ln\u00ed myc\u00ed gel pro intimn\u00ed hygienu d\u00edvek od 3 let. Jemn\u00e9 p\u0159\u00edrodn\u00ed slo\u017een\u00ed podporuje zdrav\u00e9 pH a r\u016fst laktobacil\u016f, kter\u00e9 chr\u00e1n\u00ed citliv\u00e9 prost\u0159ed\u00ed p\u0159ed podr\u00e1\u017ed\u011bn\u00edm. \u0160etrn\u00fd k d\u011btsk\u00e9 poko\u017ece, vhodn\u00fd pro ka\u017edodenn\u00ed pou\u017eit\u00ed.\" \/>\n<meta property=\"og:url\" content=\"https:\/\/www.fytofontana.com\/cs\/produkt\/gyntima-detsky-intimni-myci-gel\/\" \/>\n<meta property=\"og:site_name\" content=\"Fytofontana\" \/>\n<meta property=\"article:modified_time\" content=\"2025-06-18T14:08:51+00:00\" \/>\n<meta property=\"og:image\" content=\"https:\/\/www.fytofontana.com\/wp-content\/uploads\/2021\/03\/2025_06_GYNTIMA_Children\u00b4s_intimate_wash_gel_100ml_01_LQ_Primary.png\" \/>\n\t<meta property=\"og:image:width\" content=\"1000\" \/>\n\t<meta property=\"og:image:height\" content=\"1000\" \/>\n<meta name=\"twitter:card\" content=\"summary_large_image\" \/>\n<meta name=\"twitter:label1\" content=\"Odhadovan\u00e1 doba \u010dten\u00ed\">\n\t<meta name=\"twitter:data1\" content=\"1 minuta\">\n<script type=\"application\/ld+json\" class=\"yoast-schema-graph\">{\"@context\":\"https:\/\/schema.org\",\"@graph\":[{\"@type\":\"Organization\",\"@id\":\"https:\/\/www.fytofontana.com\/#organization\",\"name\":\"Fytofontana\",\"url\":\"https:\/\/www.fytofontana.com\/\",\"sameAs\":[],\"logo\":{\"@type\":\"ImageObject\",\"@id\":\"https:\/\/www.fytofontana.com\/#logo\",\"inLanguage\":\"cs\",\"url\":\"https:\/\/www.fytofontana.com\/wp-content\/uploads\/2021\/01\/fyto.png\",\"width\":817,\"height\":79,\"caption\":\"Fytofontana\"},\"image\":{\"@id\":\"https:\/\/www.fytofontana.com\/#logo\"}},{\"@type\":\"WebSite\",\"@id\":\"https:\/\/www.fytofontana.com\/#website\",\"url\":\"https:\/\/www.fytofontana.com\/\",\"name\":\"Fytofontana\",\"description\":\"\",\"publisher\":{\"@id\":\"https:\/\/www.fytofontana.com\/#organization\"},\"potentialAction\":[{\"@type\":\"SearchAction\",\"target\":\"https:\/\/www.fytofontana.com\/?s={search_term_string}\",\"query-input\":\"required name=search_term_string\"}],\"inLanguage\":\"cs\"},{\"@type\":\"ImageObject\",\"@id\":\"https:\/\/www.fytofontana.com\/cs\/produkt\/gyntima-detsky-intimni-myci-gel\/#primaryimage\",\"inLanguage\":\"cs\",\"url\":\"https:\/\/www.fytofontana.com\/wp-content\/uploads\/2021\/03\/2025_06_GYNTIMA_Children\\u00b4s_intimate_wash_gel_100ml_01_LQ_Primary.png\",\"width\":1000,\"height\":1000},{\"@type\":[\"WebPage\",\"ItemPage\"],\"@id\":\"https:\/\/www.fytofontana.com\/cs\/produkt\/gyntima-detsky-intimni-myci-gel\/#webpage\",\"url\":\"https:\/\/www.fytofontana.com\/cs\/produkt\/gyntima-detsky-intimni-myci-gel\/\",\"name\":\"GYNTIMA d\\u011btsk\\u00fd intimn\\u00ed myc\\u00ed gel - Fytofontana\",\"isPartOf\":{\"@id\":\"https:\/\/www.fytofontana.com\/#website\"},\"primaryImageOfPage\":{\"@id\":\"https:\/\/www.fytofontana.com\/cs\/produkt\/gyntima-detsky-intimni-myci-gel\/#primaryimage\"},\"datePublished\":\"2021-05-23T12:04:26+00:00\",\"dateModified\":\"2025-06-18T14:08:51+00:00\",\"description\":\"Speci\\u00e1ln\\u00ed myc\\u00ed gel pro intimn\\u00ed hygienu d\\u00edvek od 3 let. Jemn\\u00e9 p\\u0159\\u00edrodn\\u00ed slo\\u017een\\u00ed podporuje zdrav\\u00e9 pH a r\\u016fst laktobacil\\u016f, kter\\u00e9 chr\\u00e1n\\u00ed citliv\\u00e9 prost\\u0159ed\\u00ed p\\u0159ed podr\\u00e1\\u017ed\\u011bn\\u00edm. \\u0160etrn\\u00fd k d\\u011btsk\\u00e9 poko\\u017ece, vhodn\\u00fd pro ka\\u017edodenn\\u00ed pou\\u017eit\\u00ed.\",\"breadcrumb\":{\"@id\":\"https:\/\/www.fytofontana.com\/cs\/produkt\/gyntima-detsky-intimni-myci-gel\/#breadcrumb\"},\"inLanguage\":\"cs\",\"potentialAction\":[{\"@type\":\"ReadAction\",\"target\":[\"https:\/\/www.fytofontana.com\/cs\/produkt\/gyntima-detsky-intimni-myci-gel\/\"]}]},{\"@type\":\"BreadcrumbList\",\"@id\":\"https:\/\/www.fytofontana.com\/cs\/produkt\/gyntima-detsky-intimni-myci-gel\/#breadcrumb\",\"itemListElement\":[{\"@type\":\"ListItem\",\"position\":1,\"item\":{\"@type\":\"WebPage\",\"@id\":\"https:\/\/www.fytofontana.com\/cs\/\",\"url\":\"https:\/\/www.fytofontana.com\/cs\/\",\"name\":\"Home\"}},{\"@type\":\"ListItem\",\"position\":2,\"item\":{\"@type\":\"WebPage\",\"@id\":\"https:\/\/www.fytofontana.com\/cs\/produkt\/gyntima-detsky-intimni-myci-gel\/\",\"url\":\"https:\/\/www.fytofontana.com\/cs\/produkt\/gyntima-detsky-intimni-myci-gel\/\",\"name\":\"GYNTIMA d\\u011btsk\\u00fd intimn\\u00ed myc\\u00ed gel\"}}]}]}<\/script>","_links":{"self":[{"href":"https:\/\/www.fytofontana.com\/cs\/wp-json\/wp\/v2\/product\/1940"}],"collection":[{"href":"https:\/\/www.fytofontana.com\/cs\/wp-json\/wp\/v2\/product"}],"about":[{"href":"https:\/\/www.fytofontana.com\/cs\/wp-json\/wp\/v2\/types\/product"}],"wp:featuredmedia":[{"embeddable":true,"href":"https:\/\/www.fytofontana.com\/cs\/wp-json\/wp\/v2\/media\/3539"}],"wp:attachment":[{"href":"https:\/\/www.fytofontana.com\/cs\/wp-json\/wp\/v2\/media?parent=1940"}],"wp:term":[{"taxonomy":"products","embeddable":true,"href":"https:\/\/www.fytofontana.com\/cs\/wp-json\/wp\/v2\/products?post=1940"}],"curies":[{"name":"wp","href":"https:\/\/api.w.org\/{rel}","templated":true}]}}