{"id":1939,"date":"2021-05-23T12:51:55","date_gmt":"2021-05-23T11:51:55","guid":{"rendered":"https:\/\/www.fytofontana.com\/hu\/?post_type=product&#038;p=1939"},"modified":"2025-07-02T16:57:09","modified_gmt":"2025-07-02T15:57:09","slug":"gyntima-intimni-liftingovy-krem","status":"publish","type":"product","link":"https:\/\/www.fytofontana.com\/cs\/produkt\/gyntima-intimni-liftingovy-krem\/","title":{"rendered":"GYNTIMA intimn\u00ed liftingov\u00fd kr\u00e9m"},"content":{"rendered":"<p><strong>Zdrav\u00fd, mladistv\u00fd vzhled intimn\u00edch parti\u00ed v ka\u017ed\u00e9m v\u011bku<\/strong><\/p>\n<ul>\n<li>Speci\u00e1ln\u00ed slo\u017een\u00ed ur\u010den\u00e9 k regeneraci, omlazen\u00ed a zpevn\u011bn\u00ed poko\u017eky genit\u00e1li\u00ed.<\/li>\n<li>Aktivn\u011b podporuje tvorbu kolagenu a elastinu.<\/li>\n<li>Jedine\u010dn\u00e1 kombinace biotechnologick\u00fdch peptid\u016f a \u00fa\u010dinn\u00fdch l\u00e1tek rostlinn\u00e9ho p\u016fvodu.<\/li>\n<li>Pravideln\u00fdm pou\u017e\u00edv\u00e1n\u00edm zajist\u00ed mlad\u0161\u00ed a hlad\u0161\u00ed vzhled poko\u017eky.<\/li>\n<\/ul>\n","protected":false},"featured_media":3642,"template":"","products":[72],"yoast_head":"<title>GYNTIMA intimn\u00ed liftingov\u00fd kr\u00e9m - Fytofontana<\/title>\n<meta name=\"description\" content=\"Intimn\u00ed liftingov\u00fd kr\u00e9m pro zpevn\u011bn\u00ed, regeneraci a omlazen\u00ed poko\u017eky genit\u00e1li\u00ed. Podporuje tvorbu kolagenu, elastinu a dal\u0161\u00edch protein\u016f, zvy\u0161uje pru\u017enost, elasticitu a pom\u00e1h\u00e1 zastavit ochabov\u00e1n\u00ed a ztr\u00e1tu nap\u011bt\u00ed poko\u017eky.\" \/>\n<meta name=\"robots\" content=\"index, follow, max-snippet:-1, max-image-preview:large, max-video-preview:-1\" \/>\n<link rel=\"canonical\" href=\"https:\/\/www.fytofontana.com\/cs\/produkt\/gyntima-intimni-liftingovy-krem\/\" \/>\n<meta property=\"og:locale\" content=\"cs_CZ\" \/>\n<meta property=\"og:type\" content=\"article\" \/>\n<meta property=\"og:title\" content=\"GYNTIMA intimn\u00ed liftingov\u00fd kr\u00e9m - Fytofontana\" \/>\n<meta property=\"og:description\" content=\"Intimn\u00ed liftingov\u00fd kr\u00e9m pro zpevn\u011bn\u00ed, regeneraci a omlazen\u00ed poko\u017eky genit\u00e1li\u00ed. Podporuje tvorbu kolagenu, elastinu a dal\u0161\u00edch protein\u016f, zvy\u0161uje pru\u017enost, elasticitu a pom\u00e1h\u00e1 zastavit ochabov\u00e1n\u00ed a ztr\u00e1tu nap\u011bt\u00ed poko\u017eky.\" \/>\n<meta property=\"og:url\" content=\"https:\/\/www.fytofontana.com\/cs\/produkt\/gyntima-intimni-liftingovy-krem\/\" \/>\n<meta property=\"og:site_name\" content=\"Fytofontana\" \/>\n<meta property=\"article:modified_time\" content=\"2025-07-02T15:57:09+00:00\" \/>\n<meta property=\"og:image\" content=\"https:\/\/www.fytofontana.com\/wp-content\/uploads\/2021\/03\/2025_05_GYNTIMA_Intimate_Lifting_cream_50ml_01_LQ_Primary.png\" \/>\n\t<meta property=\"og:image:width\" content=\"1000\" \/>\n\t<meta property=\"og:image:height\" content=\"1000\" \/>\n<meta name=\"twitter:card\" content=\"summary_large_image\" \/>\n<meta name=\"twitter:label1\" content=\"Odhadovan\u00e1 doba \u010dten\u00ed\">\n\t<meta name=\"twitter:data1\" content=\"1 minuta\">\n<script type=\"application\/ld+json\" class=\"yoast-schema-graph\">{\"@context\":\"https:\/\/schema.org\",\"@graph\":[{\"@type\":\"Organization\",\"@id\":\"https:\/\/www.fytofontana.com\/#organization\",\"name\":\"Fytofontana\",\"url\":\"https:\/\/www.fytofontana.com\/\",\"sameAs\":[],\"logo\":{\"@type\":\"ImageObject\",\"@id\":\"https:\/\/www.fytofontana.com\/#logo\",\"inLanguage\":\"cs\",\"url\":\"https:\/\/www.fytofontana.com\/wp-content\/uploads\/2021\/01\/fyto.png\",\"width\":817,\"height\":79,\"caption\":\"Fytofontana\"},\"image\":{\"@id\":\"https:\/\/www.fytofontana.com\/#logo\"}},{\"@type\":\"WebSite\",\"@id\":\"https:\/\/www.fytofontana.com\/#website\",\"url\":\"https:\/\/www.fytofontana.com\/\",\"name\":\"Fytofontana\",\"description\":\"\",\"publisher\":{\"@id\":\"https:\/\/www.fytofontana.com\/#organization\"},\"potentialAction\":[{\"@type\":\"SearchAction\",\"target\":\"https:\/\/www.fytofontana.com\/?s={search_term_string}\",\"query-input\":\"required name=search_term_string\"}],\"inLanguage\":\"cs\"},{\"@type\":\"ImageObject\",\"@id\":\"https:\/\/www.fytofontana.com\/cs\/produkt\/gyntima-intimni-liftingovy-krem\/#primaryimage\",\"inLanguage\":\"cs\",\"url\":\"https:\/\/www.fytofontana.com\/wp-content\/uploads\/2021\/03\/2025_05_GYNTIMA_Intimate_Lifting_cream_50ml_01_LQ_Primary.png\",\"width\":1000,\"height\":1000},{\"@type\":[\"WebPage\",\"ItemPage\"],\"@id\":\"https:\/\/www.fytofontana.com\/cs\/produkt\/gyntima-intimni-liftingovy-krem\/#webpage\",\"url\":\"https:\/\/www.fytofontana.com\/cs\/produkt\/gyntima-intimni-liftingovy-krem\/\",\"name\":\"GYNTIMA intimn\\u00ed liftingov\\u00fd kr\\u00e9m - Fytofontana\",\"isPartOf\":{\"@id\":\"https:\/\/www.fytofontana.com\/#website\"},\"primaryImageOfPage\":{\"@id\":\"https:\/\/www.fytofontana.com\/cs\/produkt\/gyntima-intimni-liftingovy-krem\/#primaryimage\"},\"datePublished\":\"2021-05-23T11:51:55+00:00\",\"dateModified\":\"2025-07-02T15:57:09+00:00\",\"description\":\"Intimn\\u00ed liftingov\\u00fd kr\\u00e9m pro zpevn\\u011bn\\u00ed, regeneraci a omlazen\\u00ed poko\\u017eky genit\\u00e1li\\u00ed. Podporuje tvorbu kolagenu, elastinu a dal\\u0161\\u00edch protein\\u016f, zvy\\u0161uje pru\\u017enost, elasticitu a pom\\u00e1h\\u00e1 zastavit ochabov\\u00e1n\\u00ed a ztr\\u00e1tu nap\\u011bt\\u00ed poko\\u017eky.\",\"breadcrumb\":{\"@id\":\"https:\/\/www.fytofontana.com\/cs\/produkt\/gyntima-intimni-liftingovy-krem\/#breadcrumb\"},\"inLanguage\":\"cs\",\"potentialAction\":[{\"@type\":\"ReadAction\",\"target\":[\"https:\/\/www.fytofontana.com\/cs\/produkt\/gyntima-intimni-liftingovy-krem\/\"]}]},{\"@type\":\"BreadcrumbList\",\"@id\":\"https:\/\/www.fytofontana.com\/cs\/produkt\/gyntima-intimni-liftingovy-krem\/#breadcrumb\",\"itemListElement\":[{\"@type\":\"ListItem\",\"position\":1,\"item\":{\"@type\":\"WebPage\",\"@id\":\"https:\/\/www.fytofontana.com\/cs\/\",\"url\":\"https:\/\/www.fytofontana.com\/cs\/\",\"name\":\"Home\"}},{\"@type\":\"ListItem\",\"position\":2,\"item\":{\"@type\":\"WebPage\",\"@id\":\"https:\/\/www.fytofontana.com\/cs\/produkt\/gyntima-intimni-liftingovy-krem\/\",\"url\":\"https:\/\/www.fytofontana.com\/cs\/produkt\/gyntima-intimni-liftingovy-krem\/\",\"name\":\"GYNTIMA intimn\\u00ed liftingov\\u00fd kr\\u00e9m\"}}]}]}<\/script>","_links":{"self":[{"href":"https:\/\/www.fytofontana.com\/cs\/wp-json\/wp\/v2\/product\/1939"}],"collection":[{"href":"https:\/\/www.fytofontana.com\/cs\/wp-json\/wp\/v2\/product"}],"about":[{"href":"https:\/\/www.fytofontana.com\/cs\/wp-json\/wp\/v2\/types\/product"}],"wp:featuredmedia":[{"embeddable":true,"href":"https:\/\/www.fytofontana.com\/cs\/wp-json\/wp\/v2\/media\/3642"}],"wp:attachment":[{"href":"https:\/\/www.fytofontana.com\/cs\/wp-json\/wp\/v2\/media?parent=1939"}],"wp:term":[{"taxonomy":"products","embeddable":true,"href":"https:\/\/www.fytofontana.com\/cs\/wp-json\/wp\/v2\/products?post=1939"}],"curies":[{"name":"wp","href":"https:\/\/api.w.org\/{rel}","templated":true}]}}