{"id":1938,"date":"2021-05-23T12:38:58","date_gmt":"2021-05-23T11:38:58","guid":{"rendered":"https:\/\/www.fytofontana.com\/hu\/?post_type=product&#038;p=1938"},"modified":"2025-07-02T17:44:08","modified_gmt":"2025-07-02T16:44:08","slug":"gyntima-intimni-myci-gel","status":"publish","type":"product","link":"https:\/\/www.fytofontana.com\/cs\/produkt\/gyntima-intimni-myci-gel\/","title":{"rendered":"GYNTIMA intimn\u00ed myc\u00ed gel"},"content":{"rendered":"<p><strong>Intimn\u00ed hygiena \u017eeny podporuj\u00edc\u00ed zdrav\u00ed \u017eensk\u00fdch org\u00e1n\u016f<\/strong><\/p>\n<ul>\n<li>Vyv\u00e1\u017een\u00e9 slo\u017een\u00ed zaji\u0161\u0165uje pocit \u010distoty, sv\u011b\u017eesti, podporuje zdravou mikrofl\u00f3ru v pochv\u011b, optim\u00e1ln\u00ed pH a pom\u00e1h\u00e1 p\u0159edch\u00e1zet vagin\u00e1ln\u00edm infekc\u00edm.<\/li>\n<li>Obsahuje \u0161etrn\u00e9, p\u0159\u00edrodn\u00ed \u00fa\u010dinn\u00e9 l\u00e1tky.<\/li>\n<li>Gel vhodn\u00fd pro denn\u00ed intimn\u00ed hygienu a pravideln\u00e9 holen\u00ed nejen intimn\u00edch parti\u00ed.<\/li>\n<li>Vhodn\u00e9 pro \u017eeny v ka\u017ed\u00e9m v\u011bku, jako\u017e i b\u011bhem t\u011bhotenstv\u00ed, \u0161estined\u011bl\u00ed a kojen\u00ed.<\/li>\n<\/ul>\n","protected":false},"featured_media":3666,"template":"","products":[72],"yoast_head":"<title>GYNTIMA intimn\u00ed myc\u00ed gel - Fytofontana<\/title>\n<meta name=\"description\" content=\"Jemn\u00fd intimn\u00ed myc\u00ed gel na ka\u017edodenn\u00ed hygienu i holen\u00ed. Obsahuje kyselinu ml\u00e9\u010dnou a p\u0159\u00edrodn\u00ed l\u00e1tky s antibakteri\u00e1ln\u00edm, antimykotick\u00fdm a protiz\u00e1n\u011btliv\u00fdm \u00fa\u010dinkem. Upravuje pH, chr\u00e1n\u00ed p\u0159ed podr\u00e1\u017ed\u011bn\u00edm a je vhodn\u00fd i b\u011bhem t\u011bhotenstv\u00ed a kojen\u00ed.\" \/>\n<meta name=\"robots\" content=\"index, follow, max-snippet:-1, max-image-preview:large, max-video-preview:-1\" \/>\n<link rel=\"canonical\" href=\"https:\/\/www.fytofontana.com\/cs\/produkt\/gyntima-intimni-myci-gel\/\" \/>\n<meta property=\"og:locale\" content=\"cs_CZ\" \/>\n<meta property=\"og:type\" content=\"article\" \/>\n<meta property=\"og:title\" content=\"GYNTIMA intimn\u00ed myc\u00ed gel - Fytofontana\" \/>\n<meta property=\"og:description\" content=\"Jemn\u00fd intimn\u00ed myc\u00ed gel na ka\u017edodenn\u00ed hygienu i holen\u00ed. Obsahuje kyselinu ml\u00e9\u010dnou a p\u0159\u00edrodn\u00ed l\u00e1tky s antibakteri\u00e1ln\u00edm, antimykotick\u00fdm a protiz\u00e1n\u011btliv\u00fdm \u00fa\u010dinkem. Upravuje pH, chr\u00e1n\u00ed p\u0159ed podr\u00e1\u017ed\u011bn\u00edm a je vhodn\u00fd i b\u011bhem t\u011bhotenstv\u00ed a kojen\u00ed.\" \/>\n<meta property=\"og:url\" content=\"https:\/\/www.fytofontana.com\/cs\/produkt\/gyntima-intimni-myci-gel\/\" \/>\n<meta property=\"og:site_name\" content=\"Fytofontana\" \/>\n<meta property=\"article:modified_time\" content=\"2025-07-02T16:44:08+00:00\" \/>\n<meta property=\"og:image\" content=\"https:\/\/www.fytofontana.com\/wp-content\/uploads\/2021\/03\/2025_06_GYNTIMA_Intimate_wash_gel_200ml_01_LQ_Primary.png\" \/>\n\t<meta property=\"og:image:width\" content=\"1000\" \/>\n\t<meta property=\"og:image:height\" content=\"1000\" \/>\n<meta name=\"twitter:card\" content=\"summary_large_image\" \/>\n<meta name=\"twitter:label1\" content=\"Odhadovan\u00e1 doba \u010dten\u00ed\">\n\t<meta name=\"twitter:data1\" content=\"1 minuta\">\n<script type=\"application\/ld+json\" class=\"yoast-schema-graph\">{\"@context\":\"https:\/\/schema.org\",\"@graph\":[{\"@type\":\"Organization\",\"@id\":\"https:\/\/www.fytofontana.com\/#organization\",\"name\":\"Fytofontana\",\"url\":\"https:\/\/www.fytofontana.com\/\",\"sameAs\":[],\"logo\":{\"@type\":\"ImageObject\",\"@id\":\"https:\/\/www.fytofontana.com\/#logo\",\"inLanguage\":\"cs\",\"url\":\"https:\/\/www.fytofontana.com\/wp-content\/uploads\/2021\/01\/fyto.png\",\"width\":817,\"height\":79,\"caption\":\"Fytofontana\"},\"image\":{\"@id\":\"https:\/\/www.fytofontana.com\/#logo\"}},{\"@type\":\"WebSite\",\"@id\":\"https:\/\/www.fytofontana.com\/#website\",\"url\":\"https:\/\/www.fytofontana.com\/\",\"name\":\"Fytofontana\",\"description\":\"\",\"publisher\":{\"@id\":\"https:\/\/www.fytofontana.com\/#organization\"},\"potentialAction\":[{\"@type\":\"SearchAction\",\"target\":\"https:\/\/www.fytofontana.com\/?s={search_term_string}\",\"query-input\":\"required name=search_term_string\"}],\"inLanguage\":\"cs\"},{\"@type\":\"ImageObject\",\"@id\":\"https:\/\/www.fytofontana.com\/cs\/produkt\/gyntima-intimni-myci-gel\/#primaryimage\",\"inLanguage\":\"cs\",\"url\":\"https:\/\/www.fytofontana.com\/wp-content\/uploads\/2021\/03\/2025_06_GYNTIMA_Intimate_wash_gel_200ml_01_LQ_Primary.png\",\"width\":1000,\"height\":1000},{\"@type\":[\"WebPage\",\"ItemPage\"],\"@id\":\"https:\/\/www.fytofontana.com\/cs\/produkt\/gyntima-intimni-myci-gel\/#webpage\",\"url\":\"https:\/\/www.fytofontana.com\/cs\/produkt\/gyntima-intimni-myci-gel\/\",\"name\":\"GYNTIMA intimn\\u00ed myc\\u00ed gel - Fytofontana\",\"isPartOf\":{\"@id\":\"https:\/\/www.fytofontana.com\/#website\"},\"primaryImageOfPage\":{\"@id\":\"https:\/\/www.fytofontana.com\/cs\/produkt\/gyntima-intimni-myci-gel\/#primaryimage\"},\"datePublished\":\"2021-05-23T11:38:58+00:00\",\"dateModified\":\"2025-07-02T16:44:08+00:00\",\"description\":\"Jemn\\u00fd intimn\\u00ed myc\\u00ed gel na ka\\u017edodenn\\u00ed hygienu i holen\\u00ed. Obsahuje kyselinu ml\\u00e9\\u010dnou a p\\u0159\\u00edrodn\\u00ed l\\u00e1tky s antibakteri\\u00e1ln\\u00edm, antimykotick\\u00fdm a protiz\\u00e1n\\u011btliv\\u00fdm \\u00fa\\u010dinkem. Upravuje pH, chr\\u00e1n\\u00ed p\\u0159ed podr\\u00e1\\u017ed\\u011bn\\u00edm a je vhodn\\u00fd i b\\u011bhem t\\u011bhotenstv\\u00ed a kojen\\u00ed.\",\"breadcrumb\":{\"@id\":\"https:\/\/www.fytofontana.com\/cs\/produkt\/gyntima-intimni-myci-gel\/#breadcrumb\"},\"inLanguage\":\"cs\",\"potentialAction\":[{\"@type\":\"ReadAction\",\"target\":[\"https:\/\/www.fytofontana.com\/cs\/produkt\/gyntima-intimni-myci-gel\/\"]}]},{\"@type\":\"BreadcrumbList\",\"@id\":\"https:\/\/www.fytofontana.com\/cs\/produkt\/gyntima-intimni-myci-gel\/#breadcrumb\",\"itemListElement\":[{\"@type\":\"ListItem\",\"position\":1,\"item\":{\"@type\":\"WebPage\",\"@id\":\"https:\/\/www.fytofontana.com\/cs\/\",\"url\":\"https:\/\/www.fytofontana.com\/cs\/\",\"name\":\"Home\"}},{\"@type\":\"ListItem\",\"position\":2,\"item\":{\"@type\":\"WebPage\",\"@id\":\"https:\/\/www.fytofontana.com\/cs\/produkt\/gyntima-intimni-myci-gel\/\",\"url\":\"https:\/\/www.fytofontana.com\/cs\/produkt\/gyntima-intimni-myci-gel\/\",\"name\":\"GYNTIMA intimn\\u00ed myc\\u00ed gel\"}}]}]}<\/script>","_links":{"self":[{"href":"https:\/\/www.fytofontana.com\/cs\/wp-json\/wp\/v2\/product\/1938"}],"collection":[{"href":"https:\/\/www.fytofontana.com\/cs\/wp-json\/wp\/v2\/product"}],"about":[{"href":"https:\/\/www.fytofontana.com\/cs\/wp-json\/wp\/v2\/types\/product"}],"wp:featuredmedia":[{"embeddable":true,"href":"https:\/\/www.fytofontana.com\/cs\/wp-json\/wp\/v2\/media\/3666"}],"wp:attachment":[{"href":"https:\/\/www.fytofontana.com\/cs\/wp-json\/wp\/v2\/media?parent=1938"}],"wp:term":[{"taxonomy":"products","embeddable":true,"href":"https:\/\/www.fytofontana.com\/cs\/wp-json\/wp\/v2\/products?post=1938"}],"curies":[{"name":"wp","href":"https:\/\/api.w.org\/{rel}","templated":true}]}}