{"id":1934,"date":"2021-05-23T12:06:49","date_gmt":"2021-05-23T11:06:49","guid":{"rendered":"https:\/\/www.fytofontana.com\/hu\/?post_type=product&#038;p=1934"},"modified":"2025-10-14T11:45:10","modified_gmt":"2025-10-14T10:45:10","slug":"gyntima-hyaluronic","status":"publish","type":"product","link":"https:\/\/www.fytofontana.com\/cs\/produkt\/gyntima-hyaluronic\/","title":{"rendered":"GYNTIMA Hyaluronic"},"content":{"rendered":"<p><strong>Regeneruje, hoj\u00ed a hydratuje naru\u0161enou sliznici pochvy &#8211; i b\u011bhem t\u011bhotenstv\u00ed a kojen\u00ed.<\/strong><\/p>\n<ul>\n<li><b>MDR certifikovan\u00fd <\/b><b>zdravotnick\u00fd<\/b> <b>prost\u0159edek<\/b><b>\u00a0 <\/b>(EU 2017\/745).<\/li>\n<li>Kombinuje kyselinu hyaluronovou a komplex prebiotik ml\u00e9\u010dn\u00e9 fermentace.<\/li>\n<li>Urychluje hojen\u00ed poran\u011bn\u00ed, poporodn\u00edch a poopera\u010dn\u00edch ran na vagin\u00e1ln\u00ed sliznice a na d\u011blo\u017en\u00edm \u010d\u00edpku.<\/li>\n<li>Obnovuje ide\u00e1ln\u00ed hydrataci vagin\u00e1ln\u00ed sliznice a p\u0159edch\u00e1z\u00ed pocit\u016fm suchosti.<\/li>\n<li>Udr\u017euje bakteri\u00e1ln\u00ed rovnov\u00e1hu a spr\u00e1vnou hodnotu pH v pochv\u011b.<\/li>\n<\/ul>\n","protected":false},"featured_media":3365,"template":"","products":[72],"yoast_head":"<title>GYNTIMA Hyaluronic - Fytofontana<\/title>\n<meta name=\"description\" content=\"P\u0159irozen\u00e9 biologick\u00e9 \u0159e\u0161en\u00ed vagin\u00e1ln\u00edch infekc\u00ed, podr\u00e1\u017ed\u011bn\u00ed, sv\u011bd\u011bn\u00ed, p\u00e1len\u00ed a v\u00fdtok\u016f \u2013 zejm\u00e9na b\u011bhem t\u011bhotenstv\u00ed, \u0161estined\u011bl\u00ed a kojen\u00ed, ale i p\u0159i suchosti pochvy zp\u016fsoben\u00e9 hormon\u00e1ln\u00edmi zm\u011bnami, nap\u0159\u00edklad v obdob\u00ed menopauzy.\" \/>\n<meta name=\"robots\" content=\"index, follow, max-snippet:-1, max-image-preview:large, max-video-preview:-1\" \/>\n<link rel=\"canonical\" href=\"https:\/\/www.fytofontana.com\/cs\/produkt\/gyntima-hyaluronic\/\" \/>\n<meta property=\"og:locale\" content=\"cs_CZ\" \/>\n<meta property=\"og:type\" content=\"article\" \/>\n<meta property=\"og:title\" content=\"GYNTIMA Hyaluronic - Fytofontana\" \/>\n<meta property=\"og:description\" content=\"P\u0159irozen\u00e9 biologick\u00e9 \u0159e\u0161en\u00ed vagin\u00e1ln\u00edch infekc\u00ed, podr\u00e1\u017ed\u011bn\u00ed, sv\u011bd\u011bn\u00ed, p\u00e1len\u00ed a v\u00fdtok\u016f \u2013 zejm\u00e9na b\u011bhem t\u011bhotenstv\u00ed, \u0161estined\u011bl\u00ed a kojen\u00ed, ale i p\u0159i suchosti pochvy zp\u016fsoben\u00e9 hormon\u00e1ln\u00edmi zm\u011bnami, nap\u0159\u00edklad v obdob\u00ed menopauzy.\" \/>\n<meta property=\"og:url\" content=\"https:\/\/www.fytofontana.com\/cs\/produkt\/gyntima-hyaluronic\/\" \/>\n<meta property=\"og:site_name\" content=\"Fytofontana\" \/>\n<meta property=\"article:modified_time\" content=\"2025-10-14T10:45:10+00:00\" \/>\n<meta property=\"og:image\" content=\"https:\/\/www.fytofontana.com\/wp-content\/uploads\/2021\/03\/2025_04_GYNTIMA_Vag_Cap_Hyaluronic_10ks_01_LQ_Primary.png\" \/>\n\t<meta property=\"og:image:width\" content=\"1000\" \/>\n\t<meta property=\"og:image:height\" content=\"1000\" \/>\n<meta name=\"twitter:card\" content=\"summary_large_image\" \/>\n<meta name=\"twitter:label1\" content=\"Odhadovan\u00e1 doba \u010dten\u00ed\">\n\t<meta name=\"twitter:data1\" content=\"1 minuta\">\n<script type=\"application\/ld+json\" class=\"yoast-schema-graph\">{\"@context\":\"https:\/\/schema.org\",\"@graph\":[{\"@type\":\"Organization\",\"@id\":\"https:\/\/www.fytofontana.com\/#organization\",\"name\":\"Fytofontana\",\"url\":\"https:\/\/www.fytofontana.com\/\",\"sameAs\":[],\"logo\":{\"@type\":\"ImageObject\",\"@id\":\"https:\/\/www.fytofontana.com\/#logo\",\"inLanguage\":\"cs\",\"url\":\"https:\/\/www.fytofontana.com\/wp-content\/uploads\/2021\/01\/fyto.png\",\"width\":817,\"height\":79,\"caption\":\"Fytofontana\"},\"image\":{\"@id\":\"https:\/\/www.fytofontana.com\/#logo\"}},{\"@type\":\"WebSite\",\"@id\":\"https:\/\/www.fytofontana.com\/#website\",\"url\":\"https:\/\/www.fytofontana.com\/\",\"name\":\"Fytofontana\",\"description\":\"\",\"publisher\":{\"@id\":\"https:\/\/www.fytofontana.com\/#organization\"},\"potentialAction\":[{\"@type\":\"SearchAction\",\"target\":\"https:\/\/www.fytofontana.com\/?s={search_term_string}\",\"query-input\":\"required name=search_term_string\"}],\"inLanguage\":\"cs\"},{\"@type\":\"ImageObject\",\"@id\":\"https:\/\/www.fytofontana.com\/cs\/produkt\/gyntima-hyaluronic\/#primaryimage\",\"inLanguage\":\"cs\",\"url\":\"https:\/\/www.fytofontana.com\/wp-content\/uploads\/2021\/03\/2025_04_GYNTIMA_Vag_Cap_Hyaluronic_10ks_01_LQ_Primary.png\",\"width\":1000,\"height\":1000},{\"@type\":[\"WebPage\",\"ItemPage\"],\"@id\":\"https:\/\/www.fytofontana.com\/cs\/produkt\/gyntima-hyaluronic\/#webpage\",\"url\":\"https:\/\/www.fytofontana.com\/cs\/produkt\/gyntima-hyaluronic\/\",\"name\":\"GYNTIMA Hyaluronic - Fytofontana\",\"isPartOf\":{\"@id\":\"https:\/\/www.fytofontana.com\/#website\"},\"primaryImageOfPage\":{\"@id\":\"https:\/\/www.fytofontana.com\/cs\/produkt\/gyntima-hyaluronic\/#primaryimage\"},\"datePublished\":\"2021-05-23T11:06:49+00:00\",\"dateModified\":\"2025-10-14T10:45:10+00:00\",\"description\":\"P\\u0159irozen\\u00e9 biologick\\u00e9 \\u0159e\\u0161en\\u00ed vagin\\u00e1ln\\u00edch infekc\\u00ed, podr\\u00e1\\u017ed\\u011bn\\u00ed, sv\\u011bd\\u011bn\\u00ed, p\\u00e1len\\u00ed a v\\u00fdtok\\u016f \\u2013 zejm\\u00e9na b\\u011bhem t\\u011bhotenstv\\u00ed, \\u0161estined\\u011bl\\u00ed a kojen\\u00ed, ale i p\\u0159i suchosti pochvy zp\\u016fsoben\\u00e9 hormon\\u00e1ln\\u00edmi zm\\u011bnami, nap\\u0159\\u00edklad v obdob\\u00ed menopauzy.\",\"breadcrumb\":{\"@id\":\"https:\/\/www.fytofontana.com\/cs\/produkt\/gyntima-hyaluronic\/#breadcrumb\"},\"inLanguage\":\"cs\",\"potentialAction\":[{\"@type\":\"ReadAction\",\"target\":[\"https:\/\/www.fytofontana.com\/cs\/produkt\/gyntima-hyaluronic\/\"]}]},{\"@type\":\"BreadcrumbList\",\"@id\":\"https:\/\/www.fytofontana.com\/cs\/produkt\/gyntima-hyaluronic\/#breadcrumb\",\"itemListElement\":[{\"@type\":\"ListItem\",\"position\":1,\"item\":{\"@type\":\"WebPage\",\"@id\":\"https:\/\/www.fytofontana.com\/cs\/\",\"url\":\"https:\/\/www.fytofontana.com\/cs\/\",\"name\":\"Home\"}},{\"@type\":\"ListItem\",\"position\":2,\"item\":{\"@type\":\"WebPage\",\"@id\":\"https:\/\/www.fytofontana.com\/cs\/produkt\/gyntima-hyaluronic\/\",\"url\":\"https:\/\/www.fytofontana.com\/cs\/produkt\/gyntima-hyaluronic\/\",\"name\":\"GYNTIMA Hyaluronic\"}}]}]}<\/script>","_links":{"self":[{"href":"https:\/\/www.fytofontana.com\/cs\/wp-json\/wp\/v2\/product\/1934"}],"collection":[{"href":"https:\/\/www.fytofontana.com\/cs\/wp-json\/wp\/v2\/product"}],"about":[{"href":"https:\/\/www.fytofontana.com\/cs\/wp-json\/wp\/v2\/types\/product"}],"wp:featuredmedia":[{"embeddable":true,"href":"https:\/\/www.fytofontana.com\/cs\/wp-json\/wp\/v2\/media\/3365"}],"wp:attachment":[{"href":"https:\/\/www.fytofontana.com\/cs\/wp-json\/wp\/v2\/media?parent=1934"}],"wp:term":[{"taxonomy":"products","embeddable":true,"href":"https:\/\/www.fytofontana.com\/cs\/wp-json\/wp\/v2\/products?post=1934"}],"curies":[{"name":"wp","href":"https:\/\/api.w.org\/{rel}","templated":true}]}}