{"id":1933,"date":"2021-05-23T11:42:26","date_gmt":"2021-05-23T10:42:26","guid":{"rendered":"https:\/\/www.fytofontana.com\/hu\/?post_type=product&#038;p=1933"},"modified":"2025-07-02T18:11:10","modified_gmt":"2025-07-02T17:11:10","slug":"gyntima-intimni-myci-pena","status":"publish","type":"product","link":"https:\/\/www.fytofontana.com\/cs\/produkt\/gyntima-intimni-myci-pena\/","title":{"rendered":"GYNTIMA intimn\u00ed myc\u00ed p\u011bna"},"content":{"rendered":"<p><strong>Intimn\u00ed hygiena obohacen\u00e1 o antiseptick\u00e9 \u00fa\u010dinky<\/strong><\/p>\n<ul>\n<li>Intimn\u00ed p\u011bna vhodn\u00e1 pro denn\u00ed hygienu a pravideln\u00e9 holen\u00ed nejen intimn\u00edch parti\u00ed.<\/li>\n<li>Jemn\u00e9 slo\u017een\u00ed s obsahem p\u0159\u00edrodn\u00edch l\u00e1tek zaji\u0161\u0165uje \u010distotu a sv\u011b\u017eest.<\/li>\n<li>D\u00edky antiseptick\u00fdm v\u00fdta\u017ek\u016fm z rostlin \u0161alv\u011bj l\u00e9ka\u0159sk\u00e1 a aloe vera pom\u00e1h\u00e1 p\u0159edch\u00e1zet vagin\u00e1ln\u00edm infekc\u00edm.<\/li>\n<li>Jemn\u00fd, osv\u011b\u017euj\u00edc\u00ed prost\u0159edek s optim\u00e1ln\u00edm pH pro zdrav\u00ed \u017eensk\u00fdch pohlavn\u00edch org\u00e1n\u016f.<\/li>\n<\/ul>\n","protected":false},"featured_media":3689,"template":"","products":[72],"yoast_head":"<title>GYNTIMA intimn\u00ed myc\u00ed p\u011bna - Fytofontana<\/title>\n<meta name=\"description\" content=\"Jemn\u00e1 intimn\u00ed p\u011bna pro ka\u017edodenn\u00ed hygienu i holen\u00ed. Obsahuje rostlinn\u00e9 extrakty s antibakteri\u00e1ln\u00edm, antimykotick\u00fdm a protiz\u00e1n\u011btliv\u00fdm \u00fa\u010dinkem. Chr\u00e1n\u00ed p\u0159ed podr\u00e1\u017ed\u011bn\u00edm a udr\u017euje optim\u00e1ln\u00ed pH pro zdrav\u00ed \u017eensk\u00fdch intimn\u00edch parti\u00ed.\" \/>\n<meta name=\"robots\" content=\"index, follow, max-snippet:-1, max-image-preview:large, max-video-preview:-1\" \/>\n<link rel=\"canonical\" href=\"https:\/\/www.fytofontana.com\/cs\/produkt\/gyntima-intimni-myci-pena\/\" \/>\n<meta property=\"og:locale\" content=\"cs_CZ\" \/>\n<meta property=\"og:type\" content=\"article\" \/>\n<meta property=\"og:title\" content=\"GYNTIMA intimn\u00ed myc\u00ed p\u011bna - Fytofontana\" \/>\n<meta property=\"og:description\" content=\"Jemn\u00e1 intimn\u00ed p\u011bna pro ka\u017edodenn\u00ed hygienu i holen\u00ed. Obsahuje rostlinn\u00e9 extrakty s antibakteri\u00e1ln\u00edm, antimykotick\u00fdm a protiz\u00e1n\u011btliv\u00fdm \u00fa\u010dinkem. Chr\u00e1n\u00ed p\u0159ed podr\u00e1\u017ed\u011bn\u00edm a udr\u017euje optim\u00e1ln\u00ed pH pro zdrav\u00ed \u017eensk\u00fdch intimn\u00edch parti\u00ed.\" \/>\n<meta property=\"og:url\" content=\"https:\/\/www.fytofontana.com\/cs\/produkt\/gyntima-intimni-myci-pena\/\" \/>\n<meta property=\"og:site_name\" content=\"Fytofontana\" \/>\n<meta property=\"article:modified_time\" content=\"2025-07-02T17:11:10+00:00\" \/>\n<meta property=\"og:image\" content=\"https:\/\/www.fytofontana.com\/wp-content\/uploads\/2021\/03\/2025_06_GYNTIMA_Intimate_foam_150ml_01_LQ_Primary.png\" \/>\n\t<meta property=\"og:image:width\" content=\"1000\" \/>\n\t<meta property=\"og:image:height\" content=\"1000\" \/>\n<meta name=\"twitter:card\" content=\"summary_large_image\" \/>\n<meta name=\"twitter:label1\" content=\"Odhadovan\u00e1 doba \u010dten\u00ed\">\n\t<meta name=\"twitter:data1\" content=\"1 minuta\">\n<script type=\"application\/ld+json\" class=\"yoast-schema-graph\">{\"@context\":\"https:\/\/schema.org\",\"@graph\":[{\"@type\":\"Organization\",\"@id\":\"https:\/\/www.fytofontana.com\/#organization\",\"name\":\"Fytofontana\",\"url\":\"https:\/\/www.fytofontana.com\/\",\"sameAs\":[],\"logo\":{\"@type\":\"ImageObject\",\"@id\":\"https:\/\/www.fytofontana.com\/#logo\",\"inLanguage\":\"cs\",\"url\":\"https:\/\/www.fytofontana.com\/wp-content\/uploads\/2021\/01\/fyto.png\",\"width\":817,\"height\":79,\"caption\":\"Fytofontana\"},\"image\":{\"@id\":\"https:\/\/www.fytofontana.com\/#logo\"}},{\"@type\":\"WebSite\",\"@id\":\"https:\/\/www.fytofontana.com\/#website\",\"url\":\"https:\/\/www.fytofontana.com\/\",\"name\":\"Fytofontana\",\"description\":\"\",\"publisher\":{\"@id\":\"https:\/\/www.fytofontana.com\/#organization\"},\"potentialAction\":[{\"@type\":\"SearchAction\",\"target\":\"https:\/\/www.fytofontana.com\/?s={search_term_string}\",\"query-input\":\"required name=search_term_string\"}],\"inLanguage\":\"cs\"},{\"@type\":\"ImageObject\",\"@id\":\"https:\/\/www.fytofontana.com\/cs\/produkt\/gyntima-intimni-myci-pena\/#primaryimage\",\"inLanguage\":\"cs\",\"url\":\"https:\/\/www.fytofontana.com\/wp-content\/uploads\/2021\/03\/2025_06_GYNTIMA_Intimate_foam_150ml_01_LQ_Primary.png\",\"width\":1000,\"height\":1000},{\"@type\":[\"WebPage\",\"ItemPage\"],\"@id\":\"https:\/\/www.fytofontana.com\/cs\/produkt\/gyntima-intimni-myci-pena\/#webpage\",\"url\":\"https:\/\/www.fytofontana.com\/cs\/produkt\/gyntima-intimni-myci-pena\/\",\"name\":\"GYNTIMA intimn\\u00ed myc\\u00ed p\\u011bna - Fytofontana\",\"isPartOf\":{\"@id\":\"https:\/\/www.fytofontana.com\/#website\"},\"primaryImageOfPage\":{\"@id\":\"https:\/\/www.fytofontana.com\/cs\/produkt\/gyntima-intimni-myci-pena\/#primaryimage\"},\"datePublished\":\"2021-05-23T10:42:26+00:00\",\"dateModified\":\"2025-07-02T17:11:10+00:00\",\"description\":\"Jemn\\u00e1 intimn\\u00ed p\\u011bna pro ka\\u017edodenn\\u00ed hygienu i holen\\u00ed. Obsahuje rostlinn\\u00e9 extrakty s antibakteri\\u00e1ln\\u00edm, antimykotick\\u00fdm a protiz\\u00e1n\\u011btliv\\u00fdm \\u00fa\\u010dinkem. Chr\\u00e1n\\u00ed p\\u0159ed podr\\u00e1\\u017ed\\u011bn\\u00edm a udr\\u017euje optim\\u00e1ln\\u00ed pH pro zdrav\\u00ed \\u017eensk\\u00fdch intimn\\u00edch parti\\u00ed.\",\"breadcrumb\":{\"@id\":\"https:\/\/www.fytofontana.com\/cs\/produkt\/gyntima-intimni-myci-pena\/#breadcrumb\"},\"inLanguage\":\"cs\",\"potentialAction\":[{\"@type\":\"ReadAction\",\"target\":[\"https:\/\/www.fytofontana.com\/cs\/produkt\/gyntima-intimni-myci-pena\/\"]}]},{\"@type\":\"BreadcrumbList\",\"@id\":\"https:\/\/www.fytofontana.com\/cs\/produkt\/gyntima-intimni-myci-pena\/#breadcrumb\",\"itemListElement\":[{\"@type\":\"ListItem\",\"position\":1,\"item\":{\"@type\":\"WebPage\",\"@id\":\"https:\/\/www.fytofontana.com\/cs\/\",\"url\":\"https:\/\/www.fytofontana.com\/cs\/\",\"name\":\"Home\"}},{\"@type\":\"ListItem\",\"position\":2,\"item\":{\"@type\":\"WebPage\",\"@id\":\"https:\/\/www.fytofontana.com\/cs\/produkt\/gyntima-intimni-myci-pena\/\",\"url\":\"https:\/\/www.fytofontana.com\/cs\/produkt\/gyntima-intimni-myci-pena\/\",\"name\":\"GYNTIMA intimn\\u00ed myc\\u00ed p\\u011bna\"}}]}]}<\/script>","_links":{"self":[{"href":"https:\/\/www.fytofontana.com\/cs\/wp-json\/wp\/v2\/product\/1933"}],"collection":[{"href":"https:\/\/www.fytofontana.com\/cs\/wp-json\/wp\/v2\/product"}],"about":[{"href":"https:\/\/www.fytofontana.com\/cs\/wp-json\/wp\/v2\/types\/product"}],"wp:featuredmedia":[{"embeddable":true,"href":"https:\/\/www.fytofontana.com\/cs\/wp-json\/wp\/v2\/media\/3689"}],"wp:attachment":[{"href":"https:\/\/www.fytofontana.com\/cs\/wp-json\/wp\/v2\/media?parent=1933"}],"wp:term":[{"taxonomy":"products","embeddable":true,"href":"https:\/\/www.fytofontana.com\/cs\/wp-json\/wp\/v2\/products?post=1933"}],"curies":[{"name":"wp","href":"https:\/\/api.w.org\/{rel}","templated":true}]}}