{"id":1932,"date":"2021-05-18T21:45:01","date_gmt":"2021-05-18T20:45:01","guid":{"rendered":"https:\/\/www.fytofontana.com\/hu\/?post_type=product&#038;p=1932"},"modified":"2025-10-14T11:48:46","modified_gmt":"2025-10-14T10:48:46","slug":"gyntima-menopausa","status":"publish","type":"product","link":"https:\/\/www.fytofontana.com\/cs\/produkt\/gyntima-menopausa\/","title":{"rendered":"GYNTIMA Menopausa"},"content":{"rendered":"<p><strong>Menopauza bez nep\u0159\u00edjemn\u00fdch pocit\u016f sucha, sv\u011bd\u011bn\u00ed, p\u00e1len\u00ed a bolestiv\u00e9ho sexu.<\/strong><\/p>\n<ul>\n<li><b>MDR certifikovan\u00fd <\/b><b>zdravotnick\u00fd<\/b> <b>prost\u0159edek<\/b><b>\u00a0 <\/b>(EU 2017\/745).<\/li>\n<li>Odstra\u0148uje nep\u0159\u00edjemn\u00e9 pocity suchosti, sv\u011bd\u011bn\u00ed a p\u00e1len\u00ed spojen\u00e9 s vagin\u00e1ln\u00ed atrofi\u00ed.<\/li>\n<li>Podporuje p\u0159irozenou obranyschopnost proti vagin\u00e1ln\u00edm infekc\u00edm.<\/li>\n<li>Zvy\u0161uje hydrataci a podporuje hojen\u00ed sliznice pochvy.<\/li>\n<li>P\u0159isp\u00edv\u00e1 k odstran\u011bn\u00ed bolestivosti intimn\u00edch parti\u00ed p\u0159i pohlavn\u00edm styku.<\/li>\n<\/ul>\n","protected":false},"featured_media":3449,"template":"","products":[72],"class_list":["post-1932","product","type-product","status-publish","has-post-thumbnail","hentry","products-gyntima-cz"],"yoast_head":"<title>GYNTIMA Menopausa - Fytofontana<\/title>\n<meta name=\"description\" content=\"P\u0159irozen\u00e9 biologick\u00e9 \u0159e\u0161en\u00ed nep\u0159\u00edjemn\u00fdch pocit\u016f sucha, sv\u011bd\u011bn\u00ed, p\u00e1len\u00ed a bolestiv\u00e9ho sexu v obdob\u00ed menopauzy. Vagin\u00e1ln\u00ed \u010d\u00edpky zvy\u0161uj\u00ed hydrataci, podporuj\u00ed hojen\u00ed sliznice a zm\u00edr\u0148uj\u00ed symptomy vagin\u00e1ln\u00ed atrofie.\" \/>\n<meta name=\"robots\" content=\"index, follow, max-snippet:-1, max-image-preview:large, max-video-preview:-1\" \/>\n<link rel=\"canonical\" href=\"https:\/\/www.fytofontana.com\/cs\/produkt\/gyntima-menopausa\/\" \/>\n<meta property=\"og:locale\" content=\"cs_CZ\" \/>\n<meta property=\"og:type\" content=\"article\" \/>\n<meta property=\"og:title\" content=\"GYNTIMA Menopausa - Fytofontana\" \/>\n<meta property=\"og:description\" content=\"P\u0159irozen\u00e9 biologick\u00e9 \u0159e\u0161en\u00ed nep\u0159\u00edjemn\u00fdch pocit\u016f sucha, sv\u011bd\u011bn\u00ed, p\u00e1len\u00ed a bolestiv\u00e9ho sexu v obdob\u00ed menopauzy. Vagin\u00e1ln\u00ed \u010d\u00edpky zvy\u0161uj\u00ed hydrataci, podporuj\u00ed hojen\u00ed sliznice a zm\u00edr\u0148uj\u00ed symptomy vagin\u00e1ln\u00ed atrofie.\" \/>\n<meta property=\"og:url\" content=\"https:\/\/www.fytofontana.com\/cs\/produkt\/gyntima-menopausa\/\" \/>\n<meta property=\"og:site_name\" content=\"Fytofontana\" \/>\n<meta property=\"article:modified_time\" content=\"2025-10-14T10:48:46+00:00\" \/>\n<meta property=\"og:image\" content=\"https:\/\/www.fytofontana.com\/wp-content\/uploads\/2021\/03\/2025_04_GYNTIMA_Vag_Cap_Menopausa_10ks_01_LQ_Primary.png\" \/>\n\t<meta property=\"og:image:width\" content=\"1000\" \/>\n\t<meta property=\"og:image:height\" content=\"1000\" \/>\n\t<meta property=\"og:image:type\" content=\"image\/png\" \/>\n<meta name=\"twitter:card\" content=\"summary_large_image\" \/>\n<meta name=\"twitter:label1\" content=\"Odhadovan\u00e1 doba \u010dten\u00ed\" \/>\n\t<meta name=\"twitter:data1\" content=\"1 minuta\" \/>\n<script type=\"application\/ld+json\" class=\"yoast-schema-graph\">{\"@context\":\"https:\\\/\\\/schema.org\",\"@graph\":[{\"@type\":[\"WebPage\",\"ItemPage\"],\"@id\":\"https:\\\/\\\/www.fytofontana.com\\\/cs\\\/produkt\\\/gyntima-menopausa\\\/\",\"url\":\"https:\\\/\\\/www.fytofontana.com\\\/cs\\\/produkt\\\/gyntima-menopausa\\\/\",\"name\":\"GYNTIMA Menopausa - Fytofontana\",\"isPartOf\":{\"@id\":\"https:\\\/\\\/www.fytofontana.com\\\/#website\"},\"primaryImageOfPage\":{\"@id\":\"https:\\\/\\\/www.fytofontana.com\\\/cs\\\/produkt\\\/gyntima-menopausa\\\/#primaryimage\"},\"image\":{\"@id\":\"https:\\\/\\\/www.fytofontana.com\\\/cs\\\/produkt\\\/gyntima-menopausa\\\/#primaryimage\"},\"thumbnailUrl\":\"https:\\\/\\\/www.fytofontana.com\\\/wp-content\\\/uploads\\\/2021\\\/03\\\/2025_04_GYNTIMA_Vag_Cap_Menopausa_10ks_01_LQ_Primary.png\",\"datePublished\":\"2021-05-18T20:45:01+00:00\",\"dateModified\":\"2025-10-14T10:48:46+00:00\",\"description\":\"P\u0159irozen\u00e9 biologick\u00e9 \u0159e\u0161en\u00ed nep\u0159\u00edjemn\u00fdch pocit\u016f sucha, sv\u011bd\u011bn\u00ed, p\u00e1len\u00ed a bolestiv\u00e9ho sexu v obdob\u00ed menopauzy. Vagin\u00e1ln\u00ed \u010d\u00edpky zvy\u0161uj\u00ed hydrataci, podporuj\u00ed hojen\u00ed sliznice a zm\u00edr\u0148uj\u00ed symptomy vagin\u00e1ln\u00ed atrofie.\",\"breadcrumb\":{\"@id\":\"https:\\\/\\\/www.fytofontana.com\\\/cs\\\/produkt\\\/gyntima-menopausa\\\/#breadcrumb\"},\"inLanguage\":\"cs\",\"potentialAction\":[{\"@type\":\"ReadAction\",\"target\":[\"https:\\\/\\\/www.fytofontana.com\\\/cs\\\/produkt\\\/gyntima-menopausa\\\/\"]}]},{\"@type\":\"ImageObject\",\"inLanguage\":\"cs\",\"@id\":\"https:\\\/\\\/www.fytofontana.com\\\/cs\\\/produkt\\\/gyntima-menopausa\\\/#primaryimage\",\"url\":\"https:\\\/\\\/www.fytofontana.com\\\/wp-content\\\/uploads\\\/2021\\\/03\\\/2025_04_GYNTIMA_Vag_Cap_Menopausa_10ks_01_LQ_Primary.png\",\"contentUrl\":\"https:\\\/\\\/www.fytofontana.com\\\/wp-content\\\/uploads\\\/2021\\\/03\\\/2025_04_GYNTIMA_Vag_Cap_Menopausa_10ks_01_LQ_Primary.png\",\"width\":1000,\"height\":1000},{\"@type\":\"BreadcrumbList\",\"@id\":\"https:\\\/\\\/www.fytofontana.com\\\/cs\\\/produkt\\\/gyntima-menopausa\\\/#breadcrumb\",\"itemListElement\":[{\"@type\":\"ListItem\",\"position\":1,\"name\":\"Home\",\"item\":\"https:\\\/\\\/www.fytofontana.com\\\/cs\\\/\"},{\"@type\":\"ListItem\",\"position\":2,\"name\":\"GYNTIMA Menopausa\"}]},{\"@type\":\"WebSite\",\"@id\":\"https:\\\/\\\/www.fytofontana.com\\\/#website\",\"url\":\"https:\\\/\\\/www.fytofontana.com\\\/\",\"name\":\"Fytofontana\",\"description\":\"\",\"publisher\":{\"@id\":\"https:\\\/\\\/www.fytofontana.com\\\/#organization\"},\"potentialAction\":[{\"@type\":\"SearchAction\",\"target\":{\"@type\":\"EntryPoint\",\"urlTemplate\":\"https:\\\/\\\/www.fytofontana.com\\\/?s={search_term_string}\"},\"query-input\":{\"@type\":\"PropertyValueSpecification\",\"valueRequired\":true,\"valueName\":\"search_term_string\"}}],\"inLanguage\":\"cs\"},{\"@type\":\"Organization\",\"@id\":\"https:\\\/\\\/www.fytofontana.com\\\/#organization\",\"name\":\"Fytofontana\",\"url\":\"https:\\\/\\\/www.fytofontana.com\\\/\",\"logo\":{\"@type\":\"ImageObject\",\"inLanguage\":\"cs\",\"@id\":\"https:\\\/\\\/www.fytofontana.com\\\/#\\\/schema\\\/logo\\\/image\\\/\",\"url\":\"https:\\\/\\\/www.fytofontana.com\\\/wp-content\\\/uploads\\\/2021\\\/01\\\/fyto.png\",\"contentUrl\":\"https:\\\/\\\/www.fytofontana.com\\\/wp-content\\\/uploads\\\/2021\\\/01\\\/fyto.png\",\"width\":817,\"height\":79,\"caption\":\"Fytofontana\"},\"image\":{\"@id\":\"https:\\\/\\\/www.fytofontana.com\\\/#\\\/schema\\\/logo\\\/image\\\/\"}}]}<\/script>","yoast_head_json":{"title":"GYNTIMA Menopausa - Fytofontana","description":"P\u0159irozen\u00e9 biologick\u00e9 \u0159e\u0161en\u00ed nep\u0159\u00edjemn\u00fdch pocit\u016f sucha, sv\u011bd\u011bn\u00ed, p\u00e1len\u00ed a bolestiv\u00e9ho sexu v obdob\u00ed menopauzy. Vagin\u00e1ln\u00ed \u010d\u00edpky zvy\u0161uj\u00ed hydrataci, podporuj\u00ed hojen\u00ed sliznice a zm\u00edr\u0148uj\u00ed symptomy vagin\u00e1ln\u00ed atrofie.","robots":{"index":"index","follow":"follow","max-snippet":"max-snippet:-1","max-image-preview":"max-image-preview:large","max-video-preview":"max-video-preview:-1"},"canonical":"https:\/\/www.fytofontana.com\/cs\/produkt\/gyntima-menopausa\/","og_locale":"cs_CZ","og_type":"article","og_title":"GYNTIMA Menopausa - Fytofontana","og_description":"P\u0159irozen\u00e9 biologick\u00e9 \u0159e\u0161en\u00ed nep\u0159\u00edjemn\u00fdch pocit\u016f sucha, sv\u011bd\u011bn\u00ed, p\u00e1len\u00ed a bolestiv\u00e9ho sexu v obdob\u00ed menopauzy. Vagin\u00e1ln\u00ed \u010d\u00edpky zvy\u0161uj\u00ed hydrataci, podporuj\u00ed hojen\u00ed sliznice a zm\u00edr\u0148uj\u00ed symptomy vagin\u00e1ln\u00ed atrofie.","og_url":"https:\/\/www.fytofontana.com\/cs\/produkt\/gyntima-menopausa\/","og_site_name":"Fytofontana","article_modified_time":"2025-10-14T10:48:46+00:00","og_image":[{"width":1000,"height":1000,"url":"https:\/\/www.fytofontana.com\/wp-content\/uploads\/2021\/03\/2025_04_GYNTIMA_Vag_Cap_Menopausa_10ks_01_LQ_Primary.png","type":"image\/png"}],"twitter_card":"summary_large_image","twitter_misc":{"Odhadovan\u00e1 doba \u010dten\u00ed":"1 minuta"},"schema":{"@context":"https:\/\/schema.org","@graph":[{"@type":["WebPage","ItemPage"],"@id":"https:\/\/www.fytofontana.com\/cs\/produkt\/gyntima-menopausa\/","url":"https:\/\/www.fytofontana.com\/cs\/produkt\/gyntima-menopausa\/","name":"GYNTIMA Menopausa - Fytofontana","isPartOf":{"@id":"https:\/\/www.fytofontana.com\/#website"},"primaryImageOfPage":{"@id":"https:\/\/www.fytofontana.com\/cs\/produkt\/gyntima-menopausa\/#primaryimage"},"image":{"@id":"https:\/\/www.fytofontana.com\/cs\/produkt\/gyntima-menopausa\/#primaryimage"},"thumbnailUrl":"https:\/\/www.fytofontana.com\/wp-content\/uploads\/2021\/03\/2025_04_GYNTIMA_Vag_Cap_Menopausa_10ks_01_LQ_Primary.png","datePublished":"2021-05-18T20:45:01+00:00","dateModified":"2025-10-14T10:48:46+00:00","description":"P\u0159irozen\u00e9 biologick\u00e9 \u0159e\u0161en\u00ed nep\u0159\u00edjemn\u00fdch pocit\u016f sucha, sv\u011bd\u011bn\u00ed, p\u00e1len\u00ed a bolestiv\u00e9ho sexu v obdob\u00ed menopauzy. Vagin\u00e1ln\u00ed \u010d\u00edpky zvy\u0161uj\u00ed hydrataci, podporuj\u00ed hojen\u00ed sliznice a zm\u00edr\u0148uj\u00ed symptomy vagin\u00e1ln\u00ed atrofie.","breadcrumb":{"@id":"https:\/\/www.fytofontana.com\/cs\/produkt\/gyntima-menopausa\/#breadcrumb"},"inLanguage":"cs","potentialAction":[{"@type":"ReadAction","target":["https:\/\/www.fytofontana.com\/cs\/produkt\/gyntima-menopausa\/"]}]},{"@type":"ImageObject","inLanguage":"cs","@id":"https:\/\/www.fytofontana.com\/cs\/produkt\/gyntima-menopausa\/#primaryimage","url":"https:\/\/www.fytofontana.com\/wp-content\/uploads\/2021\/03\/2025_04_GYNTIMA_Vag_Cap_Menopausa_10ks_01_LQ_Primary.png","contentUrl":"https:\/\/www.fytofontana.com\/wp-content\/uploads\/2021\/03\/2025_04_GYNTIMA_Vag_Cap_Menopausa_10ks_01_LQ_Primary.png","width":1000,"height":1000},{"@type":"BreadcrumbList","@id":"https:\/\/www.fytofontana.com\/cs\/produkt\/gyntima-menopausa\/#breadcrumb","itemListElement":[{"@type":"ListItem","position":1,"name":"Home","item":"https:\/\/www.fytofontana.com\/cs\/"},{"@type":"ListItem","position":2,"name":"GYNTIMA Menopausa"}]},{"@type":"WebSite","@id":"https:\/\/www.fytofontana.com\/#website","url":"https:\/\/www.fytofontana.com\/","name":"Fytofontana","description":"","publisher":{"@id":"https:\/\/www.fytofontana.com\/#organization"},"potentialAction":[{"@type":"SearchAction","target":{"@type":"EntryPoint","urlTemplate":"https:\/\/www.fytofontana.com\/?s={search_term_string}"},"query-input":{"@type":"PropertyValueSpecification","valueRequired":true,"valueName":"search_term_string"}}],"inLanguage":"cs"},{"@type":"Organization","@id":"https:\/\/www.fytofontana.com\/#organization","name":"Fytofontana","url":"https:\/\/www.fytofontana.com\/","logo":{"@type":"ImageObject","inLanguage":"cs","@id":"https:\/\/www.fytofontana.com\/#\/schema\/logo\/image\/","url":"https:\/\/www.fytofontana.com\/wp-content\/uploads\/2021\/01\/fyto.png","contentUrl":"https:\/\/www.fytofontana.com\/wp-content\/uploads\/2021\/01\/fyto.png","width":817,"height":79,"caption":"Fytofontana"},"image":{"@id":"https:\/\/www.fytofontana.com\/#\/schema\/logo\/image\/"}}]}},"_links":{"self":[{"href":"https:\/\/www.fytofontana.com\/cs\/wp-json\/wp\/v2\/product\/1932","targetHints":{"allow":["GET"]}}],"collection":[{"href":"https:\/\/www.fytofontana.com\/cs\/wp-json\/wp\/v2\/product"}],"about":[{"href":"https:\/\/www.fytofontana.com\/cs\/wp-json\/wp\/v2\/types\/product"}],"wp:featuredmedia":[{"embeddable":true,"href":"https:\/\/www.fytofontana.com\/cs\/wp-json\/wp\/v2\/media\/3449"}],"wp:attachment":[{"href":"https:\/\/www.fytofontana.com\/cs\/wp-json\/wp\/v2\/media?parent=1932"}],"wp:term":[{"taxonomy":"products","embeddable":true,"href":"https:\/\/www.fytofontana.com\/cs\/wp-json\/wp\/v2\/products?post=1932"}],"curies":[{"name":"wp","href":"https:\/\/api.w.org\/{rel}","templated":true}]}}